{"id":100,"date":"2025-06-20T12:35:05","date_gmt":"2025-06-20T10:35:05","guid":{"rendered":"https:\/\/solnhofener-natursteinparadies.com\/2025\/?page_id=100"},"modified":"2025-07-27T13:45:35","modified_gmt":"2025-07-27T11:45:35","slug":"service","status":"publish","type":"page","link":"https:\/\/solnhofener-natursteinparadies.com\/2025\/service\/","title":{"rendered":"Service"},"content":{"rendered":"\n<h1 class=\"wp-block-heading\"><strong>Unsere optimale Fachberatung \u2013&nbsp;Ihr Vorteil<\/strong><\/h1>\n\n\n\n<p>Gerne helfen wir Ihnen bei der optischen Gestaltung. Es ist uns ein Anliegen, ihren Steinen zur vollendeten Geltung zu verhelfen.<\/p>\n\n\n<div class=\"wp-block-image\">\n<figure class=\"alignright size-full\"><img loading=\"lazy\" decoding=\"async\" width=\"400\" height=\"400\" src=\"https:\/\/solnhofener-natursteinparadies.com\/2025\/wp-content\/uploads\/2025\/06\/Service_oben-1.jpg\" alt=\"Service - Solnhofener Natursteinparadies\" class=\"wp-image-984\" style=\"object-fit:cover\" srcset=\"https:\/\/solnhofener-natursteinparadies.com\/2025\/wp-content\/uploads\/2025\/06\/Service_oben-1.jpg 400w, https:\/\/solnhofener-natursteinparadies.com\/2025\/wp-content\/uploads\/2025\/06\/Service_oben-1-300x300.jpg 300w, https:\/\/solnhofener-natursteinparadies.com\/2025\/wp-content\/uploads\/2025\/06\/Service_oben-1-150x150.jpg 150w\" sizes=\"auto, (max-width: 400px) 100vw, 400px\" \/><\/figure>\n<\/div>\n\n\n<h5 class=\"wp-block-heading\"><strong>Ausgesuchte Natursteine<\/strong><\/h5>\n\n\n\n<p>Kundenzufriedenheit durch Qualit\u00e4t steht bei uns an erster Stelle! Alle Steine werden h\u00f6chsten Anspr\u00fcchen gerecht, ob im Innen- oder Au\u00dfenbereich und wirken stets durch ihre nat\u00fcrliche Sch\u00f6nheit und Eleganz, auch noch nach 147 Millionen Jahren!<\/p>\n\n\n\n<h5 class=\"wp-block-heading\"><strong>Faire Preise<\/strong><\/h5>\n\n\n\n<p>Da unsere Steine direkt vom Erzeuger stammen, liefern wir Ihnen beste Qualit\u00e4t zu g\u00fcnstigen Preisen.<\/p>\n\n\n\n<h5 class=\"wp-block-heading\"><strong>Lieferservice<\/strong><\/h5>\n\n\n\n<p>Unser Versand erfolgt zuverl\u00e4ssig und kosteng\u00fcnstig in Korbpaletten mit internationalen Speditionen. Preise sowie Lieferzeiten auf Anfrage unter Angabe Ihres Lieferortes mit PLZ.<\/p>\n\n\n\n<p>Sowohl schriftlich, als auch telefonisch stehen wir Ihnen f\u00fcr Fragen zur Verf\u00fcgung. Wir unterst\u00fctzen Sie kompetent und unkompliziert.<\/p>\n\n\n\n<h5 class=\"wp-block-heading\"><strong>Kontakt<\/strong><\/h5>\n\n\n\n<p>Schicken Sie eine E-Mail an <strong><a href=\"mailto:info@solnhofener-natursteinparadies.com\">info@solnhofener-natursteinparadies.com<\/a> <\/strong>oder <strong><a href=\"mailto:info@pierres-de-solnhofen.com\">info@pierres-de-solnhofen.com<\/a><\/strong><\/p>\n\n\n\n<p>Unsere Verkaufsberater erreichen Sie telefonisch unter: <strong><a href=\"te:+491705825951\">+49 170 582 59 51<\/a><\/strong> von Mo &#8211; Fr in der Zeit von 10:00 \u2013 20:00 Uhr. <strong>Gerne rufen wir Sie\u00a0zur\u00fcck!<\/strong><\/p>\n\n\n\n<p>Au\u00dferdem k\u00f6nnen Sie uns \u00fcber <strong><a href=\"https:\/\/wa.me\/491705825951\">WhatsApp<\/a> <\/strong>kontaktieren.<\/p>\n\n\n\n<p>\u00dcber Ihre W\u00fcnsche, Fragen oder Anregungen freuen wir uns, denn sie zeigen Ihr Interesse an unseren Steinen und Angeboten.<\/p>\n\n\n\n<ul class=\"wp-block-list\">\n<li><strong>Exzellenter Service ist f\u00fcr uns eine Selbstverst\u00e4ndlichkeit<\/strong><\/li>\n\n\n\n<li><strong>Bitte rufen Sie uns an<\/strong><\/li>\n\n\n\n<li><strong>Beratung und pers\u00f6nlicher Service sind unsere St\u00e4rken<\/strong><\/li>\n<\/ul>\n\n\n\n<h5 class=\"wp-block-heading\"><strong>Wichtig!<\/strong><\/h5>\n\n\n\n<p>Bitte \u00fcberpr\u00fcfen Sie bei Annahme der Ware alle Artikel auf Vollst\u00e4ndigkeit und Unversehrtheit. Besch\u00e4digungen, die nicht unverz\u00fcglich schriftlich dem Fahrer mitgeteilt wurden, k\u00f6nnen sp\u00e4ter nicht mehr geltend gemacht werden.<\/p>\n\n\n\n<h5 class=\"wp-block-heading\"><strong>Zahlungsbedingungen<\/strong><\/h5>\n\n\n\n<p>die Bezahlung erfolgt per Vorkasse.<\/p>\n\n\n\n<h5 class=\"wp-block-heading\"><strong>Bankverbindung<\/strong><\/h5>\n\n\n\n<p><strong>In\u00e8s Hellwig &#8211; Consorsbank by BNP Paribas &#8211; IBAN:&nbsp;DE41 7012 0400 7800 7970 08 &#8211; BIC:&nbsp;DABBDEMMXXX<\/strong><\/p>\n","protected":false},"excerpt":{"rendered":"<p>Unsere optimale Fachberatung \u2013&nbsp;Ihr Vorteil Gerne helfen wir Ihnen bei der optischen Gestaltung. Es ist uns ein Anliegen, ihren Steinen zur vollendeten Geltung zu verhelfen. Ausgesuchte Natursteine Kundenzufriedenheit durch Qualit\u00e4t steht bei uns an erster Stelle! Alle Steine werden h\u00f6chsten Anspr\u00fcchen gerecht, ob im Innen- oder Au\u00dfenbereich und wirken stets durch ihre nat\u00fcrliche Sch\u00f6nheit und &#8230; <a title=\"Service\" class=\"read-more\" href=\"https:\/\/solnhofener-natursteinparadies.com\/2025\/service\/\" aria-label=\"Mehr Informationen \u00fcber Service\">Weiterlesen &#8230;<\/a><\/p>\n","protected":false},"author":1,"featured_media":0,"parent":0,"menu_order":3,"comment_status":"closed","ping_status":"closed","template":"","meta":{"ngg_post_thumbnail":0,"footnotes":""},"class_list":["post-100","page","type-page","status-publish"],"yoast_head":"<!-- This site is optimized with the Yoast SEO plugin v27.4 - https:\/\/yoast.com\/product\/yoast-seo-wordpress\/ -->\n<title>Service - Solnhofener Natursteinparadies<\/title>\n<meta name=\"description\" content=\"Service - Solnhofener Natursteinparadies - Unsere optimale Fachberatung \u2013\u00a0Ihr Vorteil - Wir unterst\u00fctzen Sie kompetent und unkompliziert.\" \/>\n<meta name=\"robots\" content=\"index, follow, max-snippet:-1, max-image-preview:large, max-video-preview:-1\" \/>\n<link rel=\"canonical\" href=\"https:\/\/solnhofener-natursteinparadies.com\/2025\/service\/\" \/>\n<meta property=\"og:locale\" content=\"de_DE\" \/>\n<meta property=\"og:type\" content=\"article\" \/>\n<meta property=\"og:title\" content=\"Service - Solnhofener Natursteinparadies\" \/>\n<meta property=\"og:description\" content=\"Service - Solnhofener Natursteinparadies - Unsere optimale Fachberatung \u2013\u00a0Ihr Vorteil - Wir unterst\u00fctzen Sie kompetent und unkompliziert.\" \/>\n<meta property=\"og:url\" content=\"https:\/\/solnhofener-natursteinparadies.com\/2025\/service\/\" \/>\n<meta property=\"og:site_name\" content=\"Solnhofener Natursteinparadies\" \/>\n<meta property=\"article:modified_time\" content=\"2025-07-27T11:45:35+00:00\" \/>\n<meta property=\"og:image\" content=\"https:\/\/solnhofener-natursteinparadies.com\/2025\/wp-content\/uploads\/2025\/06\/Service_oben-1.jpg\" \/>\n\t<meta property=\"og:image:width\" content=\"400\" \/>\n\t<meta property=\"og:image:height\" content=\"400\" \/>\n\t<meta property=\"og:image:type\" content=\"image\/jpeg\" \/>\n<meta name=\"twitter:card\" content=\"summary_large_image\" \/>\n<meta name=\"twitter:label1\" content=\"Gesch\u00e4tzte Lesezeit\" \/>\n\t<meta name=\"twitter:data1\" content=\"2\u00a0Minuten\" \/>\n<script type=\"application\/ld+json\" class=\"yoast-schema-graph\">{\"@context\":\"https:\\\/\\\/schema.org\",\"@graph\":[{\"@type\":\"WebPage\",\"@id\":\"https:\\\/\\\/solnhofener-natursteinparadies.com\\\/2025\\\/service\\\/\",\"url\":\"https:\\\/\\\/solnhofener-natursteinparadies.com\\\/2025\\\/service\\\/\",\"name\":\"Service - Solnhofener Natursteinparadies\",\"isPartOf\":{\"@id\":\"https:\\\/\\\/solnhofener-natursteinparadies.com\\\/2025\\\/#website\"},\"primaryImageOfPage\":{\"@id\":\"https:\\\/\\\/solnhofener-natursteinparadies.com\\\/2025\\\/service\\\/#primaryimage\"},\"image\":{\"@id\":\"https:\\\/\\\/solnhofener-natursteinparadies.com\\\/2025\\\/service\\\/#primaryimage\"},\"thumbnailUrl\":\"https:\\\/\\\/solnhofener-natursteinparadies.com\\\/2025\\\/wp-content\\\/uploads\\\/2025\\\/06\\\/Service_oben-1.jpg\",\"datePublished\":\"2025-06-20T10:35:05+00:00\",\"dateModified\":\"2025-07-27T11:45:35+00:00\",\"description\":\"Service - Solnhofener Natursteinparadies - Unsere optimale Fachberatung \u2013\u00a0Ihr Vorteil - Wir unterst\u00fctzen Sie kompetent und unkompliziert.\",\"breadcrumb\":{\"@id\":\"https:\\\/\\\/solnhofener-natursteinparadies.com\\\/2025\\\/service\\\/#breadcrumb\"},\"inLanguage\":\"de\",\"potentialAction\":[{\"@type\":\"ReadAction\",\"target\":[\"https:\\\/\\\/solnhofener-natursteinparadies.com\\\/2025\\\/service\\\/\"]}]},{\"@type\":\"ImageObject\",\"inLanguage\":\"de\",\"@id\":\"https:\\\/\\\/solnhofener-natursteinparadies.com\\\/2025\\\/service\\\/#primaryimage\",\"url\":\"https:\\\/\\\/solnhofener-natursteinparadies.com\\\/2025\\\/wp-content\\\/uploads\\\/2025\\\/06\\\/Service_oben-1.jpg\",\"contentUrl\":\"https:\\\/\\\/solnhofener-natursteinparadies.com\\\/2025\\\/wp-content\\\/uploads\\\/2025\\\/06\\\/Service_oben-1.jpg\",\"width\":400,\"height\":400},{\"@type\":\"BreadcrumbList\",\"@id\":\"https:\\\/\\\/solnhofener-natursteinparadies.com\\\/2025\\\/service\\\/#breadcrumb\",\"itemListElement\":[{\"@type\":\"ListItem\",\"position\":1,\"name\":\"Startseite\",\"item\":\"https:\\\/\\\/solnhofener-natursteinparadies.com\\\/2025\\\/\"},{\"@type\":\"ListItem\",\"position\":2,\"name\":\"Service\"}]},{\"@type\":\"WebSite\",\"@id\":\"https:\\\/\\\/solnhofener-natursteinparadies.com\\\/2025\\\/#website\",\"url\":\"https:\\\/\\\/solnhofener-natursteinparadies.com\\\/2025\\\/\",\"name\":\"Solnhofener Natursteinparadies\",\"description\":\"\",\"publisher\":{\"@id\":\"https:\\\/\\\/solnhofener-natursteinparadies.com\\\/2025\\\/#organization\"},\"potentialAction\":[{\"@type\":\"SearchAction\",\"target\":{\"@type\":\"EntryPoint\",\"urlTemplate\":\"https:\\\/\\\/solnhofener-natursteinparadies.com\\\/2025\\\/?s={search_term_string}\"},\"query-input\":{\"@type\":\"PropertyValueSpecification\",\"valueRequired\":true,\"valueName\":\"search_term_string\"}}],\"inLanguage\":\"de\"},{\"@type\":\"Organization\",\"@id\":\"https:\\\/\\\/solnhofener-natursteinparadies.com\\\/2025\\\/#organization\",\"name\":\"Solnhofener Natursteinparadies\",\"url\":\"https:\\\/\\\/solnhofener-natursteinparadies.com\\\/2025\\\/\",\"logo\":{\"@type\":\"ImageObject\",\"inLanguage\":\"de\",\"@id\":\"https:\\\/\\\/solnhofener-natursteinparadies.com\\\/2025\\\/#\\\/schema\\\/logo\\\/image\\\/\",\"url\":\"https:\\\/\\\/solnhofener-natursteinparadies.com\\\/2025\\\/wp-content\\\/uploads\\\/2025\\\/06\\\/header-3.jpg\",\"contentUrl\":\"https:\\\/\\\/solnhofener-natursteinparadies.com\\\/2025\\\/wp-content\\\/uploads\\\/2025\\\/06\\\/header-3.jpg\",\"width\":1200,\"height\":230,\"caption\":\"Solnhofener Natursteinparadies\"},\"image\":{\"@id\":\"https:\\\/\\\/solnhofener-natursteinparadies.com\\\/2025\\\/#\\\/schema\\\/logo\\\/image\\\/\"}}]}<\/script>\n<!-- \/ Yoast SEO plugin. -->","yoast_head_json":{"title":"Service - Solnhofener Natursteinparadies","description":"Service - Solnhofener Natursteinparadies - Unsere optimale Fachberatung \u2013\u00a0Ihr Vorteil - Wir unterst\u00fctzen Sie kompetent und unkompliziert.","robots":{"index":"index","follow":"follow","max-snippet":"max-snippet:-1","max-image-preview":"max-image-preview:large","max-video-preview":"max-video-preview:-1"},"canonical":"https:\/\/solnhofener-natursteinparadies.com\/2025\/service\/","og_locale":"de_DE","og_type":"article","og_title":"Service - Solnhofener Natursteinparadies","og_description":"Service - Solnhofener Natursteinparadies - Unsere optimale Fachberatung \u2013\u00a0Ihr Vorteil - Wir unterst\u00fctzen Sie kompetent und unkompliziert.","og_url":"https:\/\/solnhofener-natursteinparadies.com\/2025\/service\/","og_site_name":"Solnhofener Natursteinparadies","article_modified_time":"2025-07-27T11:45:35+00:00","og_image":[{"width":400,"height":400,"url":"https:\/\/solnhofener-natursteinparadies.com\/2025\/wp-content\/uploads\/2025\/06\/Service_oben-1.jpg","type":"image\/jpeg"}],"twitter_card":"summary_large_image","twitter_misc":{"Gesch\u00e4tzte Lesezeit":"2\u00a0Minuten"},"schema":{"@context":"https:\/\/schema.org","@graph":[{"@type":"WebPage","@id":"https:\/\/solnhofener-natursteinparadies.com\/2025\/service\/","url":"https:\/\/solnhofener-natursteinparadies.com\/2025\/service\/","name":"Service - Solnhofener Natursteinparadies","isPartOf":{"@id":"https:\/\/solnhofener-natursteinparadies.com\/2025\/#website"},"primaryImageOfPage":{"@id":"https:\/\/solnhofener-natursteinparadies.com\/2025\/service\/#primaryimage"},"image":{"@id":"https:\/\/solnhofener-natursteinparadies.com\/2025\/service\/#primaryimage"},"thumbnailUrl":"https:\/\/solnhofener-natursteinparadies.com\/2025\/wp-content\/uploads\/2025\/06\/Service_oben-1.jpg","datePublished":"2025-06-20T10:35:05+00:00","dateModified":"2025-07-27T11:45:35+00:00","description":"Service - Solnhofener Natursteinparadies - Unsere optimale Fachberatung \u2013\u00a0Ihr Vorteil - Wir unterst\u00fctzen Sie kompetent und unkompliziert.","breadcrumb":{"@id":"https:\/\/solnhofener-natursteinparadies.com\/2025\/service\/#breadcrumb"},"inLanguage":"de","potentialAction":[{"@type":"ReadAction","target":["https:\/\/solnhofener-natursteinparadies.com\/2025\/service\/"]}]},{"@type":"ImageObject","inLanguage":"de","@id":"https:\/\/solnhofener-natursteinparadies.com\/2025\/service\/#primaryimage","url":"https:\/\/solnhofener-natursteinparadies.com\/2025\/wp-content\/uploads\/2025\/06\/Service_oben-1.jpg","contentUrl":"https:\/\/solnhofener-natursteinparadies.com\/2025\/wp-content\/uploads\/2025\/06\/Service_oben-1.jpg","width":400,"height":400},{"@type":"BreadcrumbList","@id":"https:\/\/solnhofener-natursteinparadies.com\/2025\/service\/#breadcrumb","itemListElement":[{"@type":"ListItem","position":1,"name":"Startseite","item":"https:\/\/solnhofener-natursteinparadies.com\/2025\/"},{"@type":"ListItem","position":2,"name":"Service"}]},{"@type":"WebSite","@id":"https:\/\/solnhofener-natursteinparadies.com\/2025\/#website","url":"https:\/\/solnhofener-natursteinparadies.com\/2025\/","name":"Solnhofener Natursteinparadies","description":"","publisher":{"@id":"https:\/\/solnhofener-natursteinparadies.com\/2025\/#organization"},"potentialAction":[{"@type":"SearchAction","target":{"@type":"EntryPoint","urlTemplate":"https:\/\/solnhofener-natursteinparadies.com\/2025\/?s={search_term_string}"},"query-input":{"@type":"PropertyValueSpecification","valueRequired":true,"valueName":"search_term_string"}}],"inLanguage":"de"},{"@type":"Organization","@id":"https:\/\/solnhofener-natursteinparadies.com\/2025\/#organization","name":"Solnhofener Natursteinparadies","url":"https:\/\/solnhofener-natursteinparadies.com\/2025\/","logo":{"@type":"ImageObject","inLanguage":"de","@id":"https:\/\/solnhofener-natursteinparadies.com\/2025\/#\/schema\/logo\/image\/","url":"https:\/\/solnhofener-natursteinparadies.com\/2025\/wp-content\/uploads\/2025\/06\/header-3.jpg","contentUrl":"https:\/\/solnhofener-natursteinparadies.com\/2025\/wp-content\/uploads\/2025\/06\/header-3.jpg","width":1200,"height":230,"caption":"Solnhofener Natursteinparadies"},"image":{"@id":"https:\/\/solnhofener-natursteinparadies.com\/2025\/#\/schema\/logo\/image\/"}}]}},"jetpack_sharing_enabled":true,"_links":{"self":[{"href":"https:\/\/solnhofener-natursteinparadies.com\/2025\/wp-json\/wp\/v2\/pages\/100","targetHints":{"allow":["GET"]}}],"collection":[{"href":"https:\/\/solnhofener-natursteinparadies.com\/2025\/wp-json\/wp\/v2\/pages"}],"about":[{"href":"https:\/\/solnhofener-natursteinparadies.com\/2025\/wp-json\/wp\/v2\/types\/page"}],"author":[{"embeddable":true,"href":"https:\/\/solnhofener-natursteinparadies.com\/2025\/wp-json\/wp\/v2\/users\/1"}],"replies":[{"embeddable":true,"href":"https:\/\/solnhofener-natursteinparadies.com\/2025\/wp-json\/wp\/v2\/comments?post=100"}],"version-history":[{"count":15,"href":"https:\/\/solnhofener-natursteinparadies.com\/2025\/wp-json\/wp\/v2\/pages\/100\/revisions"}],"predecessor-version":[{"id":1738,"href":"https:\/\/solnhofener-natursteinparadies.com\/2025\/wp-json\/wp\/v2\/pages\/100\/revisions\/1738"}],"wp:attachment":[{"href":"https:\/\/solnhofener-natursteinparadies.com\/2025\/wp-json\/wp\/v2\/media?parent=100"}],"curies":[{"name":"wp","href":"https:\/\/api.w.org\/{rel}","templated":true}]}}