{"id":102,"date":"2025-06-20T12:36:03","date_gmt":"2025-06-20T10:36:03","guid":{"rendered":"https:\/\/solnhofener-natursteinparadies.com\/2025\/?page_id=102"},"modified":"2025-07-27T12:31:11","modified_gmt":"2025-07-27T10:31:11","slug":"technische-eigenschaften","status":"publish","type":"page","link":"https:\/\/solnhofener-natursteinparadies.com\/2025\/technische-eigenschaften\/","title":{"rendered":"Technische Eigenschaften"},"content":{"rendered":"\n<h1 class=\"wp-block-heading\">Technische Eigenschaften<\/h1>\n\n\n\n<h5 class=\"wp-block-heading\"><strong>Steintyp Solnhofener Platten<\/strong><\/h5>\n\n\n\n<ul class=\"wp-block-list\">\n<li>Kalkstein mit sehr hoher Dichte und Homogenit\u00e4t<\/li>\n<\/ul>\n\n\n<div class=\"wp-block-image\">\n<figure class=\"alignright size-full\"><img loading=\"lazy\" decoding=\"async\" width=\"400\" height=\"400\" src=\"https:\/\/solnhofener-natursteinparadies.com\/2025\/wp-content\/uploads\/2025\/06\/Technisch_oben.jpg\" alt=\"Technische Eigenschaften - Solnhofener Natursteinparadies\" class=\"wp-image-986\" srcset=\"https:\/\/solnhofener-natursteinparadies.com\/2025\/wp-content\/uploads\/2025\/06\/Technisch_oben.jpg 400w, https:\/\/solnhofener-natursteinparadies.com\/2025\/wp-content\/uploads\/2025\/06\/Technisch_oben-300x300.jpg 300w, https:\/\/solnhofener-natursteinparadies.com\/2025\/wp-content\/uploads\/2025\/06\/Technisch_oben-150x150.jpg 150w\" sizes=\"auto, (max-width: 400px) 100vw, 400px\" \/><\/figure>\n<\/div>\n\n\n<h5 class=\"wp-block-heading\"><strong>Verwendung<\/strong><\/h5>\n\n\n\n<ul class=\"wp-block-list\">\n<li>Bodenbel\u00e4ge<\/li>\n\n\n\n<li>Wandbekleidungen<\/li>\n\n\n\n<li>Treppenanlagen<\/li>\n\n\n\n<li>Fensterb\u00e4nke<\/li>\n\n\n\n<li>hygienische Arbeitsfl\u00e4chen<\/li>\n\n\n\n<li>G\u00e4rten<\/li>\n\n\n\n<li>Mauern und Wege (da begeh- und befahrbar)<\/li>\n\n\n\n<li>Innenbereich (B\u00e4der, Duschen, Saunen, hygienische Arbeitsfl\u00e4chen in K\u00fcchen)<\/li>\n\n\n\n<li>Au\u00dfenbereich (Auffahrten da begeh- und befahrbar, Pool Umrandungen, Gartenwege, Terrassen)<\/li>\n\n\n\n<li>in privaten und \u00f6ffentlichen R\u00e4umen<\/li>\n\n\n\n<li>auch zur individuellen k\u00fcnstlerischen Gestaltung hervorragend geeignet<\/li>\n<\/ul>\n\n\n\n<h5 class=\"wp-block-heading\"><strong>Grunds\u00e4tzliche Eigenschaften<\/strong><\/h5>\n\n\n\n<ul class=\"wp-block-list\">\n<li>Licht- und farbecht<\/li>\n\n\n\n<li>tritt- und rutschfest&nbsp;<strong>R13<\/strong>&nbsp;(Dank seiner bruchrauen Oberfl\u00e4che)<\/li>\n\n\n\n<li>sehr abriebfest<\/li>\n\n\n\n<li>\u00e4u\u00dferst strapazierf\u00e4hig (daher sowohl f\u00fcr den privaten, als auch f\u00fcr den \u00f6ffentlichen Bereich hervorragend geeignet)<\/li>\n\n\n\n<li>einfache kosteng\u00fcnstige Pflege nur mit Wasser und\/oder Schmierseife<\/li>\n<\/ul>\n\n\n\n<h5 class=\"wp-block-heading\"><strong>Baubiologische Eigenschaften<\/strong><\/h5>\n\n\n\n<ul class=\"wp-block-list\">\n<li>exzellente baubiologische Eigenschaften<\/li>\n\n\n\n<li><strong><em>100% strahlungsfrei<\/em><\/strong>&nbsp;(im Gegensatz zu manchen Graniten und Schiefern)<\/li>\n\n\n\n<li><strong><em>keinerlei Ausd\u00fcnstungen (Fogging) wie bei manchen Kunststeinen<\/em><\/strong><\/li>\n\n\n\n<li><strong>Die Natur macht den Unterschied<\/strong><\/li>\n<\/ul>\n\n\n\n<h5 class=\"wp-block-heading\"><strong>Farben<\/strong><\/h5>\n\n\n\n<p>warme Farben im nat\u00fcrlichen Wechselspiel von <\/p>\n\n\n\n<ul class=\"wp-block-list\">\n<li>hell creme<\/li>\n\n\n\n<li>gelb<\/li>\n\n\n\n<li>beige<\/li>\n\n\n\n<li>hellbraun<\/li>\n\n\n\n<li>grau<\/li>\n<\/ul>\n\n\n\n<p><strong>Chemische Zusammensetzung:<\/strong>&nbsp;ca. 98% CaCO<sub>3<\/sub>, ca. 0,5 bis 2% MgCO<sub>3<\/sub><\/p>\n\n\n\n<p><strong>Rohgewicht:<\/strong> 2,55 kg\/dm\u00b3<\/p>\n\n\n\n<p><strong>Druckfestigkeit:&nbsp;<\/strong>215 N\/mm\u00b2 (n. DIN 52105)<\/p>\n\n\n\n<p><strong>Biegefestigkeit:<\/strong>&nbsp;28,6 N\/mm\u00b2<\/p>\n\n\n\n<p><strong>W\u00e4rmeleitf\u00e4higkeit:&nbsp;<\/strong>2,3 W\/m x K<\/p>\n\n\n\n<p><strong>Wasseraufnahme:&nbsp;<\/strong>1,4 Gewichts- %<\/p>\n\n\n\n<p><strong>Oberfl\u00e4chen:&nbsp;<\/strong>bruchrau&nbsp;<strong>R13<\/strong><\/p>\n\n\n\n<p><strong>Vorschrift: <\/strong>innen mindestens&nbsp;<strong>R9<\/strong>, au\u00dfen mindestens&nbsp;<strong>R11<\/strong><\/p>\n\n\n\n<h5 class=\"wp-block-heading\"><strong>Verlegung<\/strong><\/h5>\n\n\n\n<p>Zur Verlegung im Dick-, Mittel- oder D\u00fcnnbett je nach Plattendicke und&nbsp;Untergrund&nbsp;werden Platten in der, von der Natur vorgegebenen, Toleranzsortierung nach Ihrer Wahl geliefert. Der H\u00f6henausgleich erfolgt im M\u00f6rtelbett. Bitte beachten Sie die Verlegeanleitung!<\/p>\n\n\n\n<h5 class=\"wp-block-heading\"><strong>Fu\u00dfbodenheizung<\/strong><\/h5>\n\n\n\n<p>Solnhofener Naturstein ist als Belag \u00fcber Bodenheizungen wegen seiner hohen Dichte und Homogenit\u00e4t sehr gut geeignet.<\/p>\n\n\n\n<h5 class=\"wp-block-heading\"><strong>Frostbest\u00e4ndigkeit<\/strong><\/h5>\n\n\n\n<p>Bei Kalksteinen kann grunds\u00e4tzlich nicht f\u00fcr eine vollkommene Frostbest\u00e4ndigkeit garantiert werden,&nbsp;<strong>spielt aber Dank der Asymmetrie von Polygonalplatten optisch keine Rolle.<\/strong><\/p>\n\n\n\n<p><em>Bitte beachten Sie, dass es sich hierbei um Naturprodukte handelt, die in ihrer Farbe, Form und Beschaffenheit von der Darstellung abweichen k\u00f6nnen. Farb- und Strukturschwankungen sind von der Natur vorgegeben. Weder lassen sie sich beeinflussen, noch vermeiden und sind innerhalb des Farbtons und der Gesteinsstruktur nach DIN 18332 zul\u00e4ssig. Hierzu geh\u00f6ren auch typische Oxidationen von eisenhaltigen Mangan Einschl\u00fcssen (Dendriten), die zu Farbver\u00e4nderungen f\u00fchren k\u00f6nnen.<\/em><\/p>\n","protected":false},"excerpt":{"rendered":"<p>Technische Eigenschaften Steintyp Solnhofener Platten Verwendung Grunds\u00e4tzliche Eigenschaften Baubiologische Eigenschaften Farben warme Farben im nat\u00fcrlichen Wechselspiel von Chemische Zusammensetzung:&nbsp;ca. 98% CaCO3, ca. 0,5 bis 2% MgCO3 Rohgewicht: 2,55 kg\/dm\u00b3 Druckfestigkeit:&nbsp;215 N\/mm\u00b2 (n. DIN 52105) Biegefestigkeit:&nbsp;28,6 N\/mm\u00b2 W\u00e4rmeleitf\u00e4higkeit:&nbsp;2,3 W\/m x K Wasseraufnahme:&nbsp;1,4 Gewichts- % Oberfl\u00e4chen:&nbsp;bruchrau&nbsp;R13 Vorschrift: innen mindestens&nbsp;R9, au\u00dfen mindestens&nbsp;R11 Verlegung Zur Verlegung im Dick-, Mittel- &#8230; <a title=\"Technische Eigenschaften\" class=\"read-more\" href=\"https:\/\/solnhofener-natursteinparadies.com\/2025\/technische-eigenschaften\/\" aria-label=\"Mehr Informationen \u00fcber Technische Eigenschaften\">Weiterlesen &#8230;<\/a><\/p>\n","protected":false},"author":1,"featured_media":0,"parent":0,"menu_order":2,"comment_status":"closed","ping_status":"closed","template":"","meta":{"ngg_post_thumbnail":0,"footnotes":""},"class_list":["post-102","page","type-page","status-publish"],"yoast_head":"<!-- This site is optimized with the Yoast SEO plugin v27.5 - https:\/\/yoast.com\/product\/yoast-seo-wordpress\/ -->\n<title>Technische Eigenschaften - Solnhofener Natursteinparadies<\/title>\n<meta name=\"description\" content=\"Technische Eigenschaften - Solnhofener Natursteinparadies - Kalkstein mit sehr hoher Dichte und Homogenit\u00e4t\" \/>\n<meta name=\"robots\" content=\"index, follow, max-snippet:-1, max-image-preview:large, max-video-preview:-1\" \/>\n<link rel=\"canonical\" href=\"https:\/\/solnhofener-natursteinparadies.com\/2025\/technische-eigenschaften\/\" \/>\n<meta property=\"og:locale\" content=\"de_DE\" \/>\n<meta property=\"og:type\" content=\"article\" \/>\n<meta property=\"og:title\" content=\"Technische Eigenschaften - Solnhofener Natursteinparadies\" \/>\n<meta property=\"og:description\" content=\"Technische Eigenschaften - Solnhofener Natursteinparadies - Kalkstein mit sehr hoher Dichte und Homogenit\u00e4t\" \/>\n<meta property=\"og:url\" content=\"https:\/\/solnhofener-natursteinparadies.com\/2025\/technische-eigenschaften\/\" \/>\n<meta property=\"og:site_name\" content=\"Solnhofener Natursteinparadies\" \/>\n<meta property=\"article:modified_time\" content=\"2025-07-27T10:31:11+00:00\" \/>\n<meta property=\"og:image\" content=\"https:\/\/solnhofener-natursteinparadies.com\/2025\/wp-content\/uploads\/2025\/06\/Technisch_oben.jpg\" \/>\n\t<meta property=\"og:image:width\" content=\"400\" \/>\n\t<meta property=\"og:image:height\" content=\"400\" \/>\n\t<meta property=\"og:image:type\" content=\"image\/jpeg\" \/>\n<meta name=\"twitter:card\" content=\"summary_large_image\" \/>\n<meta name=\"twitter:label1\" content=\"Gesch\u00e4tzte Lesezeit\" \/>\n\t<meta name=\"twitter:data1\" content=\"2\u00a0Minuten\" \/>\n<script type=\"application\/ld+json\" class=\"yoast-schema-graph\">{\"@context\":\"https:\\\/\\\/schema.org\",\"@graph\":[{\"@type\":\"WebPage\",\"@id\":\"https:\\\/\\\/solnhofener-natursteinparadies.com\\\/2025\\\/technische-eigenschaften\\\/\",\"url\":\"https:\\\/\\\/solnhofener-natursteinparadies.com\\\/2025\\\/technische-eigenschaften\\\/\",\"name\":\"Technische Eigenschaften - Solnhofener Natursteinparadies\",\"isPartOf\":{\"@id\":\"https:\\\/\\\/solnhofener-natursteinparadies.com\\\/2025\\\/#website\"},\"primaryImageOfPage\":{\"@id\":\"https:\\\/\\\/solnhofener-natursteinparadies.com\\\/2025\\\/technische-eigenschaften\\\/#primaryimage\"},\"image\":{\"@id\":\"https:\\\/\\\/solnhofener-natursteinparadies.com\\\/2025\\\/technische-eigenschaften\\\/#primaryimage\"},\"thumbnailUrl\":\"https:\\\/\\\/solnhofener-natursteinparadies.com\\\/2025\\\/wp-content\\\/uploads\\\/2025\\\/06\\\/Technisch_oben.jpg\",\"datePublished\":\"2025-06-20T10:36:03+00:00\",\"dateModified\":\"2025-07-27T10:31:11+00:00\",\"description\":\"Technische Eigenschaften - Solnhofener Natursteinparadies - Kalkstein mit sehr hoher Dichte und Homogenit\u00e4t\",\"breadcrumb\":{\"@id\":\"https:\\\/\\\/solnhofener-natursteinparadies.com\\\/2025\\\/technische-eigenschaften\\\/#breadcrumb\"},\"inLanguage\":\"de\",\"potentialAction\":[{\"@type\":\"ReadAction\",\"target\":[\"https:\\\/\\\/solnhofener-natursteinparadies.com\\\/2025\\\/technische-eigenschaften\\\/\"]}]},{\"@type\":\"ImageObject\",\"inLanguage\":\"de\",\"@id\":\"https:\\\/\\\/solnhofener-natursteinparadies.com\\\/2025\\\/technische-eigenschaften\\\/#primaryimage\",\"url\":\"https:\\\/\\\/solnhofener-natursteinparadies.com\\\/2025\\\/wp-content\\\/uploads\\\/2025\\\/06\\\/Technisch_oben.jpg\",\"contentUrl\":\"https:\\\/\\\/solnhofener-natursteinparadies.com\\\/2025\\\/wp-content\\\/uploads\\\/2025\\\/06\\\/Technisch_oben.jpg\",\"width\":400,\"height\":400},{\"@type\":\"BreadcrumbList\",\"@id\":\"https:\\\/\\\/solnhofener-natursteinparadies.com\\\/2025\\\/technische-eigenschaften\\\/#breadcrumb\",\"itemListElement\":[{\"@type\":\"ListItem\",\"position\":1,\"name\":\"Startseite\",\"item\":\"https:\\\/\\\/solnhofener-natursteinparadies.com\\\/2025\\\/\"},{\"@type\":\"ListItem\",\"position\":2,\"name\":\"Technische Eigenschaften\"}]},{\"@type\":\"WebSite\",\"@id\":\"https:\\\/\\\/solnhofener-natursteinparadies.com\\\/2025\\\/#website\",\"url\":\"https:\\\/\\\/solnhofener-natursteinparadies.com\\\/2025\\\/\",\"name\":\"Solnhofener Natursteinparadies\",\"description\":\"\",\"publisher\":{\"@id\":\"https:\\\/\\\/solnhofener-natursteinparadies.com\\\/2025\\\/#organization\"},\"potentialAction\":[{\"@type\":\"SearchAction\",\"target\":{\"@type\":\"EntryPoint\",\"urlTemplate\":\"https:\\\/\\\/solnhofener-natursteinparadies.com\\\/2025\\\/?s={search_term_string}\"},\"query-input\":{\"@type\":\"PropertyValueSpecification\",\"valueRequired\":true,\"valueName\":\"search_term_string\"}}],\"inLanguage\":\"de\"},{\"@type\":\"Organization\",\"@id\":\"https:\\\/\\\/solnhofener-natursteinparadies.com\\\/2025\\\/#organization\",\"name\":\"Solnhofener Natursteinparadies\",\"url\":\"https:\\\/\\\/solnhofener-natursteinparadies.com\\\/2025\\\/\",\"logo\":{\"@type\":\"ImageObject\",\"inLanguage\":\"de\",\"@id\":\"https:\\\/\\\/solnhofener-natursteinparadies.com\\\/2025\\\/#\\\/schema\\\/logo\\\/image\\\/\",\"url\":\"https:\\\/\\\/solnhofener-natursteinparadies.com\\\/2025\\\/wp-content\\\/uploads\\\/2025\\\/06\\\/header-3.jpg\",\"contentUrl\":\"https:\\\/\\\/solnhofener-natursteinparadies.com\\\/2025\\\/wp-content\\\/uploads\\\/2025\\\/06\\\/header-3.jpg\",\"width\":1200,\"height\":230,\"caption\":\"Solnhofener Natursteinparadies\"},\"image\":{\"@id\":\"https:\\\/\\\/solnhofener-natursteinparadies.com\\\/2025\\\/#\\\/schema\\\/logo\\\/image\\\/\"}}]}<\/script>\n<!-- \/ Yoast SEO plugin. -->","yoast_head_json":{"title":"Technische Eigenschaften - Solnhofener Natursteinparadies","description":"Technische Eigenschaften - Solnhofener Natursteinparadies - Kalkstein mit sehr hoher Dichte und Homogenit\u00e4t","robots":{"index":"index","follow":"follow","max-snippet":"max-snippet:-1","max-image-preview":"max-image-preview:large","max-video-preview":"max-video-preview:-1"},"canonical":"https:\/\/solnhofener-natursteinparadies.com\/2025\/technische-eigenschaften\/","og_locale":"de_DE","og_type":"article","og_title":"Technische Eigenschaften - Solnhofener Natursteinparadies","og_description":"Technische Eigenschaften - Solnhofener Natursteinparadies - Kalkstein mit sehr hoher Dichte und Homogenit\u00e4t","og_url":"https:\/\/solnhofener-natursteinparadies.com\/2025\/technische-eigenschaften\/","og_site_name":"Solnhofener Natursteinparadies","article_modified_time":"2025-07-27T10:31:11+00:00","og_image":[{"width":400,"height":400,"url":"https:\/\/solnhofener-natursteinparadies.com\/2025\/wp-content\/uploads\/2025\/06\/Technisch_oben.jpg","type":"image\/jpeg"}],"twitter_card":"summary_large_image","twitter_misc":{"Gesch\u00e4tzte Lesezeit":"2\u00a0Minuten"},"schema":{"@context":"https:\/\/schema.org","@graph":[{"@type":"WebPage","@id":"https:\/\/solnhofener-natursteinparadies.com\/2025\/technische-eigenschaften\/","url":"https:\/\/solnhofener-natursteinparadies.com\/2025\/technische-eigenschaften\/","name":"Technische Eigenschaften - Solnhofener Natursteinparadies","isPartOf":{"@id":"https:\/\/solnhofener-natursteinparadies.com\/2025\/#website"},"primaryImageOfPage":{"@id":"https:\/\/solnhofener-natursteinparadies.com\/2025\/technische-eigenschaften\/#primaryimage"},"image":{"@id":"https:\/\/solnhofener-natursteinparadies.com\/2025\/technische-eigenschaften\/#primaryimage"},"thumbnailUrl":"https:\/\/solnhofener-natursteinparadies.com\/2025\/wp-content\/uploads\/2025\/06\/Technisch_oben.jpg","datePublished":"2025-06-20T10:36:03+00:00","dateModified":"2025-07-27T10:31:11+00:00","description":"Technische Eigenschaften - Solnhofener Natursteinparadies - Kalkstein mit sehr hoher Dichte und Homogenit\u00e4t","breadcrumb":{"@id":"https:\/\/solnhofener-natursteinparadies.com\/2025\/technische-eigenschaften\/#breadcrumb"},"inLanguage":"de","potentialAction":[{"@type":"ReadAction","target":["https:\/\/solnhofener-natursteinparadies.com\/2025\/technische-eigenschaften\/"]}]},{"@type":"ImageObject","inLanguage":"de","@id":"https:\/\/solnhofener-natursteinparadies.com\/2025\/technische-eigenschaften\/#primaryimage","url":"https:\/\/solnhofener-natursteinparadies.com\/2025\/wp-content\/uploads\/2025\/06\/Technisch_oben.jpg","contentUrl":"https:\/\/solnhofener-natursteinparadies.com\/2025\/wp-content\/uploads\/2025\/06\/Technisch_oben.jpg","width":400,"height":400},{"@type":"BreadcrumbList","@id":"https:\/\/solnhofener-natursteinparadies.com\/2025\/technische-eigenschaften\/#breadcrumb","itemListElement":[{"@type":"ListItem","position":1,"name":"Startseite","item":"https:\/\/solnhofener-natursteinparadies.com\/2025\/"},{"@type":"ListItem","position":2,"name":"Technische Eigenschaften"}]},{"@type":"WebSite","@id":"https:\/\/solnhofener-natursteinparadies.com\/2025\/#website","url":"https:\/\/solnhofener-natursteinparadies.com\/2025\/","name":"Solnhofener Natursteinparadies","description":"","publisher":{"@id":"https:\/\/solnhofener-natursteinparadies.com\/2025\/#organization"},"potentialAction":[{"@type":"SearchAction","target":{"@type":"EntryPoint","urlTemplate":"https:\/\/solnhofener-natursteinparadies.com\/2025\/?s={search_term_string}"},"query-input":{"@type":"PropertyValueSpecification","valueRequired":true,"valueName":"search_term_string"}}],"inLanguage":"de"},{"@type":"Organization","@id":"https:\/\/solnhofener-natursteinparadies.com\/2025\/#organization","name":"Solnhofener Natursteinparadies","url":"https:\/\/solnhofener-natursteinparadies.com\/2025\/","logo":{"@type":"ImageObject","inLanguage":"de","@id":"https:\/\/solnhofener-natursteinparadies.com\/2025\/#\/schema\/logo\/image\/","url":"https:\/\/solnhofener-natursteinparadies.com\/2025\/wp-content\/uploads\/2025\/06\/header-3.jpg","contentUrl":"https:\/\/solnhofener-natursteinparadies.com\/2025\/wp-content\/uploads\/2025\/06\/header-3.jpg","width":1200,"height":230,"caption":"Solnhofener Natursteinparadies"},"image":{"@id":"https:\/\/solnhofener-natursteinparadies.com\/2025\/#\/schema\/logo\/image\/"}}]}},"jetpack_sharing_enabled":true,"_links":{"self":[{"href":"https:\/\/solnhofener-natursteinparadies.com\/2025\/wp-json\/wp\/v2\/pages\/102","targetHints":{"allow":["GET"]}}],"collection":[{"href":"https:\/\/solnhofener-natursteinparadies.com\/2025\/wp-json\/wp\/v2\/pages"}],"about":[{"href":"https:\/\/solnhofener-natursteinparadies.com\/2025\/wp-json\/wp\/v2\/types\/page"}],"author":[{"embeddable":true,"href":"https:\/\/solnhofener-natursteinparadies.com\/2025\/wp-json\/wp\/v2\/users\/1"}],"replies":[{"embeddable":true,"href":"https:\/\/solnhofener-natursteinparadies.com\/2025\/wp-json\/wp\/v2\/comments?post=102"}],"version-history":[{"count":14,"href":"https:\/\/solnhofener-natursteinparadies.com\/2025\/wp-json\/wp\/v2\/pages\/102\/revisions"}],"predecessor-version":[{"id":1716,"href":"https:\/\/solnhofener-natursteinparadies.com\/2025\/wp-json\/wp\/v2\/pages\/102\/revisions\/1716"}],"wp:attachment":[{"href":"https:\/\/solnhofener-natursteinparadies.com\/2025\/wp-json\/wp\/v2\/media?parent=102"}],"curies":[{"name":"wp","href":"https:\/\/api.w.org\/{rel}","templated":true}]}}