{"id":104,"date":"2025-06-20T12:38:10","date_gmt":"2025-06-20T10:38:10","guid":{"rendered":"https:\/\/solnhofener-natursteinparadies.com\/2025\/?page_id=104"},"modified":"2025-07-19T08:35:52","modified_gmt":"2025-07-19T06:35:52","slug":"preise","status":"publish","type":"page","link":"https:\/\/solnhofener-natursteinparadies.com\/2025\/preise\/","title":{"rendered":"Preise"},"content":{"rendered":"\n<h1 class=\"wp-block-heading\">Preise auf Anfrage<\/h1>\n\n\n\n<p><strong>Gerne erstellen wir Ihnen ein individuelles Angebot.<\/strong><\/p>\n\n\n\n<ul class=\"wp-block-list\">\n<li>Jeder Versand erfolgt in\u00a0gut gesicherten Paletten<\/li>\n\n\n\n<li>Frachtkosten nach Absprache<\/li>\n\n\n\n<li>Keine Mindestabnahmemenge!<\/li>\n\n\n\n<li>Preise f\u00fcr Kalibrieren, Varianten f\u00fcr Oberfl\u00e4chen und Kanten auf Anfrage<\/li>\n\n\n\n<li>Sonderma\u00dfe auf Anfrage<\/li>\n<\/ul>\n\n\n\n<h5 class=\"wp-block-heading\"><strong>Polygonal Platten aus Solnhofen<\/strong><\/h5>\n\n\n<div class=\"wp-block-image\">\n<figure class=\"alignright size-full\"><img loading=\"lazy\" decoding=\"async\" width=\"400\" height=\"400\" src=\"https:\/\/solnhofener-natursteinparadies.com\/2025\/wp-content\/uploads\/2025\/06\/Preise_oben.jpg\" alt=\"Preise - Solnhofener Natursteinparadies\" class=\"wp-image-990\" srcset=\"https:\/\/solnhofener-natursteinparadies.com\/2025\/wp-content\/uploads\/2025\/06\/Preise_oben.jpg 400w, https:\/\/solnhofener-natursteinparadies.com\/2025\/wp-content\/uploads\/2025\/06\/Preise_oben-300x300.jpg 300w, https:\/\/solnhofener-natursteinparadies.com\/2025\/wp-content\/uploads\/2025\/06\/Preise_oben-150x150.jpg 150w\" sizes=\"auto, (max-width: 400px) 100vw, 400px\" \/><\/figure>\n<\/div>\n\n\n<ul class=\"wp-block-list\">\n<li><strong>Dicke ca.:<\/strong>\n<ul class=\"wp-block-list\">\n<li>6 \u2013 8 mm<\/li>\n\n\n\n<li>7 \u2013 12 mm<\/li>\n\n\n\n<li>13 \u2013 19 mm<br>Bitte, w\u00e4hlen Sie f\u00fcr Poolumrandungen und Au\u00dfenverlegungen am Boden die Dicke 13-19 mm. Sie erhalten eine h\u00f6here Stabilit\u00e4t.<\/li>\n<\/ul>\n<\/li>\n\n\n\n<li><strong>Eine ganze Palette:<\/strong>\n<ul class=\"wp-block-list\">\n<li>6\u00a0\u2013\u00a08 mm = 50 m\u00b2<\/li>\n\n\n\n<li>7\u00a0\u2013 12 mm = 40 m\u00b2<\/li>\n\n\n\n<li>13 \u2013 19 mm = 30 m\u00b2\u00a0\u00a0<\/li>\n<\/ul>\n<\/li>\n<\/ul>\n\n\n\n<h5 class=\"wp-block-heading\"><strong>Gerne erstellen wir Ihnen Angebote f\u00fcr<\/strong><\/h5>\n\n\n\n<ul class=\"wp-block-list\">\n<li>Granit (s\u00e4urebest\u00e4ndig &amp; frostbest\u00e4ndig)<\/li>\n\n\n\n<li>Jura-Kalkstein<\/li>\n\n\n\n<li>Kalkstein<\/li>\n\n\n\n<li>Marmor<\/li>\n\n\n\n<li>Quarzit (s\u00e4urebest\u00e4ndig &amp; frostbest\u00e4ndig)<\/li>\n\n\n\n<li>Travertin (frostbest\u00e4ndig)<\/li>\n\n\n\n<li>SolKer\u00ae\u00a0Feinsteinzeug im Naturstein-Look (frostbest\u00e4ndig &amp; s\u00e4urebest\u00e4ndig)<\/li>\n<\/ul>\n\n\n<div class=\"wp-block-image\">\n<figure class=\"alignright size-full\"><a href=\"https:\/\/solnhofener-natursteinparadies.com\/2025\/wp-content\/uploads\/2025\/06\/Guiness.jpg\"><img loading=\"lazy\" decoding=\"async\" width=\"400\" height=\"400\" src=\"https:\/\/solnhofener-natursteinparadies.com\/2025\/wp-content\/uploads\/2025\/06\/Guiness_400.jpg\" alt=\"\" class=\"wp-image-1049\" srcset=\"https:\/\/solnhofener-natursteinparadies.com\/2025\/wp-content\/uploads\/2025\/06\/Guiness_400.jpg 400w, https:\/\/solnhofener-natursteinparadies.com\/2025\/wp-content\/uploads\/2025\/06\/Guiness_400-300x300.jpg 300w, https:\/\/solnhofener-natursteinparadies.com\/2025\/wp-content\/uploads\/2025\/06\/Guiness_400-150x150.jpg 150w\" sizes=\"auto, (max-width: 400px) 100vw, 400px\" \/><\/a><\/figure>\n<\/div>\n\n\n<h5 class=\"wp-block-heading\"><strong>Beispiele f\u00fcr\u00a0SolKer\u00ae\u00a0Feinsteinzeug<\/strong><\/h5>\n\n\n\n<p><strong>Innenverlegung<\/strong><\/p>\n\n\n\n<ul class=\"wp-block-list\">\n<li>Fliese 40 x 60 x 1 cm, Ma\u00dfe nicht rektifiziert<\/li>\n\n\n\n<li>Fliese 60 x 60 x 1 cm, Ma\u00dfe rektifiziert<\/li>\n\n\n\n<li>Fliese 90 x 90 x 1 cm, Ma\u00dfe rektifiziert<\/li>\n\n\n\n<li>Fliese 30 x 60 x 1 cm, Ma\u00dfe rektifiziert<\/li>\n<\/ul>\n\n\n\n<p><strong>Au\u00dfenverlegung<\/strong><\/p>\n\n\n\n<ul class=\"wp-block-list\">\n<li>Fliese 120 x 60 x 2 cm, Ma\u00dfe rektifiziert<\/li>\n<\/ul>\n\n\n\n<h5 class=\"wp-block-heading\"><strong>Quarzit gelb<\/strong><\/h5>\n\n\n\n<ul class=\"wp-block-list\">\n<li><strong>s\u00e4urebest\u00e4ndig &amp; frostbest\u00e4ndig<\/strong><\/li>\n\n\n\n<li>Dicke ca.:\n<ul class=\"wp-block-list\">\n<li>8 \u2013 15 mm<\/li>\n\n\n\n<li>10 \u2013 30 mm&nbsp;<\/li>\n<\/ul>\n<\/li>\n<\/ul>\n\n\n\n<hr class=\"wp-block-separator has-alpha-channel-opacity\"\/>\n\n\n\n<p><strong>Zu allen Steinen erhalten Sie von uns die passenden Sockelleisten in den dazu passenden Oberfl\u00e4chen.<\/strong><\/p>\n\n\n\n<p><strong>Auf Wunsch k\u00f6nnen wir Ihnen gerne speziellen Naturstein M\u00f6rtel und Kleber, sowie&nbsp;Impr\u00e4gnierung mit anbieten.<\/strong><\/p>\n\n\n\n<p><strong>Wenn Sie \u00fcber eine gro\u00dfe Steuernummer verf\u00fcgen, sind wir dazu berechtigt, Ihnen Rechnungen&nbsp;auf Nettobasis auszustellen.<\/strong><\/p>\n\n\n\n<p>* Um unvermeidliche Ma\u00dfabweichungen bei handbearbeiteten Naturprodukten zu ber\u00fccksichtigen, erfolgen&nbsp;alle m\u00f6glichen Variablen mit Circa-Angaben.<\/p>\n\n\n\n<p><em>Auf Wunsch erhalten Sie von uns eine ausf\u00fchrliche Verlegeanleitung!<\/em><\/p>\n\n\n\n<p>Die Bezahlung erfolgt per Vorkasse.<\/p>\n","protected":false},"excerpt":{"rendered":"<p>Preise auf Anfrage Gerne erstellen wir Ihnen ein individuelles Angebot. Polygonal Platten aus Solnhofen Gerne erstellen wir Ihnen Angebote f\u00fcr Beispiele f\u00fcr\u00a0SolKer\u00ae\u00a0Feinsteinzeug Innenverlegung Au\u00dfenverlegung Quarzit gelb Zu allen Steinen erhalten Sie von uns die passenden Sockelleisten in den dazu passenden Oberfl\u00e4chen. Auf Wunsch k\u00f6nnen wir Ihnen gerne speziellen Naturstein M\u00f6rtel und Kleber, sowie&nbsp;Impr\u00e4gnierung mit anbieten. &#8230; <a title=\"Preise\" class=\"read-more\" href=\"https:\/\/solnhofener-natursteinparadies.com\/2025\/preise\/\" aria-label=\"Mehr Informationen \u00fcber Preise\">Weiterlesen &#8230;<\/a><\/p>\n","protected":false},"author":1,"featured_media":0,"parent":0,"menu_order":4,"comment_status":"closed","ping_status":"closed","template":"","meta":{"ngg_post_thumbnail":0,"footnotes":""},"class_list":["post-104","page","type-page","status-publish"],"yoast_head":"<!-- This site is optimized with the Yoast SEO plugin v27.4 - https:\/\/yoast.com\/product\/yoast-seo-wordpress\/ -->\n<title>Preise - Solnhofener Natursteinparadies<\/title>\n<meta name=\"description\" content=\"Preise - Solnhofener Natursteinparadies - Gerne erstellen wir Ihnen ein individuelles Angebot - Keine Mindestabnahmemenge\" \/>\n<meta name=\"robots\" content=\"index, follow, max-snippet:-1, max-image-preview:large, max-video-preview:-1\" \/>\n<link rel=\"canonical\" href=\"https:\/\/solnhofener-natursteinparadies.com\/2025\/preise\/\" \/>\n<meta property=\"og:locale\" content=\"de_DE\" \/>\n<meta property=\"og:type\" content=\"article\" \/>\n<meta property=\"og:title\" content=\"Preise - Solnhofener Natursteinparadies\" \/>\n<meta property=\"og:description\" content=\"Preise - Solnhofener Natursteinparadies - Gerne erstellen wir Ihnen ein individuelles Angebot - Keine Mindestabnahmemenge\" \/>\n<meta property=\"og:url\" content=\"https:\/\/solnhofener-natursteinparadies.com\/2025\/preise\/\" \/>\n<meta property=\"og:site_name\" content=\"Solnhofener Natursteinparadies\" \/>\n<meta property=\"article:modified_time\" content=\"2025-07-19T06:35:52+00:00\" \/>\n<meta property=\"og:image\" content=\"https:\/\/solnhofener-natursteinparadies.com\/2025\/wp-content\/uploads\/2025\/06\/Preise_oben.jpg\" \/>\n\t<meta property=\"og:image:width\" content=\"400\" \/>\n\t<meta property=\"og:image:height\" content=\"400\" \/>\n\t<meta property=\"og:image:type\" content=\"image\/jpeg\" \/>\n<meta name=\"twitter:card\" content=\"summary_large_image\" \/>\n<meta name=\"twitter:label1\" content=\"Gesch\u00e4tzte Lesezeit\" \/>\n\t<meta name=\"twitter:data1\" content=\"2\u00a0Minuten\" \/>\n<script type=\"application\/ld+json\" class=\"yoast-schema-graph\">{\"@context\":\"https:\\\/\\\/schema.org\",\"@graph\":[{\"@type\":\"WebPage\",\"@id\":\"https:\\\/\\\/solnhofener-natursteinparadies.com\\\/2025\\\/preise\\\/\",\"url\":\"https:\\\/\\\/solnhofener-natursteinparadies.com\\\/2025\\\/preise\\\/\",\"name\":\"Preise - Solnhofener Natursteinparadies\",\"isPartOf\":{\"@id\":\"https:\\\/\\\/solnhofener-natursteinparadies.com\\\/2025\\\/#website\"},\"primaryImageOfPage\":{\"@id\":\"https:\\\/\\\/solnhofener-natursteinparadies.com\\\/2025\\\/preise\\\/#primaryimage\"},\"image\":{\"@id\":\"https:\\\/\\\/solnhofener-natursteinparadies.com\\\/2025\\\/preise\\\/#primaryimage\"},\"thumbnailUrl\":\"https:\\\/\\\/solnhofener-natursteinparadies.com\\\/2025\\\/wp-content\\\/uploads\\\/2025\\\/06\\\/Preise_oben.jpg\",\"datePublished\":\"2025-06-20T10:38:10+00:00\",\"dateModified\":\"2025-07-19T06:35:52+00:00\",\"description\":\"Preise - Solnhofener Natursteinparadies - Gerne erstellen wir Ihnen ein individuelles Angebot - Keine Mindestabnahmemenge\",\"breadcrumb\":{\"@id\":\"https:\\\/\\\/solnhofener-natursteinparadies.com\\\/2025\\\/preise\\\/#breadcrumb\"},\"inLanguage\":\"de\",\"potentialAction\":[{\"@type\":\"ReadAction\",\"target\":[\"https:\\\/\\\/solnhofener-natursteinparadies.com\\\/2025\\\/preise\\\/\"]}]},{\"@type\":\"ImageObject\",\"inLanguage\":\"de\",\"@id\":\"https:\\\/\\\/solnhofener-natursteinparadies.com\\\/2025\\\/preise\\\/#primaryimage\",\"url\":\"https:\\\/\\\/solnhofener-natursteinparadies.com\\\/2025\\\/wp-content\\\/uploads\\\/2025\\\/06\\\/Preise_oben.jpg\",\"contentUrl\":\"https:\\\/\\\/solnhofener-natursteinparadies.com\\\/2025\\\/wp-content\\\/uploads\\\/2025\\\/06\\\/Preise_oben.jpg\",\"width\":400,\"height\":400},{\"@type\":\"BreadcrumbList\",\"@id\":\"https:\\\/\\\/solnhofener-natursteinparadies.com\\\/2025\\\/preise\\\/#breadcrumb\",\"itemListElement\":[{\"@type\":\"ListItem\",\"position\":1,\"name\":\"Startseite\",\"item\":\"https:\\\/\\\/solnhofener-natursteinparadies.com\\\/2025\\\/\"},{\"@type\":\"ListItem\",\"position\":2,\"name\":\"Preise\"}]},{\"@type\":\"WebSite\",\"@id\":\"https:\\\/\\\/solnhofener-natursteinparadies.com\\\/2025\\\/#website\",\"url\":\"https:\\\/\\\/solnhofener-natursteinparadies.com\\\/2025\\\/\",\"name\":\"Solnhofener Natursteinparadies\",\"description\":\"\",\"publisher\":{\"@id\":\"https:\\\/\\\/solnhofener-natursteinparadies.com\\\/2025\\\/#organization\"},\"potentialAction\":[{\"@type\":\"SearchAction\",\"target\":{\"@type\":\"EntryPoint\",\"urlTemplate\":\"https:\\\/\\\/solnhofener-natursteinparadies.com\\\/2025\\\/?s={search_term_string}\"},\"query-input\":{\"@type\":\"PropertyValueSpecification\",\"valueRequired\":true,\"valueName\":\"search_term_string\"}}],\"inLanguage\":\"de\"},{\"@type\":\"Organization\",\"@id\":\"https:\\\/\\\/solnhofener-natursteinparadies.com\\\/2025\\\/#organization\",\"name\":\"Solnhofener Natursteinparadies\",\"url\":\"https:\\\/\\\/solnhofener-natursteinparadies.com\\\/2025\\\/\",\"logo\":{\"@type\":\"ImageObject\",\"inLanguage\":\"de\",\"@id\":\"https:\\\/\\\/solnhofener-natursteinparadies.com\\\/2025\\\/#\\\/schema\\\/logo\\\/image\\\/\",\"url\":\"https:\\\/\\\/solnhofener-natursteinparadies.com\\\/2025\\\/wp-content\\\/uploads\\\/2025\\\/06\\\/header-3.jpg\",\"contentUrl\":\"https:\\\/\\\/solnhofener-natursteinparadies.com\\\/2025\\\/wp-content\\\/uploads\\\/2025\\\/06\\\/header-3.jpg\",\"width\":1200,\"height\":230,\"caption\":\"Solnhofener Natursteinparadies\"},\"image\":{\"@id\":\"https:\\\/\\\/solnhofener-natursteinparadies.com\\\/2025\\\/#\\\/schema\\\/logo\\\/image\\\/\"}}]}<\/script>\n<!-- \/ Yoast SEO plugin. -->","yoast_head_json":{"title":"Preise - Solnhofener Natursteinparadies","description":"Preise - Solnhofener Natursteinparadies - Gerne erstellen wir Ihnen ein individuelles Angebot - Keine Mindestabnahmemenge","robots":{"index":"index","follow":"follow","max-snippet":"max-snippet:-1","max-image-preview":"max-image-preview:large","max-video-preview":"max-video-preview:-1"},"canonical":"https:\/\/solnhofener-natursteinparadies.com\/2025\/preise\/","og_locale":"de_DE","og_type":"article","og_title":"Preise - Solnhofener Natursteinparadies","og_description":"Preise - Solnhofener Natursteinparadies - Gerne erstellen wir Ihnen ein individuelles Angebot - Keine Mindestabnahmemenge","og_url":"https:\/\/solnhofener-natursteinparadies.com\/2025\/preise\/","og_site_name":"Solnhofener Natursteinparadies","article_modified_time":"2025-07-19T06:35:52+00:00","og_image":[{"width":400,"height":400,"url":"https:\/\/solnhofener-natursteinparadies.com\/2025\/wp-content\/uploads\/2025\/06\/Preise_oben.jpg","type":"image\/jpeg"}],"twitter_card":"summary_large_image","twitter_misc":{"Gesch\u00e4tzte Lesezeit":"2\u00a0Minuten"},"schema":{"@context":"https:\/\/schema.org","@graph":[{"@type":"WebPage","@id":"https:\/\/solnhofener-natursteinparadies.com\/2025\/preise\/","url":"https:\/\/solnhofener-natursteinparadies.com\/2025\/preise\/","name":"Preise - Solnhofener Natursteinparadies","isPartOf":{"@id":"https:\/\/solnhofener-natursteinparadies.com\/2025\/#website"},"primaryImageOfPage":{"@id":"https:\/\/solnhofener-natursteinparadies.com\/2025\/preise\/#primaryimage"},"image":{"@id":"https:\/\/solnhofener-natursteinparadies.com\/2025\/preise\/#primaryimage"},"thumbnailUrl":"https:\/\/solnhofener-natursteinparadies.com\/2025\/wp-content\/uploads\/2025\/06\/Preise_oben.jpg","datePublished":"2025-06-20T10:38:10+00:00","dateModified":"2025-07-19T06:35:52+00:00","description":"Preise - Solnhofener Natursteinparadies - Gerne erstellen wir Ihnen ein individuelles Angebot - Keine Mindestabnahmemenge","breadcrumb":{"@id":"https:\/\/solnhofener-natursteinparadies.com\/2025\/preise\/#breadcrumb"},"inLanguage":"de","potentialAction":[{"@type":"ReadAction","target":["https:\/\/solnhofener-natursteinparadies.com\/2025\/preise\/"]}]},{"@type":"ImageObject","inLanguage":"de","@id":"https:\/\/solnhofener-natursteinparadies.com\/2025\/preise\/#primaryimage","url":"https:\/\/solnhofener-natursteinparadies.com\/2025\/wp-content\/uploads\/2025\/06\/Preise_oben.jpg","contentUrl":"https:\/\/solnhofener-natursteinparadies.com\/2025\/wp-content\/uploads\/2025\/06\/Preise_oben.jpg","width":400,"height":400},{"@type":"BreadcrumbList","@id":"https:\/\/solnhofener-natursteinparadies.com\/2025\/preise\/#breadcrumb","itemListElement":[{"@type":"ListItem","position":1,"name":"Startseite","item":"https:\/\/solnhofener-natursteinparadies.com\/2025\/"},{"@type":"ListItem","position":2,"name":"Preise"}]},{"@type":"WebSite","@id":"https:\/\/solnhofener-natursteinparadies.com\/2025\/#website","url":"https:\/\/solnhofener-natursteinparadies.com\/2025\/","name":"Solnhofener Natursteinparadies","description":"","publisher":{"@id":"https:\/\/solnhofener-natursteinparadies.com\/2025\/#organization"},"potentialAction":[{"@type":"SearchAction","target":{"@type":"EntryPoint","urlTemplate":"https:\/\/solnhofener-natursteinparadies.com\/2025\/?s={search_term_string}"},"query-input":{"@type":"PropertyValueSpecification","valueRequired":true,"valueName":"search_term_string"}}],"inLanguage":"de"},{"@type":"Organization","@id":"https:\/\/solnhofener-natursteinparadies.com\/2025\/#organization","name":"Solnhofener Natursteinparadies","url":"https:\/\/solnhofener-natursteinparadies.com\/2025\/","logo":{"@type":"ImageObject","inLanguage":"de","@id":"https:\/\/solnhofener-natursteinparadies.com\/2025\/#\/schema\/logo\/image\/","url":"https:\/\/solnhofener-natursteinparadies.com\/2025\/wp-content\/uploads\/2025\/06\/header-3.jpg","contentUrl":"https:\/\/solnhofener-natursteinparadies.com\/2025\/wp-content\/uploads\/2025\/06\/header-3.jpg","width":1200,"height":230,"caption":"Solnhofener Natursteinparadies"},"image":{"@id":"https:\/\/solnhofener-natursteinparadies.com\/2025\/#\/schema\/logo\/image\/"}}]}},"jetpack_sharing_enabled":true,"_links":{"self":[{"href":"https:\/\/solnhofener-natursteinparadies.com\/2025\/wp-json\/wp\/v2\/pages\/104","targetHints":{"allow":["GET"]}}],"collection":[{"href":"https:\/\/solnhofener-natursteinparadies.com\/2025\/wp-json\/wp\/v2\/pages"}],"about":[{"href":"https:\/\/solnhofener-natursteinparadies.com\/2025\/wp-json\/wp\/v2\/types\/page"}],"author":[{"embeddable":true,"href":"https:\/\/solnhofener-natursteinparadies.com\/2025\/wp-json\/wp\/v2\/users\/1"}],"replies":[{"embeddable":true,"href":"https:\/\/solnhofener-natursteinparadies.com\/2025\/wp-json\/wp\/v2\/comments?post=104"}],"version-history":[{"count":17,"href":"https:\/\/solnhofener-natursteinparadies.com\/2025\/wp-json\/wp\/v2\/pages\/104\/revisions"}],"predecessor-version":[{"id":1443,"href":"https:\/\/solnhofener-natursteinparadies.com\/2025\/wp-json\/wp\/v2\/pages\/104\/revisions\/1443"}],"wp:attachment":[{"href":"https:\/\/solnhofener-natursteinparadies.com\/2025\/wp-json\/wp\/v2\/media?parent=104"}],"curies":[{"name":"wp","href":"https:\/\/api.w.org\/{rel}","templated":true}]}}