{"id":1332,"date":"2025-07-17T13:32:09","date_gmt":"2025-07-17T11:32:09","guid":{"rendered":"https:\/\/solnhofener-natursteinparadies.com\/2025\/?page_id=1332"},"modified":"2025-07-24T13:00:58","modified_gmt":"2025-07-24T11:00:58","slug":"produkte-formatplatten","status":"publish","type":"page","link":"https:\/\/solnhofener-natursteinparadies.com\/2025\/produkte\/produkte-formatplatten\/","title":{"rendered":"Formatplatten"},"content":{"rendered":"\n<h1 class=\"wp-block-heading\">Formatplatten<\/h1>\n\n\n<div class=\"wp-block-image\">\n<figure class=\"alignright\"><img loading=\"lazy\" decoding=\"async\" width=\"400\" height=\"314\" src=\"https:\/\/solnhofener-natursteinparadies.com\/2025\/wp-content\/uploads\/2025\/07\/Produkt_Bahnen.jpg\" alt=\"Produkte Formatplatte - Solnhofener Natursteinparadis\" class=\"wp-image-1087\" srcset=\"https:\/\/solnhofener-natursteinparadies.com\/2025\/wp-content\/uploads\/2025\/07\/Produkt_Bahnen.jpg 400w, https:\/\/solnhofener-natursteinparadies.com\/2025\/wp-content\/uploads\/2025\/07\/Produkt_Bahnen-300x236.jpg 300w\" sizes=\"auto, (max-width: 400px) 100vw, 400px\" \/><\/figure>\n<\/div>\n\n\n<h5 class=\"wp-block-heading\"><strong>Formatplatten<\/strong><\/h5>\n\n\n\n<ul class=\"wp-block-list\">\n<li>Granit (s\u00e4urebest\u00e4ndig &amp; frostbest\u00e4ndig)<\/li>\n\n\n\n<li>Jura-Kalkstein<\/li>\n\n\n\n<li>Kalkstein<\/li>\n\n\n\n<li>Marmor<\/li>\n\n\n\n<li>Quarzit (s\u00e4urebest\u00e4ndig &amp; frostbest\u00e4ndig)<\/li>\n\n\n\n<li>Solnhofener Platten<\/li>\n\n\n\n<li>Travertin (frostbest\u00e4ndig)<\/li>\n\n\n\n<li>SolKer\u00ae&nbsp;Feinsteinzeug (s\u00e4urebest\u00e4ndig &amp; frostbest\u00e4ndig)<\/li>\n<\/ul>\n\n\n\n<h5 class=\"wp-block-heading\"><strong>Beispiele f\u00fcr&nbsp;Bahnen<\/strong><\/h5>\n\n\n\n<p>L\u00e4nge variabel, mind. 30 cm<\/p>\n\n\n<div class=\"wp-block-image\">\n<figure class=\"alignright size-full\"><img loading=\"lazy\" decoding=\"async\" width=\"400\" height=\"262\" src=\"https:\/\/solnhofener-natursteinparadies.com\/2025\/wp-content\/uploads\/2025\/06\/Produkt_Format.jpg\" alt=\"Produkte Formatplatte - Solnhofener Natursteinparadis\" class=\"wp-image-980\" srcset=\"https:\/\/solnhofener-natursteinparadies.com\/2025\/wp-content\/uploads\/2025\/06\/Produkt_Format.jpg 400w, https:\/\/solnhofener-natursteinparadies.com\/2025\/wp-content\/uploads\/2025\/06\/Produkt_Format-300x197.jpg 300w\" sizes=\"auto, (max-width: 400px) 100vw, 400px\" \/><\/figure>\n<\/div>\n\n\n<p><strong>Breite ca.:<\/strong>&nbsp;&nbsp;&nbsp;&nbsp;&nbsp;&nbsp;&nbsp;&nbsp;<strong>min. L\u00e4nge:<\/strong>&nbsp;&nbsp;&nbsp;&nbsp;&nbsp;&nbsp;<strong>bis ca.:<\/strong><br>18 cm&nbsp;&nbsp;&nbsp;&nbsp;&nbsp;&nbsp;&nbsp;&nbsp;&nbsp;&nbsp;&nbsp;&nbsp;&nbsp;&nbsp; 30 cm&nbsp; &nbsp; &nbsp; &nbsp; &nbsp; &nbsp; &nbsp; &nbsp;60 cm<br>20 cm&nbsp;&nbsp;&nbsp;&nbsp;&nbsp;&nbsp;&nbsp;&nbsp;&nbsp;&nbsp;&nbsp;&nbsp;&nbsp;&nbsp; 30 cm&nbsp; &nbsp; &nbsp; &nbsp; &nbsp; &nbsp; &nbsp; &nbsp;60 cm<br>23 cm&nbsp;&nbsp;&nbsp;&nbsp;&nbsp;&nbsp;&nbsp;&nbsp;&nbsp;&nbsp;&nbsp;&nbsp;&nbsp;&nbsp; 32 cm&nbsp; &nbsp; &nbsp; &nbsp; &nbsp; &nbsp; &nbsp; &nbsp;60 cm<br>28 cm&nbsp;&nbsp;&nbsp;&nbsp;&nbsp;&nbsp;&nbsp;&nbsp;&nbsp;&nbsp;&nbsp;&nbsp;&nbsp;&nbsp; 35 cm&nbsp; &nbsp; &nbsp; &nbsp; &nbsp; &nbsp; &nbsp; &nbsp;60 cm<br>30 cm&nbsp;&nbsp;&nbsp;&nbsp;&nbsp;&nbsp;&nbsp;&nbsp;&nbsp;&nbsp;&nbsp;&nbsp;&nbsp;&nbsp; 35 cm&nbsp; &nbsp; &nbsp; &nbsp; &nbsp; &nbsp; &nbsp; &nbsp;60 cm<br>33 cm&nbsp;&nbsp;&nbsp;&nbsp;&nbsp;&nbsp;&nbsp;&nbsp;&nbsp;&nbsp;&nbsp;&nbsp;&nbsp;&nbsp; 38 cm&nbsp; &nbsp; &nbsp; &nbsp; &nbsp; &nbsp; &nbsp; &nbsp;65 cm<br>35 cm&nbsp;&nbsp;&nbsp;&nbsp;&nbsp;&nbsp;&nbsp;&nbsp;&nbsp;&nbsp;&nbsp;&nbsp;&nbsp;&nbsp; 40 cm&nbsp; &nbsp; &nbsp; &nbsp; &nbsp; &nbsp; &nbsp; &nbsp;65 cm<\/p>\n\n\n\n<h5 class=\"wp-block-heading\"><strong>Beispiele f\u00fcr Bahnenverb\u00e4nde<\/strong><\/h5>\n\n\n\n<p><strong>Breite ca.:<\/strong>&nbsp;18\/23\/28 cm, 23\/28\/33 cm<\/p>\n\n\n\n<h5 class=\"wp-block-heading\"><strong>Unterschiede Formatplatten-Bahnen-Bahnenverb\u00e4nde<\/strong><\/h5>\n\n\n\n<ul class=\"wp-block-list\">\n<li><strong>Formatplatten<\/strong> sind rechteckig und in verschiedenen Gr\u00f6\u00dfen erh\u00e4ltlich. Sie werden in einer Gr\u00f6\u00dfe\/Objekt verlegt, k\u00f6nnen bei bestimmten Mustern aber auch verschiedene Gr\u00f6\u00dfen haben<\/li>\n\n\n\n<li><strong>Bahnen<\/strong> sind Formatplatten in gleichen Breiten\/Objekt, aber in freien L\u00e4ngen, ca. 30-60 cm<\/li>\n\n\n\n<li><strong>Bahnenverb\u00e4nde<\/strong> sind Formatplatten in mind. 2 verschiedenen Breiten\/Objekt und freien L\u00e4ngen, ca. 30-60 cm, k\u00f6nnen aber je nach Geschmack auch mehrere Breiten haben<\/li>\n<\/ul>\n\n\n\n<p><strong>Hier finden Sie passende <a href=\"https:\/\/solnhofener-natursteinparadies.com\/2025\/verlegebeispiele\/formatplatten\/\">Verlegebeispiele<\/a><\/strong><\/p>\n\n\n\n<p><\/p>\n","protected":false},"excerpt":{"rendered":"<p>Formatplatten Formatplatten Beispiele f\u00fcr&nbsp;Bahnen L\u00e4nge variabel, mind. 30 cm Breite ca.:&nbsp;&nbsp;&nbsp;&nbsp;&nbsp;&nbsp;&nbsp;&nbsp;min. L\u00e4nge:&nbsp;&nbsp;&nbsp;&nbsp;&nbsp;&nbsp;bis ca.:18 cm&nbsp;&nbsp;&nbsp;&nbsp;&nbsp;&nbsp;&nbsp;&nbsp;&nbsp;&nbsp;&nbsp;&nbsp;&nbsp;&nbsp; 30 cm&nbsp; &nbsp; &nbsp; &nbsp; &nbsp; &nbsp; &nbsp; &nbsp;60 cm20 cm&nbsp;&nbsp;&nbsp;&nbsp;&nbsp;&nbsp;&nbsp;&nbsp;&nbsp;&nbsp;&nbsp;&nbsp;&nbsp;&nbsp; 30 cm&nbsp; &nbsp; &nbsp; &nbsp; &nbsp; &nbsp; &nbsp; &nbsp;60 cm23 cm&nbsp;&nbsp;&nbsp;&nbsp;&nbsp;&nbsp;&nbsp;&nbsp;&nbsp;&nbsp;&nbsp;&nbsp;&nbsp;&nbsp; 32 cm&nbsp; &nbsp; &nbsp; &nbsp; &nbsp; &nbsp; &nbsp; &nbsp;60 cm28 cm&nbsp;&nbsp;&nbsp;&nbsp;&nbsp;&nbsp;&nbsp;&nbsp;&nbsp;&nbsp;&nbsp;&nbsp;&nbsp;&nbsp; 35 cm&nbsp; &nbsp; &nbsp; &nbsp; &nbsp; &nbsp; &nbsp; &#8230; <a title=\"Formatplatten\" class=\"read-more\" href=\"https:\/\/solnhofener-natursteinparadies.com\/2025\/produkte\/produkte-formatplatten\/\" aria-label=\"Mehr Informationen \u00fcber Formatplatten\">Weiterlesen &#8230;<\/a><\/p>\n","protected":false},"author":1,"featured_media":0,"parent":16,"menu_order":2,"comment_status":"closed","ping_status":"closed","template":"","meta":{"ngg_post_thumbnail":0,"footnotes":""},"class_list":["post-1332","page","type-page","status-publish"],"yoast_head":"<!-- This site is optimized with the Yoast SEO plugin v27.4 - https:\/\/yoast.com\/product\/yoast-seo-wordpress\/ -->\n<title>Produkte Formatplatten - Solnhofener Natursteinparadies<\/title>\n<meta name=\"description\" content=\"Produkte Formatplatten - Solnhofener Natursteinparadies - Drei Verlegem\u00f6glichkeiten als Formatplatte, Bahnen oder Bahnenverb\u00e4nde\" \/>\n<meta name=\"robots\" content=\"index, follow, max-snippet:-1, max-image-preview:large, max-video-preview:-1\" \/>\n<link rel=\"canonical\" href=\"https:\/\/solnhofener-natursteinparadies.com\/2025\/produkte\/produkte-formatplatten\/\" \/>\n<meta property=\"og:locale\" content=\"de_DE\" \/>\n<meta property=\"og:type\" content=\"article\" \/>\n<meta property=\"og:title\" content=\"Produkte Formatplatten - Solnhofener Natursteinparadies\" \/>\n<meta property=\"og:description\" content=\"Produkte Formatplatten - Solnhofener Natursteinparadies - Drei Verlegem\u00f6glichkeiten als Formatplatte, Bahnen oder Bahnenverb\u00e4nde\" \/>\n<meta property=\"og:url\" content=\"https:\/\/solnhofener-natursteinparadies.com\/2025\/produkte\/produkte-formatplatten\/\" \/>\n<meta property=\"og:site_name\" content=\"Solnhofener Natursteinparadies\" \/>\n<meta property=\"article:modified_time\" content=\"2025-07-24T11:00:58+00:00\" \/>\n<meta property=\"og:image\" content=\"https:\/\/solnhofener-natursteinparadies.com\/2025\/wp-content\/uploads\/2025\/07\/Produkt_Bahnen.jpg\" \/>\n\t<meta property=\"og:image:width\" content=\"400\" \/>\n\t<meta property=\"og:image:height\" content=\"314\" \/>\n\t<meta property=\"og:image:type\" content=\"image\/jpeg\" \/>\n<meta name=\"twitter:card\" content=\"summary_large_image\" \/>\n<meta name=\"twitter:label1\" content=\"Gesch\u00e4tzte Lesezeit\" \/>\n\t<meta name=\"twitter:data1\" content=\"2\u00a0Minuten\" \/>\n<script type=\"application\/ld+json\" class=\"yoast-schema-graph\">{\"@context\":\"https:\\\/\\\/schema.org\",\"@graph\":[{\"@type\":\"WebPage\",\"@id\":\"https:\\\/\\\/solnhofener-natursteinparadies.com\\\/2025\\\/produkte\\\/produkte-formatplatten\\\/\",\"url\":\"https:\\\/\\\/solnhofener-natursteinparadies.com\\\/2025\\\/produkte\\\/produkte-formatplatten\\\/\",\"name\":\"Produkte Formatplatten - Solnhofener Natursteinparadies\",\"isPartOf\":{\"@id\":\"https:\\\/\\\/solnhofener-natursteinparadies.com\\\/2025\\\/#website\"},\"primaryImageOfPage\":{\"@id\":\"https:\\\/\\\/solnhofener-natursteinparadies.com\\\/2025\\\/produkte\\\/produkte-formatplatten\\\/#primaryimage\"},\"image\":{\"@id\":\"https:\\\/\\\/solnhofener-natursteinparadies.com\\\/2025\\\/produkte\\\/produkte-formatplatten\\\/#primaryimage\"},\"thumbnailUrl\":\"https:\\\/\\\/solnhofener-natursteinparadies.com\\\/2025\\\/wp-content\\\/uploads\\\/2025\\\/07\\\/Produkt_Bahnen.jpg\",\"datePublished\":\"2025-07-17T11:32:09+00:00\",\"dateModified\":\"2025-07-24T11:00:58+00:00\",\"description\":\"Produkte Formatplatten - Solnhofener Natursteinparadies - Drei Verlegem\u00f6glichkeiten als Formatplatte, Bahnen oder Bahnenverb\u00e4nde\",\"breadcrumb\":{\"@id\":\"https:\\\/\\\/solnhofener-natursteinparadies.com\\\/2025\\\/produkte\\\/produkte-formatplatten\\\/#breadcrumb\"},\"inLanguage\":\"de\",\"potentialAction\":[{\"@type\":\"ReadAction\",\"target\":[\"https:\\\/\\\/solnhofener-natursteinparadies.com\\\/2025\\\/produkte\\\/produkte-formatplatten\\\/\"]}]},{\"@type\":\"ImageObject\",\"inLanguage\":\"de\",\"@id\":\"https:\\\/\\\/solnhofener-natursteinparadies.com\\\/2025\\\/produkte\\\/produkte-formatplatten\\\/#primaryimage\",\"url\":\"https:\\\/\\\/solnhofener-natursteinparadies.com\\\/2025\\\/wp-content\\\/uploads\\\/2025\\\/07\\\/Produkt_Bahnen.jpg\",\"contentUrl\":\"https:\\\/\\\/solnhofener-natursteinparadies.com\\\/2025\\\/wp-content\\\/uploads\\\/2025\\\/07\\\/Produkt_Bahnen.jpg\",\"width\":400,\"height\":314},{\"@type\":\"BreadcrumbList\",\"@id\":\"https:\\\/\\\/solnhofener-natursteinparadies.com\\\/2025\\\/produkte\\\/produkte-formatplatten\\\/#breadcrumb\",\"itemListElement\":[{\"@type\":\"ListItem\",\"position\":1,\"name\":\"Startseite\",\"item\":\"https:\\\/\\\/solnhofener-natursteinparadies.com\\\/2025\\\/\"},{\"@type\":\"ListItem\",\"position\":2,\"name\":\"Produkte\",\"item\":\"https:\\\/\\\/solnhofener-natursteinparadies.com\\\/2025\\\/produkte\\\/\"},{\"@type\":\"ListItem\",\"position\":3,\"name\":\"Formatplatten\"}]},{\"@type\":\"WebSite\",\"@id\":\"https:\\\/\\\/solnhofener-natursteinparadies.com\\\/2025\\\/#website\",\"url\":\"https:\\\/\\\/solnhofener-natursteinparadies.com\\\/2025\\\/\",\"name\":\"Solnhofener Natursteinparadies\",\"description\":\"\",\"publisher\":{\"@id\":\"https:\\\/\\\/solnhofener-natursteinparadies.com\\\/2025\\\/#organization\"},\"potentialAction\":[{\"@type\":\"SearchAction\",\"target\":{\"@type\":\"EntryPoint\",\"urlTemplate\":\"https:\\\/\\\/solnhofener-natursteinparadies.com\\\/2025\\\/?s={search_term_string}\"},\"query-input\":{\"@type\":\"PropertyValueSpecification\",\"valueRequired\":true,\"valueName\":\"search_term_string\"}}],\"inLanguage\":\"de\"},{\"@type\":\"Organization\",\"@id\":\"https:\\\/\\\/solnhofener-natursteinparadies.com\\\/2025\\\/#organization\",\"name\":\"Solnhofener Natursteinparadies\",\"url\":\"https:\\\/\\\/solnhofener-natursteinparadies.com\\\/2025\\\/\",\"logo\":{\"@type\":\"ImageObject\",\"inLanguage\":\"de\",\"@id\":\"https:\\\/\\\/solnhofener-natursteinparadies.com\\\/2025\\\/#\\\/schema\\\/logo\\\/image\\\/\",\"url\":\"https:\\\/\\\/solnhofener-natursteinparadies.com\\\/2025\\\/wp-content\\\/uploads\\\/2025\\\/06\\\/header-3.jpg\",\"contentUrl\":\"https:\\\/\\\/solnhofener-natursteinparadies.com\\\/2025\\\/wp-content\\\/uploads\\\/2025\\\/06\\\/header-3.jpg\",\"width\":1200,\"height\":230,\"caption\":\"Solnhofener Natursteinparadies\"},\"image\":{\"@id\":\"https:\\\/\\\/solnhofener-natursteinparadies.com\\\/2025\\\/#\\\/schema\\\/logo\\\/image\\\/\"}}]}<\/script>\n<!-- \/ Yoast SEO plugin. -->","yoast_head_json":{"title":"Produkte Formatplatten - Solnhofener Natursteinparadies","description":"Produkte Formatplatten - Solnhofener Natursteinparadies - Drei Verlegem\u00f6glichkeiten als Formatplatte, Bahnen oder Bahnenverb\u00e4nde","robots":{"index":"index","follow":"follow","max-snippet":"max-snippet:-1","max-image-preview":"max-image-preview:large","max-video-preview":"max-video-preview:-1"},"canonical":"https:\/\/solnhofener-natursteinparadies.com\/2025\/produkte\/produkte-formatplatten\/","og_locale":"de_DE","og_type":"article","og_title":"Produkte Formatplatten - Solnhofener Natursteinparadies","og_description":"Produkte Formatplatten - Solnhofener Natursteinparadies - Drei Verlegem\u00f6glichkeiten als Formatplatte, Bahnen oder Bahnenverb\u00e4nde","og_url":"https:\/\/solnhofener-natursteinparadies.com\/2025\/produkte\/produkte-formatplatten\/","og_site_name":"Solnhofener Natursteinparadies","article_modified_time":"2025-07-24T11:00:58+00:00","og_image":[{"width":400,"height":314,"url":"https:\/\/solnhofener-natursteinparadies.com\/2025\/wp-content\/uploads\/2025\/07\/Produkt_Bahnen.jpg","type":"image\/jpeg"}],"twitter_card":"summary_large_image","twitter_misc":{"Gesch\u00e4tzte Lesezeit":"2\u00a0Minuten"},"schema":{"@context":"https:\/\/schema.org","@graph":[{"@type":"WebPage","@id":"https:\/\/solnhofener-natursteinparadies.com\/2025\/produkte\/produkte-formatplatten\/","url":"https:\/\/solnhofener-natursteinparadies.com\/2025\/produkte\/produkte-formatplatten\/","name":"Produkte Formatplatten - Solnhofener Natursteinparadies","isPartOf":{"@id":"https:\/\/solnhofener-natursteinparadies.com\/2025\/#website"},"primaryImageOfPage":{"@id":"https:\/\/solnhofener-natursteinparadies.com\/2025\/produkte\/produkte-formatplatten\/#primaryimage"},"image":{"@id":"https:\/\/solnhofener-natursteinparadies.com\/2025\/produkte\/produkte-formatplatten\/#primaryimage"},"thumbnailUrl":"https:\/\/solnhofener-natursteinparadies.com\/2025\/wp-content\/uploads\/2025\/07\/Produkt_Bahnen.jpg","datePublished":"2025-07-17T11:32:09+00:00","dateModified":"2025-07-24T11:00:58+00:00","description":"Produkte Formatplatten - Solnhofener Natursteinparadies - Drei Verlegem\u00f6glichkeiten als Formatplatte, Bahnen oder Bahnenverb\u00e4nde","breadcrumb":{"@id":"https:\/\/solnhofener-natursteinparadies.com\/2025\/produkte\/produkte-formatplatten\/#breadcrumb"},"inLanguage":"de","potentialAction":[{"@type":"ReadAction","target":["https:\/\/solnhofener-natursteinparadies.com\/2025\/produkte\/produkte-formatplatten\/"]}]},{"@type":"ImageObject","inLanguage":"de","@id":"https:\/\/solnhofener-natursteinparadies.com\/2025\/produkte\/produkte-formatplatten\/#primaryimage","url":"https:\/\/solnhofener-natursteinparadies.com\/2025\/wp-content\/uploads\/2025\/07\/Produkt_Bahnen.jpg","contentUrl":"https:\/\/solnhofener-natursteinparadies.com\/2025\/wp-content\/uploads\/2025\/07\/Produkt_Bahnen.jpg","width":400,"height":314},{"@type":"BreadcrumbList","@id":"https:\/\/solnhofener-natursteinparadies.com\/2025\/produkte\/produkte-formatplatten\/#breadcrumb","itemListElement":[{"@type":"ListItem","position":1,"name":"Startseite","item":"https:\/\/solnhofener-natursteinparadies.com\/2025\/"},{"@type":"ListItem","position":2,"name":"Produkte","item":"https:\/\/solnhofener-natursteinparadies.com\/2025\/produkte\/"},{"@type":"ListItem","position":3,"name":"Formatplatten"}]},{"@type":"WebSite","@id":"https:\/\/solnhofener-natursteinparadies.com\/2025\/#website","url":"https:\/\/solnhofener-natursteinparadies.com\/2025\/","name":"Solnhofener Natursteinparadies","description":"","publisher":{"@id":"https:\/\/solnhofener-natursteinparadies.com\/2025\/#organization"},"potentialAction":[{"@type":"SearchAction","target":{"@type":"EntryPoint","urlTemplate":"https:\/\/solnhofener-natursteinparadies.com\/2025\/?s={search_term_string}"},"query-input":{"@type":"PropertyValueSpecification","valueRequired":true,"valueName":"search_term_string"}}],"inLanguage":"de"},{"@type":"Organization","@id":"https:\/\/solnhofener-natursteinparadies.com\/2025\/#organization","name":"Solnhofener Natursteinparadies","url":"https:\/\/solnhofener-natursteinparadies.com\/2025\/","logo":{"@type":"ImageObject","inLanguage":"de","@id":"https:\/\/solnhofener-natursteinparadies.com\/2025\/#\/schema\/logo\/image\/","url":"https:\/\/solnhofener-natursteinparadies.com\/2025\/wp-content\/uploads\/2025\/06\/header-3.jpg","contentUrl":"https:\/\/solnhofener-natursteinparadies.com\/2025\/wp-content\/uploads\/2025\/06\/header-3.jpg","width":1200,"height":230,"caption":"Solnhofener Natursteinparadies"},"image":{"@id":"https:\/\/solnhofener-natursteinparadies.com\/2025\/#\/schema\/logo\/image\/"}}]}},"jetpack_sharing_enabled":true,"_links":{"self":[{"href":"https:\/\/solnhofener-natursteinparadies.com\/2025\/wp-json\/wp\/v2\/pages\/1332","targetHints":{"allow":["GET"]}}],"collection":[{"href":"https:\/\/solnhofener-natursteinparadies.com\/2025\/wp-json\/wp\/v2\/pages"}],"about":[{"href":"https:\/\/solnhofener-natursteinparadies.com\/2025\/wp-json\/wp\/v2\/types\/page"}],"author":[{"embeddable":true,"href":"https:\/\/solnhofener-natursteinparadies.com\/2025\/wp-json\/wp\/v2\/users\/1"}],"replies":[{"embeddable":true,"href":"https:\/\/solnhofener-natursteinparadies.com\/2025\/wp-json\/wp\/v2\/comments?post=1332"}],"version-history":[{"count":10,"href":"https:\/\/solnhofener-natursteinparadies.com\/2025\/wp-json\/wp\/v2\/pages\/1332\/revisions"}],"predecessor-version":[{"id":1654,"href":"https:\/\/solnhofener-natursteinparadies.com\/2025\/wp-json\/wp\/v2\/pages\/1332\/revisions\/1654"}],"up":[{"embeddable":true,"href":"https:\/\/solnhofener-natursteinparadies.com\/2025\/wp-json\/wp\/v2\/pages\/16"}],"wp:attachment":[{"href":"https:\/\/solnhofener-natursteinparadies.com\/2025\/wp-json\/wp\/v2\/media?parent=1332"}],"curies":[{"name":"wp","href":"https:\/\/api.w.org\/{rel}","templated":true}]}}