{"id":1336,"date":"2025-07-17T13:39:24","date_gmt":"2025-07-17T11:39:24","guid":{"rendered":"https:\/\/solnhofener-natursteinparadies.com\/2025\/?page_id=1336"},"modified":"2025-07-27T21:13:57","modified_gmt":"2025-07-27T19:13:57","slug":"produkte-kalkstein","status":"publish","type":"page","link":"https:\/\/solnhofener-natursteinparadies.com\/2025\/produkte\/produkte-kalkstein\/","title":{"rendered":"Jura Kalkstein"},"content":{"rendered":"\n<h1 class=\"wp-block-heading\">Jura Kalkstein<\/h1>\n\n\n<div class=\"wp-block-image\">\n<figure class=\"alignright size-full\"><img loading=\"lazy\" decoding=\"async\" width=\"400\" height=\"267\" src=\"https:\/\/solnhofener-natursteinparadies.com\/2025\/wp-content\/uploads\/2025\/07\/Produkte_Towerl.jpg\" alt=\"Produkte Kalkstein - Solnhofener Natursteinparadies\" class=\"wp-image-1375\" srcset=\"https:\/\/solnhofener-natursteinparadies.com\/2025\/wp-content\/uploads\/2025\/07\/Produkte_Towerl.jpg 400w, https:\/\/solnhofener-natursteinparadies.com\/2025\/wp-content\/uploads\/2025\/07\/Produkte_Towerl-300x200.jpg 300w\" sizes=\"auto, (max-width: 400px) 100vw, 400px\" \/><\/figure>\n<\/div>\n\n\n<h5 class=\"wp-block-heading\"><strong>Jura-Kalkstein am h\u00f6chsten Natursteingeb\u00e4ude der Welt<\/strong><\/h5>\n\n\n\n<p>In Kuwait City steht der Al Hamra Tower \u2013 mit 413 Metern H\u00f6he belegt er Platz 16 in der Liste der weltweit h\u00f6chsten Geb\u00e4ude.<br><br>Besonders: Er ist das h\u00f6chste Geb\u00e4ude der Welt, das mit Naturstein verkleidet ist. Unser Jura-Kalkstein, sandgestrahlt und geb\u00fcrstet, entfaltet seine volle Wirkung auf rund 70.000 Quadratmetern Fassadenfl\u00e4che. Die Platten stammen aus den Schichten 23 und 24 und wurden im Format 1.400 x 700 x 40 mm gefertigt.<br><br>Montiert wurde das Material mit Hinterschnittankern auf einer tragenden Unterkonstruktion. Auch im Innenausbau setzt der Al Hamra Tower auf Naturstein: Jura-Kalkstein kam f\u00fcr Boden- und Wandfl\u00e4chen zum Einsatz und schafft ein durchg\u00e4ngig hochwertiges Materialkonzept.<\/p>\n\n\n<div class=\"wp-block-image\">\n<figure class=\"alignright size-full\"><img loading=\"lazy\" decoding=\"async\" width=\"400\" height=\"300\" src=\"https:\/\/solnhofener-natursteinparadies.com\/2025\/wp-content\/uploads\/2025\/07\/Produkte_Kalkstein.jpg\" alt=\"Produkte Kalkstein - Solnhofener Natursteinparadies\" class=\"wp-image-1377\" srcset=\"https:\/\/solnhofener-natursteinparadies.com\/2025\/wp-content\/uploads\/2025\/07\/Produkte_Kalkstein.jpg 400w, https:\/\/solnhofener-natursteinparadies.com\/2025\/wp-content\/uploads\/2025\/07\/Produkte_Kalkstein-300x225.jpg 300w\" sizes=\"auto, (max-width: 400px) 100vw, 400px\" \/><\/figure>\n<\/div>\n\n\n<p><strong>Hier finden Sie passende <a href=\"https:\/\/solnhofener-natursteinparadies.com\/2025\/verlegebeispiele\/jura-kalkstein-gelb\/\">Verlegebeispiele in gelb<\/a> oder in <a href=\"https:\/\/solnhofener-natursteinparadies.com\/2025\/verlegebeispiele\/jura-kalkstein-beige\/\">beige<\/a><\/strong><\/p>\n","protected":false},"excerpt":{"rendered":"<p>Jura Kalkstein Jura-Kalkstein am h\u00f6chsten Natursteingeb\u00e4ude der Welt In Kuwait City steht der Al Hamra Tower \u2013 mit 413 Metern H\u00f6he belegt er Platz 16 in der Liste der weltweit h\u00f6chsten Geb\u00e4ude. Besonders: Er ist das h\u00f6chste Geb\u00e4ude der Welt, das mit Naturstein verkleidet ist. Unser Jura-Kalkstein, sandgestrahlt und geb\u00fcrstet, entfaltet seine volle Wirkung auf &#8230; <a title=\"Jura Kalkstein\" class=\"read-more\" href=\"https:\/\/solnhofener-natursteinparadies.com\/2025\/produkte\/produkte-kalkstein\/\" aria-label=\"Mehr Informationen \u00fcber Jura Kalkstein\">Weiterlesen &#8230;<\/a><\/p>\n","protected":false},"author":1,"featured_media":0,"parent":16,"menu_order":3,"comment_status":"closed","ping_status":"closed","template":"","meta":{"ngg_post_thumbnail":0,"footnotes":""},"class_list":["post-1336","page","type-page","status-publish"],"yoast_head":"<!-- This site is optimized with the Yoast SEO plugin v27.4 - https:\/\/yoast.com\/product\/yoast-seo-wordpress\/ -->\n<title>Produkte Kalkstein - Solnhofener Natursteinparadies<\/title>\n<meta name=\"description\" content=\"Produkte Kalkstein - Solnhofener Natursteinparadies - Jura-Kalkstein am h\u00f6chsten Natursteingeb\u00e4ude der Welt\" \/>\n<meta name=\"robots\" content=\"index, follow, max-snippet:-1, max-image-preview:large, max-video-preview:-1\" \/>\n<link rel=\"canonical\" href=\"https:\/\/solnhofener-natursteinparadies.com\/2025\/produkte\/produkte-kalkstein\/\" \/>\n<meta property=\"og:locale\" content=\"de_DE\" \/>\n<meta property=\"og:type\" content=\"article\" \/>\n<meta property=\"og:title\" content=\"Produkte Kalkstein - Solnhofener Natursteinparadies\" \/>\n<meta property=\"og:description\" content=\"Produkte Kalkstein - Solnhofener Natursteinparadies - Jura-Kalkstein am h\u00f6chsten Natursteingeb\u00e4ude der Welt\" \/>\n<meta property=\"og:url\" content=\"https:\/\/solnhofener-natursteinparadies.com\/2025\/produkte\/produkte-kalkstein\/\" \/>\n<meta property=\"og:site_name\" content=\"Solnhofener Natursteinparadies\" \/>\n<meta property=\"article:modified_time\" content=\"2025-07-27T19:13:57+00:00\" \/>\n<meta property=\"og:image\" content=\"https:\/\/solnhofener-natursteinparadies.com\/2025\/wp-content\/uploads\/2025\/07\/Produkte_Towerl.jpg\" \/>\n\t<meta property=\"og:image:width\" content=\"400\" \/>\n\t<meta property=\"og:image:height\" content=\"267\" \/>\n\t<meta property=\"og:image:type\" content=\"image\/jpeg\" \/>\n<meta name=\"twitter:card\" content=\"summary_large_image\" \/>\n<meta name=\"twitter:label1\" content=\"Gesch\u00e4tzte Lesezeit\" \/>\n\t<meta name=\"twitter:data1\" content=\"2\u00a0Minuten\" \/>\n<script type=\"application\/ld+json\" class=\"yoast-schema-graph\">{\"@context\":\"https:\\\/\\\/schema.org\",\"@graph\":[{\"@type\":\"WebPage\",\"@id\":\"https:\\\/\\\/solnhofener-natursteinparadies.com\\\/2025\\\/produkte\\\/produkte-kalkstein\\\/\",\"url\":\"https:\\\/\\\/solnhofener-natursteinparadies.com\\\/2025\\\/produkte\\\/produkte-kalkstein\\\/\",\"name\":\"Produkte Kalkstein - Solnhofener Natursteinparadies\",\"isPartOf\":{\"@id\":\"https:\\\/\\\/solnhofener-natursteinparadies.com\\\/2025\\\/#website\"},\"primaryImageOfPage\":{\"@id\":\"https:\\\/\\\/solnhofener-natursteinparadies.com\\\/2025\\\/produkte\\\/produkte-kalkstein\\\/#primaryimage\"},\"image\":{\"@id\":\"https:\\\/\\\/solnhofener-natursteinparadies.com\\\/2025\\\/produkte\\\/produkte-kalkstein\\\/#primaryimage\"},\"thumbnailUrl\":\"https:\\\/\\\/solnhofener-natursteinparadies.com\\\/2025\\\/wp-content\\\/uploads\\\/2025\\\/07\\\/Produkte_Towerl.jpg\",\"datePublished\":\"2025-07-17T11:39:24+00:00\",\"dateModified\":\"2025-07-27T19:13:57+00:00\",\"description\":\"Produkte Kalkstein - Solnhofener Natursteinparadies - Jura-Kalkstein am h\u00f6chsten Natursteingeb\u00e4ude der Welt\",\"breadcrumb\":{\"@id\":\"https:\\\/\\\/solnhofener-natursteinparadies.com\\\/2025\\\/produkte\\\/produkte-kalkstein\\\/#breadcrumb\"},\"inLanguage\":\"de\",\"potentialAction\":[{\"@type\":\"ReadAction\",\"target\":[\"https:\\\/\\\/solnhofener-natursteinparadies.com\\\/2025\\\/produkte\\\/produkte-kalkstein\\\/\"]}]},{\"@type\":\"ImageObject\",\"inLanguage\":\"de\",\"@id\":\"https:\\\/\\\/solnhofener-natursteinparadies.com\\\/2025\\\/produkte\\\/produkte-kalkstein\\\/#primaryimage\",\"url\":\"https:\\\/\\\/solnhofener-natursteinparadies.com\\\/2025\\\/wp-content\\\/uploads\\\/2025\\\/07\\\/Produkte_Towerl.jpg\",\"contentUrl\":\"https:\\\/\\\/solnhofener-natursteinparadies.com\\\/2025\\\/wp-content\\\/uploads\\\/2025\\\/07\\\/Produkte_Towerl.jpg\",\"width\":400,\"height\":267},{\"@type\":\"BreadcrumbList\",\"@id\":\"https:\\\/\\\/solnhofener-natursteinparadies.com\\\/2025\\\/produkte\\\/produkte-kalkstein\\\/#breadcrumb\",\"itemListElement\":[{\"@type\":\"ListItem\",\"position\":1,\"name\":\"Startseite\",\"item\":\"https:\\\/\\\/solnhofener-natursteinparadies.com\\\/2025\\\/\"},{\"@type\":\"ListItem\",\"position\":2,\"name\":\"Produkte\",\"item\":\"https:\\\/\\\/solnhofener-natursteinparadies.com\\\/2025\\\/produkte\\\/\"},{\"@type\":\"ListItem\",\"position\":3,\"name\":\"Jura Kalkstein\"}]},{\"@type\":\"WebSite\",\"@id\":\"https:\\\/\\\/solnhofener-natursteinparadies.com\\\/2025\\\/#website\",\"url\":\"https:\\\/\\\/solnhofener-natursteinparadies.com\\\/2025\\\/\",\"name\":\"Solnhofener Natursteinparadies\",\"description\":\"\",\"publisher\":{\"@id\":\"https:\\\/\\\/solnhofener-natursteinparadies.com\\\/2025\\\/#organization\"},\"potentialAction\":[{\"@type\":\"SearchAction\",\"target\":{\"@type\":\"EntryPoint\",\"urlTemplate\":\"https:\\\/\\\/solnhofener-natursteinparadies.com\\\/2025\\\/?s={search_term_string}\"},\"query-input\":{\"@type\":\"PropertyValueSpecification\",\"valueRequired\":true,\"valueName\":\"search_term_string\"}}],\"inLanguage\":\"de\"},{\"@type\":\"Organization\",\"@id\":\"https:\\\/\\\/solnhofener-natursteinparadies.com\\\/2025\\\/#organization\",\"name\":\"Solnhofener Natursteinparadies\",\"url\":\"https:\\\/\\\/solnhofener-natursteinparadies.com\\\/2025\\\/\",\"logo\":{\"@type\":\"ImageObject\",\"inLanguage\":\"de\",\"@id\":\"https:\\\/\\\/solnhofener-natursteinparadies.com\\\/2025\\\/#\\\/schema\\\/logo\\\/image\\\/\",\"url\":\"https:\\\/\\\/solnhofener-natursteinparadies.com\\\/2025\\\/wp-content\\\/uploads\\\/2025\\\/06\\\/header-3.jpg\",\"contentUrl\":\"https:\\\/\\\/solnhofener-natursteinparadies.com\\\/2025\\\/wp-content\\\/uploads\\\/2025\\\/06\\\/header-3.jpg\",\"width\":1200,\"height\":230,\"caption\":\"Solnhofener Natursteinparadies\"},\"image\":{\"@id\":\"https:\\\/\\\/solnhofener-natursteinparadies.com\\\/2025\\\/#\\\/schema\\\/logo\\\/image\\\/\"}}]}<\/script>\n<!-- \/ Yoast SEO plugin. -->","yoast_head_json":{"title":"Produkte Kalkstein - Solnhofener Natursteinparadies","description":"Produkte Kalkstein - Solnhofener Natursteinparadies - Jura-Kalkstein am h\u00f6chsten Natursteingeb\u00e4ude der Welt","robots":{"index":"index","follow":"follow","max-snippet":"max-snippet:-1","max-image-preview":"max-image-preview:large","max-video-preview":"max-video-preview:-1"},"canonical":"https:\/\/solnhofener-natursteinparadies.com\/2025\/produkte\/produkte-kalkstein\/","og_locale":"de_DE","og_type":"article","og_title":"Produkte Kalkstein - Solnhofener Natursteinparadies","og_description":"Produkte Kalkstein - Solnhofener Natursteinparadies - Jura-Kalkstein am h\u00f6chsten Natursteingeb\u00e4ude der Welt","og_url":"https:\/\/solnhofener-natursteinparadies.com\/2025\/produkte\/produkte-kalkstein\/","og_site_name":"Solnhofener Natursteinparadies","article_modified_time":"2025-07-27T19:13:57+00:00","og_image":[{"width":400,"height":267,"url":"https:\/\/solnhofener-natursteinparadies.com\/2025\/wp-content\/uploads\/2025\/07\/Produkte_Towerl.jpg","type":"image\/jpeg"}],"twitter_card":"summary_large_image","twitter_misc":{"Gesch\u00e4tzte Lesezeit":"2\u00a0Minuten"},"schema":{"@context":"https:\/\/schema.org","@graph":[{"@type":"WebPage","@id":"https:\/\/solnhofener-natursteinparadies.com\/2025\/produkte\/produkte-kalkstein\/","url":"https:\/\/solnhofener-natursteinparadies.com\/2025\/produkte\/produkte-kalkstein\/","name":"Produkte Kalkstein - Solnhofener Natursteinparadies","isPartOf":{"@id":"https:\/\/solnhofener-natursteinparadies.com\/2025\/#website"},"primaryImageOfPage":{"@id":"https:\/\/solnhofener-natursteinparadies.com\/2025\/produkte\/produkte-kalkstein\/#primaryimage"},"image":{"@id":"https:\/\/solnhofener-natursteinparadies.com\/2025\/produkte\/produkte-kalkstein\/#primaryimage"},"thumbnailUrl":"https:\/\/solnhofener-natursteinparadies.com\/2025\/wp-content\/uploads\/2025\/07\/Produkte_Towerl.jpg","datePublished":"2025-07-17T11:39:24+00:00","dateModified":"2025-07-27T19:13:57+00:00","description":"Produkte Kalkstein - Solnhofener Natursteinparadies - Jura-Kalkstein am h\u00f6chsten Natursteingeb\u00e4ude der Welt","breadcrumb":{"@id":"https:\/\/solnhofener-natursteinparadies.com\/2025\/produkte\/produkte-kalkstein\/#breadcrumb"},"inLanguage":"de","potentialAction":[{"@type":"ReadAction","target":["https:\/\/solnhofener-natursteinparadies.com\/2025\/produkte\/produkte-kalkstein\/"]}]},{"@type":"ImageObject","inLanguage":"de","@id":"https:\/\/solnhofener-natursteinparadies.com\/2025\/produkte\/produkte-kalkstein\/#primaryimage","url":"https:\/\/solnhofener-natursteinparadies.com\/2025\/wp-content\/uploads\/2025\/07\/Produkte_Towerl.jpg","contentUrl":"https:\/\/solnhofener-natursteinparadies.com\/2025\/wp-content\/uploads\/2025\/07\/Produkte_Towerl.jpg","width":400,"height":267},{"@type":"BreadcrumbList","@id":"https:\/\/solnhofener-natursteinparadies.com\/2025\/produkte\/produkte-kalkstein\/#breadcrumb","itemListElement":[{"@type":"ListItem","position":1,"name":"Startseite","item":"https:\/\/solnhofener-natursteinparadies.com\/2025\/"},{"@type":"ListItem","position":2,"name":"Produkte","item":"https:\/\/solnhofener-natursteinparadies.com\/2025\/produkte\/"},{"@type":"ListItem","position":3,"name":"Jura Kalkstein"}]},{"@type":"WebSite","@id":"https:\/\/solnhofener-natursteinparadies.com\/2025\/#website","url":"https:\/\/solnhofener-natursteinparadies.com\/2025\/","name":"Solnhofener Natursteinparadies","description":"","publisher":{"@id":"https:\/\/solnhofener-natursteinparadies.com\/2025\/#organization"},"potentialAction":[{"@type":"SearchAction","target":{"@type":"EntryPoint","urlTemplate":"https:\/\/solnhofener-natursteinparadies.com\/2025\/?s={search_term_string}"},"query-input":{"@type":"PropertyValueSpecification","valueRequired":true,"valueName":"search_term_string"}}],"inLanguage":"de"},{"@type":"Organization","@id":"https:\/\/solnhofener-natursteinparadies.com\/2025\/#organization","name":"Solnhofener Natursteinparadies","url":"https:\/\/solnhofener-natursteinparadies.com\/2025\/","logo":{"@type":"ImageObject","inLanguage":"de","@id":"https:\/\/solnhofener-natursteinparadies.com\/2025\/#\/schema\/logo\/image\/","url":"https:\/\/solnhofener-natursteinparadies.com\/2025\/wp-content\/uploads\/2025\/06\/header-3.jpg","contentUrl":"https:\/\/solnhofener-natursteinparadies.com\/2025\/wp-content\/uploads\/2025\/06\/header-3.jpg","width":1200,"height":230,"caption":"Solnhofener Natursteinparadies"},"image":{"@id":"https:\/\/solnhofener-natursteinparadies.com\/2025\/#\/schema\/logo\/image\/"}}]}},"jetpack_sharing_enabled":true,"_links":{"self":[{"href":"https:\/\/solnhofener-natursteinparadies.com\/2025\/wp-json\/wp\/v2\/pages\/1336","targetHints":{"allow":["GET"]}}],"collection":[{"href":"https:\/\/solnhofener-natursteinparadies.com\/2025\/wp-json\/wp\/v2\/pages"}],"about":[{"href":"https:\/\/solnhofener-natursteinparadies.com\/2025\/wp-json\/wp\/v2\/types\/page"}],"author":[{"embeddable":true,"href":"https:\/\/solnhofener-natursteinparadies.com\/2025\/wp-json\/wp\/v2\/users\/1"}],"replies":[{"embeddable":true,"href":"https:\/\/solnhofener-natursteinparadies.com\/2025\/wp-json\/wp\/v2\/comments?post=1336"}],"version-history":[{"count":5,"href":"https:\/\/solnhofener-natursteinparadies.com\/2025\/wp-json\/wp\/v2\/pages\/1336\/revisions"}],"predecessor-version":[{"id":1378,"href":"https:\/\/solnhofener-natursteinparadies.com\/2025\/wp-json\/wp\/v2\/pages\/1336\/revisions\/1378"}],"up":[{"embeddable":true,"href":"https:\/\/solnhofener-natursteinparadies.com\/2025\/wp-json\/wp\/v2\/pages\/16"}],"wp:attachment":[{"href":"https:\/\/solnhofener-natursteinparadies.com\/2025\/wp-json\/wp\/v2\/media?parent=1336"}],"curies":[{"name":"wp","href":"https:\/\/api.w.org\/{rel}","templated":true}]}}