{"id":1340,"date":"2025-07-17T13:48:24","date_gmt":"2025-07-17T11:48:24","guid":{"rendered":"https:\/\/solnhofener-natursteinparadies.com\/2025\/?page_id=1340"},"modified":"2025-08-02T14:44:00","modified_gmt":"2025-08-02T12:44:00","slug":"solker-feinsteinzeug","status":"publish","type":"page","link":"https:\/\/solnhofener-natursteinparadies.com\/2025\/produkte\/solker-feinsteinzeug\/","title":{"rendered":"SolKer\u00ae Feinsteinzeug"},"content":{"rendered":"\n<h1 class=\"wp-block-heading\">SolKer\u00ae Feinsteinzeug<\/h1>\n\n\n\n<h5 class=\"wp-block-heading\"><strong>SolKer\u00ae Feinsteinzeug im Naturstein-Look <\/strong><\/h5>\n\n\n<div class=\"wp-block-image\">\n<figure class=\"alignright size-full\"><img loading=\"lazy\" decoding=\"async\" width=\"400\" height=\"379\" src=\"https:\/\/solnhofener-natursteinparadies.com\/2025\/wp-content\/uploads\/2025\/07\/Produkte_Solker.jpg\" alt=\"Produkte Solker - Solnhofener Natursteinparadies\" class=\"wp-image-1382\" srcset=\"https:\/\/solnhofener-natursteinparadies.com\/2025\/wp-content\/uploads\/2025\/07\/Produkte_Solker.jpg 400w, https:\/\/solnhofener-natursteinparadies.com\/2025\/wp-content\/uploads\/2025\/07\/Produkte_Solker-300x284.jpg 300w\" sizes=\"auto, (max-width: 400px) 100vw, 400px\" \/><\/figure>\n<\/div>\n\n\n<p><strong>(frostbest\u00e4ndig + s\u00e4urebest\u00e4ndig)<\/strong> Rutschsicherheit R10<\/p>\n\n\n\n<p>In ihrer Optik gleichen diese gebrannten Fliesen den Solnhofener Natursteinplatten. Sie bieten eine g\u00fcnstige Alternative zu Solnhofener Platten, sind \u00e4u\u00dferst pflegeleicht und sowohl f\u00fcr die Innen- wie Au\u00dfenverlegung, f\u00fcr Wand und Boden geeignet. Im Gegensatz zum Solnhofener Plattenkalk sind sie sowohl frostbest\u00e4ndig, als auch s\u00e4urebest\u00e4ndig.<\/p>\n\n\n\n<h5 class=\"wp-block-heading\"><strong>Das strapazierf\u00e4hige und langlebige Feinsteinzeug besticht durch au\u00dfergew\u00f6hnliche Eigenschaften<\/strong><\/h5>\n\n\n\n<p>Extrem widerstandsf\u00e4hig und wirtschaftlich, au\u00dferdem kratz- und abriebfest, farb- und lichtecht, antistatisch und absolut umweltvertr\u00e4glich. Die rutschhemmenden Eigenschaften des&nbsp;<strong>SolKer\u00ae Feinsteinzeugs<\/strong>&nbsp;wurden von der T\u00dcV Rheinland LGA Bautechnik GmbH \u00fcberpr\u00fcft und mit der Klasse Rutschsicherheit R10 bewertet.<\/p>\n\n\n\n<h5 class=\"wp-block-heading\"><strong>Technische Details<\/strong><\/h5>\n\n\n<div class=\"wp-block-image\">\n<figure class=\"alignright size-full\"><img loading=\"lazy\" decoding=\"async\" width=\"400\" height=\"394\" src=\"https:\/\/solnhofener-natursteinparadies.com\/2025\/wp-content\/uploads\/2025\/07\/Produkte_Solker1.jpg\" alt=\"\" class=\"wp-image-1384\" srcset=\"https:\/\/solnhofener-natursteinparadies.com\/2025\/wp-content\/uploads\/2025\/07\/Produkte_Solker1.jpg 400w, https:\/\/solnhofener-natursteinparadies.com\/2025\/wp-content\/uploads\/2025\/07\/Produkte_Solker1-300x296.jpg 300w\" sizes=\"auto, (max-width: 400px) 100vw, 400px\" \/><\/figure>\n<\/div>\n\n\n<p>Mit ihren gro\u00dfformatigen Abmessungen stellen&nbsp;<strong>SolKer\u00ae Feinsteinzeuge<\/strong>&nbsp;eine g\u00fcnstige Ausweichm\u00f6glichkeit, oder auch Erg\u00e4nzung zum Original Naturstein dar und bieten dem Bauherren deutlich mehr Flexibilit\u00e4t: Durch die unbeschr\u00e4nkte Verf\u00fcgbarkeit des Materials und die&nbsp;<strong>au\u00dfergew\u00f6hnlich gro\u00dfen Formate wie<\/strong>&nbsp;<strong>40 x 60 x 1 cm bis 90 x 90 x 1 cm,<\/strong>&nbsp;lassen sich auch Gro\u00dfvorhaben wie Einkaufszentren, B\u00fcrokomplexe und weitl\u00e4ufige Infrastrukturprojekte mit sehr kurzer Verlegezeit realisieren. Passende Sockelleisten liefern wir ebenso wie Mosaike, Mauerverblender, R\u00f6mische Verb\u00e4nde und Mischbel\u00e4ge in Bahnen.<\/p>\n\n\n\n<p><strong>Fliese:<\/strong>&nbsp;40 x 60 x 1 cm, 60 x 60 x 1 cm, 90 x 90 x 1 cm, 30 x 60 x 1 cm<\/p>\n\n\n\n<p><strong>Sockel:<\/strong>&nbsp;60 x 7 x 1 cm, 90 x 7 x 1 cm<\/p>\n\n\n\n<p><strong>Mosaik:<\/strong>&nbsp;5 x 5 cm auf Netz 30 x 30 x 1 cm<\/p>\n\n\n\n<p><strong>Mauer Verblender:<\/strong>&nbsp;30 x 60 x 1 cm<\/p>\n\n\n\n<p><strong>R\u00f6mischer Verband:<\/strong>&nbsp;60 x 60 cm, 40 x 60 cm, 20 x 60 cm, 30 x 40 cm, 20 x 30 cm<\/p>\n\n\n\n<p><strong>Bahnen:<\/strong>&nbsp;in Breite: 20\/30\/40 x 60 cm<\/p>\n\n\n\n<p><strong>F\u00fcr den Outdoor Einsatz:<\/strong><br><strong>Fliese:<\/strong>&nbsp; 120 x 60 x 2 cm,&nbsp;<strong>Sockel:<\/strong>&nbsp; &nbsp;90 x&nbsp; &nbsp;7 x 1 cm<\/p>\n\n\n\n<p><strong>Hier finden Sie passende <a href=\"https:\/\/solnhofener-natursteinparadies.com\/2025\/verlegebeispiele\/travertin\/\">Verlegebeispiele<\/a><\/strong><\/p>\n\n\n\n<p><\/p>\n","protected":false},"excerpt":{"rendered":"<p>SolKer\u00ae Feinsteinzeug SolKer\u00ae Feinsteinzeug im Naturstein-Look (frostbest\u00e4ndig + s\u00e4urebest\u00e4ndig) Rutschsicherheit R10 In ihrer Optik gleichen diese gebrannten Fliesen den Solnhofener Natursteinplatten. Sie bieten eine g\u00fcnstige Alternative zu Solnhofener Platten, sind \u00e4u\u00dferst pflegeleicht und sowohl f\u00fcr die Innen- wie Au\u00dfenverlegung, f\u00fcr Wand und Boden geeignet. Im Gegensatz zum Solnhofener Plattenkalk sind sie sowohl frostbest\u00e4ndig, als auch &#8230; <a title=\"SolKer\u00ae Feinsteinzeug\" class=\"read-more\" href=\"https:\/\/solnhofener-natursteinparadies.com\/2025\/produkte\/solker-feinsteinzeug\/\" aria-label=\"Mehr Informationen \u00fcber SolKer\u00ae Feinsteinzeug\">Weiterlesen &#8230;<\/a><\/p>\n","protected":false},"author":1,"featured_media":0,"parent":16,"menu_order":6,"comment_status":"closed","ping_status":"closed","template":"","meta":{"ngg_post_thumbnail":0,"footnotes":""},"class_list":["post-1340","page","type-page","status-publish"],"yoast_head":"<!-- This site is optimized with the Yoast SEO plugin v27.4 - https:\/\/yoast.com\/product\/yoast-seo-wordpress\/ -->\n<title>Produkte Solker - Solnhofener Natursteinparadies<\/title>\n<meta name=\"description\" content=\"Produkte Solker - Solnhofener Naturstein - strapazierf\u00e4higes und langlebiges Feinsteinzeug besticht durch au\u00dfergew\u00f6hnliche Eigenschaften\" \/>\n<meta name=\"robots\" content=\"index, follow, max-snippet:-1, max-image-preview:large, max-video-preview:-1\" \/>\n<link rel=\"canonical\" href=\"https:\/\/solnhofener-natursteinparadies.com\/2025\/produkte\/solker-feinsteinzeug\/\" \/>\n<meta property=\"og:locale\" content=\"de_DE\" \/>\n<meta property=\"og:type\" content=\"article\" \/>\n<meta property=\"og:title\" content=\"Produkte Solker - Solnhofener Natursteinparadies\" \/>\n<meta property=\"og:description\" content=\"Produkte Solker - Solnhofener Naturstein - strapazierf\u00e4higes und langlebiges Feinsteinzeug besticht durch au\u00dfergew\u00f6hnliche Eigenschaften\" \/>\n<meta property=\"og:url\" content=\"https:\/\/solnhofener-natursteinparadies.com\/2025\/produkte\/solker-feinsteinzeug\/\" \/>\n<meta property=\"og:site_name\" content=\"Solnhofener Natursteinparadies\" \/>\n<meta property=\"article:modified_time\" content=\"2025-08-02T12:44:00+00:00\" \/>\n<meta property=\"og:image\" content=\"https:\/\/solnhofener-natursteinparadies.com\/2025\/wp-content\/uploads\/2025\/07\/Produkte_Solker.jpg\" \/>\n\t<meta property=\"og:image:width\" content=\"400\" \/>\n\t<meta property=\"og:image:height\" content=\"379\" \/>\n\t<meta property=\"og:image:type\" content=\"image\/jpeg\" \/>\n<meta name=\"twitter:card\" content=\"summary_large_image\" \/>\n<meta name=\"twitter:label1\" content=\"Gesch\u00e4tzte Lesezeit\" \/>\n\t<meta name=\"twitter:data1\" content=\"3\u00a0Minuten\" \/>\n<script type=\"application\/ld+json\" class=\"yoast-schema-graph\">{\"@context\":\"https:\\\/\\\/schema.org\",\"@graph\":[{\"@type\":\"WebPage\",\"@id\":\"https:\\\/\\\/solnhofener-natursteinparadies.com\\\/2025\\\/produkte\\\/solker-feinsteinzeug\\\/\",\"url\":\"https:\\\/\\\/solnhofener-natursteinparadies.com\\\/2025\\\/produkte\\\/solker-feinsteinzeug\\\/\",\"name\":\"Produkte Solker - Solnhofener Natursteinparadies\",\"isPartOf\":{\"@id\":\"https:\\\/\\\/solnhofener-natursteinparadies.com\\\/2025\\\/#website\"},\"primaryImageOfPage\":{\"@id\":\"https:\\\/\\\/solnhofener-natursteinparadies.com\\\/2025\\\/produkte\\\/solker-feinsteinzeug\\\/#primaryimage\"},\"image\":{\"@id\":\"https:\\\/\\\/solnhofener-natursteinparadies.com\\\/2025\\\/produkte\\\/solker-feinsteinzeug\\\/#primaryimage\"},\"thumbnailUrl\":\"https:\\\/\\\/solnhofener-natursteinparadies.com\\\/2025\\\/wp-content\\\/uploads\\\/2025\\\/07\\\/Produkte_Solker.jpg\",\"datePublished\":\"2025-07-17T11:48:24+00:00\",\"dateModified\":\"2025-08-02T12:44:00+00:00\",\"description\":\"Produkte Solker - Solnhofener Naturstein - strapazierf\u00e4higes und langlebiges Feinsteinzeug besticht durch au\u00dfergew\u00f6hnliche Eigenschaften\",\"breadcrumb\":{\"@id\":\"https:\\\/\\\/solnhofener-natursteinparadies.com\\\/2025\\\/produkte\\\/solker-feinsteinzeug\\\/#breadcrumb\"},\"inLanguage\":\"de\",\"potentialAction\":[{\"@type\":\"ReadAction\",\"target\":[\"https:\\\/\\\/solnhofener-natursteinparadies.com\\\/2025\\\/produkte\\\/solker-feinsteinzeug\\\/\"]}]},{\"@type\":\"ImageObject\",\"inLanguage\":\"de\",\"@id\":\"https:\\\/\\\/solnhofener-natursteinparadies.com\\\/2025\\\/produkte\\\/solker-feinsteinzeug\\\/#primaryimage\",\"url\":\"https:\\\/\\\/solnhofener-natursteinparadies.com\\\/2025\\\/wp-content\\\/uploads\\\/2025\\\/07\\\/Produkte_Solker.jpg\",\"contentUrl\":\"https:\\\/\\\/solnhofener-natursteinparadies.com\\\/2025\\\/wp-content\\\/uploads\\\/2025\\\/07\\\/Produkte_Solker.jpg\",\"width\":400,\"height\":379},{\"@type\":\"BreadcrumbList\",\"@id\":\"https:\\\/\\\/solnhofener-natursteinparadies.com\\\/2025\\\/produkte\\\/solker-feinsteinzeug\\\/#breadcrumb\",\"itemListElement\":[{\"@type\":\"ListItem\",\"position\":1,\"name\":\"Startseite\",\"item\":\"https:\\\/\\\/solnhofener-natursteinparadies.com\\\/2025\\\/\"},{\"@type\":\"ListItem\",\"position\":2,\"name\":\"Produkte\",\"item\":\"https:\\\/\\\/solnhofener-natursteinparadies.com\\\/2025\\\/produkte\\\/\"},{\"@type\":\"ListItem\",\"position\":3,\"name\":\"SolKer\u00ae Feinsteinzeug\"}]},{\"@type\":\"WebSite\",\"@id\":\"https:\\\/\\\/solnhofener-natursteinparadies.com\\\/2025\\\/#website\",\"url\":\"https:\\\/\\\/solnhofener-natursteinparadies.com\\\/2025\\\/\",\"name\":\"Solnhofener Natursteinparadies\",\"description\":\"\",\"publisher\":{\"@id\":\"https:\\\/\\\/solnhofener-natursteinparadies.com\\\/2025\\\/#organization\"},\"potentialAction\":[{\"@type\":\"SearchAction\",\"target\":{\"@type\":\"EntryPoint\",\"urlTemplate\":\"https:\\\/\\\/solnhofener-natursteinparadies.com\\\/2025\\\/?s={search_term_string}\"},\"query-input\":{\"@type\":\"PropertyValueSpecification\",\"valueRequired\":true,\"valueName\":\"search_term_string\"}}],\"inLanguage\":\"de\"},{\"@type\":\"Organization\",\"@id\":\"https:\\\/\\\/solnhofener-natursteinparadies.com\\\/2025\\\/#organization\",\"name\":\"Solnhofener Natursteinparadies\",\"url\":\"https:\\\/\\\/solnhofener-natursteinparadies.com\\\/2025\\\/\",\"logo\":{\"@type\":\"ImageObject\",\"inLanguage\":\"de\",\"@id\":\"https:\\\/\\\/solnhofener-natursteinparadies.com\\\/2025\\\/#\\\/schema\\\/logo\\\/image\\\/\",\"url\":\"https:\\\/\\\/solnhofener-natursteinparadies.com\\\/2025\\\/wp-content\\\/uploads\\\/2025\\\/06\\\/header-3.jpg\",\"contentUrl\":\"https:\\\/\\\/solnhofener-natursteinparadies.com\\\/2025\\\/wp-content\\\/uploads\\\/2025\\\/06\\\/header-3.jpg\",\"width\":1200,\"height\":230,\"caption\":\"Solnhofener Natursteinparadies\"},\"image\":{\"@id\":\"https:\\\/\\\/solnhofener-natursteinparadies.com\\\/2025\\\/#\\\/schema\\\/logo\\\/image\\\/\"}}]}<\/script>\n<!-- \/ Yoast SEO plugin. -->","yoast_head_json":{"title":"Produkte Solker - Solnhofener Natursteinparadies","description":"Produkte Solker - Solnhofener Naturstein - strapazierf\u00e4higes und langlebiges Feinsteinzeug besticht durch au\u00dfergew\u00f6hnliche Eigenschaften","robots":{"index":"index","follow":"follow","max-snippet":"max-snippet:-1","max-image-preview":"max-image-preview:large","max-video-preview":"max-video-preview:-1"},"canonical":"https:\/\/solnhofener-natursteinparadies.com\/2025\/produkte\/solker-feinsteinzeug\/","og_locale":"de_DE","og_type":"article","og_title":"Produkte Solker - Solnhofener Natursteinparadies","og_description":"Produkte Solker - Solnhofener Naturstein - strapazierf\u00e4higes und langlebiges Feinsteinzeug besticht durch au\u00dfergew\u00f6hnliche Eigenschaften","og_url":"https:\/\/solnhofener-natursteinparadies.com\/2025\/produkte\/solker-feinsteinzeug\/","og_site_name":"Solnhofener Natursteinparadies","article_modified_time":"2025-08-02T12:44:00+00:00","og_image":[{"width":400,"height":379,"url":"https:\/\/solnhofener-natursteinparadies.com\/2025\/wp-content\/uploads\/2025\/07\/Produkte_Solker.jpg","type":"image\/jpeg"}],"twitter_card":"summary_large_image","twitter_misc":{"Gesch\u00e4tzte Lesezeit":"3\u00a0Minuten"},"schema":{"@context":"https:\/\/schema.org","@graph":[{"@type":"WebPage","@id":"https:\/\/solnhofener-natursteinparadies.com\/2025\/produkte\/solker-feinsteinzeug\/","url":"https:\/\/solnhofener-natursteinparadies.com\/2025\/produkte\/solker-feinsteinzeug\/","name":"Produkte Solker - Solnhofener Natursteinparadies","isPartOf":{"@id":"https:\/\/solnhofener-natursteinparadies.com\/2025\/#website"},"primaryImageOfPage":{"@id":"https:\/\/solnhofener-natursteinparadies.com\/2025\/produkte\/solker-feinsteinzeug\/#primaryimage"},"image":{"@id":"https:\/\/solnhofener-natursteinparadies.com\/2025\/produkte\/solker-feinsteinzeug\/#primaryimage"},"thumbnailUrl":"https:\/\/solnhofener-natursteinparadies.com\/2025\/wp-content\/uploads\/2025\/07\/Produkte_Solker.jpg","datePublished":"2025-07-17T11:48:24+00:00","dateModified":"2025-08-02T12:44:00+00:00","description":"Produkte Solker - Solnhofener Naturstein - strapazierf\u00e4higes und langlebiges Feinsteinzeug besticht durch au\u00dfergew\u00f6hnliche Eigenschaften","breadcrumb":{"@id":"https:\/\/solnhofener-natursteinparadies.com\/2025\/produkte\/solker-feinsteinzeug\/#breadcrumb"},"inLanguage":"de","potentialAction":[{"@type":"ReadAction","target":["https:\/\/solnhofener-natursteinparadies.com\/2025\/produkte\/solker-feinsteinzeug\/"]}]},{"@type":"ImageObject","inLanguage":"de","@id":"https:\/\/solnhofener-natursteinparadies.com\/2025\/produkte\/solker-feinsteinzeug\/#primaryimage","url":"https:\/\/solnhofener-natursteinparadies.com\/2025\/wp-content\/uploads\/2025\/07\/Produkte_Solker.jpg","contentUrl":"https:\/\/solnhofener-natursteinparadies.com\/2025\/wp-content\/uploads\/2025\/07\/Produkte_Solker.jpg","width":400,"height":379},{"@type":"BreadcrumbList","@id":"https:\/\/solnhofener-natursteinparadies.com\/2025\/produkte\/solker-feinsteinzeug\/#breadcrumb","itemListElement":[{"@type":"ListItem","position":1,"name":"Startseite","item":"https:\/\/solnhofener-natursteinparadies.com\/2025\/"},{"@type":"ListItem","position":2,"name":"Produkte","item":"https:\/\/solnhofener-natursteinparadies.com\/2025\/produkte\/"},{"@type":"ListItem","position":3,"name":"SolKer\u00ae Feinsteinzeug"}]},{"@type":"WebSite","@id":"https:\/\/solnhofener-natursteinparadies.com\/2025\/#website","url":"https:\/\/solnhofener-natursteinparadies.com\/2025\/","name":"Solnhofener Natursteinparadies","description":"","publisher":{"@id":"https:\/\/solnhofener-natursteinparadies.com\/2025\/#organization"},"potentialAction":[{"@type":"SearchAction","target":{"@type":"EntryPoint","urlTemplate":"https:\/\/solnhofener-natursteinparadies.com\/2025\/?s={search_term_string}"},"query-input":{"@type":"PropertyValueSpecification","valueRequired":true,"valueName":"search_term_string"}}],"inLanguage":"de"},{"@type":"Organization","@id":"https:\/\/solnhofener-natursteinparadies.com\/2025\/#organization","name":"Solnhofener Natursteinparadies","url":"https:\/\/solnhofener-natursteinparadies.com\/2025\/","logo":{"@type":"ImageObject","inLanguage":"de","@id":"https:\/\/solnhofener-natursteinparadies.com\/2025\/#\/schema\/logo\/image\/","url":"https:\/\/solnhofener-natursteinparadies.com\/2025\/wp-content\/uploads\/2025\/06\/header-3.jpg","contentUrl":"https:\/\/solnhofener-natursteinparadies.com\/2025\/wp-content\/uploads\/2025\/06\/header-3.jpg","width":1200,"height":230,"caption":"Solnhofener Natursteinparadies"},"image":{"@id":"https:\/\/solnhofener-natursteinparadies.com\/2025\/#\/schema\/logo\/image\/"}}]}},"jetpack_sharing_enabled":true,"_links":{"self":[{"href":"https:\/\/solnhofener-natursteinparadies.com\/2025\/wp-json\/wp\/v2\/pages\/1340","targetHints":{"allow":["GET"]}}],"collection":[{"href":"https:\/\/solnhofener-natursteinparadies.com\/2025\/wp-json\/wp\/v2\/pages"}],"about":[{"href":"https:\/\/solnhofener-natursteinparadies.com\/2025\/wp-json\/wp\/v2\/types\/page"}],"author":[{"embeddable":true,"href":"https:\/\/solnhofener-natursteinparadies.com\/2025\/wp-json\/wp\/v2\/users\/1"}],"replies":[{"embeddable":true,"href":"https:\/\/solnhofener-natursteinparadies.com\/2025\/wp-json\/wp\/v2\/comments?post=1340"}],"version-history":[{"count":4,"href":"https:\/\/solnhofener-natursteinparadies.com\/2025\/wp-json\/wp\/v2\/pages\/1340\/revisions"}],"predecessor-version":[{"id":1385,"href":"https:\/\/solnhofener-natursteinparadies.com\/2025\/wp-json\/wp\/v2\/pages\/1340\/revisions\/1385"}],"up":[{"embeddable":true,"href":"https:\/\/solnhofener-natursteinparadies.com\/2025\/wp-json\/wp\/v2\/pages\/16"}],"wp:attachment":[{"href":"https:\/\/solnhofener-natursteinparadies.com\/2025\/wp-json\/wp\/v2\/media?parent=1340"}],"curies":[{"name":"wp","href":"https:\/\/api.w.org\/{rel}","templated":true}]}}