{"id":1342,"date":"2025-07-17T13:51:48","date_gmt":"2025-07-17T11:51:48","guid":{"rendered":"https:\/\/solnhofener-natursteinparadies.com\/2025\/?page_id=1342"},"modified":"2025-08-02T14:40:52","modified_gmt":"2025-08-02T12:40:52","slug":"travertin","status":"publish","type":"page","link":"https:\/\/solnhofener-natursteinparadies.com\/2025\/produkte\/travertin\/","title":{"rendered":"Travertin"},"content":{"rendered":"\n<h1 class=\"wp-block-heading\">Travertin<\/h1>\n\n\n\n<h5 class=\"wp-block-heading\"><strong>Impr\u00e4gnierung Travertin (frostbest\u00e4ndig)<\/strong><\/h5>\n\n\n<div class=\"wp-block-image\">\n<figure class=\"alignright size-full\"><img loading=\"lazy\" decoding=\"async\" width=\"300\" height=\"370\" src=\"https:\/\/solnhofener-natursteinparadies.com\/2025\/wp-content\/uploads\/2025\/07\/Produkte_Travertin.jpg\" alt=\"Produkte Travertin - Solnhofener Natursteinparadies\" class=\"wp-image-1386\" srcset=\"https:\/\/solnhofener-natursteinparadies.com\/2025\/wp-content\/uploads\/2025\/07\/Produkte_Travertin.jpg 300w, https:\/\/solnhofener-natursteinparadies.com\/2025\/wp-content\/uploads\/2025\/07\/Produkte_Travertin-243x300.jpg 243w\" sizes=\"auto, (max-width: 300px) 100vw, 300px\" \/><\/figure>\n<\/div>\n\n\n<p>Unser Jura Travertin ist als Jura Kalkstein dichter und hat weniger offene Poren als andere Travertin-Steine, was neben H\u00e4rte und Schmutzresistenz vor allem bautechnische Vorteile mit sich bringt. Unser feink\u00f6rniger Jura Kalkstein wird in meterdicken B\u00e4nken abgebaut und zeichnet sich durch eine au\u00dfergew\u00f6hnliche Farbenvielfalt aus. Die einzigartigen Steinzeichnungen machen jede Platte zu einem Unikat. Das beige-br\u00e4unliche Farbspiel ist, wie die haptische Wahrnehmung, abh\u00e4ngig von der Art der Bearbeitung.<br>Mit seinen verschiedenen Oberfl\u00e4chenbearbeitungen eignet er sich vor allem als Bodenbelag. Die Oberfl\u00e4che&nbsp;<em>\u201ePalazzo\u201c<\/em>&nbsp;mit getrommelter Oberfl\u00e4che, markanter Farbgebung in unterschiedlichen Karamell- und Ockert\u00f6nen, sowie weich gerundeten Kanten verleiht dem Boden ein antikes Aussehen, die Oberfl\u00e4che&nbsp;<em>\u201cAthina\u201d<\/em>&nbsp;ist tellergestrahlt und geb\u00fcrstet, mit dezentem Farbspiel und scharf ges\u00e4gten Kanten. Durch den geringen Tonanteil eignet sich unser Jura Travertin exzellent f\u00fcr die Verwendung \u00fcber Fu\u00dfbodenheizungen.<\/p>\n\n\n\n<p><strong>Hier finden Sie passende <a href=\"https:\/\/solnhofener-natursteinparadies.com\/2025\/verlegebeispiele\/travertin\/\">Verlegebeispiele<\/a><\/strong><\/p>\n\n\n\n<p><\/p>\n","protected":false},"excerpt":{"rendered":"<p>Travertin Impr\u00e4gnierung Travertin (frostbest\u00e4ndig) Unser Jura Travertin ist als Jura Kalkstein dichter und hat weniger offene Poren als andere Travertin-Steine, was neben H\u00e4rte und Schmutzresistenz vor allem bautechnische Vorteile mit sich bringt. Unser feink\u00f6rniger Jura Kalkstein wird in meterdicken B\u00e4nken abgebaut und zeichnet sich durch eine au\u00dfergew\u00f6hnliche Farbenvielfalt aus. Die einzigartigen Steinzeichnungen machen jede Platte &#8230; <a title=\"Travertin\" class=\"read-more\" href=\"https:\/\/solnhofener-natursteinparadies.com\/2025\/produkte\/travertin\/\" aria-label=\"Mehr Informationen \u00fcber Travertin\">Weiterlesen &#8230;<\/a><\/p>\n","protected":false},"author":1,"featured_media":0,"parent":16,"menu_order":4,"comment_status":"closed","ping_status":"closed","template":"","meta":{"ngg_post_thumbnail":0,"footnotes":""},"class_list":["post-1342","page","type-page","status-publish"],"yoast_head":"<!-- This site is optimized with the Yoast SEO plugin v27.4 - https:\/\/yoast.com\/product\/yoast-seo-wordpress\/ -->\n<title>Produkte Travertin - Solnhofener Natursteinparadies<\/title>\n<meta name=\"description\" content=\"Produkte Travertin - Solnhofener Natursteinparadies - Jura Travertin ist als Jura Kalkstein dichter und hat weniger offene Poren\" \/>\n<meta name=\"robots\" content=\"index, follow, max-snippet:-1, max-image-preview:large, max-video-preview:-1\" \/>\n<link rel=\"canonical\" href=\"https:\/\/solnhofener-natursteinparadies.com\/2025\/produkte\/travertin\/\" \/>\n<meta property=\"og:locale\" content=\"de_DE\" \/>\n<meta property=\"og:type\" content=\"article\" \/>\n<meta property=\"og:title\" content=\"Produkte Travertin - Solnhofener Natursteinparadies\" \/>\n<meta property=\"og:description\" content=\"Produkte Travertin - Solnhofener Natursteinparadies - Jura Travertin ist als Jura Kalkstein dichter und hat weniger offene Poren\" \/>\n<meta property=\"og:url\" content=\"https:\/\/solnhofener-natursteinparadies.com\/2025\/produkte\/travertin\/\" \/>\n<meta property=\"og:site_name\" content=\"Solnhofener Natursteinparadies\" \/>\n<meta property=\"article:modified_time\" content=\"2025-08-02T12:40:52+00:00\" \/>\n<meta property=\"og:image\" content=\"https:\/\/solnhofener-natursteinparadies.com\/2025\/wp-content\/uploads\/2025\/07\/Produkte_Travertin.jpg\" \/>\n\t<meta property=\"og:image:width\" content=\"300\" \/>\n\t<meta property=\"og:image:height\" content=\"370\" \/>\n\t<meta property=\"og:image:type\" content=\"image\/jpeg\" \/>\n<meta name=\"twitter:card\" content=\"summary_large_image\" \/>\n<meta name=\"twitter:label1\" content=\"Gesch\u00e4tzte Lesezeit\" \/>\n\t<meta name=\"twitter:data1\" content=\"1\u00a0Minute\" \/>\n<script type=\"application\/ld+json\" class=\"yoast-schema-graph\">{\"@context\":\"https:\\\/\\\/schema.org\",\"@graph\":[{\"@type\":\"WebPage\",\"@id\":\"https:\\\/\\\/solnhofener-natursteinparadies.com\\\/2025\\\/produkte\\\/travertin\\\/\",\"url\":\"https:\\\/\\\/solnhofener-natursteinparadies.com\\\/2025\\\/produkte\\\/travertin\\\/\",\"name\":\"Produkte Travertin - Solnhofener Natursteinparadies\",\"isPartOf\":{\"@id\":\"https:\\\/\\\/solnhofener-natursteinparadies.com\\\/2025\\\/#website\"},\"primaryImageOfPage\":{\"@id\":\"https:\\\/\\\/solnhofener-natursteinparadies.com\\\/2025\\\/produkte\\\/travertin\\\/#primaryimage\"},\"image\":{\"@id\":\"https:\\\/\\\/solnhofener-natursteinparadies.com\\\/2025\\\/produkte\\\/travertin\\\/#primaryimage\"},\"thumbnailUrl\":\"https:\\\/\\\/solnhofener-natursteinparadies.com\\\/2025\\\/wp-content\\\/uploads\\\/2025\\\/07\\\/Produkte_Travertin.jpg\",\"datePublished\":\"2025-07-17T11:51:48+00:00\",\"dateModified\":\"2025-08-02T12:40:52+00:00\",\"description\":\"Produkte Travertin - Solnhofener Natursteinparadies - Jura Travertin ist als Jura Kalkstein dichter und hat weniger offene Poren\",\"breadcrumb\":{\"@id\":\"https:\\\/\\\/solnhofener-natursteinparadies.com\\\/2025\\\/produkte\\\/travertin\\\/#breadcrumb\"},\"inLanguage\":\"de\",\"potentialAction\":[{\"@type\":\"ReadAction\",\"target\":[\"https:\\\/\\\/solnhofener-natursteinparadies.com\\\/2025\\\/produkte\\\/travertin\\\/\"]}]},{\"@type\":\"ImageObject\",\"inLanguage\":\"de\",\"@id\":\"https:\\\/\\\/solnhofener-natursteinparadies.com\\\/2025\\\/produkte\\\/travertin\\\/#primaryimage\",\"url\":\"https:\\\/\\\/solnhofener-natursteinparadies.com\\\/2025\\\/wp-content\\\/uploads\\\/2025\\\/07\\\/Produkte_Travertin.jpg\",\"contentUrl\":\"https:\\\/\\\/solnhofener-natursteinparadies.com\\\/2025\\\/wp-content\\\/uploads\\\/2025\\\/07\\\/Produkte_Travertin.jpg\",\"width\":300,\"height\":370},{\"@type\":\"BreadcrumbList\",\"@id\":\"https:\\\/\\\/solnhofener-natursteinparadies.com\\\/2025\\\/produkte\\\/travertin\\\/#breadcrumb\",\"itemListElement\":[{\"@type\":\"ListItem\",\"position\":1,\"name\":\"Startseite\",\"item\":\"https:\\\/\\\/solnhofener-natursteinparadies.com\\\/2025\\\/\"},{\"@type\":\"ListItem\",\"position\":2,\"name\":\"Produkte\",\"item\":\"https:\\\/\\\/solnhofener-natursteinparadies.com\\\/2025\\\/produkte\\\/\"},{\"@type\":\"ListItem\",\"position\":3,\"name\":\"Travertin\"}]},{\"@type\":\"WebSite\",\"@id\":\"https:\\\/\\\/solnhofener-natursteinparadies.com\\\/2025\\\/#website\",\"url\":\"https:\\\/\\\/solnhofener-natursteinparadies.com\\\/2025\\\/\",\"name\":\"Solnhofener Natursteinparadies\",\"description\":\"\",\"publisher\":{\"@id\":\"https:\\\/\\\/solnhofener-natursteinparadies.com\\\/2025\\\/#organization\"},\"potentialAction\":[{\"@type\":\"SearchAction\",\"target\":{\"@type\":\"EntryPoint\",\"urlTemplate\":\"https:\\\/\\\/solnhofener-natursteinparadies.com\\\/2025\\\/?s={search_term_string}\"},\"query-input\":{\"@type\":\"PropertyValueSpecification\",\"valueRequired\":true,\"valueName\":\"search_term_string\"}}],\"inLanguage\":\"de\"},{\"@type\":\"Organization\",\"@id\":\"https:\\\/\\\/solnhofener-natursteinparadies.com\\\/2025\\\/#organization\",\"name\":\"Solnhofener Natursteinparadies\",\"url\":\"https:\\\/\\\/solnhofener-natursteinparadies.com\\\/2025\\\/\",\"logo\":{\"@type\":\"ImageObject\",\"inLanguage\":\"de\",\"@id\":\"https:\\\/\\\/solnhofener-natursteinparadies.com\\\/2025\\\/#\\\/schema\\\/logo\\\/image\\\/\",\"url\":\"https:\\\/\\\/solnhofener-natursteinparadies.com\\\/2025\\\/wp-content\\\/uploads\\\/2025\\\/06\\\/header-3.jpg\",\"contentUrl\":\"https:\\\/\\\/solnhofener-natursteinparadies.com\\\/2025\\\/wp-content\\\/uploads\\\/2025\\\/06\\\/header-3.jpg\",\"width\":1200,\"height\":230,\"caption\":\"Solnhofener Natursteinparadies\"},\"image\":{\"@id\":\"https:\\\/\\\/solnhofener-natursteinparadies.com\\\/2025\\\/#\\\/schema\\\/logo\\\/image\\\/\"}}]}<\/script>\n<!-- \/ Yoast SEO plugin. -->","yoast_head_json":{"title":"Produkte Travertin - Solnhofener Natursteinparadies","description":"Produkte Travertin - Solnhofener Natursteinparadies - Jura Travertin ist als Jura Kalkstein dichter und hat weniger offene Poren","robots":{"index":"index","follow":"follow","max-snippet":"max-snippet:-1","max-image-preview":"max-image-preview:large","max-video-preview":"max-video-preview:-1"},"canonical":"https:\/\/solnhofener-natursteinparadies.com\/2025\/produkte\/travertin\/","og_locale":"de_DE","og_type":"article","og_title":"Produkte Travertin - Solnhofener Natursteinparadies","og_description":"Produkte Travertin - Solnhofener Natursteinparadies - Jura Travertin ist als Jura Kalkstein dichter und hat weniger offene Poren","og_url":"https:\/\/solnhofener-natursteinparadies.com\/2025\/produkte\/travertin\/","og_site_name":"Solnhofener Natursteinparadies","article_modified_time":"2025-08-02T12:40:52+00:00","og_image":[{"width":300,"height":370,"url":"https:\/\/solnhofener-natursteinparadies.com\/2025\/wp-content\/uploads\/2025\/07\/Produkte_Travertin.jpg","type":"image\/jpeg"}],"twitter_card":"summary_large_image","twitter_misc":{"Gesch\u00e4tzte Lesezeit":"1\u00a0Minute"},"schema":{"@context":"https:\/\/schema.org","@graph":[{"@type":"WebPage","@id":"https:\/\/solnhofener-natursteinparadies.com\/2025\/produkte\/travertin\/","url":"https:\/\/solnhofener-natursteinparadies.com\/2025\/produkte\/travertin\/","name":"Produkte Travertin - Solnhofener Natursteinparadies","isPartOf":{"@id":"https:\/\/solnhofener-natursteinparadies.com\/2025\/#website"},"primaryImageOfPage":{"@id":"https:\/\/solnhofener-natursteinparadies.com\/2025\/produkte\/travertin\/#primaryimage"},"image":{"@id":"https:\/\/solnhofener-natursteinparadies.com\/2025\/produkte\/travertin\/#primaryimage"},"thumbnailUrl":"https:\/\/solnhofener-natursteinparadies.com\/2025\/wp-content\/uploads\/2025\/07\/Produkte_Travertin.jpg","datePublished":"2025-07-17T11:51:48+00:00","dateModified":"2025-08-02T12:40:52+00:00","description":"Produkte Travertin - Solnhofener Natursteinparadies - Jura Travertin ist als Jura Kalkstein dichter und hat weniger offene Poren","breadcrumb":{"@id":"https:\/\/solnhofener-natursteinparadies.com\/2025\/produkte\/travertin\/#breadcrumb"},"inLanguage":"de","potentialAction":[{"@type":"ReadAction","target":["https:\/\/solnhofener-natursteinparadies.com\/2025\/produkte\/travertin\/"]}]},{"@type":"ImageObject","inLanguage":"de","@id":"https:\/\/solnhofener-natursteinparadies.com\/2025\/produkte\/travertin\/#primaryimage","url":"https:\/\/solnhofener-natursteinparadies.com\/2025\/wp-content\/uploads\/2025\/07\/Produkte_Travertin.jpg","contentUrl":"https:\/\/solnhofener-natursteinparadies.com\/2025\/wp-content\/uploads\/2025\/07\/Produkte_Travertin.jpg","width":300,"height":370},{"@type":"BreadcrumbList","@id":"https:\/\/solnhofener-natursteinparadies.com\/2025\/produkte\/travertin\/#breadcrumb","itemListElement":[{"@type":"ListItem","position":1,"name":"Startseite","item":"https:\/\/solnhofener-natursteinparadies.com\/2025\/"},{"@type":"ListItem","position":2,"name":"Produkte","item":"https:\/\/solnhofener-natursteinparadies.com\/2025\/produkte\/"},{"@type":"ListItem","position":3,"name":"Travertin"}]},{"@type":"WebSite","@id":"https:\/\/solnhofener-natursteinparadies.com\/2025\/#website","url":"https:\/\/solnhofener-natursteinparadies.com\/2025\/","name":"Solnhofener Natursteinparadies","description":"","publisher":{"@id":"https:\/\/solnhofener-natursteinparadies.com\/2025\/#organization"},"potentialAction":[{"@type":"SearchAction","target":{"@type":"EntryPoint","urlTemplate":"https:\/\/solnhofener-natursteinparadies.com\/2025\/?s={search_term_string}"},"query-input":{"@type":"PropertyValueSpecification","valueRequired":true,"valueName":"search_term_string"}}],"inLanguage":"de"},{"@type":"Organization","@id":"https:\/\/solnhofener-natursteinparadies.com\/2025\/#organization","name":"Solnhofener Natursteinparadies","url":"https:\/\/solnhofener-natursteinparadies.com\/2025\/","logo":{"@type":"ImageObject","inLanguage":"de","@id":"https:\/\/solnhofener-natursteinparadies.com\/2025\/#\/schema\/logo\/image\/","url":"https:\/\/solnhofener-natursteinparadies.com\/2025\/wp-content\/uploads\/2025\/06\/header-3.jpg","contentUrl":"https:\/\/solnhofener-natursteinparadies.com\/2025\/wp-content\/uploads\/2025\/06\/header-3.jpg","width":1200,"height":230,"caption":"Solnhofener Natursteinparadies"},"image":{"@id":"https:\/\/solnhofener-natursteinparadies.com\/2025\/#\/schema\/logo\/image\/"}}]}},"jetpack_sharing_enabled":true,"_links":{"self":[{"href":"https:\/\/solnhofener-natursteinparadies.com\/2025\/wp-json\/wp\/v2\/pages\/1342","targetHints":{"allow":["GET"]}}],"collection":[{"href":"https:\/\/solnhofener-natursteinparadies.com\/2025\/wp-json\/wp\/v2\/pages"}],"about":[{"href":"https:\/\/solnhofener-natursteinparadies.com\/2025\/wp-json\/wp\/v2\/types\/page"}],"author":[{"embeddable":true,"href":"https:\/\/solnhofener-natursteinparadies.com\/2025\/wp-json\/wp\/v2\/users\/1"}],"replies":[{"embeddable":true,"href":"https:\/\/solnhofener-natursteinparadies.com\/2025\/wp-json\/wp\/v2\/comments?post=1342"}],"version-history":[{"count":5,"href":"https:\/\/solnhofener-natursteinparadies.com\/2025\/wp-json\/wp\/v2\/pages\/1342\/revisions"}],"predecessor-version":[{"id":1387,"href":"https:\/\/solnhofener-natursteinparadies.com\/2025\/wp-json\/wp\/v2\/pages\/1342\/revisions\/1387"}],"up":[{"embeddable":true,"href":"https:\/\/solnhofener-natursteinparadies.com\/2025\/wp-json\/wp\/v2\/pages\/16"}],"wp:attachment":[{"href":"https:\/\/solnhofener-natursteinparadies.com\/2025\/wp-json\/wp\/v2\/media?parent=1342"}],"curies":[{"name":"wp","href":"https:\/\/api.w.org\/{rel}","templated":true}]}}