{"id":1526,"date":"2025-07-20T15:38:58","date_gmt":"2025-07-20T13:38:58","guid":{"rendered":"https:\/\/solnhofener-natursteinparadies.com\/2025\/?page_id=1526"},"modified":"2025-07-20T21:05:22","modified_gmt":"2025-07-20T19:05:22","slug":"dalles-polygonales","status":"publish","type":"page","link":"https:\/\/solnhofener-natursteinparadies.com\/2025\/fr\/produits\/dalles-polygonales\/","title":{"rendered":"Dalles\u00a0Polygonales"},"content":{"rendered":"\n<h1 class=\"wp-block-heading\"><strong>Dalles\u00a0Polygonales<\/strong><\/h1>\n\n\n<div class=\"wp-block-image\">\n<figure class=\"alignright size-full\"><img loading=\"lazy\" decoding=\"async\" width=\"400\" height=\"307\" src=\"https:\/\/solnhofener-natursteinparadies.com\/2025\/wp-content\/uploads\/2025\/07\/Produkt_Poly.jpg\" alt=\"Produits Dalles\u00a0Polygonales\" class=\"wp-image-1095\" srcset=\"https:\/\/solnhofener-natursteinparadies.com\/2025\/wp-content\/uploads\/2025\/07\/Produkt_Poly.jpg 400w, https:\/\/solnhofener-natursteinparadies.com\/2025\/wp-content\/uploads\/2025\/07\/Produkt_Poly-300x230.jpg 300w\" sizes=\"auto, (max-width: 400px) 100vw, 400px\" \/><\/figure>\n<\/div>\n\n\n<p><strong>\u00c9paisseur env. \u2013 Utilisation \u2013 Remarque pour une installation externe<\/strong><\/p>\n\n\n\n<p>6 \u2013 8 mm \u2013&nbsp;<strong>mur<\/strong>&nbsp;\u2013 dans&nbsp;la pratique, il n\u2019y a jamais eu de d\u00e9g\u00e2ts de gel!<\/p>\n\n\n\n<p>7 \u2013 12&nbsp;mm \u2013&nbsp;<strong>mur\/sol<\/strong>&nbsp;\u2013 en pratique, il n\u2019y a eu que des d\u00e9g\u00e2ts de gel exceptionnels<\/p>\n\n\n\n<p>13 \u2013 19 mm \u2013<strong>&nbsp;sol&nbsp;<\/strong>\u2013 il pourrait y avoir des dommages isol\u00e9s de gel<\/p>\n\n\n\n<p><strong><em>Mais gr\u00e2ce \u00e0 l\u2019asym\u00e9trie des dalles polygonales,<\/em>\u00a0<em>les d\u00e9g\u00e2ts de gel ne jouent pas un r\u00f4le visuel<\/em><\/strong>.<\/p>\n\n\n\n<p><strong>Pose:\u00a0<\/strong>environ 12 &#8211; 16 pi\u00e8ces\/m\u00b2<\/p>\n\n\n\n<h5 class=\"wp-block-heading\"><strong>Exemples de variantes pour les pierres naturelles<\/strong><\/h5>\n\n\n\n<ul class=\"wp-block-list\">\n<li><strong>Surface:\u00a0<\/strong>naturel rugueux, ponc\u00e9e, finement ponc\u00e9e, polie, polie mate, d\u00e9gringol\u00e9e, sabl\u00e9e, bross\u00e9e (nous vous conseillons)<\/li>\n\n\n\n<li><strong>Surface:\u00a0<\/strong>finement ponc\u00e9e ou polie mate (pour des raisons techniques, impossible avec une \u00e9paisseur de 7 \u00e0 9 mm)<\/li>\n\n\n\n<li><strong>\u00c9paisseur:\u00a0<\/strong>calibr\u00e9e (= m\u00eame \u00e9paisseur), non calibr\u00e9e<\/li>\n\n\n\n<li><strong>Bords:\u00a0<\/strong>coup\u00e9s, rectifi\u00e9s (= bords \u00e0 90 \u00b0), l\u00e9g\u00e8rement arrondis (aspect antique)<\/li>\n<\/ul>\n\n\n\n<p><strong>Vous trouverez ici des <a href=\"https:\/\/solnhofener-natursteinparadies.com\/2025\/fr\/example-de-pose\/dalles-polygonales\/\">exemples de pose<\/a><\/strong><\/p>\n","protected":false},"excerpt":{"rendered":"<p>Dalles\u00a0Polygonales \u00c9paisseur env. \u2013 Utilisation \u2013 Remarque pour une installation externe 6 \u2013 8 mm \u2013&nbsp;mur&nbsp;\u2013 dans&nbsp;la pratique, il n\u2019y a jamais eu de d\u00e9g\u00e2ts de gel! 7 \u2013 12&nbsp;mm \u2013&nbsp;mur\/sol&nbsp;\u2013 en pratique, il n\u2019y a eu que des d\u00e9g\u00e2ts de gel exceptionnels 13 \u2013 19 mm \u2013&nbsp;sol&nbsp;\u2013 il pourrait y avoir des dommages isol\u00e9s &#8230; <a title=\"Dalles\u00a0Polygonales\" class=\"read-more\" href=\"https:\/\/solnhofener-natursteinparadies.com\/2025\/fr\/produits\/dalles-polygonales\/\" aria-label=\"Mehr Informationen \u00fcber Dalles\u00a0Polygonales\">Weiterlesen &#8230;<\/a><\/p>\n","protected":false},"author":1,"featured_media":0,"parent":18,"menu_order":1,"comment_status":"closed","ping_status":"closed","template":"","meta":{"ngg_post_thumbnail":0,"footnotes":""},"class_list":["post-1526","page","type-page","status-publish"],"yoast_head":"<!-- This site is optimized with the Yoast SEO plugin v27.4 - https:\/\/yoast.com\/product\/yoast-seo-wordpress\/ -->\n<title>Produits Dalles\u00a0Polygonales - Solnh. Paradis De La Pierre Naturelle<\/title>\n<meta name=\"description\" content=\"Produits Dalles\u00a0Polygonales - Solnhofen Paradis De La Pierre Naturelle\" \/>\n<meta name=\"robots\" content=\"index, follow, max-snippet:-1, max-image-preview:large, max-video-preview:-1\" \/>\n<link rel=\"canonical\" href=\"https:\/\/solnhofener-natursteinparadies.com\/2025\/fr\/produits\/dalles-polygonales\/\" \/>\n<meta property=\"og:locale\" content=\"de_DE\" \/>\n<meta property=\"og:type\" content=\"article\" \/>\n<meta property=\"og:title\" content=\"Produits Dalles\u00a0Polygonales - Solnh. Paradis De La Pierre Naturelle\" \/>\n<meta property=\"og:description\" content=\"Produits Dalles\u00a0Polygonales - Solnhofen Paradis De La Pierre Naturelle\" \/>\n<meta property=\"og:url\" content=\"https:\/\/solnhofener-natursteinparadies.com\/2025\/fr\/produits\/dalles-polygonales\/\" \/>\n<meta property=\"og:site_name\" content=\"Solnhofener Natursteinparadies\" \/>\n<meta property=\"article:modified_time\" content=\"2025-07-20T19:05:22+00:00\" \/>\n<meta property=\"og:image\" content=\"https:\/\/solnhofener-natursteinparadies.com\/2025\/wp-content\/uploads\/2025\/07\/Produkt_Poly.jpg\" \/>\n\t<meta property=\"og:image:width\" content=\"400\" \/>\n\t<meta property=\"og:image:height\" content=\"307\" \/>\n\t<meta property=\"og:image:type\" content=\"image\/jpeg\" \/>\n<meta name=\"twitter:card\" content=\"summary_large_image\" \/>\n<meta name=\"twitter:label1\" content=\"Gesch\u00e4tzte Lesezeit\" \/>\n\t<meta name=\"twitter:data1\" content=\"2\u00a0Minuten\" \/>\n<script type=\"application\/ld+json\" class=\"yoast-schema-graph\">{\"@context\":\"https:\\\/\\\/schema.org\",\"@graph\":[{\"@type\":\"WebPage\",\"@id\":\"https:\\\/\\\/solnhofener-natursteinparadies.com\\\/2025\\\/fr\\\/produits\\\/dalles-polygonales\\\/\",\"url\":\"https:\\\/\\\/solnhofener-natursteinparadies.com\\\/2025\\\/fr\\\/produits\\\/dalles-polygonales\\\/\",\"name\":\"Produits Dalles\u00a0Polygonales - Solnh. Paradis De La Pierre Naturelle\",\"isPartOf\":{\"@id\":\"https:\\\/\\\/solnhofener-natursteinparadies.com\\\/2025\\\/#website\"},\"primaryImageOfPage\":{\"@id\":\"https:\\\/\\\/solnhofener-natursteinparadies.com\\\/2025\\\/fr\\\/produits\\\/dalles-polygonales\\\/#primaryimage\"},\"image\":{\"@id\":\"https:\\\/\\\/solnhofener-natursteinparadies.com\\\/2025\\\/fr\\\/produits\\\/dalles-polygonales\\\/#primaryimage\"},\"thumbnailUrl\":\"https:\\\/\\\/solnhofener-natursteinparadies.com\\\/2025\\\/wp-content\\\/uploads\\\/2025\\\/07\\\/Produkt_Poly.jpg\",\"datePublished\":\"2025-07-20T13:38:58+00:00\",\"dateModified\":\"2025-07-20T19:05:22+00:00\",\"description\":\"Produits Dalles\u00a0Polygonales - Solnhofen Paradis De La Pierre Naturelle\",\"breadcrumb\":{\"@id\":\"https:\\\/\\\/solnhofener-natursteinparadies.com\\\/2025\\\/fr\\\/produits\\\/dalles-polygonales\\\/#breadcrumb\"},\"inLanguage\":\"de\",\"potentialAction\":[{\"@type\":\"ReadAction\",\"target\":[\"https:\\\/\\\/solnhofener-natursteinparadies.com\\\/2025\\\/fr\\\/produits\\\/dalles-polygonales\\\/\"]}]},{\"@type\":\"ImageObject\",\"inLanguage\":\"de\",\"@id\":\"https:\\\/\\\/solnhofener-natursteinparadies.com\\\/2025\\\/fr\\\/produits\\\/dalles-polygonales\\\/#primaryimage\",\"url\":\"https:\\\/\\\/solnhofener-natursteinparadies.com\\\/2025\\\/wp-content\\\/uploads\\\/2025\\\/07\\\/Produkt_Poly.jpg\",\"contentUrl\":\"https:\\\/\\\/solnhofener-natursteinparadies.com\\\/2025\\\/wp-content\\\/uploads\\\/2025\\\/07\\\/Produkt_Poly.jpg\",\"width\":400,\"height\":307},{\"@type\":\"BreadcrumbList\",\"@id\":\"https:\\\/\\\/solnhofener-natursteinparadies.com\\\/2025\\\/fr\\\/produits\\\/dalles-polygonales\\\/#breadcrumb\",\"itemListElement\":[{\"@type\":\"ListItem\",\"position\":1,\"name\":\"Startseite\",\"item\":\"https:\\\/\\\/solnhofener-natursteinparadies.com\\\/2025\\\/\"},{\"@type\":\"ListItem\",\"position\":2,\"name\":\"Produits\",\"item\":\"https:\\\/\\\/solnhofener-natursteinparadies.com\\\/2025\\\/fr\\\/produits\\\/\"},{\"@type\":\"ListItem\",\"position\":3,\"name\":\"Dalles\u00a0Polygonales\"}]},{\"@type\":\"WebSite\",\"@id\":\"https:\\\/\\\/solnhofener-natursteinparadies.com\\\/2025\\\/#website\",\"url\":\"https:\\\/\\\/solnhofener-natursteinparadies.com\\\/2025\\\/\",\"name\":\"Solnhofener Natursteinparadies\",\"description\":\"\",\"publisher\":{\"@id\":\"https:\\\/\\\/solnhofener-natursteinparadies.com\\\/2025\\\/#organization\"},\"potentialAction\":[{\"@type\":\"SearchAction\",\"target\":{\"@type\":\"EntryPoint\",\"urlTemplate\":\"https:\\\/\\\/solnhofener-natursteinparadies.com\\\/2025\\\/?s={search_term_string}\"},\"query-input\":{\"@type\":\"PropertyValueSpecification\",\"valueRequired\":true,\"valueName\":\"search_term_string\"}}],\"inLanguage\":\"de\"},{\"@type\":\"Organization\",\"@id\":\"https:\\\/\\\/solnhofener-natursteinparadies.com\\\/2025\\\/#organization\",\"name\":\"Solnhofener Natursteinparadies\",\"url\":\"https:\\\/\\\/solnhofener-natursteinparadies.com\\\/2025\\\/\",\"logo\":{\"@type\":\"ImageObject\",\"inLanguage\":\"de\",\"@id\":\"https:\\\/\\\/solnhofener-natursteinparadies.com\\\/2025\\\/#\\\/schema\\\/logo\\\/image\\\/\",\"url\":\"https:\\\/\\\/solnhofener-natursteinparadies.com\\\/2025\\\/wp-content\\\/uploads\\\/2025\\\/06\\\/header-3.jpg\",\"contentUrl\":\"https:\\\/\\\/solnhofener-natursteinparadies.com\\\/2025\\\/wp-content\\\/uploads\\\/2025\\\/06\\\/header-3.jpg\",\"width\":1200,\"height\":230,\"caption\":\"Solnhofener Natursteinparadies\"},\"image\":{\"@id\":\"https:\\\/\\\/solnhofener-natursteinparadies.com\\\/2025\\\/#\\\/schema\\\/logo\\\/image\\\/\"}}]}<\/script>\n<!-- \/ Yoast SEO plugin. -->","yoast_head_json":{"title":"Produits Dalles\u00a0Polygonales - Solnh. Paradis De La Pierre Naturelle","description":"Produits Dalles\u00a0Polygonales - Solnhofen Paradis De La Pierre Naturelle","robots":{"index":"index","follow":"follow","max-snippet":"max-snippet:-1","max-image-preview":"max-image-preview:large","max-video-preview":"max-video-preview:-1"},"canonical":"https:\/\/solnhofener-natursteinparadies.com\/2025\/fr\/produits\/dalles-polygonales\/","og_locale":"de_DE","og_type":"article","og_title":"Produits Dalles\u00a0Polygonales - Solnh. Paradis De La Pierre Naturelle","og_description":"Produits Dalles\u00a0Polygonales - Solnhofen Paradis De La Pierre Naturelle","og_url":"https:\/\/solnhofener-natursteinparadies.com\/2025\/fr\/produits\/dalles-polygonales\/","og_site_name":"Solnhofener Natursteinparadies","article_modified_time":"2025-07-20T19:05:22+00:00","og_image":[{"width":400,"height":307,"url":"https:\/\/solnhofener-natursteinparadies.com\/2025\/wp-content\/uploads\/2025\/07\/Produkt_Poly.jpg","type":"image\/jpeg"}],"twitter_card":"summary_large_image","twitter_misc":{"Gesch\u00e4tzte Lesezeit":"2\u00a0Minuten"},"schema":{"@context":"https:\/\/schema.org","@graph":[{"@type":"WebPage","@id":"https:\/\/solnhofener-natursteinparadies.com\/2025\/fr\/produits\/dalles-polygonales\/","url":"https:\/\/solnhofener-natursteinparadies.com\/2025\/fr\/produits\/dalles-polygonales\/","name":"Produits Dalles\u00a0Polygonales - Solnh. Paradis De La Pierre Naturelle","isPartOf":{"@id":"https:\/\/solnhofener-natursteinparadies.com\/2025\/#website"},"primaryImageOfPage":{"@id":"https:\/\/solnhofener-natursteinparadies.com\/2025\/fr\/produits\/dalles-polygonales\/#primaryimage"},"image":{"@id":"https:\/\/solnhofener-natursteinparadies.com\/2025\/fr\/produits\/dalles-polygonales\/#primaryimage"},"thumbnailUrl":"https:\/\/solnhofener-natursteinparadies.com\/2025\/wp-content\/uploads\/2025\/07\/Produkt_Poly.jpg","datePublished":"2025-07-20T13:38:58+00:00","dateModified":"2025-07-20T19:05:22+00:00","description":"Produits Dalles\u00a0Polygonales - Solnhofen Paradis De La Pierre Naturelle","breadcrumb":{"@id":"https:\/\/solnhofener-natursteinparadies.com\/2025\/fr\/produits\/dalles-polygonales\/#breadcrumb"},"inLanguage":"de","potentialAction":[{"@type":"ReadAction","target":["https:\/\/solnhofener-natursteinparadies.com\/2025\/fr\/produits\/dalles-polygonales\/"]}]},{"@type":"ImageObject","inLanguage":"de","@id":"https:\/\/solnhofener-natursteinparadies.com\/2025\/fr\/produits\/dalles-polygonales\/#primaryimage","url":"https:\/\/solnhofener-natursteinparadies.com\/2025\/wp-content\/uploads\/2025\/07\/Produkt_Poly.jpg","contentUrl":"https:\/\/solnhofener-natursteinparadies.com\/2025\/wp-content\/uploads\/2025\/07\/Produkt_Poly.jpg","width":400,"height":307},{"@type":"BreadcrumbList","@id":"https:\/\/solnhofener-natursteinparadies.com\/2025\/fr\/produits\/dalles-polygonales\/#breadcrumb","itemListElement":[{"@type":"ListItem","position":1,"name":"Startseite","item":"https:\/\/solnhofener-natursteinparadies.com\/2025\/"},{"@type":"ListItem","position":2,"name":"Produits","item":"https:\/\/solnhofener-natursteinparadies.com\/2025\/fr\/produits\/"},{"@type":"ListItem","position":3,"name":"Dalles\u00a0Polygonales"}]},{"@type":"WebSite","@id":"https:\/\/solnhofener-natursteinparadies.com\/2025\/#website","url":"https:\/\/solnhofener-natursteinparadies.com\/2025\/","name":"Solnhofener Natursteinparadies","description":"","publisher":{"@id":"https:\/\/solnhofener-natursteinparadies.com\/2025\/#organization"},"potentialAction":[{"@type":"SearchAction","target":{"@type":"EntryPoint","urlTemplate":"https:\/\/solnhofener-natursteinparadies.com\/2025\/?s={search_term_string}"},"query-input":{"@type":"PropertyValueSpecification","valueRequired":true,"valueName":"search_term_string"}}],"inLanguage":"de"},{"@type":"Organization","@id":"https:\/\/solnhofener-natursteinparadies.com\/2025\/#organization","name":"Solnhofener Natursteinparadies","url":"https:\/\/solnhofener-natursteinparadies.com\/2025\/","logo":{"@type":"ImageObject","inLanguage":"de","@id":"https:\/\/solnhofener-natursteinparadies.com\/2025\/#\/schema\/logo\/image\/","url":"https:\/\/solnhofener-natursteinparadies.com\/2025\/wp-content\/uploads\/2025\/06\/header-3.jpg","contentUrl":"https:\/\/solnhofener-natursteinparadies.com\/2025\/wp-content\/uploads\/2025\/06\/header-3.jpg","width":1200,"height":230,"caption":"Solnhofener Natursteinparadies"},"image":{"@id":"https:\/\/solnhofener-natursteinparadies.com\/2025\/#\/schema\/logo\/image\/"}}]}},"jetpack_sharing_enabled":true,"_links":{"self":[{"href":"https:\/\/solnhofener-natursteinparadies.com\/2025\/wp-json\/wp\/v2\/pages\/1526","targetHints":{"allow":["GET"]}}],"collection":[{"href":"https:\/\/solnhofener-natursteinparadies.com\/2025\/wp-json\/wp\/v2\/pages"}],"about":[{"href":"https:\/\/solnhofener-natursteinparadies.com\/2025\/wp-json\/wp\/v2\/types\/page"}],"author":[{"embeddable":true,"href":"https:\/\/solnhofener-natursteinparadies.com\/2025\/wp-json\/wp\/v2\/users\/1"}],"replies":[{"embeddable":true,"href":"https:\/\/solnhofener-natursteinparadies.com\/2025\/wp-json\/wp\/v2\/comments?post=1526"}],"version-history":[{"count":1,"href":"https:\/\/solnhofener-natursteinparadies.com\/2025\/wp-json\/wp\/v2\/pages\/1526\/revisions"}],"predecessor-version":[{"id":1527,"href":"https:\/\/solnhofener-natursteinparadies.com\/2025\/wp-json\/wp\/v2\/pages\/1526\/revisions\/1527"}],"up":[{"embeddable":true,"href":"https:\/\/solnhofener-natursteinparadies.com\/2025\/wp-json\/wp\/v2\/pages\/18"}],"wp:attachment":[{"href":"https:\/\/solnhofener-natursteinparadies.com\/2025\/wp-json\/wp\/v2\/media?parent=1526"}],"curies":[{"name":"wp","href":"https:\/\/api.w.org\/{rel}","templated":true}]}}