{"id":1530,"date":"2025-07-20T15:49:08","date_gmt":"2025-07-20T13:49:08","guid":{"rendered":"https:\/\/solnhofener-natursteinparadies.com\/2025\/?page_id=1530"},"modified":"2025-07-20T21:02:11","modified_gmt":"2025-07-20T19:02:11","slug":"plinthes","status":"publish","type":"page","link":"https:\/\/solnhofener-natursteinparadies.com\/2025\/fr\/produits\/plinthes\/","title":{"rendered":"Plinthes"},"content":{"rendered":"\n<h1 class=\"wp-block-heading\"><strong>Plinthes<\/strong><\/h1>\n\n\n<div class=\"wp-block-image\">\n<figure class=\"alignright size-full\"><img loading=\"lazy\" decoding=\"async\" width=\"400\" height=\"307\" src=\"https:\/\/solnhofener-natursteinparadies.com\/2025\/wp-content\/uploads\/2025\/07\/Produkte_Sockel-2.jpg\" alt=\"Produits Plinthes\" class=\"wp-image-1532\" srcset=\"https:\/\/solnhofener-natursteinparadies.com\/2025\/wp-content\/uploads\/2025\/07\/Produkte_Sockel-2.jpg 400w, https:\/\/solnhofener-natursteinparadies.com\/2025\/wp-content\/uploads\/2025\/07\/Produkte_Sockel-2-300x230.jpg 300w\" sizes=\"auto, (max-width: 400px) 100vw, 400px\" \/><\/figure>\n<\/div>\n\n\n<h5 class=\"wp-block-heading\"><strong>Plinthes calibr\u00e9es et bords coup\u00e9s<\/strong><\/h5>\n\n\n\n<p>convient \u00e0 nos&nbsp;<strong>Dalles Polygonales et Dalles de Format<\/strong>, ainsi qu\u2019au&nbsp;<strong>SolKer\u00ae Gr\u00e8s C\u00e9rame Fin:<\/strong><\/p>\n\n\n\n<p><strong>Hauteur:&nbsp;<\/strong>6 cm ou 8 cm,<strong>&nbsp;Longueur:<\/strong>&nbsp;env. 20 \u2013 60 cm<\/p>\n\n\n\n<h5 class=\"wp-block-heading\"><strong>Pose\/Largeur du Joint<\/strong><\/h5>\n\n\n\n<p>en fonction de l\u2019\u00e9paisseur des dalles et du domaine d\u2019application<\/p>\n\n\n\n<p><strong>Dalles Polygonales:&nbsp;<\/strong>env. 2 mm \u2013 5 cm<strong><br>Dalles de Format:&nbsp; &nbsp;&nbsp;<\/strong>env. 3 mm \u2013 2 cm<strong><br>SolKer\u00ae Gr\u00e8s C\u00e9rame Fin:&nbsp;<\/strong>env. 1,5 mm \u2013 2 mm<strong>&nbsp;<\/strong><\/p>\n\n\n\n<p><strong>Vous trouverez ici des <a href=\"https:\/\/solnhofener-natursteinparadies.com\/2025\/fr\/example-de-pose\/plinthes\/\">exemples de pose<\/a><\/strong><\/p>\n\n\n\n<p><\/p>\n","protected":false},"excerpt":{"rendered":"<p>Plinthes Plinthes calibr\u00e9es et bords coup\u00e9s convient \u00e0 nos&nbsp;Dalles Polygonales et Dalles de Format, ainsi qu\u2019au&nbsp;SolKer\u00ae Gr\u00e8s C\u00e9rame Fin: Hauteur:&nbsp;6 cm ou 8 cm,&nbsp;Longueur:&nbsp;env. 20 \u2013 60 cm Pose\/Largeur du Joint en fonction de l\u2019\u00e9paisseur des dalles et du domaine d\u2019application Dalles Polygonales:&nbsp;env. 2 mm \u2013 5 cmDalles de Format:&nbsp; &nbsp;&nbsp;env. 3 mm \u2013 2 &#8230; <a title=\"Plinthes\" class=\"read-more\" href=\"https:\/\/solnhofener-natursteinparadies.com\/2025\/fr\/produits\/plinthes\/\" aria-label=\"Mehr Informationen \u00fcber Plinthes\">Weiterlesen &#8230;<\/a><\/p>\n","protected":false},"author":1,"featured_media":0,"parent":18,"menu_order":3,"comment_status":"closed","ping_status":"closed","template":"","meta":{"ngg_post_thumbnail":0,"footnotes":""},"class_list":["post-1530","page","type-page","status-publish"],"yoast_head":"<!-- This site is optimized with the Yoast SEO plugin v27.4 - https:\/\/yoast.com\/product\/yoast-seo-wordpress\/ -->\n<title>Produits Plinthes - Solnhofen Paradis De La Pierre Naturelle<\/title>\n<meta name=\"description\" content=\"Produits Plinthes - Solnhofen Paradis De La Pierre Naturelle\" \/>\n<meta name=\"robots\" content=\"index, follow, max-snippet:-1, max-image-preview:large, max-video-preview:-1\" \/>\n<link rel=\"canonical\" href=\"https:\/\/solnhofener-natursteinparadies.com\/2025\/fr\/produits\/plinthes\/\" \/>\n<meta property=\"og:locale\" content=\"de_DE\" \/>\n<meta property=\"og:type\" content=\"article\" \/>\n<meta property=\"og:title\" content=\"Produits Plinthes - Solnhofen Paradis De La Pierre Naturelle\" \/>\n<meta property=\"og:description\" content=\"Produits Plinthes - Solnhofen Paradis De La Pierre Naturelle\" \/>\n<meta property=\"og:url\" content=\"https:\/\/solnhofener-natursteinparadies.com\/2025\/fr\/produits\/plinthes\/\" \/>\n<meta property=\"og:site_name\" content=\"Solnhofener Natursteinparadies\" \/>\n<meta property=\"article:modified_time\" content=\"2025-07-20T19:02:11+00:00\" \/>\n<meta property=\"og:image\" content=\"https:\/\/solnhofener-natursteinparadies.com\/2025\/wp-content\/uploads\/2025\/07\/Produkte_Sockel-2.jpg\" \/>\n\t<meta property=\"og:image:width\" content=\"400\" \/>\n\t<meta property=\"og:image:height\" content=\"307\" \/>\n\t<meta property=\"og:image:type\" content=\"image\/jpeg\" \/>\n<meta name=\"twitter:card\" content=\"summary_large_image\" \/>\n<meta name=\"twitter:label1\" content=\"Gesch\u00e4tzte Lesezeit\" \/>\n\t<meta name=\"twitter:data1\" content=\"1\u00a0Minute\" \/>\n<script type=\"application\/ld+json\" class=\"yoast-schema-graph\">{\"@context\":\"https:\\\/\\\/schema.org\",\"@graph\":[{\"@type\":\"WebPage\",\"@id\":\"https:\\\/\\\/solnhofener-natursteinparadies.com\\\/2025\\\/fr\\\/produits\\\/plinthes\\\/\",\"url\":\"https:\\\/\\\/solnhofener-natursteinparadies.com\\\/2025\\\/fr\\\/produits\\\/plinthes\\\/\",\"name\":\"Produits Plinthes - Solnhofen Paradis De La Pierre Naturelle\",\"isPartOf\":{\"@id\":\"https:\\\/\\\/solnhofener-natursteinparadies.com\\\/2025\\\/#website\"},\"primaryImageOfPage\":{\"@id\":\"https:\\\/\\\/solnhofener-natursteinparadies.com\\\/2025\\\/fr\\\/produits\\\/plinthes\\\/#primaryimage\"},\"image\":{\"@id\":\"https:\\\/\\\/solnhofener-natursteinparadies.com\\\/2025\\\/fr\\\/produits\\\/plinthes\\\/#primaryimage\"},\"thumbnailUrl\":\"https:\\\/\\\/solnhofener-natursteinparadies.com\\\/2025\\\/wp-content\\\/uploads\\\/2025\\\/07\\\/Produkte_Sockel-2.jpg\",\"datePublished\":\"2025-07-20T13:49:08+00:00\",\"dateModified\":\"2025-07-20T19:02:11+00:00\",\"description\":\"Produits Plinthes - Solnhofen Paradis De La Pierre Naturelle\",\"breadcrumb\":{\"@id\":\"https:\\\/\\\/solnhofener-natursteinparadies.com\\\/2025\\\/fr\\\/produits\\\/plinthes\\\/#breadcrumb\"},\"inLanguage\":\"de\",\"potentialAction\":[{\"@type\":\"ReadAction\",\"target\":[\"https:\\\/\\\/solnhofener-natursteinparadies.com\\\/2025\\\/fr\\\/produits\\\/plinthes\\\/\"]}]},{\"@type\":\"ImageObject\",\"inLanguage\":\"de\",\"@id\":\"https:\\\/\\\/solnhofener-natursteinparadies.com\\\/2025\\\/fr\\\/produits\\\/plinthes\\\/#primaryimage\",\"url\":\"https:\\\/\\\/solnhofener-natursteinparadies.com\\\/2025\\\/wp-content\\\/uploads\\\/2025\\\/07\\\/Produkte_Sockel-2.jpg\",\"contentUrl\":\"https:\\\/\\\/solnhofener-natursteinparadies.com\\\/2025\\\/wp-content\\\/uploads\\\/2025\\\/07\\\/Produkte_Sockel-2.jpg\",\"width\":400,\"height\":307},{\"@type\":\"BreadcrumbList\",\"@id\":\"https:\\\/\\\/solnhofener-natursteinparadies.com\\\/2025\\\/fr\\\/produits\\\/plinthes\\\/#breadcrumb\",\"itemListElement\":[{\"@type\":\"ListItem\",\"position\":1,\"name\":\"Startseite\",\"item\":\"https:\\\/\\\/solnhofener-natursteinparadies.com\\\/2025\\\/\"},{\"@type\":\"ListItem\",\"position\":2,\"name\":\"Produits\",\"item\":\"https:\\\/\\\/solnhofener-natursteinparadies.com\\\/2025\\\/fr\\\/produits\\\/\"},{\"@type\":\"ListItem\",\"position\":3,\"name\":\"Plinthes\"}]},{\"@type\":\"WebSite\",\"@id\":\"https:\\\/\\\/solnhofener-natursteinparadies.com\\\/2025\\\/#website\",\"url\":\"https:\\\/\\\/solnhofener-natursteinparadies.com\\\/2025\\\/\",\"name\":\"Solnhofener Natursteinparadies\",\"description\":\"\",\"publisher\":{\"@id\":\"https:\\\/\\\/solnhofener-natursteinparadies.com\\\/2025\\\/#organization\"},\"potentialAction\":[{\"@type\":\"SearchAction\",\"target\":{\"@type\":\"EntryPoint\",\"urlTemplate\":\"https:\\\/\\\/solnhofener-natursteinparadies.com\\\/2025\\\/?s={search_term_string}\"},\"query-input\":{\"@type\":\"PropertyValueSpecification\",\"valueRequired\":true,\"valueName\":\"search_term_string\"}}],\"inLanguage\":\"de\"},{\"@type\":\"Organization\",\"@id\":\"https:\\\/\\\/solnhofener-natursteinparadies.com\\\/2025\\\/#organization\",\"name\":\"Solnhofener Natursteinparadies\",\"url\":\"https:\\\/\\\/solnhofener-natursteinparadies.com\\\/2025\\\/\",\"logo\":{\"@type\":\"ImageObject\",\"inLanguage\":\"de\",\"@id\":\"https:\\\/\\\/solnhofener-natursteinparadies.com\\\/2025\\\/#\\\/schema\\\/logo\\\/image\\\/\",\"url\":\"https:\\\/\\\/solnhofener-natursteinparadies.com\\\/2025\\\/wp-content\\\/uploads\\\/2025\\\/06\\\/header-3.jpg\",\"contentUrl\":\"https:\\\/\\\/solnhofener-natursteinparadies.com\\\/2025\\\/wp-content\\\/uploads\\\/2025\\\/06\\\/header-3.jpg\",\"width\":1200,\"height\":230,\"caption\":\"Solnhofener Natursteinparadies\"},\"image\":{\"@id\":\"https:\\\/\\\/solnhofener-natursteinparadies.com\\\/2025\\\/#\\\/schema\\\/logo\\\/image\\\/\"}}]}<\/script>\n<!-- \/ Yoast SEO plugin. -->","yoast_head_json":{"title":"Produits Plinthes - Solnhofen Paradis De La Pierre Naturelle","description":"Produits Plinthes - Solnhofen Paradis De La Pierre Naturelle","robots":{"index":"index","follow":"follow","max-snippet":"max-snippet:-1","max-image-preview":"max-image-preview:large","max-video-preview":"max-video-preview:-1"},"canonical":"https:\/\/solnhofener-natursteinparadies.com\/2025\/fr\/produits\/plinthes\/","og_locale":"de_DE","og_type":"article","og_title":"Produits Plinthes - Solnhofen Paradis De La Pierre Naturelle","og_description":"Produits Plinthes - Solnhofen Paradis De La Pierre Naturelle","og_url":"https:\/\/solnhofener-natursteinparadies.com\/2025\/fr\/produits\/plinthes\/","og_site_name":"Solnhofener Natursteinparadies","article_modified_time":"2025-07-20T19:02:11+00:00","og_image":[{"width":400,"height":307,"url":"https:\/\/solnhofener-natursteinparadies.com\/2025\/wp-content\/uploads\/2025\/07\/Produkte_Sockel-2.jpg","type":"image\/jpeg"}],"twitter_card":"summary_large_image","twitter_misc":{"Gesch\u00e4tzte Lesezeit":"1\u00a0Minute"},"schema":{"@context":"https:\/\/schema.org","@graph":[{"@type":"WebPage","@id":"https:\/\/solnhofener-natursteinparadies.com\/2025\/fr\/produits\/plinthes\/","url":"https:\/\/solnhofener-natursteinparadies.com\/2025\/fr\/produits\/plinthes\/","name":"Produits Plinthes - Solnhofen Paradis De La Pierre Naturelle","isPartOf":{"@id":"https:\/\/solnhofener-natursteinparadies.com\/2025\/#website"},"primaryImageOfPage":{"@id":"https:\/\/solnhofener-natursteinparadies.com\/2025\/fr\/produits\/plinthes\/#primaryimage"},"image":{"@id":"https:\/\/solnhofener-natursteinparadies.com\/2025\/fr\/produits\/plinthes\/#primaryimage"},"thumbnailUrl":"https:\/\/solnhofener-natursteinparadies.com\/2025\/wp-content\/uploads\/2025\/07\/Produkte_Sockel-2.jpg","datePublished":"2025-07-20T13:49:08+00:00","dateModified":"2025-07-20T19:02:11+00:00","description":"Produits Plinthes - Solnhofen Paradis De La Pierre Naturelle","breadcrumb":{"@id":"https:\/\/solnhofener-natursteinparadies.com\/2025\/fr\/produits\/plinthes\/#breadcrumb"},"inLanguage":"de","potentialAction":[{"@type":"ReadAction","target":["https:\/\/solnhofener-natursteinparadies.com\/2025\/fr\/produits\/plinthes\/"]}]},{"@type":"ImageObject","inLanguage":"de","@id":"https:\/\/solnhofener-natursteinparadies.com\/2025\/fr\/produits\/plinthes\/#primaryimage","url":"https:\/\/solnhofener-natursteinparadies.com\/2025\/wp-content\/uploads\/2025\/07\/Produkte_Sockel-2.jpg","contentUrl":"https:\/\/solnhofener-natursteinparadies.com\/2025\/wp-content\/uploads\/2025\/07\/Produkte_Sockel-2.jpg","width":400,"height":307},{"@type":"BreadcrumbList","@id":"https:\/\/solnhofener-natursteinparadies.com\/2025\/fr\/produits\/plinthes\/#breadcrumb","itemListElement":[{"@type":"ListItem","position":1,"name":"Startseite","item":"https:\/\/solnhofener-natursteinparadies.com\/2025\/"},{"@type":"ListItem","position":2,"name":"Produits","item":"https:\/\/solnhofener-natursteinparadies.com\/2025\/fr\/produits\/"},{"@type":"ListItem","position":3,"name":"Plinthes"}]},{"@type":"WebSite","@id":"https:\/\/solnhofener-natursteinparadies.com\/2025\/#website","url":"https:\/\/solnhofener-natursteinparadies.com\/2025\/","name":"Solnhofener Natursteinparadies","description":"","publisher":{"@id":"https:\/\/solnhofener-natursteinparadies.com\/2025\/#organization"},"potentialAction":[{"@type":"SearchAction","target":{"@type":"EntryPoint","urlTemplate":"https:\/\/solnhofener-natursteinparadies.com\/2025\/?s={search_term_string}"},"query-input":{"@type":"PropertyValueSpecification","valueRequired":true,"valueName":"search_term_string"}}],"inLanguage":"de"},{"@type":"Organization","@id":"https:\/\/solnhofener-natursteinparadies.com\/2025\/#organization","name":"Solnhofener Natursteinparadies","url":"https:\/\/solnhofener-natursteinparadies.com\/2025\/","logo":{"@type":"ImageObject","inLanguage":"de","@id":"https:\/\/solnhofener-natursteinparadies.com\/2025\/#\/schema\/logo\/image\/","url":"https:\/\/solnhofener-natursteinparadies.com\/2025\/wp-content\/uploads\/2025\/06\/header-3.jpg","contentUrl":"https:\/\/solnhofener-natursteinparadies.com\/2025\/wp-content\/uploads\/2025\/06\/header-3.jpg","width":1200,"height":230,"caption":"Solnhofener Natursteinparadies"},"image":{"@id":"https:\/\/solnhofener-natursteinparadies.com\/2025\/#\/schema\/logo\/image\/"}}]}},"jetpack_sharing_enabled":true,"_links":{"self":[{"href":"https:\/\/solnhofener-natursteinparadies.com\/2025\/wp-json\/wp\/v2\/pages\/1530","targetHints":{"allow":["GET"]}}],"collection":[{"href":"https:\/\/solnhofener-natursteinparadies.com\/2025\/wp-json\/wp\/v2\/pages"}],"about":[{"href":"https:\/\/solnhofener-natursteinparadies.com\/2025\/wp-json\/wp\/v2\/types\/page"}],"author":[{"embeddable":true,"href":"https:\/\/solnhofener-natursteinparadies.com\/2025\/wp-json\/wp\/v2\/users\/1"}],"replies":[{"embeddable":true,"href":"https:\/\/solnhofener-natursteinparadies.com\/2025\/wp-json\/wp\/v2\/comments?post=1530"}],"version-history":[{"count":1,"href":"https:\/\/solnhofener-natursteinparadies.com\/2025\/wp-json\/wp\/v2\/pages\/1530\/revisions"}],"predecessor-version":[{"id":1533,"href":"https:\/\/solnhofener-natursteinparadies.com\/2025\/wp-json\/wp\/v2\/pages\/1530\/revisions\/1533"}],"up":[{"embeddable":true,"href":"https:\/\/solnhofener-natursteinparadies.com\/2025\/wp-json\/wp\/v2\/pages\/18"}],"wp:attachment":[{"href":"https:\/\/solnhofener-natursteinparadies.com\/2025\/wp-json\/wp\/v2\/media?parent=1530"}],"curies":[{"name":"wp","href":"https:\/\/api.w.org\/{rel}","templated":true}]}}