{"id":16,"date":"2025-06-19T15:20:05","date_gmt":"2025-06-19T13:20:05","guid":{"rendered":"https:\/\/solnhofener-natursteinparadies.com\/2025\/?page_id=16"},"modified":"2025-08-02T14:30:27","modified_gmt":"2025-08-02T12:30:27","slug":"produkte","status":"publish","type":"page","link":"https:\/\/solnhofener-natursteinparadies.com\/2025\/produkte\/","title":{"rendered":"Produkte"},"content":{"rendered":"\n<h1 class=\"wp-block-heading\">Unsere Produkte<\/h1>\n\n\n\n<p><strong>Sonderma\u00dfe auf Anfrage! &#8211; Gerne machen wir Ihnen ein individuelles Angebot.<\/strong><\/p>\n\n\n\n<p><em>(F\u00fcr weitere Infos bitte auf das passende Bild klicken)<\/em><\/p>\n\n\n\n<p><a href=\"https:\/\/solnhofener-natursteinparadies.com\/2025\/produkte\/polygonalplatten\/\"><img loading=\"lazy\" decoding=\"async\" width=\"300\" height=\"240\" class=\"wp-image-1405\" src=\"https:\/\/solnhofener-natursteinparadies.com\/2025\/wp-content\/uploads\/2025\/07\/Polygonalplatten.jpg\" alt=\"Produkte - Solnhofener Natursteinparadies\"><\/a> <a href=\"https:\/\/solnhofener-natursteinparadies.com\/2025\/produkte\/produkte-formatplatten\/\"><img loading=\"lazy\" decoding=\"async\" width=\"300\" height=\"240\" class=\"wp-image-1404\" src=\"https:\/\/solnhofener-natursteinparadies.com\/2025\/wp-content\/uploads\/2025\/07\/FormatplattenP.jpg\" alt=\"Produkte - Solnhofener Natursteinparadies\"><\/a> <a href=\"https:\/\/solnhofener-natursteinparadies.com\/2025\/produkte\/produkte-kalkstein\/\"><img loading=\"lazy\" decoding=\"async\" width=\"300\" height=\"240\" class=\"wp-image-1401\" src=\"https:\/\/solnhofener-natursteinparadies.com\/2025\/wp-content\/uploads\/2025\/07\/Kalkstein.jpg\" alt=\"\"><\/a><\/p>\n\n\n\n<p><a href=\"https:\/\/solnhofener-natursteinparadies.com\/2025\/produkte\/travertin\/\"><img loading=\"lazy\" decoding=\"async\" width=\"300\" height=\"240\" class=\"wp-image-1403\" src=\"https:\/\/solnhofener-natursteinparadies.com\/2025\/wp-content\/uploads\/2025\/07\/Travertin.jpg\" alt=\"Produkte - Solnhofener Natursteinparadies\"><\/a> <a href=\"https:\/\/solnhofener-natursteinparadies.com\/2025\/produkte\/quarzit\/\"><img loading=\"lazy\" decoding=\"async\" width=\"300\" height=\"240\" class=\"wp-image-1406\" src=\"https:\/\/solnhofener-natursteinparadies.com\/2025\/wp-content\/uploads\/2025\/07\/Quarzit.jpg\" alt=\"\"><\/a><a href=\"https:\/\/solnhofener-natursteinparadies.com\/2025\/solnhofener-natursteinparadies-produkte\/quarzit\/\"><\/a> <a href=\"https:\/\/solnhofener-natursteinparadies.com\/2025\/produkte\/solker-feinsteinzeug\/\"><img loading=\"lazy\" decoding=\"async\" width=\"300\" height=\"240\" class=\"wp-image-1402\" src=\"https:\/\/solnhofener-natursteinparadies.com\/2025\/wp-content\/uploads\/2025\/07\/Feinsteinzeug.jpg\" alt=\"\"><\/a><\/p>\n\n\n\n<p><a href=\"https:\/\/solnhofener-natursteinparadies.com\/2025\/produkte\/produkte-sockelleisten\/\"><img loading=\"lazy\" decoding=\"async\" width=\"300\" height=\"240\" class=\"wp-image-1407\" src=\"https:\/\/solnhofener-natursteinparadies.com\/2025\/wp-content\/uploads\/2025\/07\/Sockelleisten.jpg\" alt=\"Produkte - Solnhofener Natursteinparadies\"><\/a> <a href=\"https:\/\/solnhofener-natursteinparadies.com\/2025\/produkte\/treppen\/\"><img decoding=\"async\" class=\"wp-image-1407\" src=\" https:\/\/solnhofener-natursteinparadies.com\/2025\/wp-content\/uploads\/2025\/07\/Treppen.jpg\"><\/a> <a href=\"https:\/\/solnhofener-natursteinparadies.com\/2025\/kanten-und-oberflaechenbearbeitung\/\"><img decoding=\"async\" class=\"wp-image-1407\" src=\"https:\/\/solnhofener-natursteinparadies.com\/2025\/wp-content\/uploads\/2025\/07\/Oberflaechen.jpg\"><\/a><\/p>\n\n\n\n<p><a href=\"https:\/\/solnhofener-natursteinparadies.com\/2025\/produkte\/besonderheiten\/\"><img decoding=\"async\" class=\"wp-image-1407\" src=\"https:\/\/solnhofener-natursteinparadies.com\/2025\/wp-content\/uploads\/2025\/08\/ProdukteBesonderheiten.jpg\" alt=\"Produkte - Solnhofener Natursteinparadies\"><\/a><\/p>\n\n\n\n<hr class=\"wp-block-separator has-alpha-channel-opacity\"\/>\n\n\n\n<h5 class=\"wp-block-heading\"><strong>Allgemeine Informationen<\/strong><\/h5>\n\n\n\n<ul class=\"wp-block-list\">\n<li><strong>Besonderheiten:<\/strong>&nbsp;Sie erwerben 147 Millionen Jahre Erdgeschichte aus einem tropischen Meer<\/li>\n\n\n\n<li><strong>Oberfl\u00e4chen:<\/strong>&nbsp;bruchrau, rutschfest R13! Erf\u00fcllt die Bedingungen f\u00fcr \u00f6ffentliche Geb\u00e4ude<\/li>\n\n\n\n<li><strong>Oberfl\u00e4chenvarianten:<\/strong>&nbsp;an- oder feingeschliffen, matt poliert, poliert, geb\u00fcrstet, getrommelt, tellergestrahlt<\/li>\n\n\n\n<li><strong>Kanten u.a.:<\/strong>&nbsp;geschnitten, gerundet, rektifiziert (90\u00b0 Kanten)<\/li>\n<\/ul>\n\n\n\n<h5 class=\"wp-block-heading\"><strong>Verwendung<\/strong><\/h5>\n\n\n<div class=\"wp-block-image\">\n<figure class=\"alignright size-full\"><img loading=\"lazy\" decoding=\"async\" width=\"400\" height=\"394\" src=\"https:\/\/solnhofener-natursteinparadies.com\/2025\/wp-content\/uploads\/2025\/07\/Bild_Produkte.jpg\" alt=\"Produkte - Solnhofener Natursteinparadis\" class=\"wp-image-1695\" srcset=\"https:\/\/solnhofener-natursteinparadies.com\/2025\/wp-content\/uploads\/2025\/07\/Bild_Produkte.jpg 400w, https:\/\/solnhofener-natursteinparadies.com\/2025\/wp-content\/uploads\/2025\/07\/Bild_Produkte-300x296.jpg 300w\" sizes=\"auto, (max-width: 400px) 100vw, 400px\" \/><\/figure>\n<\/div>\n\n\n<p>Vortrefflicher&nbsp;<strong>BIO-BAUSTOFF<\/strong>&nbsp;f\u00fcr W\u00e4nde und B\u00f6den innen (B\u00e4der, Duschen, Saunen, Fensterb\u00e4nke, hygienische Arbeitsfl\u00e4chen in K\u00fcchen!) und au\u00dfen (Fassaden, Gartenwege, Auffahrten, Treppen, Pool Umrandungen) geeignet, je d\u00fcnner, desto frostbest\u00e4ndiger.<\/p>\n\n\n\n<p>Bei der Au\u00dfenverlegung von Kalkstein kann eine vollkommene Frostbest\u00e4ndigkeit nie ganz garantiert werden, spielt aber Dank der Asymmetrie bei Polygonalplatten optisch keine Rolle. Mit unseren Natursteinen k\u00f6nnen Sie von elegant \u00fcber modern bis rustikal, sowie mediterran und Landhausstil individuell nach Ihrem Geschmack jeden Stil kreieren. Auch zur individuellen k\u00fcnstlerischen Gestaltung sind Natursteine hervorragend geeignet.<\/p>\n\n\n\n<p><strong>Pflege:<\/strong>&nbsp;nur Wasser und\/oder Schmierseife<\/p>\n\n\n\n<p><strong>Eigenschaften:<\/strong>&nbsp;100% strahlungsfrei!<\/p>\n\n\n\n<p><strong>Alter:<\/strong>&nbsp;147 Millionen Jahre!<\/p>\n\n\n\n<p><em>Auf Wunsch erhalten Sie von uns eine ausf\u00fchrliche Verlegeanleitung! Siehe auch <a href=\"https:\/\/solnhofener-natursteinparadies.com\/2025\/verlegebeispiele\/\">Verlegebeispiele<\/a><\/em>. <\/p>\n","protected":false},"excerpt":{"rendered":"<p>Unsere Produkte Sonderma\u00dfe auf Anfrage! &#8211; Gerne machen wir Ihnen ein individuelles Angebot. (F\u00fcr weitere Infos bitte auf das passende Bild klicken) Allgemeine Informationen Verwendung Vortrefflicher&nbsp;BIO-BAUSTOFF&nbsp;f\u00fcr W\u00e4nde und B\u00f6den innen (B\u00e4der, Duschen, Saunen, Fensterb\u00e4nke, hygienische Arbeitsfl\u00e4chen in K\u00fcchen!) und au\u00dfen (Fassaden, Gartenwege, Auffahrten, Treppen, Pool Umrandungen) geeignet, je d\u00fcnner, desto frostbest\u00e4ndiger. Bei der Au\u00dfenverlegung von &#8230; <a title=\"Produkte\" class=\"read-more\" href=\"https:\/\/solnhofener-natursteinparadies.com\/2025\/produkte\/\" aria-label=\"Mehr Informationen \u00fcber Produkte\">Weiterlesen &#8230;<\/a><\/p>\n","protected":false},"author":1,"featured_media":0,"parent":0,"menu_order":1,"comment_status":"closed","ping_status":"closed","template":"","meta":{"ngg_post_thumbnail":0,"footnotes":""},"class_list":["post-16","page","type-page","status-publish"],"yoast_head":"<!-- This site is optimized with the Yoast SEO plugin v27.4 - https:\/\/yoast.com\/product\/yoast-seo-wordpress\/ -->\n<title>Produkte - Solnhofener Natursteinparadis<\/title>\n<meta name=\"description\" content=\"Unsere Produkte aus dem Solnhofener Natursteinparadis - Gerne machen wir Ihnen ein individuelles Angebot.\" \/>\n<meta name=\"robots\" content=\"index, follow, max-snippet:-1, max-image-preview:large, max-video-preview:-1\" \/>\n<link rel=\"canonical\" href=\"https:\/\/solnhofener-natursteinparadies.com\/2025\/produkte\/\" \/>\n<meta property=\"og:locale\" content=\"de_DE\" \/>\n<meta property=\"og:type\" content=\"article\" \/>\n<meta property=\"og:title\" content=\"Produkte - Solnhofener Natursteinparadis\" \/>\n<meta property=\"og:description\" content=\"Unsere Produkte aus dem Solnhofener Natursteinparadis - Gerne machen wir Ihnen ein individuelles Angebot.\" \/>\n<meta property=\"og:url\" content=\"https:\/\/solnhofener-natursteinparadies.com\/2025\/produkte\/\" \/>\n<meta property=\"og:site_name\" content=\"Solnhofener Natursteinparadies\" \/>\n<meta property=\"article:modified_time\" content=\"2025-08-02T12:30:27+00:00\" \/>\n<meta property=\"og:image\" content=\"https:\/\/solnhofener-natursteinparadies.com\/2025\/wp-content\/uploads\/2025\/07\/Polygonalplatten.jpg\" \/>\n\t<meta property=\"og:image:width\" content=\"300\" \/>\n\t<meta property=\"og:image:height\" content=\"240\" \/>\n\t<meta property=\"og:image:type\" content=\"image\/jpeg\" \/>\n<meta name=\"twitter:card\" content=\"summary_large_image\" \/>\n<meta name=\"twitter:label1\" content=\"Gesch\u00e4tzte Lesezeit\" \/>\n\t<meta name=\"twitter:data1\" content=\"4\u00a0Minuten\" \/>\n<script type=\"application\/ld+json\" class=\"yoast-schema-graph\">{\"@context\":\"https:\\\/\\\/schema.org\",\"@graph\":[{\"@type\":\"WebPage\",\"@id\":\"https:\\\/\\\/solnhofener-natursteinparadies.com\\\/2025\\\/produkte\\\/\",\"url\":\"https:\\\/\\\/solnhofener-natursteinparadies.com\\\/2025\\\/produkte\\\/\",\"name\":\"Produkte - Solnhofener Natursteinparadis\",\"isPartOf\":{\"@id\":\"https:\\\/\\\/solnhofener-natursteinparadies.com\\\/2025\\\/#website\"},\"primaryImageOfPage\":{\"@id\":\"https:\\\/\\\/solnhofener-natursteinparadies.com\\\/2025\\\/produkte\\\/#primaryimage\"},\"image\":{\"@id\":\"https:\\\/\\\/solnhofener-natursteinparadies.com\\\/2025\\\/produkte\\\/#primaryimage\"},\"thumbnailUrl\":\"https:\\\/\\\/solnhofener-natursteinparadies.com\\\/2025\\\/wp-content\\\/uploads\\\/2025\\\/07\\\/Polygonalplatten.jpg\",\"datePublished\":\"2025-06-19T13:20:05+00:00\",\"dateModified\":\"2025-08-02T12:30:27+00:00\",\"description\":\"Unsere Produkte aus dem Solnhofener Natursteinparadis - Gerne machen wir Ihnen ein individuelles Angebot.\",\"breadcrumb\":{\"@id\":\"https:\\\/\\\/solnhofener-natursteinparadies.com\\\/2025\\\/produkte\\\/#breadcrumb\"},\"inLanguage\":\"de\",\"potentialAction\":[{\"@type\":\"ReadAction\",\"target\":[\"https:\\\/\\\/solnhofener-natursteinparadies.com\\\/2025\\\/produkte\\\/\"]}]},{\"@type\":\"ImageObject\",\"inLanguage\":\"de\",\"@id\":\"https:\\\/\\\/solnhofener-natursteinparadies.com\\\/2025\\\/produkte\\\/#primaryimage\",\"url\":\"https:\\\/\\\/solnhofener-natursteinparadies.com\\\/2025\\\/wp-content\\\/uploads\\\/2025\\\/07\\\/Polygonalplatten.jpg\",\"contentUrl\":\"https:\\\/\\\/solnhofener-natursteinparadies.com\\\/2025\\\/wp-content\\\/uploads\\\/2025\\\/07\\\/Polygonalplatten.jpg\",\"width\":300,\"height\":240},{\"@type\":\"BreadcrumbList\",\"@id\":\"https:\\\/\\\/solnhofener-natursteinparadies.com\\\/2025\\\/produkte\\\/#breadcrumb\",\"itemListElement\":[{\"@type\":\"ListItem\",\"position\":1,\"name\":\"Startseite\",\"item\":\"https:\\\/\\\/solnhofener-natursteinparadies.com\\\/2025\\\/\"},{\"@type\":\"ListItem\",\"position\":2,\"name\":\"Produkte\"}]},{\"@type\":\"WebSite\",\"@id\":\"https:\\\/\\\/solnhofener-natursteinparadies.com\\\/2025\\\/#website\",\"url\":\"https:\\\/\\\/solnhofener-natursteinparadies.com\\\/2025\\\/\",\"name\":\"Solnhofener Natursteinparadies\",\"description\":\"\",\"publisher\":{\"@id\":\"https:\\\/\\\/solnhofener-natursteinparadies.com\\\/2025\\\/#organization\"},\"potentialAction\":[{\"@type\":\"SearchAction\",\"target\":{\"@type\":\"EntryPoint\",\"urlTemplate\":\"https:\\\/\\\/solnhofener-natursteinparadies.com\\\/2025\\\/?s={search_term_string}\"},\"query-input\":{\"@type\":\"PropertyValueSpecification\",\"valueRequired\":true,\"valueName\":\"search_term_string\"}}],\"inLanguage\":\"de\"},{\"@type\":\"Organization\",\"@id\":\"https:\\\/\\\/solnhofener-natursteinparadies.com\\\/2025\\\/#organization\",\"name\":\"Solnhofener Natursteinparadies\",\"url\":\"https:\\\/\\\/solnhofener-natursteinparadies.com\\\/2025\\\/\",\"logo\":{\"@type\":\"ImageObject\",\"inLanguage\":\"de\",\"@id\":\"https:\\\/\\\/solnhofener-natursteinparadies.com\\\/2025\\\/#\\\/schema\\\/logo\\\/image\\\/\",\"url\":\"https:\\\/\\\/solnhofener-natursteinparadies.com\\\/2025\\\/wp-content\\\/uploads\\\/2025\\\/06\\\/header-3.jpg\",\"contentUrl\":\"https:\\\/\\\/solnhofener-natursteinparadies.com\\\/2025\\\/wp-content\\\/uploads\\\/2025\\\/06\\\/header-3.jpg\",\"width\":1200,\"height\":230,\"caption\":\"Solnhofener Natursteinparadies\"},\"image\":{\"@id\":\"https:\\\/\\\/solnhofener-natursteinparadies.com\\\/2025\\\/#\\\/schema\\\/logo\\\/image\\\/\"}}]}<\/script>\n<!-- \/ Yoast SEO plugin. -->","yoast_head_json":{"title":"Produkte - Solnhofener Natursteinparadis","description":"Unsere Produkte aus dem Solnhofener Natursteinparadis - Gerne machen wir Ihnen ein individuelles Angebot.","robots":{"index":"index","follow":"follow","max-snippet":"max-snippet:-1","max-image-preview":"max-image-preview:large","max-video-preview":"max-video-preview:-1"},"canonical":"https:\/\/solnhofener-natursteinparadies.com\/2025\/produkte\/","og_locale":"de_DE","og_type":"article","og_title":"Produkte - Solnhofener Natursteinparadis","og_description":"Unsere Produkte aus dem Solnhofener Natursteinparadis - Gerne machen wir Ihnen ein individuelles Angebot.","og_url":"https:\/\/solnhofener-natursteinparadies.com\/2025\/produkte\/","og_site_name":"Solnhofener Natursteinparadies","article_modified_time":"2025-08-02T12:30:27+00:00","og_image":[{"width":300,"height":240,"url":"https:\/\/solnhofener-natursteinparadies.com\/2025\/wp-content\/uploads\/2025\/07\/Polygonalplatten.jpg","type":"image\/jpeg"}],"twitter_card":"summary_large_image","twitter_misc":{"Gesch\u00e4tzte Lesezeit":"4\u00a0Minuten"},"schema":{"@context":"https:\/\/schema.org","@graph":[{"@type":"WebPage","@id":"https:\/\/solnhofener-natursteinparadies.com\/2025\/produkte\/","url":"https:\/\/solnhofener-natursteinparadies.com\/2025\/produkte\/","name":"Produkte - Solnhofener Natursteinparadis","isPartOf":{"@id":"https:\/\/solnhofener-natursteinparadies.com\/2025\/#website"},"primaryImageOfPage":{"@id":"https:\/\/solnhofener-natursteinparadies.com\/2025\/produkte\/#primaryimage"},"image":{"@id":"https:\/\/solnhofener-natursteinparadies.com\/2025\/produkte\/#primaryimage"},"thumbnailUrl":"https:\/\/solnhofener-natursteinparadies.com\/2025\/wp-content\/uploads\/2025\/07\/Polygonalplatten.jpg","datePublished":"2025-06-19T13:20:05+00:00","dateModified":"2025-08-02T12:30:27+00:00","description":"Unsere Produkte aus dem Solnhofener Natursteinparadis - Gerne machen wir Ihnen ein individuelles Angebot.","breadcrumb":{"@id":"https:\/\/solnhofener-natursteinparadies.com\/2025\/produkte\/#breadcrumb"},"inLanguage":"de","potentialAction":[{"@type":"ReadAction","target":["https:\/\/solnhofener-natursteinparadies.com\/2025\/produkte\/"]}]},{"@type":"ImageObject","inLanguage":"de","@id":"https:\/\/solnhofener-natursteinparadies.com\/2025\/produkte\/#primaryimage","url":"https:\/\/solnhofener-natursteinparadies.com\/2025\/wp-content\/uploads\/2025\/07\/Polygonalplatten.jpg","contentUrl":"https:\/\/solnhofener-natursteinparadies.com\/2025\/wp-content\/uploads\/2025\/07\/Polygonalplatten.jpg","width":300,"height":240},{"@type":"BreadcrumbList","@id":"https:\/\/solnhofener-natursteinparadies.com\/2025\/produkte\/#breadcrumb","itemListElement":[{"@type":"ListItem","position":1,"name":"Startseite","item":"https:\/\/solnhofener-natursteinparadies.com\/2025\/"},{"@type":"ListItem","position":2,"name":"Produkte"}]},{"@type":"WebSite","@id":"https:\/\/solnhofener-natursteinparadies.com\/2025\/#website","url":"https:\/\/solnhofener-natursteinparadies.com\/2025\/","name":"Solnhofener Natursteinparadies","description":"","publisher":{"@id":"https:\/\/solnhofener-natursteinparadies.com\/2025\/#organization"},"potentialAction":[{"@type":"SearchAction","target":{"@type":"EntryPoint","urlTemplate":"https:\/\/solnhofener-natursteinparadies.com\/2025\/?s={search_term_string}"},"query-input":{"@type":"PropertyValueSpecification","valueRequired":true,"valueName":"search_term_string"}}],"inLanguage":"de"},{"@type":"Organization","@id":"https:\/\/solnhofener-natursteinparadies.com\/2025\/#organization","name":"Solnhofener Natursteinparadies","url":"https:\/\/solnhofener-natursteinparadies.com\/2025\/","logo":{"@type":"ImageObject","inLanguage":"de","@id":"https:\/\/solnhofener-natursteinparadies.com\/2025\/#\/schema\/logo\/image\/","url":"https:\/\/solnhofener-natursteinparadies.com\/2025\/wp-content\/uploads\/2025\/06\/header-3.jpg","contentUrl":"https:\/\/solnhofener-natursteinparadies.com\/2025\/wp-content\/uploads\/2025\/06\/header-3.jpg","width":1200,"height":230,"caption":"Solnhofener Natursteinparadies"},"image":{"@id":"https:\/\/solnhofener-natursteinparadies.com\/2025\/#\/schema\/logo\/image\/"}}]}},"jetpack_sharing_enabled":true,"_links":{"self":[{"href":"https:\/\/solnhofener-natursteinparadies.com\/2025\/wp-json\/wp\/v2\/pages\/16","targetHints":{"allow":["GET"]}}],"collection":[{"href":"https:\/\/solnhofener-natursteinparadies.com\/2025\/wp-json\/wp\/v2\/pages"}],"about":[{"href":"https:\/\/solnhofener-natursteinparadies.com\/2025\/wp-json\/wp\/v2\/types\/page"}],"author":[{"embeddable":true,"href":"https:\/\/solnhofener-natursteinparadies.com\/2025\/wp-json\/wp\/v2\/users\/1"}],"replies":[{"embeddable":true,"href":"https:\/\/solnhofener-natursteinparadies.com\/2025\/wp-json\/wp\/v2\/comments?post=16"}],"version-history":[{"count":57,"href":"https:\/\/solnhofener-natursteinparadies.com\/2025\/wp-json\/wp\/v2\/pages\/16\/revisions"}],"predecessor-version":[{"id":1939,"href":"https:\/\/solnhofener-natursteinparadies.com\/2025\/wp-json\/wp\/v2\/pages\/16\/revisions\/1939"}],"wp:attachment":[{"href":"https:\/\/solnhofener-natursteinparadies.com\/2025\/wp-json\/wp\/v2\/media?parent=16"}],"curies":[{"name":"wp","href":"https:\/\/api.w.org\/{rel}","templated":true}]}}