{"id":1870,"date":"2025-07-31T13:58:39","date_gmt":"2025-07-31T11:58:39","guid":{"rendered":"https:\/\/solnhofener-natursteinparadies.com\/2025\/?page_id=1870"},"modified":"2025-08-03T17:06:11","modified_gmt":"2025-08-03T15:06:11","slug":"kanten-und-oberflaechenbearbeitung","status":"publish","type":"page","link":"https:\/\/solnhofener-natursteinparadies.com\/2025\/produkte\/kanten-und-oberflaechenbearbeitung\/","title":{"rendered":"Kanten- und Oberfl\u00e4chenbearbeitung"},"content":{"rendered":"\n<h1 class=\"wp-block-heading\">Kanten- und Oberfl\u00e4chenbearbeitung<\/h1>\n\n\n\n<h5 class=\"wp-block-heading\"><strong>Solnhofener Platten: Kanten geschnitten, Oberl\u00e4che bruchrau R13<\/strong><\/h5>\n\n\n\n<p><em>(Zum Vergr\u00f6\u00dfern bitte auf ein Bild klicken)<\/em><\/p>\n\n\n\nngg_shortcode_0_placeholder\n\n\n\n<hr class=\"wp-block-separator has-alpha-channel-opacity\"\/>\n\n\n\n<h5 class=\"wp-block-heading\"><strong>Kanten handbekantet, Oberfl\u00e4che bruchrau R13<\/strong><\/h5>\n\n\n\n<p><em>(Zum Vergr\u00f6\u00dfern bitte auf ein Bild klicken)<\/em><\/p>\n\n\n\nngg_shortcode_1_placeholder\n\n\n\n<hr class=\"wp-block-separator has-alpha-channel-opacity\"\/>\n\n\n\n<h5 class=\"wp-block-heading\"><strong>M\u00f6gliche Kantenbearbeitung handgeraspelt<\/strong><\/h5>\n\n\n\n<p><em>(Zum Vergr\u00f6\u00dfern bitte auf ein Bild klicken)<\/em><\/p>\n\n\n\nngg_shortcode_2_placeholder\n\n\n\n<hr class=\"wp-block-separator has-alpha-channel-opacity\"\/>\n\n\n\n<h5 class=\"wp-block-heading\"><strong>M\u00f6gliche Oberfl\u00e4chenbearbeitungen<\/strong><\/h5>\n\n\n\n<p><em>(Zum Vergr\u00f6\u00dfern bitte auf ein Bild klicken)<\/em><\/p>\n\n\n\nngg_shortcode_3_placeholder\n","protected":false},"excerpt":{"rendered":"<p>Kanten- und Oberfl\u00e4chenbearbeitung Solnhofener Platten: Kanten geschnitten, Oberl\u00e4che bruchrau R13 (Zum Vergr\u00f6\u00dfern bitte auf ein Bild klicken) Kanten handbekantet, Oberfl\u00e4che bruchrau R13 (Zum Vergr\u00f6\u00dfern bitte auf ein Bild klicken) M\u00f6gliche Kantenbearbeitung handgeraspelt (Zum Vergr\u00f6\u00dfern bitte auf ein Bild klicken) M\u00f6gliche Oberfl\u00e4chenbearbeitungen (Zum Vergr\u00f6\u00dfern bitte auf ein Bild klicken)<\/p>\n","protected":false},"author":1,"featured_media":0,"parent":16,"menu_order":9,"comment_status":"closed","ping_status":"closed","template":"","meta":{"ngg_post_thumbnail":0,"footnotes":""},"class_list":["post-1870","page","type-page","status-publish"],"yoast_head":"<!-- This site is optimized with the Yoast SEO plugin v27.4 - https:\/\/yoast.com\/product\/yoast-seo-wordpress\/ -->\n<title>Kanten- und Oberfl\u00e4chenbearbeitung - Solnhofener Naturstein<\/title>\n<meta name=\"description\" content=\"Kanten- und Oberfl\u00e4chenbearbeitung - Solnhofener Natursteinparadies - \u00dcbersicht der verschiedenen Arten von Kanten und Oberfl\u00e4chen\" \/>\n<meta name=\"robots\" content=\"index, follow, max-snippet:-1, max-image-preview:large, max-video-preview:-1\" \/>\n<link rel=\"canonical\" href=\"https:\/\/solnhofener-natursteinparadies.com\/2025\/produkte\/kanten-und-oberflaechenbearbeitung\/\" \/>\n<meta property=\"og:locale\" content=\"de_DE\" \/>\n<meta property=\"og:type\" content=\"article\" \/>\n<meta property=\"og:title\" content=\"Kanten- und Oberfl\u00e4chenbearbeitung - Solnhofener Naturstein\" \/>\n<meta property=\"og:description\" content=\"Kanten- und Oberfl\u00e4chenbearbeitung - Solnhofener Natursteinparadies - \u00dcbersicht der verschiedenen Arten von Kanten und Oberfl\u00e4chen\" \/>\n<meta property=\"og:url\" content=\"https:\/\/solnhofener-natursteinparadies.com\/2025\/produkte\/kanten-und-oberflaechenbearbeitung\/\" \/>\n<meta property=\"og:site_name\" content=\"Solnhofener Natursteinparadies\" \/>\n<meta property=\"article:modified_time\" content=\"2025-08-03T15:06:11+00:00\" \/>\n<meta name=\"twitter:card\" content=\"summary_large_image\" \/>\n<meta name=\"twitter:label1\" content=\"Gesch\u00e4tzte Lesezeit\" \/>\n\t<meta name=\"twitter:data1\" content=\"1\u00a0Minute\" \/>\n<script type=\"application\/ld+json\" class=\"yoast-schema-graph\">{\"@context\":\"https:\\\/\\\/schema.org\",\"@graph\":[{\"@type\":\"WebPage\",\"@id\":\"https:\\\/\\\/solnhofener-natursteinparadies.com\\\/2025\\\/produkte\\\/kanten-und-oberflaechenbearbeitung\\\/\",\"url\":\"https:\\\/\\\/solnhofener-natursteinparadies.com\\\/2025\\\/produkte\\\/kanten-und-oberflaechenbearbeitung\\\/\",\"name\":\"Kanten- und Oberfl\u00e4chenbearbeitung - Solnhofener Naturstein\",\"isPartOf\":{\"@id\":\"https:\\\/\\\/solnhofener-natursteinparadies.com\\\/2025\\\/#website\"},\"datePublished\":\"2025-07-31T11:58:39+00:00\",\"dateModified\":\"2025-08-03T15:06:11+00:00\",\"description\":\"Kanten- und Oberfl\u00e4chenbearbeitung - Solnhofener Natursteinparadies - \u00dcbersicht der verschiedenen Arten von Kanten und Oberfl\u00e4chen\",\"breadcrumb\":{\"@id\":\"https:\\\/\\\/solnhofener-natursteinparadies.com\\\/2025\\\/produkte\\\/kanten-und-oberflaechenbearbeitung\\\/#breadcrumb\"},\"inLanguage\":\"de\",\"potentialAction\":[{\"@type\":\"ReadAction\",\"target\":[\"https:\\\/\\\/solnhofener-natursteinparadies.com\\\/2025\\\/produkte\\\/kanten-und-oberflaechenbearbeitung\\\/\"]}]},{\"@type\":\"BreadcrumbList\",\"@id\":\"https:\\\/\\\/solnhofener-natursteinparadies.com\\\/2025\\\/produkte\\\/kanten-und-oberflaechenbearbeitung\\\/#breadcrumb\",\"itemListElement\":[{\"@type\":\"ListItem\",\"position\":1,\"name\":\"Startseite\",\"item\":\"https:\\\/\\\/solnhofener-natursteinparadies.com\\\/2025\\\/\"},{\"@type\":\"ListItem\",\"position\":2,\"name\":\"Produkte\",\"item\":\"https:\\\/\\\/solnhofener-natursteinparadies.com\\\/2025\\\/produkte\\\/\"},{\"@type\":\"ListItem\",\"position\":3,\"name\":\"Kanten- und Oberfl\u00e4chenbearbeitung\"}]},{\"@type\":\"WebSite\",\"@id\":\"https:\\\/\\\/solnhofener-natursteinparadies.com\\\/2025\\\/#website\",\"url\":\"https:\\\/\\\/solnhofener-natursteinparadies.com\\\/2025\\\/\",\"name\":\"Solnhofener Natursteinparadies\",\"description\":\"\",\"publisher\":{\"@id\":\"https:\\\/\\\/solnhofener-natursteinparadies.com\\\/2025\\\/#organization\"},\"potentialAction\":[{\"@type\":\"SearchAction\",\"target\":{\"@type\":\"EntryPoint\",\"urlTemplate\":\"https:\\\/\\\/solnhofener-natursteinparadies.com\\\/2025\\\/?s={search_term_string}\"},\"query-input\":{\"@type\":\"PropertyValueSpecification\",\"valueRequired\":true,\"valueName\":\"search_term_string\"}}],\"inLanguage\":\"de\"},{\"@type\":\"Organization\",\"@id\":\"https:\\\/\\\/solnhofener-natursteinparadies.com\\\/2025\\\/#organization\",\"name\":\"Solnhofener Natursteinparadies\",\"url\":\"https:\\\/\\\/solnhofener-natursteinparadies.com\\\/2025\\\/\",\"logo\":{\"@type\":\"ImageObject\",\"inLanguage\":\"de\",\"@id\":\"https:\\\/\\\/solnhofener-natursteinparadies.com\\\/2025\\\/#\\\/schema\\\/logo\\\/image\\\/\",\"url\":\"https:\\\/\\\/solnhofener-natursteinparadies.com\\\/2025\\\/wp-content\\\/uploads\\\/2025\\\/06\\\/header-3.jpg\",\"contentUrl\":\"https:\\\/\\\/solnhofener-natursteinparadies.com\\\/2025\\\/wp-content\\\/uploads\\\/2025\\\/06\\\/header-3.jpg\",\"width\":1200,\"height\":230,\"caption\":\"Solnhofener Natursteinparadies\"},\"image\":{\"@id\":\"https:\\\/\\\/solnhofener-natursteinparadies.com\\\/2025\\\/#\\\/schema\\\/logo\\\/image\\\/\"}}]}<\/script>\n<!-- \/ Yoast SEO plugin. -->","yoast_head_json":{"title":"Kanten- und Oberfl\u00e4chenbearbeitung - Solnhofener Naturstein","description":"Kanten- und Oberfl\u00e4chenbearbeitung - Solnhofener Natursteinparadies - \u00dcbersicht der verschiedenen Arten von Kanten und Oberfl\u00e4chen","robots":{"index":"index","follow":"follow","max-snippet":"max-snippet:-1","max-image-preview":"max-image-preview:large","max-video-preview":"max-video-preview:-1"},"canonical":"https:\/\/solnhofener-natursteinparadies.com\/2025\/produkte\/kanten-und-oberflaechenbearbeitung\/","og_locale":"de_DE","og_type":"article","og_title":"Kanten- und Oberfl\u00e4chenbearbeitung - Solnhofener Naturstein","og_description":"Kanten- und Oberfl\u00e4chenbearbeitung - Solnhofener Natursteinparadies - \u00dcbersicht der verschiedenen Arten von Kanten und Oberfl\u00e4chen","og_url":"https:\/\/solnhofener-natursteinparadies.com\/2025\/produkte\/kanten-und-oberflaechenbearbeitung\/","og_site_name":"Solnhofener Natursteinparadies","article_modified_time":"2025-08-03T15:06:11+00:00","twitter_card":"summary_large_image","twitter_misc":{"Gesch\u00e4tzte Lesezeit":"1\u00a0Minute"},"schema":{"@context":"https:\/\/schema.org","@graph":[{"@type":"WebPage","@id":"https:\/\/solnhofener-natursteinparadies.com\/2025\/produkte\/kanten-und-oberflaechenbearbeitung\/","url":"https:\/\/solnhofener-natursteinparadies.com\/2025\/produkte\/kanten-und-oberflaechenbearbeitung\/","name":"Kanten- und Oberfl\u00e4chenbearbeitung - Solnhofener Naturstein","isPartOf":{"@id":"https:\/\/solnhofener-natursteinparadies.com\/2025\/#website"},"datePublished":"2025-07-31T11:58:39+00:00","dateModified":"2025-08-03T15:06:11+00:00","description":"Kanten- und Oberfl\u00e4chenbearbeitung - Solnhofener Natursteinparadies - \u00dcbersicht der verschiedenen Arten von Kanten und Oberfl\u00e4chen","breadcrumb":{"@id":"https:\/\/solnhofener-natursteinparadies.com\/2025\/produkte\/kanten-und-oberflaechenbearbeitung\/#breadcrumb"},"inLanguage":"de","potentialAction":[{"@type":"ReadAction","target":["https:\/\/solnhofener-natursteinparadies.com\/2025\/produkte\/kanten-und-oberflaechenbearbeitung\/"]}]},{"@type":"BreadcrumbList","@id":"https:\/\/solnhofener-natursteinparadies.com\/2025\/produkte\/kanten-und-oberflaechenbearbeitung\/#breadcrumb","itemListElement":[{"@type":"ListItem","position":1,"name":"Startseite","item":"https:\/\/solnhofener-natursteinparadies.com\/2025\/"},{"@type":"ListItem","position":2,"name":"Produkte","item":"https:\/\/solnhofener-natursteinparadies.com\/2025\/produkte\/"},{"@type":"ListItem","position":3,"name":"Kanten- und Oberfl\u00e4chenbearbeitung"}]},{"@type":"WebSite","@id":"https:\/\/solnhofener-natursteinparadies.com\/2025\/#website","url":"https:\/\/solnhofener-natursteinparadies.com\/2025\/","name":"Solnhofener Natursteinparadies","description":"","publisher":{"@id":"https:\/\/solnhofener-natursteinparadies.com\/2025\/#organization"},"potentialAction":[{"@type":"SearchAction","target":{"@type":"EntryPoint","urlTemplate":"https:\/\/solnhofener-natursteinparadies.com\/2025\/?s={search_term_string}"},"query-input":{"@type":"PropertyValueSpecification","valueRequired":true,"valueName":"search_term_string"}}],"inLanguage":"de"},{"@type":"Organization","@id":"https:\/\/solnhofener-natursteinparadies.com\/2025\/#organization","name":"Solnhofener Natursteinparadies","url":"https:\/\/solnhofener-natursteinparadies.com\/2025\/","logo":{"@type":"ImageObject","inLanguage":"de","@id":"https:\/\/solnhofener-natursteinparadies.com\/2025\/#\/schema\/logo\/image\/","url":"https:\/\/solnhofener-natursteinparadies.com\/2025\/wp-content\/uploads\/2025\/06\/header-3.jpg","contentUrl":"https:\/\/solnhofener-natursteinparadies.com\/2025\/wp-content\/uploads\/2025\/06\/header-3.jpg","width":1200,"height":230,"caption":"Solnhofener Natursteinparadies"},"image":{"@id":"https:\/\/solnhofener-natursteinparadies.com\/2025\/#\/schema\/logo\/image\/"}}]}},"jetpack_sharing_enabled":true,"_links":{"self":[{"href":"https:\/\/solnhofener-natursteinparadies.com\/2025\/wp-json\/wp\/v2\/pages\/1870","targetHints":{"allow":["GET"]}}],"collection":[{"href":"https:\/\/solnhofener-natursteinparadies.com\/2025\/wp-json\/wp\/v2\/pages"}],"about":[{"href":"https:\/\/solnhofener-natursteinparadies.com\/2025\/wp-json\/wp\/v2\/types\/page"}],"author":[{"embeddable":true,"href":"https:\/\/solnhofener-natursteinparadies.com\/2025\/wp-json\/wp\/v2\/users\/1"}],"replies":[{"embeddable":true,"href":"https:\/\/solnhofener-natursteinparadies.com\/2025\/wp-json\/wp\/v2\/comments?post=1870"}],"version-history":[{"count":11,"href":"https:\/\/solnhofener-natursteinparadies.com\/2025\/wp-json\/wp\/v2\/pages\/1870\/revisions"}],"predecessor-version":[{"id":1988,"href":"https:\/\/solnhofener-natursteinparadies.com\/2025\/wp-json\/wp\/v2\/pages\/1870\/revisions\/1988"}],"up":[{"embeddable":true,"href":"https:\/\/solnhofener-natursteinparadies.com\/2025\/wp-json\/wp\/v2\/pages\/16"}],"wp:attachment":[{"href":"https:\/\/solnhofener-natursteinparadies.com\/2025\/wp-json\/wp\/v2\/media?parent=1870"}],"curies":[{"name":"wp","href":"https:\/\/api.w.org\/{rel}","templated":true}]}}