{"id":374,"date":"2025-06-21T17:12:43","date_gmt":"2025-06-21T15:12:43","guid":{"rendered":"https:\/\/solnhofener-natursteinparadies.com\/2025\/?page_id=374"},"modified":"2025-07-27T21:15:38","modified_gmt":"2025-07-27T19:15:38","slug":"jura-kalkstein-gelb","status":"publish","type":"page","link":"https:\/\/solnhofener-natursteinparadies.com\/2025\/verlegebeispiele\/jura-kalkstein-gelb\/","title":{"rendered":"Jura-Kalkstein Gelb"},"content":{"rendered":"\n<h1 class=\"wp-block-heading\"><strong>Jura-Kalkstein Gelb<\/strong><\/h1>\n\n\n\n<p><em>(Zum Vergr\u00f6\u00dfern bitte auf ein Bild klicken)<\/em><\/p>\n\n\n\nngg_shortcode_0_placeholder\n\n\n\n<h5 class=\"wp-block-heading\"><strong>Jura-Kalkstein am h\u00f6chsten Natursteingeb\u00e4ude der Welt<\/strong><\/h5>\n\n\n\n<p>In Kuwait City steht der Al Hamra Tower \u2013 mit 413 Metern H\u00f6he belegt er Platz 16 in der Liste der weltweit h\u00f6chsten Geb\u00e4ude.<br><br>Besonders: Er ist das h\u00f6chste Geb\u00e4ude der Welt, das mit Naturstein verkleidet ist. Unser Jura-Kalkstein, sandgestrahlt und geb\u00fcrstet, entfaltet seine volle Wirkung auf rund 70.000 Quadratmetern Fassadenfl\u00e4che. Die Platten stammen aus den Schichten 23 und 24 und wurden im Format 1.400 x 700 x 40 mm gefertigt.<br><br>Montiert wurde das Material mit Hinterschnittankern auf einer tragenden Unterkonstruktion. Auch im Innenausbau setzt der Al Hamra Tower auf Naturstein: Jura-Kalkstein kam f\u00fcr Boden- und Wandfl\u00e4chen zum Einsatz und schafft ein durchg\u00e4ngig hochwertiges Materialkonzept.<\/p>\n\n\n\n<p><em>(Zum Vergr\u00f6\u00dfern bitte auf ein Bild klicken)<\/em><\/p>\n\n\n\nngg_shortcode_1_placeholder\n","protected":false},"excerpt":{"rendered":"<p>Jura-Kalkstein Gelb (Zum Vergr\u00f6\u00dfern bitte auf ein Bild klicken) Jura-Kalkstein am h\u00f6chsten Natursteingeb\u00e4ude der Welt In Kuwait City steht der Al Hamra Tower \u2013 mit 413 Metern H\u00f6he belegt er Platz 16 in der Liste der weltweit h\u00f6chsten Geb\u00e4ude. Besonders: Er ist das h\u00f6chste Geb\u00e4ude der Welt, das mit Naturstein verkleidet ist. Unser Jura-Kalkstein, sandgestrahlt &#8230; <a title=\"Jura-Kalkstein Gelb\" class=\"read-more\" href=\"https:\/\/solnhofener-natursteinparadies.com\/2025\/verlegebeispiele\/jura-kalkstein-gelb\/\" aria-label=\"Mehr Informationen \u00fcber Jura-Kalkstein Gelb\">Weiterlesen &#8230;<\/a><\/p>\n","protected":false},"author":1,"featured_media":0,"parent":107,"menu_order":3,"comment_status":"closed","ping_status":"closed","template":"","meta":{"ngg_post_thumbnail":0,"footnotes":""},"class_list":["post-374","page","type-page","status-publish"],"yoast_head":"<!-- This site is optimized with the Yoast SEO plugin v27.4 - https:\/\/yoast.com\/product\/yoast-seo-wordpress\/ -->\n<title>Jura-Kalkstein Gelb - Solnhofener Natursteinparadies<\/title>\n<meta name=\"robots\" content=\"index, follow, max-snippet:-1, max-image-preview:large, max-video-preview:-1\" \/>\n<link rel=\"canonical\" href=\"https:\/\/solnhofener-natursteinparadies.com\/2025\/verlegebeispiele\/jura-kalkstein-gelb\/\" \/>\n<meta property=\"og:locale\" content=\"de_DE\" \/>\n<meta property=\"og:type\" content=\"article\" \/>\n<meta property=\"og:title\" content=\"Jura-Kalkstein Gelb - Solnhofener Natursteinparadies\" \/>\n<meta property=\"og:description\" content=\"Jura-Kalkstein Gelb (Zum Vergr\u00f6\u00dfern bitte auf ein Bild klicken) Jura-Kalkstein am h\u00f6chsten Natursteingeb\u00e4ude der Welt In Kuwait City steht der Al Hamra Tower \u2013 mit 413 Metern H\u00f6he belegt er Platz 16 in der Liste der weltweit h\u00f6chsten Geb\u00e4ude. Besonders: Er ist das h\u00f6chste Geb\u00e4ude der Welt, das mit Naturstein verkleidet ist. Unser Jura-Kalkstein, sandgestrahlt ... Weiterlesen ...\" \/>\n<meta property=\"og:url\" content=\"https:\/\/solnhofener-natursteinparadies.com\/2025\/verlegebeispiele\/jura-kalkstein-gelb\/\" \/>\n<meta property=\"og:site_name\" content=\"Solnhofener Natursteinparadies\" \/>\n<meta property=\"article:modified_time\" content=\"2025-07-27T19:15:38+00:00\" \/>\n<meta name=\"twitter:card\" content=\"summary_large_image\" \/>\n<meta name=\"twitter:label1\" content=\"Gesch\u00e4tzte Lesezeit\" \/>\n\t<meta name=\"twitter:data1\" content=\"1\u00a0Minute\" \/>\n<script type=\"application\/ld+json\" class=\"yoast-schema-graph\">{\"@context\":\"https:\\\/\\\/schema.org\",\"@graph\":[{\"@type\":\"WebPage\",\"@id\":\"https:\\\/\\\/solnhofener-natursteinparadies.com\\\/2025\\\/verlegebeispiele\\\/jura-kalkstein-gelb\\\/\",\"url\":\"https:\\\/\\\/solnhofener-natursteinparadies.com\\\/2025\\\/verlegebeispiele\\\/jura-kalkstein-gelb\\\/\",\"name\":\"Jura-Kalkstein Gelb - Solnhofener Natursteinparadies\",\"isPartOf\":{\"@id\":\"https:\\\/\\\/solnhofener-natursteinparadies.com\\\/2025\\\/#website\"},\"datePublished\":\"2025-06-21T15:12:43+00:00\",\"dateModified\":\"2025-07-27T19:15:38+00:00\",\"breadcrumb\":{\"@id\":\"https:\\\/\\\/solnhofener-natursteinparadies.com\\\/2025\\\/verlegebeispiele\\\/jura-kalkstein-gelb\\\/#breadcrumb\"},\"inLanguage\":\"de\",\"potentialAction\":[{\"@type\":\"ReadAction\",\"target\":[\"https:\\\/\\\/solnhofener-natursteinparadies.com\\\/2025\\\/verlegebeispiele\\\/jura-kalkstein-gelb\\\/\"]}]},{\"@type\":\"BreadcrumbList\",\"@id\":\"https:\\\/\\\/solnhofener-natursteinparadies.com\\\/2025\\\/verlegebeispiele\\\/jura-kalkstein-gelb\\\/#breadcrumb\",\"itemListElement\":[{\"@type\":\"ListItem\",\"position\":1,\"name\":\"Startseite\",\"item\":\"https:\\\/\\\/solnhofener-natursteinparadies.com\\\/2025\\\/\"},{\"@type\":\"ListItem\",\"position\":2,\"name\":\"Verlegebeispiele\",\"item\":\"https:\\\/\\\/solnhofener-natursteinparadies.com\\\/2025\\\/verlegebeispiele\\\/\"},{\"@type\":\"ListItem\",\"position\":3,\"name\":\"Jura-Kalkstein Gelb\"}]},{\"@type\":\"WebSite\",\"@id\":\"https:\\\/\\\/solnhofener-natursteinparadies.com\\\/2025\\\/#website\",\"url\":\"https:\\\/\\\/solnhofener-natursteinparadies.com\\\/2025\\\/\",\"name\":\"Solnhofener Natursteinparadies\",\"description\":\"\",\"publisher\":{\"@id\":\"https:\\\/\\\/solnhofener-natursteinparadies.com\\\/2025\\\/#organization\"},\"potentialAction\":[{\"@type\":\"SearchAction\",\"target\":{\"@type\":\"EntryPoint\",\"urlTemplate\":\"https:\\\/\\\/solnhofener-natursteinparadies.com\\\/2025\\\/?s={search_term_string}\"},\"query-input\":{\"@type\":\"PropertyValueSpecification\",\"valueRequired\":true,\"valueName\":\"search_term_string\"}}],\"inLanguage\":\"de\"},{\"@type\":\"Organization\",\"@id\":\"https:\\\/\\\/solnhofener-natursteinparadies.com\\\/2025\\\/#organization\",\"name\":\"Solnhofener Natursteinparadies\",\"url\":\"https:\\\/\\\/solnhofener-natursteinparadies.com\\\/2025\\\/\",\"logo\":{\"@type\":\"ImageObject\",\"inLanguage\":\"de\",\"@id\":\"https:\\\/\\\/solnhofener-natursteinparadies.com\\\/2025\\\/#\\\/schema\\\/logo\\\/image\\\/\",\"url\":\"https:\\\/\\\/solnhofener-natursteinparadies.com\\\/2025\\\/wp-content\\\/uploads\\\/2025\\\/06\\\/header-3.jpg\",\"contentUrl\":\"https:\\\/\\\/solnhofener-natursteinparadies.com\\\/2025\\\/wp-content\\\/uploads\\\/2025\\\/06\\\/header-3.jpg\",\"width\":1200,\"height\":230,\"caption\":\"Solnhofener Natursteinparadies\"},\"image\":{\"@id\":\"https:\\\/\\\/solnhofener-natursteinparadies.com\\\/2025\\\/#\\\/schema\\\/logo\\\/image\\\/\"}}]}<\/script>\n<!-- \/ Yoast SEO plugin. -->","yoast_head_json":{"title":"Jura-Kalkstein Gelb - Solnhofener Natursteinparadies","robots":{"index":"index","follow":"follow","max-snippet":"max-snippet:-1","max-image-preview":"max-image-preview:large","max-video-preview":"max-video-preview:-1"},"canonical":"https:\/\/solnhofener-natursteinparadies.com\/2025\/verlegebeispiele\/jura-kalkstein-gelb\/","og_locale":"de_DE","og_type":"article","og_title":"Jura-Kalkstein Gelb - Solnhofener Natursteinparadies","og_description":"Jura-Kalkstein Gelb (Zum Vergr\u00f6\u00dfern bitte auf ein Bild klicken) Jura-Kalkstein am h\u00f6chsten Natursteingeb\u00e4ude der Welt In Kuwait City steht der Al Hamra Tower \u2013 mit 413 Metern H\u00f6he belegt er Platz 16 in der Liste der weltweit h\u00f6chsten Geb\u00e4ude. Besonders: Er ist das h\u00f6chste Geb\u00e4ude der Welt, das mit Naturstein verkleidet ist. Unser Jura-Kalkstein, sandgestrahlt ... Weiterlesen ...","og_url":"https:\/\/solnhofener-natursteinparadies.com\/2025\/verlegebeispiele\/jura-kalkstein-gelb\/","og_site_name":"Solnhofener Natursteinparadies","article_modified_time":"2025-07-27T19:15:38+00:00","twitter_card":"summary_large_image","twitter_misc":{"Gesch\u00e4tzte Lesezeit":"1\u00a0Minute"},"schema":{"@context":"https:\/\/schema.org","@graph":[{"@type":"WebPage","@id":"https:\/\/solnhofener-natursteinparadies.com\/2025\/verlegebeispiele\/jura-kalkstein-gelb\/","url":"https:\/\/solnhofener-natursteinparadies.com\/2025\/verlegebeispiele\/jura-kalkstein-gelb\/","name":"Jura-Kalkstein Gelb - Solnhofener Natursteinparadies","isPartOf":{"@id":"https:\/\/solnhofener-natursteinparadies.com\/2025\/#website"},"datePublished":"2025-06-21T15:12:43+00:00","dateModified":"2025-07-27T19:15:38+00:00","breadcrumb":{"@id":"https:\/\/solnhofener-natursteinparadies.com\/2025\/verlegebeispiele\/jura-kalkstein-gelb\/#breadcrumb"},"inLanguage":"de","potentialAction":[{"@type":"ReadAction","target":["https:\/\/solnhofener-natursteinparadies.com\/2025\/verlegebeispiele\/jura-kalkstein-gelb\/"]}]},{"@type":"BreadcrumbList","@id":"https:\/\/solnhofener-natursteinparadies.com\/2025\/verlegebeispiele\/jura-kalkstein-gelb\/#breadcrumb","itemListElement":[{"@type":"ListItem","position":1,"name":"Startseite","item":"https:\/\/solnhofener-natursteinparadies.com\/2025\/"},{"@type":"ListItem","position":2,"name":"Verlegebeispiele","item":"https:\/\/solnhofener-natursteinparadies.com\/2025\/verlegebeispiele\/"},{"@type":"ListItem","position":3,"name":"Jura-Kalkstein Gelb"}]},{"@type":"WebSite","@id":"https:\/\/solnhofener-natursteinparadies.com\/2025\/#website","url":"https:\/\/solnhofener-natursteinparadies.com\/2025\/","name":"Solnhofener Natursteinparadies","description":"","publisher":{"@id":"https:\/\/solnhofener-natursteinparadies.com\/2025\/#organization"},"potentialAction":[{"@type":"SearchAction","target":{"@type":"EntryPoint","urlTemplate":"https:\/\/solnhofener-natursteinparadies.com\/2025\/?s={search_term_string}"},"query-input":{"@type":"PropertyValueSpecification","valueRequired":true,"valueName":"search_term_string"}}],"inLanguage":"de"},{"@type":"Organization","@id":"https:\/\/solnhofener-natursteinparadies.com\/2025\/#organization","name":"Solnhofener Natursteinparadies","url":"https:\/\/solnhofener-natursteinparadies.com\/2025\/","logo":{"@type":"ImageObject","inLanguage":"de","@id":"https:\/\/solnhofener-natursteinparadies.com\/2025\/#\/schema\/logo\/image\/","url":"https:\/\/solnhofener-natursteinparadies.com\/2025\/wp-content\/uploads\/2025\/06\/header-3.jpg","contentUrl":"https:\/\/solnhofener-natursteinparadies.com\/2025\/wp-content\/uploads\/2025\/06\/header-3.jpg","width":1200,"height":230,"caption":"Solnhofener Natursteinparadies"},"image":{"@id":"https:\/\/solnhofener-natursteinparadies.com\/2025\/#\/schema\/logo\/image\/"}}]}},"jetpack_sharing_enabled":true,"_links":{"self":[{"href":"https:\/\/solnhofener-natursteinparadies.com\/2025\/wp-json\/wp\/v2\/pages\/374","targetHints":{"allow":["GET"]}}],"collection":[{"href":"https:\/\/solnhofener-natursteinparadies.com\/2025\/wp-json\/wp\/v2\/pages"}],"about":[{"href":"https:\/\/solnhofener-natursteinparadies.com\/2025\/wp-json\/wp\/v2\/types\/page"}],"author":[{"embeddable":true,"href":"https:\/\/solnhofener-natursteinparadies.com\/2025\/wp-json\/wp\/v2\/users\/1"}],"replies":[{"embeddable":true,"href":"https:\/\/solnhofener-natursteinparadies.com\/2025\/wp-json\/wp\/v2\/comments?post=374"}],"version-history":[{"count":8,"href":"https:\/\/solnhofener-natursteinparadies.com\/2025\/wp-json\/wp\/v2\/pages\/374\/revisions"}],"predecessor-version":[{"id":1160,"href":"https:\/\/solnhofener-natursteinparadies.com\/2025\/wp-json\/wp\/v2\/pages\/374\/revisions\/1160"}],"up":[{"embeddable":true,"href":"https:\/\/solnhofener-natursteinparadies.com\/2025\/wp-json\/wp\/v2\/pages\/107"}],"wp:attachment":[{"href":"https:\/\/solnhofener-natursteinparadies.com\/2025\/wp-json\/wp\/v2\/media?parent=374"}],"curies":[{"name":"wp","href":"https:\/\/api.w.org\/{rel}","templated":true}]}}