{"id":378,"date":"2025-06-21T17:14:26","date_gmt":"2025-06-21T15:14:26","guid":{"rendered":"https:\/\/solnhofener-natursteinparadies.com\/2025\/?page_id=378"},"modified":"2025-07-20T21:18:21","modified_gmt":"2025-07-20T19:18:21","slug":"solker-feinsteinzeug","status":"publish","type":"page","link":"https:\/\/solnhofener-natursteinparadies.com\/2025\/verlegebeispiele\/solker-feinsteinzeug\/","title":{"rendered":"SolKer\u00ae Feinsteinzeug"},"content":{"rendered":"\n<h1 class=\"wp-block-heading\"><strong>SolKer\u00ae Feinsteinzeug<\/strong><\/h1>\n\n\n\n<p><em>(Zum Vergr\u00f6\u00dfern bitte auf ein Bild klicken)<\/em><\/p>\n\n\n\nngg_shortcode_0_placeholder\n\n\n\n<h5 class=\"wp-block-heading\"><strong>Rechteck und Verband<\/strong><\/h5>\n\n\n\n<p><em>(Zum Vergr\u00f6\u00dfern bitte auf ein Bild klicken)<\/em><\/p>\n\n\n\nngg_shortcode_1_placeholder\n","protected":false},"excerpt":{"rendered":"<p>SolKer\u00ae Feinsteinzeug (Zum Vergr\u00f6\u00dfern bitte auf ein Bild klicken) Rechteck und Verband (Zum Vergr\u00f6\u00dfern bitte auf ein Bild klicken)<\/p>\n","protected":false},"author":1,"featured_media":0,"parent":107,"menu_order":7,"comment_status":"closed","ping_status":"closed","template":"","meta":{"ngg_post_thumbnail":0,"footnotes":""},"class_list":["post-378","page","type-page","status-publish"],"yoast_head":"<!-- This site is optimized with the Yoast SEO plugin v27.4 - https:\/\/yoast.com\/product\/yoast-seo-wordpress\/ -->\n<title>SolKer\u00ae Feinsteinzeug - Verlegebeispiele - Solnhofener Naturstein<\/title>\n<meta name=\"description\" content=\"SolKer\u00ae Feinsteinzeug - Verlegebeispiele - Solnhofener Natursteinparadies\" \/>\n<meta name=\"robots\" content=\"index, follow, max-snippet:-1, max-image-preview:large, max-video-preview:-1\" \/>\n<link rel=\"canonical\" href=\"https:\/\/solnhofener-natursteinparadies.com\/2025\/verlegebeispiele\/solker-feinsteinzeug\/\" \/>\n<meta property=\"og:locale\" content=\"de_DE\" \/>\n<meta property=\"og:type\" content=\"article\" \/>\n<meta property=\"og:title\" content=\"SolKer\u00ae Feinsteinzeug - Verlegebeispiele - Solnhofener Naturstein\" \/>\n<meta property=\"og:description\" content=\"SolKer\u00ae Feinsteinzeug - Verlegebeispiele - Solnhofener Natursteinparadies\" \/>\n<meta property=\"og:url\" content=\"https:\/\/solnhofener-natursteinparadies.com\/2025\/verlegebeispiele\/solker-feinsteinzeug\/\" \/>\n<meta property=\"og:site_name\" content=\"Solnhofener Natursteinparadies\" \/>\n<meta property=\"article:modified_time\" content=\"2025-07-20T19:18:21+00:00\" \/>\n<meta name=\"twitter:card\" content=\"summary_large_image\" \/>\n<meta name=\"twitter:label1\" content=\"Gesch\u00e4tzte Lesezeit\" \/>\n\t<meta name=\"twitter:data1\" content=\"1\u00a0Minute\" \/>\n<script type=\"application\/ld+json\" class=\"yoast-schema-graph\">{\"@context\":\"https:\\\/\\\/schema.org\",\"@graph\":[{\"@type\":\"WebPage\",\"@id\":\"https:\\\/\\\/solnhofener-natursteinparadies.com\\\/2025\\\/verlegebeispiele\\\/solker-feinsteinzeug\\\/\",\"url\":\"https:\\\/\\\/solnhofener-natursteinparadies.com\\\/2025\\\/verlegebeispiele\\\/solker-feinsteinzeug\\\/\",\"name\":\"SolKer\u00ae Feinsteinzeug - Verlegebeispiele - Solnhofener Naturstein\",\"isPartOf\":{\"@id\":\"https:\\\/\\\/solnhofener-natursteinparadies.com\\\/2025\\\/#website\"},\"datePublished\":\"2025-06-21T15:14:26+00:00\",\"dateModified\":\"2025-07-20T19:18:21+00:00\",\"description\":\"SolKer\u00ae Feinsteinzeug - Verlegebeispiele - Solnhofener Natursteinparadies\",\"breadcrumb\":{\"@id\":\"https:\\\/\\\/solnhofener-natursteinparadies.com\\\/2025\\\/verlegebeispiele\\\/solker-feinsteinzeug\\\/#breadcrumb\"},\"inLanguage\":\"de\",\"potentialAction\":[{\"@type\":\"ReadAction\",\"target\":[\"https:\\\/\\\/solnhofener-natursteinparadies.com\\\/2025\\\/verlegebeispiele\\\/solker-feinsteinzeug\\\/\"]}]},{\"@type\":\"BreadcrumbList\",\"@id\":\"https:\\\/\\\/solnhofener-natursteinparadies.com\\\/2025\\\/verlegebeispiele\\\/solker-feinsteinzeug\\\/#breadcrumb\",\"itemListElement\":[{\"@type\":\"ListItem\",\"position\":1,\"name\":\"Startseite\",\"item\":\"https:\\\/\\\/solnhofener-natursteinparadies.com\\\/2025\\\/\"},{\"@type\":\"ListItem\",\"position\":2,\"name\":\"Verlegebeispiele\",\"item\":\"https:\\\/\\\/solnhofener-natursteinparadies.com\\\/2025\\\/verlegebeispiele\\\/\"},{\"@type\":\"ListItem\",\"position\":3,\"name\":\"SolKer\u00ae Feinsteinzeug\"}]},{\"@type\":\"WebSite\",\"@id\":\"https:\\\/\\\/solnhofener-natursteinparadies.com\\\/2025\\\/#website\",\"url\":\"https:\\\/\\\/solnhofener-natursteinparadies.com\\\/2025\\\/\",\"name\":\"Solnhofener Natursteinparadies\",\"description\":\"\",\"publisher\":{\"@id\":\"https:\\\/\\\/solnhofener-natursteinparadies.com\\\/2025\\\/#organization\"},\"potentialAction\":[{\"@type\":\"SearchAction\",\"target\":{\"@type\":\"EntryPoint\",\"urlTemplate\":\"https:\\\/\\\/solnhofener-natursteinparadies.com\\\/2025\\\/?s={search_term_string}\"},\"query-input\":{\"@type\":\"PropertyValueSpecification\",\"valueRequired\":true,\"valueName\":\"search_term_string\"}}],\"inLanguage\":\"de\"},{\"@type\":\"Organization\",\"@id\":\"https:\\\/\\\/solnhofener-natursteinparadies.com\\\/2025\\\/#organization\",\"name\":\"Solnhofener Natursteinparadies\",\"url\":\"https:\\\/\\\/solnhofener-natursteinparadies.com\\\/2025\\\/\",\"logo\":{\"@type\":\"ImageObject\",\"inLanguage\":\"de\",\"@id\":\"https:\\\/\\\/solnhofener-natursteinparadies.com\\\/2025\\\/#\\\/schema\\\/logo\\\/image\\\/\",\"url\":\"https:\\\/\\\/solnhofener-natursteinparadies.com\\\/2025\\\/wp-content\\\/uploads\\\/2025\\\/06\\\/header-3.jpg\",\"contentUrl\":\"https:\\\/\\\/solnhofener-natursteinparadies.com\\\/2025\\\/wp-content\\\/uploads\\\/2025\\\/06\\\/header-3.jpg\",\"width\":1200,\"height\":230,\"caption\":\"Solnhofener Natursteinparadies\"},\"image\":{\"@id\":\"https:\\\/\\\/solnhofener-natursteinparadies.com\\\/2025\\\/#\\\/schema\\\/logo\\\/image\\\/\"}}]}<\/script>\n<!-- \/ Yoast SEO plugin. -->","yoast_head_json":{"title":"SolKer\u00ae Feinsteinzeug - Verlegebeispiele - Solnhofener Naturstein","description":"SolKer\u00ae Feinsteinzeug - Verlegebeispiele - Solnhofener Natursteinparadies","robots":{"index":"index","follow":"follow","max-snippet":"max-snippet:-1","max-image-preview":"max-image-preview:large","max-video-preview":"max-video-preview:-1"},"canonical":"https:\/\/solnhofener-natursteinparadies.com\/2025\/verlegebeispiele\/solker-feinsteinzeug\/","og_locale":"de_DE","og_type":"article","og_title":"SolKer\u00ae Feinsteinzeug - Verlegebeispiele - Solnhofener Naturstein","og_description":"SolKer\u00ae Feinsteinzeug - Verlegebeispiele - Solnhofener Natursteinparadies","og_url":"https:\/\/solnhofener-natursteinparadies.com\/2025\/verlegebeispiele\/solker-feinsteinzeug\/","og_site_name":"Solnhofener Natursteinparadies","article_modified_time":"2025-07-20T19:18:21+00:00","twitter_card":"summary_large_image","twitter_misc":{"Gesch\u00e4tzte Lesezeit":"1\u00a0Minute"},"schema":{"@context":"https:\/\/schema.org","@graph":[{"@type":"WebPage","@id":"https:\/\/solnhofener-natursteinparadies.com\/2025\/verlegebeispiele\/solker-feinsteinzeug\/","url":"https:\/\/solnhofener-natursteinparadies.com\/2025\/verlegebeispiele\/solker-feinsteinzeug\/","name":"SolKer\u00ae Feinsteinzeug - Verlegebeispiele - Solnhofener Naturstein","isPartOf":{"@id":"https:\/\/solnhofener-natursteinparadies.com\/2025\/#website"},"datePublished":"2025-06-21T15:14:26+00:00","dateModified":"2025-07-20T19:18:21+00:00","description":"SolKer\u00ae Feinsteinzeug - Verlegebeispiele - Solnhofener Natursteinparadies","breadcrumb":{"@id":"https:\/\/solnhofener-natursteinparadies.com\/2025\/verlegebeispiele\/solker-feinsteinzeug\/#breadcrumb"},"inLanguage":"de","potentialAction":[{"@type":"ReadAction","target":["https:\/\/solnhofener-natursteinparadies.com\/2025\/verlegebeispiele\/solker-feinsteinzeug\/"]}]},{"@type":"BreadcrumbList","@id":"https:\/\/solnhofener-natursteinparadies.com\/2025\/verlegebeispiele\/solker-feinsteinzeug\/#breadcrumb","itemListElement":[{"@type":"ListItem","position":1,"name":"Startseite","item":"https:\/\/solnhofener-natursteinparadies.com\/2025\/"},{"@type":"ListItem","position":2,"name":"Verlegebeispiele","item":"https:\/\/solnhofener-natursteinparadies.com\/2025\/verlegebeispiele\/"},{"@type":"ListItem","position":3,"name":"SolKer\u00ae Feinsteinzeug"}]},{"@type":"WebSite","@id":"https:\/\/solnhofener-natursteinparadies.com\/2025\/#website","url":"https:\/\/solnhofener-natursteinparadies.com\/2025\/","name":"Solnhofener Natursteinparadies","description":"","publisher":{"@id":"https:\/\/solnhofener-natursteinparadies.com\/2025\/#organization"},"potentialAction":[{"@type":"SearchAction","target":{"@type":"EntryPoint","urlTemplate":"https:\/\/solnhofener-natursteinparadies.com\/2025\/?s={search_term_string}"},"query-input":{"@type":"PropertyValueSpecification","valueRequired":true,"valueName":"search_term_string"}}],"inLanguage":"de"},{"@type":"Organization","@id":"https:\/\/solnhofener-natursteinparadies.com\/2025\/#organization","name":"Solnhofener Natursteinparadies","url":"https:\/\/solnhofener-natursteinparadies.com\/2025\/","logo":{"@type":"ImageObject","inLanguage":"de","@id":"https:\/\/solnhofener-natursteinparadies.com\/2025\/#\/schema\/logo\/image\/","url":"https:\/\/solnhofener-natursteinparadies.com\/2025\/wp-content\/uploads\/2025\/06\/header-3.jpg","contentUrl":"https:\/\/solnhofener-natursteinparadies.com\/2025\/wp-content\/uploads\/2025\/06\/header-3.jpg","width":1200,"height":230,"caption":"Solnhofener Natursteinparadies"},"image":{"@id":"https:\/\/solnhofener-natursteinparadies.com\/2025\/#\/schema\/logo\/image\/"}}]}},"jetpack_sharing_enabled":true,"_links":{"self":[{"href":"https:\/\/solnhofener-natursteinparadies.com\/2025\/wp-json\/wp\/v2\/pages\/378","targetHints":{"allow":["GET"]}}],"collection":[{"href":"https:\/\/solnhofener-natursteinparadies.com\/2025\/wp-json\/wp\/v2\/pages"}],"about":[{"href":"https:\/\/solnhofener-natursteinparadies.com\/2025\/wp-json\/wp\/v2\/types\/page"}],"author":[{"embeddable":true,"href":"https:\/\/solnhofener-natursteinparadies.com\/2025\/wp-json\/wp\/v2\/users\/1"}],"replies":[{"embeddable":true,"href":"https:\/\/solnhofener-natursteinparadies.com\/2025\/wp-json\/wp\/v2\/comments?post=378"}],"version-history":[{"count":7,"href":"https:\/\/solnhofener-natursteinparadies.com\/2025\/wp-json\/wp\/v2\/pages\/378\/revisions"}],"predecessor-version":[{"id":1156,"href":"https:\/\/solnhofener-natursteinparadies.com\/2025\/wp-json\/wp\/v2\/pages\/378\/revisions\/1156"}],"up":[{"embeddable":true,"href":"https:\/\/solnhofener-natursteinparadies.com\/2025\/wp-json\/wp\/v2\/pages\/107"}],"wp:attachment":[{"href":"https:\/\/solnhofener-natursteinparadies.com\/2025\/wp-json\/wp\/v2\/media?parent=378"}],"curies":[{"name":"wp","href":"https:\/\/api.w.org\/{rel}","templated":true}]}}