{"id":43,"date":"2025-06-19T19:27:48","date_gmt":"2025-06-19T17:27:48","guid":{"rendered":"https:\/\/solnhofener-natursteinparadies.com\/2025\/?page_id=43"},"modified":"2025-07-27T14:01:10","modified_gmt":"2025-07-27T12:01:10","slug":"impressum","status":"publish","type":"page","link":"https:\/\/solnhofener-natursteinparadies.com\/2025\/impressum\/","title":{"rendered":"Impressum &amp; Datenschutz"},"content":{"rendered":"\n<p><strong>Solnhofener Natursteinparadies<\/strong><\/p>\n\n\n\n<h5 class=\"wp-block-heading\"><strong>Firmensitz<\/strong><\/h5>\n\n\n\n<p>Kirchengasse 8<br>A- 4400 Steyr<br>Tel.: +49 170 582 59 51<\/p>\n\n\n\n<h5 class=\"wp-block-heading\"><strong>Email<\/strong><\/h5>\n\n\n\n<p><a href=\"mailto:info@pierres-de-solnhofen.com\">info@pierres-de-solnhofen.com<\/a> oder <a href=\"mailto:info@solnhofener-natursteinparadies.com\">info@solnhofener-natursteinparadies.com<\/a><\/p>\n\n\n\n<h5 class=\"wp-block-heading\"><strong>Internet<\/strong><\/h5>\n\n\n\n<p><a href=\"http:\/\/www.pierres-de-solnhofen.com%20www.solnhofener-natursteinparadies.com\/\">www.pierres-de-solnhofen.com<\/a> oder <a href=\"http:\/\/www.solnhofener-natursteinparadies.com\/\">www.solnhofener-natursteinparadies.com<\/a><\/p>\n\n\n\n<p>Gesch\u00e4ftsf\u00fchrerin:&nbsp;Dipl.- Ing. In\u00e8s Hellwig<\/p>\n\n\n\n<p>Gerichtsstand: Steyr<br>UID- Nummer:&nbsp;ATU 67874801<\/p>\n\n\n\n<p>Rechtsform: Einzelunternehmen<\/p>\n\n\n\n<p>Information lt. \u00a7 5 E- Commerce Gesetz<\/p>\n\n\n\n<p>Inhalt: Webauftritt Solnhofener Natursteinparadies<br>Verantwortlich im Sinne des Pressegesetzes f\u00fcr den Inhalt dieser Internetpr\u00e4senz: In\u00e8s Hellwig<\/p>\n\n\n\n<p><strong>Wir erkennen den Internet Ombudsmann zur au\u00dfergerichtlichen Streitschlichtung an:&nbsp;<\/strong><a href=\"http:\/\/www.ombudsmann.at\/\" target=\"_blank\" rel=\"noreferrer noopener\">www.ombudsmann.at<\/a><\/p>\n\n\n\n<h5 class=\"wp-block-heading\"><strong>Kontakt<\/strong><\/h5>\n\n\n\n<p>Sie erreichen uns werktags von 10:00 Uhr bis 20:00 Uhr unter der Telefonnummer:<br>+49 170 582 59 51 (Gerne rufen wir Sie auch zur\u00fcck!) sowie per&nbsp;<a href=\"https:\/\/solnhofener-natursteinparadies.com\/kontakt\/\">E-Mail<\/a>.<\/p>\n\n\n\n<h5 class=\"wp-block-heading\"><strong>Externe Links<\/strong><\/h5>\n\n\n\n<p>Alle Links auf externe Seiten wurden von uns bei Erstellung der Seite sorgf\u00e4ltig gepr\u00fcft.<br>M\u00f6gliche Rechtsverst\u00f6\u00dfe waren zum Zeitpunkt der Verlinkung nicht erkennbar. Wir haben keinen Einfluss auf die Inhalte verlinkter Seiten. Hierf\u00fcr ist der jeweilige Dienstanbieter verantwortlich. Sollten rechtswidrige Seiten \u00fcber die Hyperlinks abrufbar sein, bitten wir um Mitteilung an&nbsp;<a href=\"mailto:info@pierres-de-solnhofen.com\">info@pierres-de-solnhofen.com<\/a>&nbsp;oder an<br><a href=\"mailto:info@solnhofener-natursteinparadies.com\">info@solnhofener-natursteinparadies.com<\/a>. Wir werden dies umgehend \u00fcberpr\u00fcfen und die Links ggf. entfernen.<\/p>\n\n\n\n<h5 class=\"wp-block-heading\"><strong>Haftung<\/strong><\/h5>\n\n\n\n<p>Trotz sorgf\u00e4ltiger inhaltlicher Kontrolle \u00fcbernehmen wir keine Haftung f\u00fcr die Inhalte externer Links. F\u00fcr den Inhalt der verlinkten Seiten sind ausschlie\u00dflich deren Betreiber verantwortlich.<\/p>\n\n\n\n<h5 class=\"wp-block-heading\"><strong>Copyright \u00a9<\/strong><\/h5>\n\n\n\n<p>Vervielf\u00e4ltigungen jeder Art sind nur mit ausdr\u00fccklicher Genehmigung des Unternehmens gestattet. Die Aufnahme in Online-Dienste und Internet, sowie die Vervielf\u00e4ltigung auf Datentr\u00e4ger d\u00fcrfen nur, nach vorheriger schriftlicher Zustimmung des Unternehmens erfolgen.<\/p>\n\n\n\n<h5 class=\"wp-block-heading\"><strong>Datenschutzerkl\u00e4rung<\/strong><\/h5>\n\n\n\n<p>Wir respektieren und sch\u00fctzen Ihre Privatsph\u00e4re und betreiben aktiven Datenschutz. Grunds\u00e4tzlich k\u00f6nnen Sie unsere Internetseiten aufrufen, ohne Angaben zu Ihrer Person machen zu m\u00fcssen. Die, im Zuge einer Bestellung oder Anfrage von Ihnen eingegebenen, Daten werden ausschlie\u00dflich zum Zweck der Gesch\u00e4ftsabwicklung, des Warenversands und der Pflege der Kundenbeziehungen unter Beachtung der einschl\u00e4gigen Vorschriften der Bundesdatenschutzgesetze und des Teledienstdatenschutzgesetzes gespeichert und verarbeitet. <\/p>\n\n\n\n<p>Ihre Daten werden nicht an Dritte weitergegeben. Hiervon ausgenommen sind unsere Dienstleistungspartner, die zur Gesch\u00e4ftsabwicklung die \u00dcbermittlung von Daten ben\u00f6tigen (z.B. Versandunternehmen). Der Umfang der \u00fcbermittelten Daten beschr\u00e4nkt sich auf das absolut erforderliche Minimum. Telefonnummern, Email Adressen und Bankdaten werden unter keinen Umst\u00e4nden Dritten zug\u00e4nglich gemacht.<\/p>\n\n\n\n<p>Wir sichern unsere Website und sonstigen Systeme durch technische und organisatorische Ma\u00dfnahmen gegen Verlust, Zerst\u00f6rung, Zugriff, Ver\u00e4nderung oder Verbreitung Ihrer Daten durch unbefugte Personen. Trotz regelm\u00e4\u00dfiger Kontrollen ist ein vollst\u00e4ndiger Schutz gegen alle Gefahren jedoch nicht m\u00f6glich.<\/p>\n\n\n\n<p>Sie haben jederzeit das Recht auf kostenlose Auskunft, welche Daten \u00fcber Sie gespeichert sind, sowie \u00fcber die Berichtigung, Sperrung und L\u00f6schung Ihrer gespeicherten Daten. Ihr Ansprechpartner f\u00fcr den Datenschutz ist:<\/p>\n\n\n\n<p>Dipl.- Ing. In\u00e8s Hellwig, Solnhofener Natursteinparadies<br>Kirchengasse 8, A- 4400 Steyr<br>Tel.: +49 170 582 59 51<br>E-Mail:&nbsp;<a href=\"mailto:info@solnhofener-natursteinparadies.com\">info@solnhofener-natursteinparadies.com<\/a> oder <a href=\"mailto:info@pierres-de-solnhofen.com\">info@pierres-de-solnhofen.com<\/a><\/p>\n","protected":false},"excerpt":{"rendered":"<p>Solnhofener Natursteinparadies Firmensitz Kirchengasse 8A- 4400 SteyrTel.: +49 170 582 59 51 Email info@pierres-de-solnhofen.com oder info@solnhofener-natursteinparadies.com Internet www.pierres-de-solnhofen.com oder www.solnhofener-natursteinparadies.com Gesch\u00e4ftsf\u00fchrerin:&nbsp;Dipl.- Ing. In\u00e8s Hellwig Gerichtsstand: SteyrUID- Nummer:&nbsp;ATU 67874801 Rechtsform: Einzelunternehmen Information lt. \u00a7 5 E- Commerce Gesetz Inhalt: Webauftritt Solnhofener NatursteinparadiesVerantwortlich im Sinne des Pressegesetzes f\u00fcr den Inhalt dieser Internetpr\u00e4senz: In\u00e8s Hellwig Wir erkennen den &#8230; <a title=\"Impressum &amp; Datenschutz\" class=\"read-more\" href=\"https:\/\/solnhofener-natursteinparadies.com\/2025\/impressum\/\" aria-label=\"Mehr Informationen \u00fcber Impressum &amp; Datenschutz\">Weiterlesen &#8230;<\/a><\/p>\n","protected":false},"author":1,"featured_media":0,"parent":0,"menu_order":403,"comment_status":"closed","ping_status":"closed","template":"","meta":{"ngg_post_thumbnail":0,"footnotes":""},"class_list":["post-43","page","type-page","status-publish"],"yoast_head":"<!-- This site is optimized with the Yoast SEO plugin v27.4 - https:\/\/yoast.com\/product\/yoast-seo-wordpress\/ -->\n<title>Impressum &amp; Datenschutz - Solnhofener Natursteinparadies<\/title>\n<meta name=\"robots\" content=\"index, follow, max-snippet:-1, max-image-preview:large, max-video-preview:-1\" \/>\n<link rel=\"canonical\" href=\"https:\/\/solnhofener-natursteinparadies.com\/2025\/impressum\/\" \/>\n<meta property=\"og:locale\" content=\"de_DE\" \/>\n<meta property=\"og:type\" content=\"article\" \/>\n<meta property=\"og:title\" content=\"Impressum &amp; Datenschutz - Solnhofener Natursteinparadies\" \/>\n<meta property=\"og:description\" content=\"Solnhofener Natursteinparadies Firmensitz Kirchengasse 8A- 4400 SteyrTel.: +49 170 582 59 51 Email info@pierres-de-solnhofen.com oder info@solnhofener-natursteinparadies.com Internet www.pierres-de-solnhofen.com oder www.solnhofener-natursteinparadies.com Gesch\u00e4ftsf\u00fchrerin:&nbsp;Dipl.- Ing. In\u00e8s Hellwig Gerichtsstand: SteyrUID- Nummer:&nbsp;ATU 67874801 Rechtsform: Einzelunternehmen Information lt. \u00a7 5 E- Commerce Gesetz Inhalt: Webauftritt Solnhofener NatursteinparadiesVerantwortlich im Sinne des Pressegesetzes f\u00fcr den Inhalt dieser Internetpr\u00e4senz: In\u00e8s Hellwig Wir erkennen den ... Weiterlesen ...\" \/>\n<meta property=\"og:url\" content=\"https:\/\/solnhofener-natursteinparadies.com\/2025\/impressum\/\" \/>\n<meta property=\"og:site_name\" content=\"Solnhofener Natursteinparadies\" \/>\n<meta property=\"article:modified_time\" content=\"2025-07-27T12:01:10+00:00\" \/>\n<meta name=\"twitter:card\" content=\"summary_large_image\" \/>\n<meta name=\"twitter:label1\" content=\"Gesch\u00e4tzte Lesezeit\" \/>\n\t<meta name=\"twitter:data1\" content=\"3\u00a0Minuten\" \/>\n<script type=\"application\/ld+json\" class=\"yoast-schema-graph\">{\"@context\":\"https:\\\/\\\/schema.org\",\"@graph\":[{\"@type\":\"WebPage\",\"@id\":\"https:\\\/\\\/solnhofener-natursteinparadies.com\\\/2025\\\/impressum\\\/\",\"url\":\"https:\\\/\\\/solnhofener-natursteinparadies.com\\\/2025\\\/impressum\\\/\",\"name\":\"Impressum &amp; Datenschutz - Solnhofener Natursteinparadies\",\"isPartOf\":{\"@id\":\"https:\\\/\\\/solnhofener-natursteinparadies.com\\\/2025\\\/#website\"},\"datePublished\":\"2025-06-19T17:27:48+00:00\",\"dateModified\":\"2025-07-27T12:01:10+00:00\",\"breadcrumb\":{\"@id\":\"https:\\\/\\\/solnhofener-natursteinparadies.com\\\/2025\\\/impressum\\\/#breadcrumb\"},\"inLanguage\":\"de\",\"potentialAction\":[{\"@type\":\"ReadAction\",\"target\":[\"https:\\\/\\\/solnhofener-natursteinparadies.com\\\/2025\\\/impressum\\\/\"]}]},{\"@type\":\"BreadcrumbList\",\"@id\":\"https:\\\/\\\/solnhofener-natursteinparadies.com\\\/2025\\\/impressum\\\/#breadcrumb\",\"itemListElement\":[{\"@type\":\"ListItem\",\"position\":1,\"name\":\"Startseite\",\"item\":\"https:\\\/\\\/solnhofener-natursteinparadies.com\\\/2025\\\/\"},{\"@type\":\"ListItem\",\"position\":2,\"name\":\"Impressum &amp; Datenschutz\"}]},{\"@type\":\"WebSite\",\"@id\":\"https:\\\/\\\/solnhofener-natursteinparadies.com\\\/2025\\\/#website\",\"url\":\"https:\\\/\\\/solnhofener-natursteinparadies.com\\\/2025\\\/\",\"name\":\"Solnhofener Natursteinparadies\",\"description\":\"\",\"publisher\":{\"@id\":\"https:\\\/\\\/solnhofener-natursteinparadies.com\\\/2025\\\/#organization\"},\"potentialAction\":[{\"@type\":\"SearchAction\",\"target\":{\"@type\":\"EntryPoint\",\"urlTemplate\":\"https:\\\/\\\/solnhofener-natursteinparadies.com\\\/2025\\\/?s={search_term_string}\"},\"query-input\":{\"@type\":\"PropertyValueSpecification\",\"valueRequired\":true,\"valueName\":\"search_term_string\"}}],\"inLanguage\":\"de\"},{\"@type\":\"Organization\",\"@id\":\"https:\\\/\\\/solnhofener-natursteinparadies.com\\\/2025\\\/#organization\",\"name\":\"Solnhofener Natursteinparadies\",\"url\":\"https:\\\/\\\/solnhofener-natursteinparadies.com\\\/2025\\\/\",\"logo\":{\"@type\":\"ImageObject\",\"inLanguage\":\"de\",\"@id\":\"https:\\\/\\\/solnhofener-natursteinparadies.com\\\/2025\\\/#\\\/schema\\\/logo\\\/image\\\/\",\"url\":\"https:\\\/\\\/solnhofener-natursteinparadies.com\\\/2025\\\/wp-content\\\/uploads\\\/2025\\\/06\\\/header-3.jpg\",\"contentUrl\":\"https:\\\/\\\/solnhofener-natursteinparadies.com\\\/2025\\\/wp-content\\\/uploads\\\/2025\\\/06\\\/header-3.jpg\",\"width\":1200,\"height\":230,\"caption\":\"Solnhofener Natursteinparadies\"},\"image\":{\"@id\":\"https:\\\/\\\/solnhofener-natursteinparadies.com\\\/2025\\\/#\\\/schema\\\/logo\\\/image\\\/\"}}]}<\/script>\n<!-- \/ Yoast SEO plugin. -->","yoast_head_json":{"title":"Impressum &amp; Datenschutz - Solnhofener Natursteinparadies","robots":{"index":"index","follow":"follow","max-snippet":"max-snippet:-1","max-image-preview":"max-image-preview:large","max-video-preview":"max-video-preview:-1"},"canonical":"https:\/\/solnhofener-natursteinparadies.com\/2025\/impressum\/","og_locale":"de_DE","og_type":"article","og_title":"Impressum &amp; Datenschutz - Solnhofener Natursteinparadies","og_description":"Solnhofener Natursteinparadies Firmensitz Kirchengasse 8A- 4400 SteyrTel.: +49 170 582 59 51 Email info@pierres-de-solnhofen.com oder info@solnhofener-natursteinparadies.com Internet www.pierres-de-solnhofen.com oder www.solnhofener-natursteinparadies.com Gesch\u00e4ftsf\u00fchrerin:&nbsp;Dipl.- Ing. In\u00e8s Hellwig Gerichtsstand: SteyrUID- Nummer:&nbsp;ATU 67874801 Rechtsform: Einzelunternehmen Information lt. \u00a7 5 E- Commerce Gesetz Inhalt: Webauftritt Solnhofener NatursteinparadiesVerantwortlich im Sinne des Pressegesetzes f\u00fcr den Inhalt dieser Internetpr\u00e4senz: In\u00e8s Hellwig Wir erkennen den ... Weiterlesen ...","og_url":"https:\/\/solnhofener-natursteinparadies.com\/2025\/impressum\/","og_site_name":"Solnhofener Natursteinparadies","article_modified_time":"2025-07-27T12:01:10+00:00","twitter_card":"summary_large_image","twitter_misc":{"Gesch\u00e4tzte Lesezeit":"3\u00a0Minuten"},"schema":{"@context":"https:\/\/schema.org","@graph":[{"@type":"WebPage","@id":"https:\/\/solnhofener-natursteinparadies.com\/2025\/impressum\/","url":"https:\/\/solnhofener-natursteinparadies.com\/2025\/impressum\/","name":"Impressum &amp; Datenschutz - Solnhofener Natursteinparadies","isPartOf":{"@id":"https:\/\/solnhofener-natursteinparadies.com\/2025\/#website"},"datePublished":"2025-06-19T17:27:48+00:00","dateModified":"2025-07-27T12:01:10+00:00","breadcrumb":{"@id":"https:\/\/solnhofener-natursteinparadies.com\/2025\/impressum\/#breadcrumb"},"inLanguage":"de","potentialAction":[{"@type":"ReadAction","target":["https:\/\/solnhofener-natursteinparadies.com\/2025\/impressum\/"]}]},{"@type":"BreadcrumbList","@id":"https:\/\/solnhofener-natursteinparadies.com\/2025\/impressum\/#breadcrumb","itemListElement":[{"@type":"ListItem","position":1,"name":"Startseite","item":"https:\/\/solnhofener-natursteinparadies.com\/2025\/"},{"@type":"ListItem","position":2,"name":"Impressum &amp; Datenschutz"}]},{"@type":"WebSite","@id":"https:\/\/solnhofener-natursteinparadies.com\/2025\/#website","url":"https:\/\/solnhofener-natursteinparadies.com\/2025\/","name":"Solnhofener Natursteinparadies","description":"","publisher":{"@id":"https:\/\/solnhofener-natursteinparadies.com\/2025\/#organization"},"potentialAction":[{"@type":"SearchAction","target":{"@type":"EntryPoint","urlTemplate":"https:\/\/solnhofener-natursteinparadies.com\/2025\/?s={search_term_string}"},"query-input":{"@type":"PropertyValueSpecification","valueRequired":true,"valueName":"search_term_string"}}],"inLanguage":"de"},{"@type":"Organization","@id":"https:\/\/solnhofener-natursteinparadies.com\/2025\/#organization","name":"Solnhofener Natursteinparadies","url":"https:\/\/solnhofener-natursteinparadies.com\/2025\/","logo":{"@type":"ImageObject","inLanguage":"de","@id":"https:\/\/solnhofener-natursteinparadies.com\/2025\/#\/schema\/logo\/image\/","url":"https:\/\/solnhofener-natursteinparadies.com\/2025\/wp-content\/uploads\/2025\/06\/header-3.jpg","contentUrl":"https:\/\/solnhofener-natursteinparadies.com\/2025\/wp-content\/uploads\/2025\/06\/header-3.jpg","width":1200,"height":230,"caption":"Solnhofener Natursteinparadies"},"image":{"@id":"https:\/\/solnhofener-natursteinparadies.com\/2025\/#\/schema\/logo\/image\/"}}]}},"jetpack_sharing_enabled":true,"_links":{"self":[{"href":"https:\/\/solnhofener-natursteinparadies.com\/2025\/wp-json\/wp\/v2\/pages\/43","targetHints":{"allow":["GET"]}}],"collection":[{"href":"https:\/\/solnhofener-natursteinparadies.com\/2025\/wp-json\/wp\/v2\/pages"}],"about":[{"href":"https:\/\/solnhofener-natursteinparadies.com\/2025\/wp-json\/wp\/v2\/types\/page"}],"author":[{"embeddable":true,"href":"https:\/\/solnhofener-natursteinparadies.com\/2025\/wp-json\/wp\/v2\/users\/1"}],"replies":[{"embeddable":true,"href":"https:\/\/solnhofener-natursteinparadies.com\/2025\/wp-json\/wp\/v2\/comments?post=43"}],"version-history":[{"count":6,"href":"https:\/\/solnhofener-natursteinparadies.com\/2025\/wp-json\/wp\/v2\/pages\/43\/revisions"}],"predecessor-version":[{"id":1743,"href":"https:\/\/solnhofener-natursteinparadies.com\/2025\/wp-json\/wp\/v2\/pages\/43\/revisions\/1743"}],"wp:attachment":[{"href":"https:\/\/solnhofener-natursteinparadies.com\/2025\/wp-json\/wp\/v2\/media?parent=43"}],"curies":[{"name":"wp","href":"https:\/\/api.w.org\/{rel}","templated":true}]}}