{"id":47,"date":"2025-06-19T19:35:50","date_gmt":"2025-06-19T17:35:50","guid":{"rendered":"https:\/\/solnhofener-natursteinparadies.com\/2025\/?page_id=47"},"modified":"2025-07-27T13:42:26","modified_gmt":"2025-07-27T11:42:26","slug":"kontakt","status":"publish","type":"page","link":"https:\/\/solnhofener-natursteinparadies.com\/2025\/kontakt\/","title":{"rendered":"Kontakt"},"content":{"rendered":"\n<h1 class=\"wp-block-heading\">Kontakt<\/h1>\n\n\n\n<div class=\"wp-block-media-text is-stacked-on-mobile\" style=\"grid-template-columns:15% auto\"><figure class=\"wp-block-media-text__media\"><a href=\"tel:+491705825951\"><img loading=\"lazy\" decoding=\"async\" width=\"632\" height=\"640\" src=\"https:\/\/solnhofener-natursteinparadies.com\/2025\/wp-content\/uploads\/2025\/07\/telefon.jpg\" alt=\"\" class=\"wp-image-1632 size-full\" srcset=\"https:\/\/solnhofener-natursteinparadies.com\/2025\/wp-content\/uploads\/2025\/07\/telefon.jpg 632w, https:\/\/solnhofener-natursteinparadies.com\/2025\/wp-content\/uploads\/2025\/07\/telefon-296x300.jpg 296w\" sizes=\"auto, (max-width: 632px) 100vw, 632px\" \/><\/a><\/figure><div class=\"wp-block-media-text__content\">\n<p><\/p>\n\n\n\n<p><strong>1)<\/strong> Sie erreichen uns Mo &#8211; Fr von 10.00 bis 20.00 Uhr unter der Telefonnummer<\/p>\n\n\n\n<p><strong>+49 170 582 59 51<\/strong> (Gerne rufen wir Sie auch zur\u00fcck)<\/p>\n<\/div><\/div>\n\n\n\n<hr class=\"wp-block-separator has-alpha-channel-opacity\"\/>\n\n\n\n<div class=\"wp-block-media-text is-stacked-on-mobile\" style=\"grid-template-columns:15% auto\"><figure class=\"wp-block-media-text__media\"><a href=\"mailto:info@solnhofener-natursteinparadies.com\"><img loading=\"lazy\" decoding=\"async\" width=\"632\" height=\"640\" src=\"https:\/\/solnhofener-natursteinparadies.com\/2025\/wp-content\/uploads\/2025\/07\/mail.jpg\" alt=\"\" class=\"wp-image-1634 size-full\" srcset=\"https:\/\/solnhofener-natursteinparadies.com\/2025\/wp-content\/uploads\/2025\/07\/mail.jpg 632w, https:\/\/solnhofener-natursteinparadies.com\/2025\/wp-content\/uploads\/2025\/07\/mail-296x300.jpg 296w\" sizes=\"auto, (max-width: 632px) 100vw, 632px\" \/><\/a><\/figure><div class=\"wp-block-media-text__content\">\n<p><\/p>\n\n\n\n<p><strong>2)<\/strong> T\u00e4glich 24h per Mail <strong><a href=\"mailto:info@pierres-de-solnhofen.com\">info@pierres-de-solnhofen.com<\/a><\/strong><\/p>\n\n\n\n<p>oder <strong><a href=\"mailto:info@solnhofener-natursteinparadies.com\">info@solnhofener-natursteinparadies.com<\/a><\/strong><\/p>\n<\/div><\/div>\n\n\n\n<hr class=\"wp-block-separator has-alpha-channel-opacity\"\/>\n\n\n\n<div class=\"wp-block-media-text is-stacked-on-mobile\" style=\"grid-template-columns:15% auto\"><figure class=\"wp-block-media-text__media\"><a href=\"https:\/\/wa.me\/491705825951\"><img loading=\"lazy\" decoding=\"async\" width=\"632\" height=\"640\" src=\"https:\/\/solnhofener-natursteinparadies.com\/2025\/wp-content\/uploads\/2025\/07\/whatsapp.jpg\" alt=\"\" class=\"wp-image-1633 size-full\" srcset=\"https:\/\/solnhofener-natursteinparadies.com\/2025\/wp-content\/uploads\/2025\/07\/whatsapp.jpg 632w, https:\/\/solnhofener-natursteinparadies.com\/2025\/wp-content\/uploads\/2025\/07\/whatsapp-296x300.jpg 296w\" sizes=\"auto, (max-width: 632px) 100vw, 632px\" \/><\/a><\/figure><div class=\"wp-block-media-text__content\">\n<p><\/p>\n\n\n\n<p><strong>3) <\/strong>T\u00e4glich 24h \u00fcber WhatsApp <strong><a href=\"https:\/\/wa.me\/491705825951\">+49 170 582 59 51<\/a><\/strong><\/p>\n\n\n\n<p>Wir melden uns dann bei Ihnen<\/p>\n<\/div><\/div>\n\n\n\n<p><\/p>\n\n\n\n<p>Gerne lassen wir&nbsp;Ihnen zeitnah ein Angebot zukommen!<\/p>\n\n\n\n<p><\/p>\n","protected":false},"excerpt":{"rendered":"<p>Kontakt 1) Sie erreichen uns Mo &#8211; Fr von 10.00 bis 20.00 Uhr unter der Telefonnummer +49 170 582 59 51 (Gerne rufen wir Sie auch zur\u00fcck) 2) T\u00e4glich 24h per Mail info@pierres-de-solnhofen.com oder info@solnhofener-natursteinparadies.com 3) T\u00e4glich 24h \u00fcber WhatsApp +49 170 582 59 51 Wir melden uns dann bei Ihnen Gerne lassen wir&nbsp;Ihnen zeitnah &#8230; <a title=\"Kontakt\" class=\"read-more\" href=\"https:\/\/solnhofener-natursteinparadies.com\/2025\/kontakt\/\" aria-label=\"Mehr Informationen \u00fcber Kontakt\">Weiterlesen &#8230;<\/a><\/p>\n","protected":false},"author":1,"featured_media":0,"parent":0,"menu_order":402,"comment_status":"closed","ping_status":"closed","template":"","meta":{"ngg_post_thumbnail":0,"footnotes":""},"class_list":["post-47","page","type-page","status-publish"],"yoast_head":"<!-- This site is optimized with the Yoast SEO plugin v27.4 - https:\/\/yoast.com\/product\/yoast-seo-wordpress\/ -->\n<title>Kontakt - Solnhofener Natursteinparadies<\/title>\n<meta name=\"description\" content=\"Kontakt - Solnhofener Natursteinparadies - Gerne lassen wir\u00a0Ihnen zeitnah ein Angebot zukommen - schreiben Sie uns\" \/>\n<meta name=\"robots\" content=\"index, follow, max-snippet:-1, max-image-preview:large, max-video-preview:-1\" \/>\n<link rel=\"canonical\" href=\"https:\/\/solnhofener-natursteinparadies.com\/2025\/kontakt\/\" \/>\n<meta property=\"og:locale\" content=\"de_DE\" \/>\n<meta property=\"og:type\" content=\"article\" \/>\n<meta property=\"og:title\" content=\"Kontakt - Solnhofener Natursteinparadies\" \/>\n<meta property=\"og:description\" content=\"Kontakt - Solnhofener Natursteinparadies - Gerne lassen wir\u00a0Ihnen zeitnah ein Angebot zukommen - schreiben Sie uns\" \/>\n<meta property=\"og:url\" content=\"https:\/\/solnhofener-natursteinparadies.com\/2025\/kontakt\/\" \/>\n<meta property=\"og:site_name\" content=\"Solnhofener Natursteinparadies\" \/>\n<meta property=\"article:modified_time\" content=\"2025-07-27T11:42:26+00:00\" \/>\n<meta property=\"og:image\" content=\"https:\/\/solnhofener-natursteinparadies.com\/2025\/wp-content\/uploads\/2025\/07\/telefon.jpg\" \/>\n\t<meta property=\"og:image:width\" content=\"632\" \/>\n\t<meta property=\"og:image:height\" content=\"640\" \/>\n\t<meta property=\"og:image:type\" content=\"image\/jpeg\" \/>\n<meta name=\"twitter:card\" content=\"summary_large_image\" \/>\n<meta name=\"twitter:label1\" content=\"Gesch\u00e4tzte Lesezeit\" \/>\n\t<meta name=\"twitter:data1\" content=\"1\u00a0Minute\" \/>\n<script type=\"application\/ld+json\" class=\"yoast-schema-graph\">{\"@context\":\"https:\\\/\\\/schema.org\",\"@graph\":[{\"@type\":\"WebPage\",\"@id\":\"https:\\\/\\\/solnhofener-natursteinparadies.com\\\/2025\\\/kontakt\\\/\",\"url\":\"https:\\\/\\\/solnhofener-natursteinparadies.com\\\/2025\\\/kontakt\\\/\",\"name\":\"Kontakt - Solnhofener Natursteinparadies\",\"isPartOf\":{\"@id\":\"https:\\\/\\\/solnhofener-natursteinparadies.com\\\/2025\\\/#website\"},\"primaryImageOfPage\":{\"@id\":\"https:\\\/\\\/solnhofener-natursteinparadies.com\\\/2025\\\/kontakt\\\/#primaryimage\"},\"image\":{\"@id\":\"https:\\\/\\\/solnhofener-natursteinparadies.com\\\/2025\\\/kontakt\\\/#primaryimage\"},\"thumbnailUrl\":\"https:\\\/\\\/solnhofener-natursteinparadies.com\\\/2025\\\/wp-content\\\/uploads\\\/2025\\\/07\\\/telefon.jpg\",\"datePublished\":\"2025-06-19T17:35:50+00:00\",\"dateModified\":\"2025-07-27T11:42:26+00:00\",\"description\":\"Kontakt - Solnhofener Natursteinparadies - Gerne lassen wir\u00a0Ihnen zeitnah ein Angebot zukommen - schreiben Sie uns\",\"breadcrumb\":{\"@id\":\"https:\\\/\\\/solnhofener-natursteinparadies.com\\\/2025\\\/kontakt\\\/#breadcrumb\"},\"inLanguage\":\"de\",\"potentialAction\":[{\"@type\":\"ReadAction\",\"target\":[\"https:\\\/\\\/solnhofener-natursteinparadies.com\\\/2025\\\/kontakt\\\/\"]}]},{\"@type\":\"ImageObject\",\"inLanguage\":\"de\",\"@id\":\"https:\\\/\\\/solnhofener-natursteinparadies.com\\\/2025\\\/kontakt\\\/#primaryimage\",\"url\":\"https:\\\/\\\/solnhofener-natursteinparadies.com\\\/2025\\\/wp-content\\\/uploads\\\/2025\\\/07\\\/telefon.jpg\",\"contentUrl\":\"https:\\\/\\\/solnhofener-natursteinparadies.com\\\/2025\\\/wp-content\\\/uploads\\\/2025\\\/07\\\/telefon.jpg\",\"width\":632,\"height\":640},{\"@type\":\"BreadcrumbList\",\"@id\":\"https:\\\/\\\/solnhofener-natursteinparadies.com\\\/2025\\\/kontakt\\\/#breadcrumb\",\"itemListElement\":[{\"@type\":\"ListItem\",\"position\":1,\"name\":\"Startseite\",\"item\":\"https:\\\/\\\/solnhofener-natursteinparadies.com\\\/2025\\\/\"},{\"@type\":\"ListItem\",\"position\":2,\"name\":\"Kontakt\"}]},{\"@type\":\"WebSite\",\"@id\":\"https:\\\/\\\/solnhofener-natursteinparadies.com\\\/2025\\\/#website\",\"url\":\"https:\\\/\\\/solnhofener-natursteinparadies.com\\\/2025\\\/\",\"name\":\"Solnhofener Natursteinparadies\",\"description\":\"\",\"publisher\":{\"@id\":\"https:\\\/\\\/solnhofener-natursteinparadies.com\\\/2025\\\/#organization\"},\"potentialAction\":[{\"@type\":\"SearchAction\",\"target\":{\"@type\":\"EntryPoint\",\"urlTemplate\":\"https:\\\/\\\/solnhofener-natursteinparadies.com\\\/2025\\\/?s={search_term_string}\"},\"query-input\":{\"@type\":\"PropertyValueSpecification\",\"valueRequired\":true,\"valueName\":\"search_term_string\"}}],\"inLanguage\":\"de\"},{\"@type\":\"Organization\",\"@id\":\"https:\\\/\\\/solnhofener-natursteinparadies.com\\\/2025\\\/#organization\",\"name\":\"Solnhofener Natursteinparadies\",\"url\":\"https:\\\/\\\/solnhofener-natursteinparadies.com\\\/2025\\\/\",\"logo\":{\"@type\":\"ImageObject\",\"inLanguage\":\"de\",\"@id\":\"https:\\\/\\\/solnhofener-natursteinparadies.com\\\/2025\\\/#\\\/schema\\\/logo\\\/image\\\/\",\"url\":\"https:\\\/\\\/solnhofener-natursteinparadies.com\\\/2025\\\/wp-content\\\/uploads\\\/2025\\\/06\\\/header-3.jpg\",\"contentUrl\":\"https:\\\/\\\/solnhofener-natursteinparadies.com\\\/2025\\\/wp-content\\\/uploads\\\/2025\\\/06\\\/header-3.jpg\",\"width\":1200,\"height\":230,\"caption\":\"Solnhofener Natursteinparadies\"},\"image\":{\"@id\":\"https:\\\/\\\/solnhofener-natursteinparadies.com\\\/2025\\\/#\\\/schema\\\/logo\\\/image\\\/\"}}]}<\/script>\n<!-- \/ Yoast SEO plugin. -->","yoast_head_json":{"title":"Kontakt - Solnhofener Natursteinparadies","description":"Kontakt - Solnhofener Natursteinparadies - Gerne lassen wir\u00a0Ihnen zeitnah ein Angebot zukommen - schreiben Sie uns","robots":{"index":"index","follow":"follow","max-snippet":"max-snippet:-1","max-image-preview":"max-image-preview:large","max-video-preview":"max-video-preview:-1"},"canonical":"https:\/\/solnhofener-natursteinparadies.com\/2025\/kontakt\/","og_locale":"de_DE","og_type":"article","og_title":"Kontakt - Solnhofener Natursteinparadies","og_description":"Kontakt - Solnhofener Natursteinparadies - Gerne lassen wir\u00a0Ihnen zeitnah ein Angebot zukommen - schreiben Sie uns","og_url":"https:\/\/solnhofener-natursteinparadies.com\/2025\/kontakt\/","og_site_name":"Solnhofener Natursteinparadies","article_modified_time":"2025-07-27T11:42:26+00:00","og_image":[{"width":632,"height":640,"url":"https:\/\/solnhofener-natursteinparadies.com\/2025\/wp-content\/uploads\/2025\/07\/telefon.jpg","type":"image\/jpeg"}],"twitter_card":"summary_large_image","twitter_misc":{"Gesch\u00e4tzte Lesezeit":"1\u00a0Minute"},"schema":{"@context":"https:\/\/schema.org","@graph":[{"@type":"WebPage","@id":"https:\/\/solnhofener-natursteinparadies.com\/2025\/kontakt\/","url":"https:\/\/solnhofener-natursteinparadies.com\/2025\/kontakt\/","name":"Kontakt - Solnhofener Natursteinparadies","isPartOf":{"@id":"https:\/\/solnhofener-natursteinparadies.com\/2025\/#website"},"primaryImageOfPage":{"@id":"https:\/\/solnhofener-natursteinparadies.com\/2025\/kontakt\/#primaryimage"},"image":{"@id":"https:\/\/solnhofener-natursteinparadies.com\/2025\/kontakt\/#primaryimage"},"thumbnailUrl":"https:\/\/solnhofener-natursteinparadies.com\/2025\/wp-content\/uploads\/2025\/07\/telefon.jpg","datePublished":"2025-06-19T17:35:50+00:00","dateModified":"2025-07-27T11:42:26+00:00","description":"Kontakt - Solnhofener Natursteinparadies - Gerne lassen wir\u00a0Ihnen zeitnah ein Angebot zukommen - schreiben Sie uns","breadcrumb":{"@id":"https:\/\/solnhofener-natursteinparadies.com\/2025\/kontakt\/#breadcrumb"},"inLanguage":"de","potentialAction":[{"@type":"ReadAction","target":["https:\/\/solnhofener-natursteinparadies.com\/2025\/kontakt\/"]}]},{"@type":"ImageObject","inLanguage":"de","@id":"https:\/\/solnhofener-natursteinparadies.com\/2025\/kontakt\/#primaryimage","url":"https:\/\/solnhofener-natursteinparadies.com\/2025\/wp-content\/uploads\/2025\/07\/telefon.jpg","contentUrl":"https:\/\/solnhofener-natursteinparadies.com\/2025\/wp-content\/uploads\/2025\/07\/telefon.jpg","width":632,"height":640},{"@type":"BreadcrumbList","@id":"https:\/\/solnhofener-natursteinparadies.com\/2025\/kontakt\/#breadcrumb","itemListElement":[{"@type":"ListItem","position":1,"name":"Startseite","item":"https:\/\/solnhofener-natursteinparadies.com\/2025\/"},{"@type":"ListItem","position":2,"name":"Kontakt"}]},{"@type":"WebSite","@id":"https:\/\/solnhofener-natursteinparadies.com\/2025\/#website","url":"https:\/\/solnhofener-natursteinparadies.com\/2025\/","name":"Solnhofener Natursteinparadies","description":"","publisher":{"@id":"https:\/\/solnhofener-natursteinparadies.com\/2025\/#organization"},"potentialAction":[{"@type":"SearchAction","target":{"@type":"EntryPoint","urlTemplate":"https:\/\/solnhofener-natursteinparadies.com\/2025\/?s={search_term_string}"},"query-input":{"@type":"PropertyValueSpecification","valueRequired":true,"valueName":"search_term_string"}}],"inLanguage":"de"},{"@type":"Organization","@id":"https:\/\/solnhofener-natursteinparadies.com\/2025\/#organization","name":"Solnhofener Natursteinparadies","url":"https:\/\/solnhofener-natursteinparadies.com\/2025\/","logo":{"@type":"ImageObject","inLanguage":"de","@id":"https:\/\/solnhofener-natursteinparadies.com\/2025\/#\/schema\/logo\/image\/","url":"https:\/\/solnhofener-natursteinparadies.com\/2025\/wp-content\/uploads\/2025\/06\/header-3.jpg","contentUrl":"https:\/\/solnhofener-natursteinparadies.com\/2025\/wp-content\/uploads\/2025\/06\/header-3.jpg","width":1200,"height":230,"caption":"Solnhofener Natursteinparadies"},"image":{"@id":"https:\/\/solnhofener-natursteinparadies.com\/2025\/#\/schema\/logo\/image\/"}}]}},"jetpack_sharing_enabled":true,"_links":{"self":[{"href":"https:\/\/solnhofener-natursteinparadies.com\/2025\/wp-json\/wp\/v2\/pages\/47","targetHints":{"allow":["GET"]}}],"collection":[{"href":"https:\/\/solnhofener-natursteinparadies.com\/2025\/wp-json\/wp\/v2\/pages"}],"about":[{"href":"https:\/\/solnhofener-natursteinparadies.com\/2025\/wp-json\/wp\/v2\/types\/page"}],"author":[{"embeddable":true,"href":"https:\/\/solnhofener-natursteinparadies.com\/2025\/wp-json\/wp\/v2\/users\/1"}],"replies":[{"embeddable":true,"href":"https:\/\/solnhofener-natursteinparadies.com\/2025\/wp-json\/wp\/v2\/comments?post=47"}],"version-history":[{"count":12,"href":"https:\/\/solnhofener-natursteinparadies.com\/2025\/wp-json\/wp\/v2\/pages\/47\/revisions"}],"predecessor-version":[{"id":1734,"href":"https:\/\/solnhofener-natursteinparadies.com\/2025\/wp-json\/wp\/v2\/pages\/47\/revisions\/1734"}],"wp:attachment":[{"href":"https:\/\/solnhofener-natursteinparadies.com\/2025\/wp-json\/wp\/v2\/media?parent=47"}],"curies":[{"name":"wp","href":"https:\/\/api.w.org\/{rel}","templated":true}]}}