{"id":49,"date":"2025-06-19T19:36:28","date_gmt":"2025-06-19T17:36:28","guid":{"rendered":"https:\/\/solnhofener-natursteinparadies.com\/2025\/?page_id=49"},"modified":"2025-07-21T13:40:23","modified_gmt":"2025-07-21T11:40:23","slug":"agb","status":"publish","type":"page","link":"https:\/\/solnhofener-natursteinparadies.com\/2025\/agb\/","title":{"rendered":"AGB"},"content":{"rendered":"\n<p><strong>Verkaufs- und Lieferbedingungen<\/strong><\/p>\n\n\n\n<h5 class=\"wp-block-heading\"><strong>1. Preise<\/strong><\/h5>\n\n\n\n<p>Die Preise verstehen sich ohne Verbindlichkeiten in Euro. Angebote gelten vorbehaltlich des endg\u00fcltigen Vertragsabschlusses nur durch unsere schriftliche Auftragsbest\u00e4tigung. Soweit aus Gr\u00fcnden, die wir nicht zu vertreten haben, eine Ver\u00e4nderung der Materialgestehungskosten eintritt, behalten wir uns vor, die Preise entsprechend zu berichtigen. F\u00fcr das vorliegende Gesch\u00e4ft und f\u00fcr alle k\u00fcnftigen Gesch\u00e4fte gelten neben den, im Angebot und in der Auftragsbest\u00e4tigung aufgef\u00fchrten, besonderen Bedingungen, die nachstehenden allgemeinen Liefer- und Zahlungsbedingungen. Entgegenstehende Einkaufsbedingungen sind ung\u00fcltig.<\/p>\n\n\n\n<h5 class=\"wp-block-heading\"><strong>2. Lieferm\u00f6glichkeit<\/strong><\/h5>\n\n\n\n<p>S\u00e4mtliche Bestellungen werden nur unter dem Vorbehalt der Lieferm\u00f6glichkeit angenommen. Ereignisse h\u00f6herer Gewalt, wie Streik, Betriebsstillegung, Betriebsst\u00f6rungen, Wagen- oder Beh\u00e4ltermangel, Bahnsperren, Schwierigkeiten bei den Brucharbeiten, sowie in der Beschaffung des n\u00f6tigen Rohmaterials und sonstige unvorhergesehene F\u00e4lle entbinden uns von den eingegangen Lieferverpflichtungen. Angegebene Lieferzeiten sind nur als ann\u00e4hernd zu betrachten und beginnen erst nach Klarstellung des Auftrages. Selbstverst\u00e4ndlich werden die Lieferzeiten, soweit nur irgend m\u00f6glich, p\u00fcnktlich eingehalten; in dessen bemerken wir ausdr\u00fccklich, da\u00df wir Verzugsstrafen, oder sonstige Anspr\u00fcche wegen versp\u00e4teter Lieferung, grunds\u00e4tzlich ablehnen. Aus einer etwas versp\u00e4teten Lieferung kann nicht das Recht zum R\u00fccktritt vom Vertrag abgeleitet werden. Zwischenverkauf vorbehalten.<\/p>\n\n\n\n<h5 class=\"wp-block-heading\"><strong>3. Verpackung<\/strong><\/h5>\n\n\n\n<p>Einwegpaletten, die billigst berechnet und nicht zur\u00fcckgenommen werden.<\/p>\n\n\n\n<h5 class=\"wp-block-heading\"><strong>4. Versand<\/strong><\/h5>\n\n\n\n<p>Der Versand erfolgt mit internationalen Speditionen.<\/p>\n\n\n\n<h5 class=\"wp-block-heading\"><strong>5. Haftung<\/strong><\/h5>\n\n\n\n<p>Wird bei Ankunft eine Besch\u00e4digung der Sendung festgestellt, ist der Empf\u00e4nger verpflichtet, sich diese sofort auf dem Frachtbrief best\u00e4tigen zu lassen. Bei Versand mittels Lkw ist ein Protokoll aufzunehmen, in welchem der Umfang der Besch\u00e4digung genau verzeichnet ist. Dieses Protokoll ist vom Fahrer zu unterzeichnen.<\/p>\n\n\n\n<h5 class=\"wp-block-heading\"><strong>6. Materialbeschaffenheit<\/strong><\/h5>\n\n\n\n<p>Bemusterungen sind unverbindlich und zeigen nur das allgemeine Aussehen des Steines. Kleine Handmuster stehen jederzeit f\u00fcr \u20ac 15,00 zzgl. 20% MwSt. \u00d6sterreich&nbsp;und Versand zur Verf\u00fcgung. Der Betrag wird bei gr\u00f6\u00dferer Auftragserteilung r\u00fcckverg\u00fctet. Kleine Steinmuster k\u00f6nnen allerdings niemals alle Eigenschaften und Unterschiede in Farbe, Zeichnung, Struktur, Gef\u00fcge und Sch\u00f6nheit des Natursteins in sich vereinen. F\u00fcr die, bei Naturstein vorkommenden, Farbunterschiede, Tr\u00fcbungen, Aderungen usw., ferner f\u00fcr Naturfehler wie Poren, offene Stellen, Einsperrungen, Risse, Quarzadern usw. wird keine Haftung \u00fcbernommen, wie sie auch keineswegs eine Wertminderung des Steines bedeuten. Bei Natursteinplatten, wie z.B. Solnhofener Platten, sind betreffs der Dickesortierungen 10% Toleranz vorgesehen und notwendig.<\/p>\n\n\n\n<h5 class=\"wp-block-heading\"><strong>7.<\/strong>&nbsp;<strong>Bestellungen<\/strong><\/h5>\n\n\n\n<p>Nach Pl\u00e4nen und Skizzen m\u00fcssen die genaue St\u00fcckzahl und Gr\u00f6\u00dfe der gew\u00fcnschten Platten enthalten, da wir ohne diese Angaben keine Haftung f\u00fcr deren Richtigkeit \u00fcbernehmen k\u00f6nnen.<\/p>\n\n\n\n<h5 class=\"wp-block-heading\"><strong>8. Beanstandungen<\/strong><\/h5>\n\n\n\n<p>Finden nur Ber\u00fccksichtigung, wenn sie innerhalb von 8 Tagen nach Empfang der Ware vorgebracht werden. Ungeachtet etwaiger Beanstandungen sind unsere Rechnungen am F\u00e4lligkeitstag in vereinbarter Weise zahlbar. Der Besteller hat seine, ihm wegen angeblicher M\u00e4ngel zustehenden, Rechte gesondert geltend zu machen. Auch im Falle einer berechtigten Beanstandung werden Anspr\u00fcche wegen ausgefallener L\u00f6hne, entgangenen Gewinnes oder dergleichen, von uns abgelehnt. Die Pr\u00fcfung der Ware hat stets vor dem Verlegen stattzufinden. Reklamationen, bei bereits verlegtem Material, k\u00f6nnen auf keinen Fall anerkannt werden. Solnhofener Platten sind, wie auch andere Kalksteine, nicht vollkommen frostbest\u00e4ndig (VOB DIN 18332).<\/p>\n\n\n\n<h5 class=\"wp-block-heading\"><strong>9.<\/strong>&nbsp;<strong>Zahlung<\/strong><\/h5>\n\n\n\n<p>Die Bezahlung erfolgt per Vorkasse.<\/p>\n\n\n\n<h5 class=\"wp-block-heading\"><strong>10.<\/strong>&nbsp;<strong>Erf\u00fcllungsort<\/strong><\/h5>\n\n\n\n<p>f\u00fcr Lieferung und Zahlung gilt \u00d6sterreich. Gerichtsstand ist Steyr. Wir erkennen den Internet Ombudsmann zur au\u00dfergerichtlichen Streitschlichtung an:&nbsp;<a href=\"http:\/\/www.ombudsmann.at\/\" target=\"_blank\" rel=\"noreferrer noopener\">www.ombudsmann.at<\/a><\/p>\n\n\n\n<h5 class=\"wp-block-heading\"><strong>Eigentumsvorbehalt<\/strong><\/h5>\n\n\n\n<p><strong>1.&nbsp;<\/strong>Der K\u00e4ufer erkennt ausdr\u00fccklich an, da\u00df der nachstehende Eigentumsvorbehalt f\u00fcr alle unsere Lieferungen als vereinbart gilt.<\/p>\n\n\n\n<p><strong>2.&nbsp;<\/strong>Wir behalten uns bis zur v\u00f6lligen Bezahlung des Kaufpreises und der etwa anfallenden Zinsen und Kosten das Eigentum an der gelieferten Ware vor. Der Eigentumsvorbehalt bleibt bei Zahlung in Wechseln oder Schecks bis zu deren vollst\u00e4ndigen Einl\u00f6sung bestehen.<\/p>\n\n\n\n<p><strong>3.&nbsp;<\/strong>Solange unser Eigentum nicht erloschen ist, erfolgt jede Weiterver\u00e4u\u00dferung, oder jede Be- oder Verarbeitung durch den K\u00e4ufer, als unseren Beauftragten ohne, da\u00df der K\u00e4ufer daraus eine Forderung gegen uns erlangt.<\/p>\n\n\n\n<p><strong>4.<\/strong>&nbsp;Ver\u00e4u\u00dfert der K\u00e4ufer unsere Ware, oder baut er sie in ein Grundst\u00fcck ein, so tritt er schon im Voraus die ihm aus der Ver\u00e4u\u00dferung, oder dem Einbau entstehende Kaufpreis- oder Werklohnforderung gegen den Dritten mit allen Nebenrechten ab. Der K\u00e4ufer hat uns hier\u00fcber unaufgefordert zu unterrichten. Er ist verpflichtet, auf unser Verlangen die Abtretung dem Dritten bekanntzugeben und uns den Nachweis hier\u00fcber zu erbringen. \u00dcbersteigt die abgetretene Forderung unsere Forderung um mehr als 20%, so verpflichten wir uns, dem K\u00e4ufer den \u00fcberschie\u00dfenden Betrag seiner Forderung auf Verlangen freizugeben.<\/p>\n\n\n\n<p><strong>5.&nbsp;<\/strong>Der K\u00e4ufer ist verpflichtet, uns unverz\u00fcglich Zugriffe dritter Personen auf die, unter Eigentumsvorbehalt gelieferten Waren, oder die uns zustehenden Forderungen, anzuzeigen. Er ist ferner verpflichtet, uns auf Verlangen alle Ausk\u00fcnfte und Unterlagen zur Wahrung unserer Rechte zur Verf\u00fcgung zu stellen. Insbesondere hat er uns die Namen und Anschriften der Schuldner abgetretener Forderungen mitzuteilen und den Schuldnern die Abtretung anzuzeigen. Der K\u00e4ufer ist ferner verpflichtet, uns eine Urkunde \u00fcber die Abtretung auszustellen.<\/p>\n\n\n\n<p><strong>6.&nbsp;<\/strong>Der Eigentumsvorbehalt, gem\u00e4\u00df vorstehender Bestimmungen, bleibt auch bestehen, wenn unsere Forderung in eine laufende Rechnung aufgenommen wird, der Saldo gezogen und anerkannt ist.<\/p>\n\n\n\n<p><strong>7.<\/strong>&nbsp;Vor Zahlung f\u00e4lliger Rechnungsbetr\u00e4ge ist der Verk\u00e4ufer zu keiner weiteren Lieferung verpflichtet. Befindet sich der K\u00e4ufer mit einer f\u00e4lligen Zahlung in Verzug, so kann der Verk\u00e4ufer f\u00fcr s\u00e4mtliche, noch ausstehenden, Lieferungen aus allen Abschl\u00fcssen Barzahlung vor Lieferung der Ware verlangen.<\/p>\n\n\n\n<p><strong>8.<\/strong>&nbsp;Die, auf Briefen des Bestellers angegebenen, anders lautenden Bedingungen und Vorschriften haben nur dann G\u00fcltigkeit, wenn sie von uns schriftlich angenommen worden sind. Alle m\u00fcndlichen, fernm\u00fcndlichen und telegrafischen Erkl\u00e4rungen, sowie alle Erkl\u00e4rungen unserer Vertreter und die, von diesen getroffenen, Vereinbarungen bed\u00fcrfen zu ihrer Wirksamkeit unserer schriftlichen Best\u00e4tigung.<\/p>\n\n\n\n<h5 class=\"wp-block-heading\"><strong>Widerrufs- oder R\u00fcckgabebelehrung<\/strong><\/h5>\n\n\n\n<p><strong>R\u00fccknahmebedingungen: Weitere Angaben<\/strong><\/p>\n\n\n\n<p><strong>Widerrufs- oder R\u00fcckgabebelehrung:<\/strong> Verbrauchern steht ein Widerrufsrecht nach folgender Ma\u00dfgabe zu, wobei Verbraucher jede nat\u00fcrliche Person ist, die ein Rechtsgesch\u00e4ft zu einem Zwecke abschlie\u00dft, der weder ihrer gewerblichen, noch ihrer selbst\u00e4ndigen beruflichen T\u00e4tigkeit zugerechnet werden kann: <\/p>\n\n\n\n<p><strong>Widerrufsbelehrung, Widerrufsrecht:<\/strong> Sie k\u00f6nnen Ihre Vertragserkl\u00e4rung innerhalb von 14 Tagen ohne Angabe von Gr\u00fcnden in Textform (z. B. Brief, E-Mail), oder \u2013 wenn Ihnen die Sache vor Fristablauf \u00fcberlassen wird \u2013 durch R\u00fccksendung der Sache widerrufen. Die Frist beginnt nach Erhalt dieser Belehrung in Textform, jedoch nicht vor Eingang der Ware beim Empf\u00e4nger (bei der wiederkehrenden Lieferung gleichartiger Waren nicht vor dem Eingang der ersten Teillieferung) und auch nicht vor Erf\u00fcllung unserer Informationspflichten gem\u00e4\u00df Artikel 246 \u00a7 2 in Verbindung mit \u00a7 1 Abs. 1 und 2 EGBGB, sowie unserer Pflichten gem\u00e4\u00df \u00a7 312e Abs. 1 Satz 1 BGB in Verbindung mit Artikel 246 \u00a7 3 EGBGB. Zur Wahrung der Widerrufsfrist gen\u00fcgt die rechtzeitige Absendung des Widerrufs oder der Sache. <\/p>\n\n\n\n<p>Der Widerruf ist zu richten an: Solnhofener Natursteinparadies, Dipl.-Ing. In\u00e8s Hellwig, Kirchengasse 8, A- 4400 Steyr, Mail:&nbsp;<a href=\"mailto:info@pierres-de-solnhofen.com\">info@pierres-de-solnhofen.com&nbsp;<\/a>oder&nbsp;<a href=\"mailto:info@solnhofener-natursteinparadies.com\">info@solnhofener-natursteinparadies.com<\/a>. <\/p>\n\n\n\n<p><strong>Allgemeine Hinweise:<\/strong> 1. Bitte vermeiden Sie Besch\u00e4digungen und Verunreinigungen der Ware. Senden Sie die Ware bitte m\u00f6glichst in Originalverpackung mit s\u00e4mtlichem Zubeh\u00f6r und mit allen Verpackungsbestandteilen an uns zur\u00fcck. Verwenden Sie ggf. eine sch\u00fctzende Umverpackung. Wenn Sie die Originalverpackung nicht mehr besitzen, sorgen Sie bitte mit einer geeigneten Verpackung f\u00fcr einen ausreichenden Schutz vor Transportsch\u00e4den. 2. Senden Sie die Ware bitte m\u00f6glichst nicht unfrei an uns zur\u00fcck. Wir erstatten Ihnen auch gerne auf Wunsch vorab die Portokosten, sofern diese nicht von Ihnen selbst zu tragen sind. 3. Bitte beachten Sie, dass die vorgenannten Ziffern 1-2 nicht Voraussetzung f\u00fcr die wirksame Aus\u00fcbung des Widerrufsrechts sind.<\/p>\n\n\n\n<p><strong>Widerrufsfolgen:<\/strong> Im Falle eines wirksamen Widerrufs sind die beiderseits empfangenen Leistungen zur\u00fcckzugew\u00e4hren und ggf. gezogene Nutzungen (z. B. Zinsen) herauszugeben. K\u00f6nnen Sie uns die empfangene Leistung ganz, oder teilweise nicht, oder nur in verschlechtertem Zustand zur\u00fcckgew\u00e4hren, m\u00fcssen Sie uns insoweit ggf. Wertersatz leisten. Bei der \u00dcberlassung von Sachen gilt dies nicht, wenn die Verschlechterung der Sache ausschlie\u00dflich auf deren Pr\u00fcfung \u2013 wie sie Ihnen etwa im Ladengesch\u00e4ft m\u00f6glich gewesen w\u00e4re \u2013 zur\u00fcckzuf\u00fchren ist.<\/p>\n\n\n\n<p>Im \u00dcbrigen k\u00f6nnen Sie die Pflicht zum Wertersatz f\u00fcr eine, durch die bestimmungsgem\u00e4\u00dfe Ingebrauchnahme der Sache entstandene, Verschlechterung vermeiden, indem Sie die Sache nicht wie Ihr Eigentum in Gebrauch nehmen und alles unterlassen, was deren Wert beeintr\u00e4chtigt.<\/p>\n\n\n\n<p>Paketversandf\u00e4hige Sachen sind auf unsere Gefahr zur\u00fcckzusenden. Sie haben die Kosten der R\u00fccksendung zu tragen, wenn die gelieferte Ware der Bestellten entspricht und wenn der Preis der zur\u00fcckzusendenden Sache einen Betrag von 40 Euro nicht \u00fcbersteigt, oder wenn Sie bei einem h\u00f6heren Preis der Sache zum Zeitpunkt des Widerrufs noch nicht die Gegenleistung, oder eine vertraglich vereinbarte Teilzahlung erbracht haben. Anderenfalls ist die R\u00fccksendung f\u00fcr Sie kostenfrei.<\/p>\n\n\n\n<p>Nicht paketversandf\u00e4hige Sachen werden bei Ihnen abgeholt. Verpflichtungen zur Erstattung von Zahlungen m\u00fcssen innerhalb von 30 Tagen erf\u00fcllt werden. Die Frist beginnt f\u00fcr Sie mit der Absendung Ihrer Widerrufserkl\u00e4rung oder der Sache, f\u00fcr uns mit deren Empfang. Ende der Widerrufsbelehrung, Ausschluss des Widerrufsrechts.<br>Das Widerrufsrecht besteht 1. nicht bei Fernabsatzvertr\u00e4gen zur Lieferung von Waren, die nach Kundenspezifikation angefertigt werden, oder eindeutig auf die pers\u00f6nlichen Bed\u00fcrfnisse zugeschnitten sind, oder die auf Grund ihrer Beschaffenheit nicht f\u00fcr eine R\u00fccksendung geeignet sind, oder schnell verderben k\u00f6nnen, oder deren Verfalldatum \u00fcberschritten w\u00fcrde, 2. nicht bei Fernabsatzvertr\u00e4gen zur Lieferung von Audio- oder Videoaufzeichnungen, oder von Software, sofern die gelieferten Datentr\u00e4ger von Ihnen entsiegelt worden sind.<\/p>\n","protected":false},"excerpt":{"rendered":"<p>Verkaufs- und Lieferbedingungen 1. Preise Die Preise verstehen sich ohne Verbindlichkeiten in Euro. Angebote gelten vorbehaltlich des endg\u00fcltigen Vertragsabschlusses nur durch unsere schriftliche Auftragsbest\u00e4tigung. Soweit aus Gr\u00fcnden, die wir nicht zu vertreten haben, eine Ver\u00e4nderung der Materialgestehungskosten eintritt, behalten wir uns vor, die Preise entsprechend zu berichtigen. F\u00fcr das vorliegende Gesch\u00e4ft und f\u00fcr alle k\u00fcnftigen &#8230; <a title=\"AGB\" class=\"read-more\" href=\"https:\/\/solnhofener-natursteinparadies.com\/2025\/agb\/\" aria-label=\"Mehr Informationen \u00fcber AGB\">Weiterlesen &#8230;<\/a><\/p>\n","protected":false},"author":1,"featured_media":0,"parent":0,"menu_order":401,"comment_status":"closed","ping_status":"closed","template":"","meta":{"ngg_post_thumbnail":0,"footnotes":""},"class_list":["post-49","page","type-page","status-publish"],"yoast_head":"<!-- This site is optimized with the Yoast SEO plugin v27.4 - https:\/\/yoast.com\/product\/yoast-seo-wordpress\/ -->\n<title>AGB - Solnhofener Natursteinparadies<\/title>\n<meta name=\"description\" content=\"AGB - Solnhofener Natursteinparadies - Verkaufs- und Lieferbedingungen\" \/>\n<meta name=\"robots\" content=\"index, follow, max-snippet:-1, max-image-preview:large, max-video-preview:-1\" \/>\n<link rel=\"canonical\" href=\"https:\/\/solnhofener-natursteinparadies.com\/2025\/agb\/\" \/>\n<meta property=\"og:locale\" content=\"de_DE\" \/>\n<meta property=\"og:type\" content=\"article\" \/>\n<meta property=\"og:title\" content=\"AGB - Solnhofener Natursteinparadies\" \/>\n<meta property=\"og:description\" content=\"AGB - Solnhofener Natursteinparadies - Verkaufs- und Lieferbedingungen\" \/>\n<meta property=\"og:url\" content=\"https:\/\/solnhofener-natursteinparadies.com\/2025\/agb\/\" \/>\n<meta property=\"og:site_name\" content=\"Solnhofener Natursteinparadies\" \/>\n<meta property=\"article:modified_time\" content=\"2025-07-21T11:40:23+00:00\" \/>\n<meta name=\"twitter:card\" content=\"summary_large_image\" \/>\n<meta name=\"twitter:label1\" content=\"Gesch\u00e4tzte Lesezeit\" \/>\n\t<meta name=\"twitter:data1\" content=\"8\u00a0Minuten\" \/>\n<script type=\"application\/ld+json\" class=\"yoast-schema-graph\">{\"@context\":\"https:\\\/\\\/schema.org\",\"@graph\":[{\"@type\":\"ScholarlyArticle\",\"@id\":\"https:\\\/\\\/solnhofener-natursteinparadies.com\\\/2025\\\/agb\\\/#article\",\"isPartOf\":{\"@id\":\"https:\\\/\\\/solnhofener-natursteinparadies.com\\\/2025\\\/agb\\\/\"},\"author\":{\"name\":\"Stefan Vogelgesang\",\"@id\":\"https:\\\/\\\/solnhofener-natursteinparadies.com\\\/2025\\\/#\\\/schema\\\/person\\\/3660e8ec552dd5f29009b71e40975319\"},\"headline\":\"AGB\",\"datePublished\":\"2025-06-19T17:36:28+00:00\",\"dateModified\":\"2025-07-21T11:40:23+00:00\",\"mainEntityOfPage\":{\"@id\":\"https:\\\/\\\/solnhofener-natursteinparadies.com\\\/2025\\\/agb\\\/\"},\"wordCount\":1582,\"publisher\":{\"@id\":\"https:\\\/\\\/solnhofener-natursteinparadies.com\\\/2025\\\/#organization\"},\"inLanguage\":\"de\"},{\"@type\":[\"WebPage\",\"AboutPage\"],\"@id\":\"https:\\\/\\\/solnhofener-natursteinparadies.com\\\/2025\\\/agb\\\/\",\"url\":\"https:\\\/\\\/solnhofener-natursteinparadies.com\\\/2025\\\/agb\\\/\",\"name\":\"AGB - Solnhofener Natursteinparadies\",\"isPartOf\":{\"@id\":\"https:\\\/\\\/solnhofener-natursteinparadies.com\\\/2025\\\/#website\"},\"datePublished\":\"2025-06-19T17:36:28+00:00\",\"dateModified\":\"2025-07-21T11:40:23+00:00\",\"description\":\"AGB - Solnhofener Natursteinparadies - Verkaufs- und Lieferbedingungen\",\"breadcrumb\":{\"@id\":\"https:\\\/\\\/solnhofener-natursteinparadies.com\\\/2025\\\/agb\\\/#breadcrumb\"},\"inLanguage\":\"de\",\"potentialAction\":[{\"@type\":\"ReadAction\",\"target\":[\"https:\\\/\\\/solnhofener-natursteinparadies.com\\\/2025\\\/agb\\\/\"]}]},{\"@type\":\"BreadcrumbList\",\"@id\":\"https:\\\/\\\/solnhofener-natursteinparadies.com\\\/2025\\\/agb\\\/#breadcrumb\",\"itemListElement\":[{\"@type\":\"ListItem\",\"position\":1,\"name\":\"Startseite\",\"item\":\"https:\\\/\\\/solnhofener-natursteinparadies.com\\\/2025\\\/\"},{\"@type\":\"ListItem\",\"position\":2,\"name\":\"AGB\"}]},{\"@type\":\"WebSite\",\"@id\":\"https:\\\/\\\/solnhofener-natursteinparadies.com\\\/2025\\\/#website\",\"url\":\"https:\\\/\\\/solnhofener-natursteinparadies.com\\\/2025\\\/\",\"name\":\"Solnhofener Natursteinparadies\",\"description\":\"\",\"publisher\":{\"@id\":\"https:\\\/\\\/solnhofener-natursteinparadies.com\\\/2025\\\/#organization\"},\"potentialAction\":[{\"@type\":\"SearchAction\",\"target\":{\"@type\":\"EntryPoint\",\"urlTemplate\":\"https:\\\/\\\/solnhofener-natursteinparadies.com\\\/2025\\\/?s={search_term_string}\"},\"query-input\":{\"@type\":\"PropertyValueSpecification\",\"valueRequired\":true,\"valueName\":\"search_term_string\"}}],\"inLanguage\":\"de\"},{\"@type\":\"Organization\",\"@id\":\"https:\\\/\\\/solnhofener-natursteinparadies.com\\\/2025\\\/#organization\",\"name\":\"Solnhofener Natursteinparadies\",\"url\":\"https:\\\/\\\/solnhofener-natursteinparadies.com\\\/2025\\\/\",\"logo\":{\"@type\":\"ImageObject\",\"inLanguage\":\"de\",\"@id\":\"https:\\\/\\\/solnhofener-natursteinparadies.com\\\/2025\\\/#\\\/schema\\\/logo\\\/image\\\/\",\"url\":\"https:\\\/\\\/solnhofener-natursteinparadies.com\\\/2025\\\/wp-content\\\/uploads\\\/2025\\\/06\\\/header-3.jpg\",\"contentUrl\":\"https:\\\/\\\/solnhofener-natursteinparadies.com\\\/2025\\\/wp-content\\\/uploads\\\/2025\\\/06\\\/header-3.jpg\",\"width\":1200,\"height\":230,\"caption\":\"Solnhofener Natursteinparadies\"},\"image\":{\"@id\":\"https:\\\/\\\/solnhofener-natursteinparadies.com\\\/2025\\\/#\\\/schema\\\/logo\\\/image\\\/\"}},{\"@type\":\"Person\",\"@id\":\"https:\\\/\\\/solnhofener-natursteinparadies.com\\\/2025\\\/#\\\/schema\\\/person\\\/3660e8ec552dd5f29009b71e40975319\",\"name\":\"Stefan Vogelgesang\",\"image\":{\"@type\":\"ImageObject\",\"inLanguage\":\"de\",\"@id\":\"https:\\\/\\\/secure.gravatar.com\\\/avatar\\\/5633e4c0de8771818b0e2f3c72ef14f79d7bfd1aa794c0c5b5c7e17fe9ee3caa?s=96&d=mm&r=g\",\"url\":\"https:\\\/\\\/secure.gravatar.com\\\/avatar\\\/5633e4c0de8771818b0e2f3c72ef14f79d7bfd1aa794c0c5b5c7e17fe9ee3caa?s=96&d=mm&r=g\",\"contentUrl\":\"https:\\\/\\\/secure.gravatar.com\\\/avatar\\\/5633e4c0de8771818b0e2f3c72ef14f79d7bfd1aa794c0c5b5c7e17fe9ee3caa?s=96&d=mm&r=g\",\"caption\":\"Stefan Vogelgesang\"},\"sameAs\":[\"https:\\\/\\\/solnhofener-natursteinparadies.com\\\/2025\"],\"url\":\"https:\\\/\\\/solnhofener-natursteinparadies.com\\\/2025\\\/author\\\/svogelgesangeschringen-de\\\/\"}]}<\/script>\n<!-- \/ Yoast SEO plugin. -->","yoast_head_json":{"title":"AGB - Solnhofener Natursteinparadies","description":"AGB - Solnhofener Natursteinparadies - Verkaufs- und Lieferbedingungen","robots":{"index":"index","follow":"follow","max-snippet":"max-snippet:-1","max-image-preview":"max-image-preview:large","max-video-preview":"max-video-preview:-1"},"canonical":"https:\/\/solnhofener-natursteinparadies.com\/2025\/agb\/","og_locale":"de_DE","og_type":"article","og_title":"AGB - Solnhofener Natursteinparadies","og_description":"AGB - Solnhofener Natursteinparadies - Verkaufs- und Lieferbedingungen","og_url":"https:\/\/solnhofener-natursteinparadies.com\/2025\/agb\/","og_site_name":"Solnhofener Natursteinparadies","article_modified_time":"2025-07-21T11:40:23+00:00","twitter_card":"summary_large_image","twitter_misc":{"Gesch\u00e4tzte Lesezeit":"8\u00a0Minuten"},"schema":{"@context":"https:\/\/schema.org","@graph":[{"@type":"ScholarlyArticle","@id":"https:\/\/solnhofener-natursteinparadies.com\/2025\/agb\/#article","isPartOf":{"@id":"https:\/\/solnhofener-natursteinparadies.com\/2025\/agb\/"},"author":{"name":"Stefan Vogelgesang","@id":"https:\/\/solnhofener-natursteinparadies.com\/2025\/#\/schema\/person\/3660e8ec552dd5f29009b71e40975319"},"headline":"AGB","datePublished":"2025-06-19T17:36:28+00:00","dateModified":"2025-07-21T11:40:23+00:00","mainEntityOfPage":{"@id":"https:\/\/solnhofener-natursteinparadies.com\/2025\/agb\/"},"wordCount":1582,"publisher":{"@id":"https:\/\/solnhofener-natursteinparadies.com\/2025\/#organization"},"inLanguage":"de"},{"@type":["WebPage","AboutPage"],"@id":"https:\/\/solnhofener-natursteinparadies.com\/2025\/agb\/","url":"https:\/\/solnhofener-natursteinparadies.com\/2025\/agb\/","name":"AGB - Solnhofener Natursteinparadies","isPartOf":{"@id":"https:\/\/solnhofener-natursteinparadies.com\/2025\/#website"},"datePublished":"2025-06-19T17:36:28+00:00","dateModified":"2025-07-21T11:40:23+00:00","description":"AGB - Solnhofener Natursteinparadies - Verkaufs- und Lieferbedingungen","breadcrumb":{"@id":"https:\/\/solnhofener-natursteinparadies.com\/2025\/agb\/#breadcrumb"},"inLanguage":"de","potentialAction":[{"@type":"ReadAction","target":["https:\/\/solnhofener-natursteinparadies.com\/2025\/agb\/"]}]},{"@type":"BreadcrumbList","@id":"https:\/\/solnhofener-natursteinparadies.com\/2025\/agb\/#breadcrumb","itemListElement":[{"@type":"ListItem","position":1,"name":"Startseite","item":"https:\/\/solnhofener-natursteinparadies.com\/2025\/"},{"@type":"ListItem","position":2,"name":"AGB"}]},{"@type":"WebSite","@id":"https:\/\/solnhofener-natursteinparadies.com\/2025\/#website","url":"https:\/\/solnhofener-natursteinparadies.com\/2025\/","name":"Solnhofener Natursteinparadies","description":"","publisher":{"@id":"https:\/\/solnhofener-natursteinparadies.com\/2025\/#organization"},"potentialAction":[{"@type":"SearchAction","target":{"@type":"EntryPoint","urlTemplate":"https:\/\/solnhofener-natursteinparadies.com\/2025\/?s={search_term_string}"},"query-input":{"@type":"PropertyValueSpecification","valueRequired":true,"valueName":"search_term_string"}}],"inLanguage":"de"},{"@type":"Organization","@id":"https:\/\/solnhofener-natursteinparadies.com\/2025\/#organization","name":"Solnhofener Natursteinparadies","url":"https:\/\/solnhofener-natursteinparadies.com\/2025\/","logo":{"@type":"ImageObject","inLanguage":"de","@id":"https:\/\/solnhofener-natursteinparadies.com\/2025\/#\/schema\/logo\/image\/","url":"https:\/\/solnhofener-natursteinparadies.com\/2025\/wp-content\/uploads\/2025\/06\/header-3.jpg","contentUrl":"https:\/\/solnhofener-natursteinparadies.com\/2025\/wp-content\/uploads\/2025\/06\/header-3.jpg","width":1200,"height":230,"caption":"Solnhofener Natursteinparadies"},"image":{"@id":"https:\/\/solnhofener-natursteinparadies.com\/2025\/#\/schema\/logo\/image\/"}},{"@type":"Person","@id":"https:\/\/solnhofener-natursteinparadies.com\/2025\/#\/schema\/person\/3660e8ec552dd5f29009b71e40975319","name":"Stefan Vogelgesang","image":{"@type":"ImageObject","inLanguage":"de","@id":"https:\/\/secure.gravatar.com\/avatar\/5633e4c0de8771818b0e2f3c72ef14f79d7bfd1aa794c0c5b5c7e17fe9ee3caa?s=96&d=mm&r=g","url":"https:\/\/secure.gravatar.com\/avatar\/5633e4c0de8771818b0e2f3c72ef14f79d7bfd1aa794c0c5b5c7e17fe9ee3caa?s=96&d=mm&r=g","contentUrl":"https:\/\/secure.gravatar.com\/avatar\/5633e4c0de8771818b0e2f3c72ef14f79d7bfd1aa794c0c5b5c7e17fe9ee3caa?s=96&d=mm&r=g","caption":"Stefan Vogelgesang"},"sameAs":["https:\/\/solnhofener-natursteinparadies.com\/2025"],"url":"https:\/\/solnhofener-natursteinparadies.com\/2025\/author\/svogelgesangeschringen-de\/"}]}},"jetpack_sharing_enabled":true,"_links":{"self":[{"href":"https:\/\/solnhofener-natursteinparadies.com\/2025\/wp-json\/wp\/v2\/pages\/49","targetHints":{"allow":["GET"]}}],"collection":[{"href":"https:\/\/solnhofener-natursteinparadies.com\/2025\/wp-json\/wp\/v2\/pages"}],"about":[{"href":"https:\/\/solnhofener-natursteinparadies.com\/2025\/wp-json\/wp\/v2\/types\/page"}],"author":[{"embeddable":true,"href":"https:\/\/solnhofener-natursteinparadies.com\/2025\/wp-json\/wp\/v2\/users\/1"}],"replies":[{"embeddable":true,"href":"https:\/\/solnhofener-natursteinparadies.com\/2025\/wp-json\/wp\/v2\/comments?post=49"}],"version-history":[{"count":3,"href":"https:\/\/solnhofener-natursteinparadies.com\/2025\/wp-json\/wp\/v2\/pages\/49\/revisions"}],"predecessor-version":[{"id":1598,"href":"https:\/\/solnhofener-natursteinparadies.com\/2025\/wp-json\/wp\/v2\/pages\/49\/revisions\/1598"}],"wp:attachment":[{"href":"https:\/\/solnhofener-natursteinparadies.com\/2025\/wp-json\/wp\/v2\/media?parent=49"}],"curies":[{"name":"wp","href":"https:\/\/api.w.org\/{rel}","templated":true}]}}