{"id":54,"date":"2025-06-19T19:51:43","date_gmt":"2025-06-19T17:51:43","guid":{"rendered":"https:\/\/solnhofener-natursteinparadies.com\/2025\/?page_id=54"},"modified":"2025-07-27T14:01:36","modified_gmt":"2025-07-27T12:01:36","slug":"mentions-legales","status":"publish","type":"page","link":"https:\/\/solnhofener-natursteinparadies.com\/2025\/fr\/mentions-legales\/","title":{"rendered":"Mentions l\u00e9gales &amp; Politique de confidentialit\u00e9"},"content":{"rendered":"\n<p><strong>Solnhofen Paradis De La Pierre Naturelle<\/strong><\/p>\n\n\n\n<h5 class=\"wp-block-heading\"><strong>Si\u00e8ge social<\/strong><\/h5>\n\n\n\n<p>Kirchengasse 8<br>A- 4400 Steyr<br>Tel: +49 170 582 59 51<\/p>\n\n\n\n<h5 class=\"wp-block-heading\"><strong>\u00c9mail<\/strong><\/h5>\n\n\n\n<p><a href=\"mailto:info@pierres-de-solnhofen.com\">info@pierres-de-solnhofen.com<\/a>&nbsp;ou&nbsp;<a href=\"mailto:info@solnhofener-natursteinparadies.com\">info@solnhofener-natursteinparadies.com<\/a><\/p>\n\n\n\n<h5 class=\"wp-block-heading\"><strong>Internet<\/strong><\/h5>\n\n\n\n<p><a href=\"http:\/\/www.pierres-de-solnhofen.com\/\"><strong>www.pierres-de-solnhofen.com<\/strong><\/a>&nbsp;ou&nbsp;<a href=\"http:\/\/www.solnhofener-natursteinparadies.com\/\"><strong>www.solnhofener-natursteinparadies.com<\/strong><\/a><\/p>\n\n\n\n<p>Directeur:&nbsp;Dipl\u00f4me-Ing\u00e9nieur In\u00e8s Hellwig<br>Juridiction: Steyr<br>Num\u00e9ro de TVA: ATU 67874801<br>Forme juridique: entreprise individuelle<br>Informations selon \u00a7 5 de la Loi sur le commerce \u00e9lectronique<br>Contenu: site Solnhofen pierre naturelle paradis<br>Responsable en vertu de la loi sur la presse du contenu de ce site :&nbsp;Dipl\u00f4me-Ing\u00e9nieur&nbsp;In\u00e8s Hellwig<br><strong>Nous reconnaissons l\u2019ombudsman de l\u2019 Internet de r\u00e8glement des diff\u00e9rends \u00e0 l\u2019amiable \u00e0:&nbsp;<\/strong><a href=\"http:\/\/www.ombudsmann.at\/\"><strong>www.ombudsmann.at<\/strong><\/a><\/p>\n\n\n\n<h5 class=\"wp-block-heading\"><strong>Contact<\/strong><\/h5>\n\n\n\n<p>Nous sommes disponibles par t\u00e9l\u00e9phone du lundi au vendredi de 10h00 \u2013 20h00:<br>+49 170 582 59 51 ou par \u00e9mail \u00e0 l\u2019adresse&nbsp;<a href=\"mailto:info@pierres-de-solnhofen.com\"><strong>info@pierres-de-solnhofen.com<\/strong><\/a>&nbsp;ou&nbsp;<a href=\"mailto:info@solnhofener-natursteinparadies.com\"><strong>info@solnhofener-natursteinparadies.com<\/strong><\/a><\/p>\n\n\n\n<h5 class=\"wp-block-heading\"><strong>Liens externes<\/strong><\/h5>\n\n\n\n<p>Tous les liens vers des sites externes ont \u00e9t\u00e9 v\u00e9rifi\u00e9s par nous avec soin lors de la cr\u00e9ation de la page.<br>\u00c9ventuelles violations du droit au moment de la liaison. Nous n\u2019avons aucun contr\u00f4le sur le contenu des pages li\u00e9es. C\u2019est le fournisseur de service appropri\u00e9 est charg\u00e9. Si le contenu ill\u00e9gal est accessible via les liens, s\u2019il vous pla\u00eet nous en aviser \u00e0&nbsp;<a href=\"mailto:info@pierres-de-solnhofen.com\">info@pierres-de-solnhofen.com<\/a>&nbsp;ou&nbsp;<a href=\"mailto:info@solnhofener-natursteinparadies.com\">info@solnhofener-natursteinparadies.com<\/a>. Nous allons v\u00e9rifier cela imm\u00e9diatement et supprimer les liens si n\u00e9cessaire.<\/p>\n\n\n\n<h5 class=\"wp-block-heading\"><strong>Responsabilit\u00e9<\/strong><\/h5>\n\n\n\n<p>Malgr\u00e9 un contr\u00f4le minutieux, nous n\u2019assumons aucune responsabilit\u00e9 pour le contenu des liens externes . Sont les seuls responsables pour le contenu des pages li\u00e9es.<\/p>\n\n\n\n<h5 class=\"wp-block-heading\"><strong>Copyright \u00a9<\/strong><\/h5>\n\n\n\n<p>Toute reproduction est interdite sans l\u2019autorisation expresse de la soci\u00e9t\u00e9. L\u2019inclusion des services en ligne et \u00e0 Internet, ainsi que la duplication de supports de donn\u00e9es doivent \u00eatre effectu\u00e9es qu\u2019apr\u00e8s accord \u00e9crit pr\u00e9alable de la Soci\u00e9t\u00e9.<\/p>\n\n\n\n<h5 class=\"wp-block-heading\"><strong>D\u00e9claration de confidentialit\u00e9<\/strong><\/h5>\n\n\n\n<p>Nous respectons et prot\u00e9geons votre vie priv\u00e9e et exploitons les donn\u00e9es actives. Vous pouvez toujours faire appel \u00e0 nos pages Internet sans avoir \u00e0 faire des informations vous concernant. Qui, dans le cadre d\u2019une commande ou demande que vous avez entr\u00e9 les donn\u00e9es sont stock\u00e9es uniquement dans le but de faire des affaires, l\u2019exp\u00e9dition des marchandises et le maintien de la relation client en conformit\u00e9 avec les dispositions pertinentes de la loi sur la protection des donn\u00e9es f\u00e9d\u00e9rale et de la loi sur la protection des donn\u00e9es de t\u00e9l\u00e9 services et trait\u00e9es.<\/p>\n\n\n\n<p>Vos informations ne seront divulgu\u00e9es \u00e0 des tiers. Les exceptions sont nos partenaires de services, la transformation de l\u2019entreprise pour la transmission des donn\u00e9es n\u00e9cessaires (par exemple une soci\u00e9t\u00e9 d\u2019exp\u00e9dition). La quantit\u00e9 de donn\u00e9es transf\u00e9r\u00e9es est limit\u00e9 au strict minimum n\u00e9cessaire. Num\u00e9ros de t\u00e9l\u00e9phone, adresses \u00e9mail et les donn\u00e9es bancaires seront mis \u00e0 la disposition des tiers en toutes circonstances.<\/p>\n\n\n\n<p>Nous s\u00e9curisons notre site et d\u2019autres syst\u00e8mes \u00e0 travers&nbsp;des mesures techniques et organisationnelles&nbsp;contre la perte, la destruction, l\u2019acc\u00e8s, la modification ou la distribution de vos donn\u00e9es par<br>personnes non autoris\u00e9es. Malgr\u00e9 un contr\u00f4le r\u00e9gulier une protection compl\u00e8te contre tous<br>danger n\u2019est pas possible.<br>Vous avez toujours le droit \u00e0 une information libre, les donn\u00e9es sont stock\u00e9es \u00e0 votre sujet et au sujet de la correction, de blocage et de suppression de vos donn\u00e9es stock\u00e9es. Votre contact pour la politique est le suivant: Dipl\u00f4me-Ing\u00e9nieur In\u00e8s Hellwig, Solnhofen Paradis De La Pierre Naturelle, Kirchengasse 8, A- 4400 Steyr, T\u00e9l: +49 170 582 59 51<\/p>\n\n\n\n<p>\u00c9mail:&nbsp;<a href=\"mailto:info@pierres-de-solnhofen.com\">info@pierres-de-solnhofen.com<\/a>&nbsp;ou&nbsp;<a href=\"mailto:info@solnhofener-natursteinparadies.com\">info@solnhofener-natursteinparadies.com<\/a><\/p>\n","protected":false},"excerpt":{"rendered":"<p>Solnhofen Paradis De La Pierre Naturelle Si\u00e8ge social Kirchengasse 8A- 4400 SteyrTel: +49 170 582 59 51 \u00c9mail info@pierres-de-solnhofen.com&nbsp;ou&nbsp;info@solnhofener-natursteinparadies.com Internet www.pierres-de-solnhofen.com&nbsp;ou&nbsp;www.solnhofener-natursteinparadies.com Directeur:&nbsp;Dipl\u00f4me-Ing\u00e9nieur In\u00e8s HellwigJuridiction: SteyrNum\u00e9ro de TVA: ATU 67874801Forme juridique: entreprise individuelleInformations selon \u00a7 5 de la Loi sur le commerce \u00e9lectroniqueContenu: site Solnhofen pierre naturelle paradisResponsable en vertu de la loi sur la presse &#8230; <a title=\"Mentions l\u00e9gales &amp; Politique de confidentialit\u00e9\" class=\"read-more\" href=\"https:\/\/solnhofener-natursteinparadies.com\/2025\/fr\/mentions-legales\/\" aria-label=\"Mehr Informationen \u00fcber Mentions l\u00e9gales &amp; Politique de confidentialit\u00e9\">Weiterlesen &#8230;<\/a><\/p>\n","protected":false},"author":1,"featured_media":0,"parent":0,"menu_order":403,"comment_status":"closed","ping_status":"closed","template":"","meta":{"ngg_post_thumbnail":0,"footnotes":""},"class_list":["post-54","page","type-page","status-publish"],"yoast_head":"<!-- This site is optimized with the Yoast SEO plugin v27.4 - https:\/\/yoast.com\/product\/yoast-seo-wordpress\/ -->\n<title>Mentions l\u00e9gales - Solnhofen Paradis De La Pierre Naturelle<\/title>\n<meta name=\"description\" content=\"Mentions l\u00e9gales - Solnhofen Paradis De La Pierre Naturelle - Mentions l\u00e9gales &amp; Politique de confidentialit\u00e9\" \/>\n<meta name=\"robots\" content=\"index, follow, max-snippet:-1, max-image-preview:large, max-video-preview:-1\" \/>\n<link rel=\"canonical\" href=\"https:\/\/solnhofener-natursteinparadies.com\/2025\/fr\/mentions-legales\/\" \/>\n<meta property=\"og:locale\" content=\"de_DE\" \/>\n<meta property=\"og:type\" content=\"article\" \/>\n<meta property=\"og:title\" content=\"Mentions l\u00e9gales - Solnhofen Paradis De La Pierre Naturelle\" \/>\n<meta property=\"og:description\" content=\"Mentions l\u00e9gales - Solnhofen Paradis De La Pierre Naturelle - Mentions l\u00e9gales &amp; Politique de confidentialit\u00e9\" \/>\n<meta property=\"og:url\" content=\"https:\/\/solnhofener-natursteinparadies.com\/2025\/fr\/mentions-legales\/\" \/>\n<meta property=\"og:site_name\" content=\"Solnhofener Natursteinparadies\" \/>\n<meta property=\"article:modified_time\" content=\"2025-07-27T12:01:36+00:00\" \/>\n<meta name=\"twitter:card\" content=\"summary_large_image\" \/>\n<meta name=\"twitter:label1\" content=\"Gesch\u00e4tzte Lesezeit\" \/>\n\t<meta name=\"twitter:data1\" content=\"3\u00a0Minuten\" \/>\n<script type=\"application\/ld+json\" class=\"yoast-schema-graph\">{\"@context\":\"https:\\\/\\\/schema.org\",\"@graph\":[{\"@type\":\"WebPage\",\"@id\":\"https:\\\/\\\/solnhofener-natursteinparadies.com\\\/2025\\\/fr\\\/mentions-legales\\\/\",\"url\":\"https:\\\/\\\/solnhofener-natursteinparadies.com\\\/2025\\\/fr\\\/mentions-legales\\\/\",\"name\":\"Mentions l\u00e9gales - Solnhofen Paradis De La Pierre Naturelle\",\"isPartOf\":{\"@id\":\"https:\\\/\\\/solnhofener-natursteinparadies.com\\\/2025\\\/#website\"},\"datePublished\":\"2025-06-19T17:51:43+00:00\",\"dateModified\":\"2025-07-27T12:01:36+00:00\",\"description\":\"Mentions l\u00e9gales - Solnhofen Paradis De La Pierre Naturelle - Mentions l\u00e9gales & Politique de confidentialit\u00e9\",\"breadcrumb\":{\"@id\":\"https:\\\/\\\/solnhofener-natursteinparadies.com\\\/2025\\\/fr\\\/mentions-legales\\\/#breadcrumb\"},\"inLanguage\":\"de\",\"potentialAction\":[{\"@type\":\"ReadAction\",\"target\":[\"https:\\\/\\\/solnhofener-natursteinparadies.com\\\/2025\\\/fr\\\/mentions-legales\\\/\"]}]},{\"@type\":\"BreadcrumbList\",\"@id\":\"https:\\\/\\\/solnhofener-natursteinparadies.com\\\/2025\\\/fr\\\/mentions-legales\\\/#breadcrumb\",\"itemListElement\":[{\"@type\":\"ListItem\",\"position\":1,\"name\":\"Startseite\",\"item\":\"https:\\\/\\\/solnhofener-natursteinparadies.com\\\/2025\\\/\"},{\"@type\":\"ListItem\",\"position\":2,\"name\":\"Mentions l\u00e9gales &amp; Politique de confidentialit\u00e9\"}]},{\"@type\":\"WebSite\",\"@id\":\"https:\\\/\\\/solnhofener-natursteinparadies.com\\\/2025\\\/#website\",\"url\":\"https:\\\/\\\/solnhofener-natursteinparadies.com\\\/2025\\\/\",\"name\":\"Solnhofener Natursteinparadies\",\"description\":\"\",\"publisher\":{\"@id\":\"https:\\\/\\\/solnhofener-natursteinparadies.com\\\/2025\\\/#organization\"},\"potentialAction\":[{\"@type\":\"SearchAction\",\"target\":{\"@type\":\"EntryPoint\",\"urlTemplate\":\"https:\\\/\\\/solnhofener-natursteinparadies.com\\\/2025\\\/?s={search_term_string}\"},\"query-input\":{\"@type\":\"PropertyValueSpecification\",\"valueRequired\":true,\"valueName\":\"search_term_string\"}}],\"inLanguage\":\"de\"},{\"@type\":\"Organization\",\"@id\":\"https:\\\/\\\/solnhofener-natursteinparadies.com\\\/2025\\\/#organization\",\"name\":\"Solnhofener Natursteinparadies\",\"url\":\"https:\\\/\\\/solnhofener-natursteinparadies.com\\\/2025\\\/\",\"logo\":{\"@type\":\"ImageObject\",\"inLanguage\":\"de\",\"@id\":\"https:\\\/\\\/solnhofener-natursteinparadies.com\\\/2025\\\/#\\\/schema\\\/logo\\\/image\\\/\",\"url\":\"https:\\\/\\\/solnhofener-natursteinparadies.com\\\/2025\\\/wp-content\\\/uploads\\\/2025\\\/06\\\/header-3.jpg\",\"contentUrl\":\"https:\\\/\\\/solnhofener-natursteinparadies.com\\\/2025\\\/wp-content\\\/uploads\\\/2025\\\/06\\\/header-3.jpg\",\"width\":1200,\"height\":230,\"caption\":\"Solnhofener Natursteinparadies\"},\"image\":{\"@id\":\"https:\\\/\\\/solnhofener-natursteinparadies.com\\\/2025\\\/#\\\/schema\\\/logo\\\/image\\\/\"}}]}<\/script>\n<!-- \/ Yoast SEO plugin. -->","yoast_head_json":{"title":"Mentions l\u00e9gales - Solnhofen Paradis De La Pierre Naturelle","description":"Mentions l\u00e9gales - Solnhofen Paradis De La Pierre Naturelle - Mentions l\u00e9gales & Politique de confidentialit\u00e9","robots":{"index":"index","follow":"follow","max-snippet":"max-snippet:-1","max-image-preview":"max-image-preview:large","max-video-preview":"max-video-preview:-1"},"canonical":"https:\/\/solnhofener-natursteinparadies.com\/2025\/fr\/mentions-legales\/","og_locale":"de_DE","og_type":"article","og_title":"Mentions l\u00e9gales - Solnhofen Paradis De La Pierre Naturelle","og_description":"Mentions l\u00e9gales - Solnhofen Paradis De La Pierre Naturelle - Mentions l\u00e9gales & Politique de confidentialit\u00e9","og_url":"https:\/\/solnhofener-natursteinparadies.com\/2025\/fr\/mentions-legales\/","og_site_name":"Solnhofener Natursteinparadies","article_modified_time":"2025-07-27T12:01:36+00:00","twitter_card":"summary_large_image","twitter_misc":{"Gesch\u00e4tzte Lesezeit":"3\u00a0Minuten"},"schema":{"@context":"https:\/\/schema.org","@graph":[{"@type":"WebPage","@id":"https:\/\/solnhofener-natursteinparadies.com\/2025\/fr\/mentions-legales\/","url":"https:\/\/solnhofener-natursteinparadies.com\/2025\/fr\/mentions-legales\/","name":"Mentions l\u00e9gales - Solnhofen Paradis De La Pierre Naturelle","isPartOf":{"@id":"https:\/\/solnhofener-natursteinparadies.com\/2025\/#website"},"datePublished":"2025-06-19T17:51:43+00:00","dateModified":"2025-07-27T12:01:36+00:00","description":"Mentions l\u00e9gales - Solnhofen Paradis De La Pierre Naturelle - Mentions l\u00e9gales & Politique de confidentialit\u00e9","breadcrumb":{"@id":"https:\/\/solnhofener-natursteinparadies.com\/2025\/fr\/mentions-legales\/#breadcrumb"},"inLanguage":"de","potentialAction":[{"@type":"ReadAction","target":["https:\/\/solnhofener-natursteinparadies.com\/2025\/fr\/mentions-legales\/"]}]},{"@type":"BreadcrumbList","@id":"https:\/\/solnhofener-natursteinparadies.com\/2025\/fr\/mentions-legales\/#breadcrumb","itemListElement":[{"@type":"ListItem","position":1,"name":"Startseite","item":"https:\/\/solnhofener-natursteinparadies.com\/2025\/"},{"@type":"ListItem","position":2,"name":"Mentions l\u00e9gales &amp; Politique de confidentialit\u00e9"}]},{"@type":"WebSite","@id":"https:\/\/solnhofener-natursteinparadies.com\/2025\/#website","url":"https:\/\/solnhofener-natursteinparadies.com\/2025\/","name":"Solnhofener Natursteinparadies","description":"","publisher":{"@id":"https:\/\/solnhofener-natursteinparadies.com\/2025\/#organization"},"potentialAction":[{"@type":"SearchAction","target":{"@type":"EntryPoint","urlTemplate":"https:\/\/solnhofener-natursteinparadies.com\/2025\/?s={search_term_string}"},"query-input":{"@type":"PropertyValueSpecification","valueRequired":true,"valueName":"search_term_string"}}],"inLanguage":"de"},{"@type":"Organization","@id":"https:\/\/solnhofener-natursteinparadies.com\/2025\/#organization","name":"Solnhofener Natursteinparadies","url":"https:\/\/solnhofener-natursteinparadies.com\/2025\/","logo":{"@type":"ImageObject","inLanguage":"de","@id":"https:\/\/solnhofener-natursteinparadies.com\/2025\/#\/schema\/logo\/image\/","url":"https:\/\/solnhofener-natursteinparadies.com\/2025\/wp-content\/uploads\/2025\/06\/header-3.jpg","contentUrl":"https:\/\/solnhofener-natursteinparadies.com\/2025\/wp-content\/uploads\/2025\/06\/header-3.jpg","width":1200,"height":230,"caption":"Solnhofener Natursteinparadies"},"image":{"@id":"https:\/\/solnhofener-natursteinparadies.com\/2025\/#\/schema\/logo\/image\/"}}]}},"jetpack_sharing_enabled":true,"_links":{"self":[{"href":"https:\/\/solnhofener-natursteinparadies.com\/2025\/wp-json\/wp\/v2\/pages\/54","targetHints":{"allow":["GET"]}}],"collection":[{"href":"https:\/\/solnhofener-natursteinparadies.com\/2025\/wp-json\/wp\/v2\/pages"}],"about":[{"href":"https:\/\/solnhofener-natursteinparadies.com\/2025\/wp-json\/wp\/v2\/types\/page"}],"author":[{"embeddable":true,"href":"https:\/\/solnhofener-natursteinparadies.com\/2025\/wp-json\/wp\/v2\/users\/1"}],"replies":[{"embeddable":true,"href":"https:\/\/solnhofener-natursteinparadies.com\/2025\/wp-json\/wp\/v2\/comments?post=54"}],"version-history":[{"count":5,"href":"https:\/\/solnhofener-natursteinparadies.com\/2025\/wp-json\/wp\/v2\/pages\/54\/revisions"}],"predecessor-version":[{"id":1744,"href":"https:\/\/solnhofener-natursteinparadies.com\/2025\/wp-json\/wp\/v2\/pages\/54\/revisions\/1744"}],"wp:attachment":[{"href":"https:\/\/solnhofener-natursteinparadies.com\/2025\/wp-json\/wp\/v2\/media?parent=54"}],"curies":[{"name":"wp","href":"https:\/\/api.w.org\/{rel}","templated":true}]}}