{"id":61,"date":"2025-06-19T19:54:52","date_gmt":"2025-06-19T17:54:52","guid":{"rendered":"https:\/\/solnhofener-natursteinparadies.com\/2025\/?page_id=61"},"modified":"2025-07-27T13:43:43","modified_gmt":"2025-07-27T11:43:43","slug":"contacter","status":"publish","type":"page","link":"https:\/\/solnhofener-natursteinparadies.com\/2025\/fr\/contacter\/","title":{"rendered":"Contacter"},"content":{"rendered":"\n<h1 class=\"wp-block-heading\">Contacter<\/h1>\n\n\n\n<div class=\"wp-block-media-text is-stacked-on-mobile\" style=\"grid-template-columns:15% auto\"><figure class=\"wp-block-media-text__media\"><a href=\"tel:+491705825951tel:+491705825951\"><img loading=\"lazy\" decoding=\"async\" width=\"632\" height=\"640\" src=\"https:\/\/solnhofener-natursteinparadies.com\/2025\/wp-content\/uploads\/2025\/07\/telefon-1.jpg\" alt=\"\" class=\"wp-image-1656 size-full\" srcset=\"https:\/\/solnhofener-natursteinparadies.com\/2025\/wp-content\/uploads\/2025\/07\/telefon-1.jpg 632w, https:\/\/solnhofener-natursteinparadies.com\/2025\/wp-content\/uploads\/2025\/07\/telefon-1-296x300.jpg 296w\" sizes=\"auto, (max-width: 632px) 100vw, 632px\" \/><\/a><\/figure><div class=\"wp-block-media-text__content\">\n<p><strong>1)<\/strong> Vous pouvez nous joindre du lundi au vendredi de 10h \u00e0 20h par t\u00e9l\u00e9phone au<\/p>\n\n\n\n<p><strong>+49 170 582 59 51<\/strong> (nous nous ferons un plaisir de vous rappeler)<\/p>\n<\/div><\/div>\n\n\n\n<hr class=\"wp-block-separator has-alpha-channel-opacity\"\/>\n\n\n\n<div class=\"wp-block-media-text is-stacked-on-mobile\" style=\"grid-template-columns:15% auto\"><figure class=\"wp-block-media-text__media\"><a href=\"mailto:info@solnhofener-natursteinparadies.com\"><img loading=\"lazy\" decoding=\"async\" width=\"632\" height=\"640\" src=\"https:\/\/solnhofener-natursteinparadies.com\/2025\/wp-content\/uploads\/2025\/07\/mail-1.jpg\" alt=\"\" class=\"wp-image-1657 size-full\" srcset=\"https:\/\/solnhofener-natursteinparadies.com\/2025\/wp-content\/uploads\/2025\/07\/mail-1.jpg 632w, https:\/\/solnhofener-natursteinparadies.com\/2025\/wp-content\/uploads\/2025\/07\/mail-1-296x300.jpg 296w\" sizes=\"auto, (max-width: 632px) 100vw, 632px\" \/><\/a><\/figure><div class=\"wp-block-media-text__content\">\n<p><\/p>\n\n\n\n<p><strong>2)<\/strong> 24h\/24 par e-mail \u00e0 <strong><a href=\"mailto:info@pierres-de-solnhofen.com\">info@pierres-de-solnhofen.com<\/a><\/strong><\/p>\n\n\n\n<p>ou <a href=\"mailto:info@solnhofener-natursteinparadies.com\"><strong>info@solnhofener-natursteinparadies.com<\/strong><\/a><\/p>\n<\/div><\/div>\n\n\n\n<hr class=\"wp-block-separator has-alpha-channel-opacity\"\/>\n\n\n\n<div class=\"wp-block-media-text is-stacked-on-mobile\" style=\"grid-template-columns:15% auto\"><figure class=\"wp-block-media-text__media\"><a href=\"https:\/\/wa.me\/491705825951\"><img loading=\"lazy\" decoding=\"async\" width=\"632\" height=\"640\" src=\"https:\/\/solnhofener-natursteinparadies.com\/2025\/wp-content\/uploads\/2025\/07\/whatsapp-1.jpg\" alt=\"\" class=\"wp-image-1658 size-full\" srcset=\"https:\/\/solnhofener-natursteinparadies.com\/2025\/wp-content\/uploads\/2025\/07\/whatsapp-1.jpg 632w, https:\/\/solnhofener-natursteinparadies.com\/2025\/wp-content\/uploads\/2025\/07\/whatsapp-1-296x300.jpg 296w\" sizes=\"auto, (max-width: 632px) 100vw, 632px\" \/><\/a><\/figure><div class=\"wp-block-media-text__content\">\n<p><\/p>\n\n\n\n<p><strong>3)<\/strong> 24h\/24 via WhatsApp&nbsp;<strong><a href=\"https:\/\/wa.me\/491705825951\">+49 170 582 59 51<\/a><\/strong><\/p>\n\n\n\n<p>Nous vous r\u00e9pondrons dans les plus brefs d\u00e9lais.<\/p>\n<\/div><\/div>\n\n\n\n<p><\/p>\n\n\n\n<p>Nous nous ferons un plaisir de vous envoyer un devis rapidement!<\/p>\n\n\n\n<p><\/p>\n","protected":false},"excerpt":{"rendered":"<p>Contacter 1) Vous pouvez nous joindre du lundi au vendredi de 10h \u00e0 20h par t\u00e9l\u00e9phone au +49 170 582 59 51 (nous nous ferons un plaisir de vous rappeler) 2) 24h\/24 par e-mail \u00e0 info@pierres-de-solnhofen.com ou info@solnhofener-natursteinparadies.com 3) 24h\/24 via WhatsApp&nbsp;+49 170 582 59 51 Nous vous r\u00e9pondrons dans les plus brefs d\u00e9lais. Nous &#8230; <a title=\"Contacter\" class=\"read-more\" href=\"https:\/\/solnhofener-natursteinparadies.com\/2025\/fr\/contacter\/\" aria-label=\"Mehr Informationen \u00fcber Contacter\">Weiterlesen &#8230;<\/a><\/p>\n","protected":false},"author":1,"featured_media":0,"parent":0,"menu_order":402,"comment_status":"closed","ping_status":"closed","template":"","meta":{"ngg_post_thumbnail":0,"footnotes":""},"class_list":["post-61","page","type-page","status-publish"],"yoast_head":"<!-- This site is optimized with the Yoast SEO plugin v27.4 - https:\/\/yoast.com\/product\/yoast-seo-wordpress\/ -->\n<title>Contacter - Solnhofen Paradis De La Pierre Naturelle<\/title>\n<meta name=\"description\" content=\"Contacter - Solnhofen Paradis De La Pierre Naturelle - Nous sommes heureux de vous envoyer rapidement une offre\" \/>\n<meta name=\"robots\" content=\"index, follow, max-snippet:-1, max-image-preview:large, max-video-preview:-1\" \/>\n<link rel=\"canonical\" href=\"https:\/\/solnhofener-natursteinparadies.com\/2025\/fr\/contacter\/\" \/>\n<meta property=\"og:locale\" content=\"de_DE\" \/>\n<meta property=\"og:type\" content=\"article\" \/>\n<meta property=\"og:title\" content=\"Contacter - Solnhofen Paradis De La Pierre Naturelle\" \/>\n<meta property=\"og:description\" content=\"Contacter - Solnhofen Paradis De La Pierre Naturelle - Nous sommes heureux de vous envoyer rapidement une offre\" \/>\n<meta property=\"og:url\" content=\"https:\/\/solnhofener-natursteinparadies.com\/2025\/fr\/contacter\/\" \/>\n<meta property=\"og:site_name\" content=\"Solnhofener Natursteinparadies\" \/>\n<meta property=\"article:modified_time\" content=\"2025-07-27T11:43:43+00:00\" \/>\n<meta property=\"og:image\" content=\"https:\/\/solnhofener-natursteinparadies.com\/2025\/wp-content\/uploads\/2025\/07\/telefon-1.jpg\" \/>\n\t<meta property=\"og:image:width\" content=\"632\" \/>\n\t<meta property=\"og:image:height\" content=\"640\" \/>\n\t<meta property=\"og:image:type\" content=\"image\/jpeg\" \/>\n<meta name=\"twitter:card\" content=\"summary_large_image\" \/>\n<meta name=\"twitter:label1\" content=\"Gesch\u00e4tzte Lesezeit\" \/>\n\t<meta name=\"twitter:data1\" content=\"1\u00a0Minute\" \/>\n<script type=\"application\/ld+json\" class=\"yoast-schema-graph\">{\"@context\":\"https:\\\/\\\/schema.org\",\"@graph\":[{\"@type\":[\"WebPage\",\"ContactPage\"],\"@id\":\"https:\\\/\\\/solnhofener-natursteinparadies.com\\\/2025\\\/fr\\\/contacter\\\/\",\"url\":\"https:\\\/\\\/solnhofener-natursteinparadies.com\\\/2025\\\/fr\\\/contacter\\\/\",\"name\":\"Contacter - Solnhofen Paradis De La Pierre Naturelle\",\"isPartOf\":{\"@id\":\"https:\\\/\\\/solnhofener-natursteinparadies.com\\\/2025\\\/#website\"},\"primaryImageOfPage\":{\"@id\":\"https:\\\/\\\/solnhofener-natursteinparadies.com\\\/2025\\\/fr\\\/contacter\\\/#primaryimage\"},\"image\":{\"@id\":\"https:\\\/\\\/solnhofener-natursteinparadies.com\\\/2025\\\/fr\\\/contacter\\\/#primaryimage\"},\"thumbnailUrl\":\"https:\\\/\\\/solnhofener-natursteinparadies.com\\\/2025\\\/wp-content\\\/uploads\\\/2025\\\/07\\\/telefon-1.jpg\",\"datePublished\":\"2025-06-19T17:54:52+00:00\",\"dateModified\":\"2025-07-27T11:43:43+00:00\",\"description\":\"Contacter - Solnhofen Paradis De La Pierre Naturelle - Nous sommes heureux de vous envoyer rapidement une offre\",\"breadcrumb\":{\"@id\":\"https:\\\/\\\/solnhofener-natursteinparadies.com\\\/2025\\\/fr\\\/contacter\\\/#breadcrumb\"},\"inLanguage\":\"de\",\"potentialAction\":[{\"@type\":\"ReadAction\",\"target\":[\"https:\\\/\\\/solnhofener-natursteinparadies.com\\\/2025\\\/fr\\\/contacter\\\/\"]}]},{\"@type\":\"ImageObject\",\"inLanguage\":\"de\",\"@id\":\"https:\\\/\\\/solnhofener-natursteinparadies.com\\\/2025\\\/fr\\\/contacter\\\/#primaryimage\",\"url\":\"https:\\\/\\\/solnhofener-natursteinparadies.com\\\/2025\\\/wp-content\\\/uploads\\\/2025\\\/07\\\/telefon-1.jpg\",\"contentUrl\":\"https:\\\/\\\/solnhofener-natursteinparadies.com\\\/2025\\\/wp-content\\\/uploads\\\/2025\\\/07\\\/telefon-1.jpg\",\"width\":632,\"height\":640},{\"@type\":\"BreadcrumbList\",\"@id\":\"https:\\\/\\\/solnhofener-natursteinparadies.com\\\/2025\\\/fr\\\/contacter\\\/#breadcrumb\",\"itemListElement\":[{\"@type\":\"ListItem\",\"position\":1,\"name\":\"Startseite\",\"item\":\"https:\\\/\\\/solnhofener-natursteinparadies.com\\\/2025\\\/\"},{\"@type\":\"ListItem\",\"position\":2,\"name\":\"Contacter\"}]},{\"@type\":\"WebSite\",\"@id\":\"https:\\\/\\\/solnhofener-natursteinparadies.com\\\/2025\\\/#website\",\"url\":\"https:\\\/\\\/solnhofener-natursteinparadies.com\\\/2025\\\/\",\"name\":\"Solnhofener Natursteinparadies\",\"description\":\"\",\"publisher\":{\"@id\":\"https:\\\/\\\/solnhofener-natursteinparadies.com\\\/2025\\\/#organization\"},\"potentialAction\":[{\"@type\":\"SearchAction\",\"target\":{\"@type\":\"EntryPoint\",\"urlTemplate\":\"https:\\\/\\\/solnhofener-natursteinparadies.com\\\/2025\\\/?s={search_term_string}\"},\"query-input\":{\"@type\":\"PropertyValueSpecification\",\"valueRequired\":true,\"valueName\":\"search_term_string\"}}],\"inLanguage\":\"de\"},{\"@type\":\"Organization\",\"@id\":\"https:\\\/\\\/solnhofener-natursteinparadies.com\\\/2025\\\/#organization\",\"name\":\"Solnhofener Natursteinparadies\",\"url\":\"https:\\\/\\\/solnhofener-natursteinparadies.com\\\/2025\\\/\",\"logo\":{\"@type\":\"ImageObject\",\"inLanguage\":\"de\",\"@id\":\"https:\\\/\\\/solnhofener-natursteinparadies.com\\\/2025\\\/#\\\/schema\\\/logo\\\/image\\\/\",\"url\":\"https:\\\/\\\/solnhofener-natursteinparadies.com\\\/2025\\\/wp-content\\\/uploads\\\/2025\\\/06\\\/header-3.jpg\",\"contentUrl\":\"https:\\\/\\\/solnhofener-natursteinparadies.com\\\/2025\\\/wp-content\\\/uploads\\\/2025\\\/06\\\/header-3.jpg\",\"width\":1200,\"height\":230,\"caption\":\"Solnhofener Natursteinparadies\"},\"image\":{\"@id\":\"https:\\\/\\\/solnhofener-natursteinparadies.com\\\/2025\\\/#\\\/schema\\\/logo\\\/image\\\/\"}}]}<\/script>\n<!-- \/ Yoast SEO plugin. -->","yoast_head_json":{"title":"Contacter - Solnhofen Paradis De La Pierre Naturelle","description":"Contacter - Solnhofen Paradis De La Pierre Naturelle - Nous sommes heureux de vous envoyer rapidement une offre","robots":{"index":"index","follow":"follow","max-snippet":"max-snippet:-1","max-image-preview":"max-image-preview:large","max-video-preview":"max-video-preview:-1"},"canonical":"https:\/\/solnhofener-natursteinparadies.com\/2025\/fr\/contacter\/","og_locale":"de_DE","og_type":"article","og_title":"Contacter - Solnhofen Paradis De La Pierre Naturelle","og_description":"Contacter - Solnhofen Paradis De La Pierre Naturelle - Nous sommes heureux de vous envoyer rapidement une offre","og_url":"https:\/\/solnhofener-natursteinparadies.com\/2025\/fr\/contacter\/","og_site_name":"Solnhofener Natursteinparadies","article_modified_time":"2025-07-27T11:43:43+00:00","og_image":[{"width":632,"height":640,"url":"https:\/\/solnhofener-natursteinparadies.com\/2025\/wp-content\/uploads\/2025\/07\/telefon-1.jpg","type":"image\/jpeg"}],"twitter_card":"summary_large_image","twitter_misc":{"Gesch\u00e4tzte Lesezeit":"1\u00a0Minute"},"schema":{"@context":"https:\/\/schema.org","@graph":[{"@type":["WebPage","ContactPage"],"@id":"https:\/\/solnhofener-natursteinparadies.com\/2025\/fr\/contacter\/","url":"https:\/\/solnhofener-natursteinparadies.com\/2025\/fr\/contacter\/","name":"Contacter - Solnhofen Paradis De La Pierre Naturelle","isPartOf":{"@id":"https:\/\/solnhofener-natursteinparadies.com\/2025\/#website"},"primaryImageOfPage":{"@id":"https:\/\/solnhofener-natursteinparadies.com\/2025\/fr\/contacter\/#primaryimage"},"image":{"@id":"https:\/\/solnhofener-natursteinparadies.com\/2025\/fr\/contacter\/#primaryimage"},"thumbnailUrl":"https:\/\/solnhofener-natursteinparadies.com\/2025\/wp-content\/uploads\/2025\/07\/telefon-1.jpg","datePublished":"2025-06-19T17:54:52+00:00","dateModified":"2025-07-27T11:43:43+00:00","description":"Contacter - Solnhofen Paradis De La Pierre Naturelle - Nous sommes heureux de vous envoyer rapidement une offre","breadcrumb":{"@id":"https:\/\/solnhofener-natursteinparadies.com\/2025\/fr\/contacter\/#breadcrumb"},"inLanguage":"de","potentialAction":[{"@type":"ReadAction","target":["https:\/\/solnhofener-natursteinparadies.com\/2025\/fr\/contacter\/"]}]},{"@type":"ImageObject","inLanguage":"de","@id":"https:\/\/solnhofener-natursteinparadies.com\/2025\/fr\/contacter\/#primaryimage","url":"https:\/\/solnhofener-natursteinparadies.com\/2025\/wp-content\/uploads\/2025\/07\/telefon-1.jpg","contentUrl":"https:\/\/solnhofener-natursteinparadies.com\/2025\/wp-content\/uploads\/2025\/07\/telefon-1.jpg","width":632,"height":640},{"@type":"BreadcrumbList","@id":"https:\/\/solnhofener-natursteinparadies.com\/2025\/fr\/contacter\/#breadcrumb","itemListElement":[{"@type":"ListItem","position":1,"name":"Startseite","item":"https:\/\/solnhofener-natursteinparadies.com\/2025\/"},{"@type":"ListItem","position":2,"name":"Contacter"}]},{"@type":"WebSite","@id":"https:\/\/solnhofener-natursteinparadies.com\/2025\/#website","url":"https:\/\/solnhofener-natursteinparadies.com\/2025\/","name":"Solnhofener Natursteinparadies","description":"","publisher":{"@id":"https:\/\/solnhofener-natursteinparadies.com\/2025\/#organization"},"potentialAction":[{"@type":"SearchAction","target":{"@type":"EntryPoint","urlTemplate":"https:\/\/solnhofener-natursteinparadies.com\/2025\/?s={search_term_string}"},"query-input":{"@type":"PropertyValueSpecification","valueRequired":true,"valueName":"search_term_string"}}],"inLanguage":"de"},{"@type":"Organization","@id":"https:\/\/solnhofener-natursteinparadies.com\/2025\/#organization","name":"Solnhofener Natursteinparadies","url":"https:\/\/solnhofener-natursteinparadies.com\/2025\/","logo":{"@type":"ImageObject","inLanguage":"de","@id":"https:\/\/solnhofener-natursteinparadies.com\/2025\/#\/schema\/logo\/image\/","url":"https:\/\/solnhofener-natursteinparadies.com\/2025\/wp-content\/uploads\/2025\/06\/header-3.jpg","contentUrl":"https:\/\/solnhofener-natursteinparadies.com\/2025\/wp-content\/uploads\/2025\/06\/header-3.jpg","width":1200,"height":230,"caption":"Solnhofener Natursteinparadies"},"image":{"@id":"https:\/\/solnhofener-natursteinparadies.com\/2025\/#\/schema\/logo\/image\/"}}]}},"jetpack_sharing_enabled":true,"_links":{"self":[{"href":"https:\/\/solnhofener-natursteinparadies.com\/2025\/wp-json\/wp\/v2\/pages\/61","targetHints":{"allow":["GET"]}}],"collection":[{"href":"https:\/\/solnhofener-natursteinparadies.com\/2025\/wp-json\/wp\/v2\/pages"}],"about":[{"href":"https:\/\/solnhofener-natursteinparadies.com\/2025\/wp-json\/wp\/v2\/types\/page"}],"author":[{"embeddable":true,"href":"https:\/\/solnhofener-natursteinparadies.com\/2025\/wp-json\/wp\/v2\/users\/1"}],"replies":[{"embeddable":true,"href":"https:\/\/solnhofener-natursteinparadies.com\/2025\/wp-json\/wp\/v2\/comments?post=61"}],"version-history":[{"count":7,"href":"https:\/\/solnhofener-natursteinparadies.com\/2025\/wp-json\/wp\/v2\/pages\/61\/revisions"}],"predecessor-version":[{"id":1736,"href":"https:\/\/solnhofener-natursteinparadies.com\/2025\/wp-json\/wp\/v2\/pages\/61\/revisions\/1736"}],"wp:attachment":[{"href":"https:\/\/solnhofener-natursteinparadies.com\/2025\/wp-json\/wp\/v2\/media?parent=61"}],"curies":[{"name":"wp","href":"https:\/\/api.w.org\/{rel}","templated":true}]}}