{"id":63,"date":"2025-06-19T19:55:39","date_gmt":"2025-06-19T17:55:39","guid":{"rendered":"https:\/\/solnhofener-natursteinparadies.com\/2025\/?page_id=63"},"modified":"2025-07-23T13:57:41","modified_gmt":"2025-07-23T11:57:41","slug":"termes-et-conditions","status":"publish","type":"page","link":"https:\/\/solnhofener-natursteinparadies.com\/2025\/fr\/termes-et-conditions\/","title":{"rendered":"Termes et Conditions"},"content":{"rendered":"\n<h5 class=\"wp-block-heading\"><strong>1. Tarifs<\/strong><\/h5>\n\n\n\n<p>Les prix s\u2019entendent hors dettes en euros. Les offres sont sous r\u00e9serve de contrat final qu\u2019avec notre confirmation de commande \u00e9crite. Pour ce qui est des raisons que nous ne sommes pas responsables, se produit un changement dans le co\u00fbt de la mati\u00e8re, nous nous r\u00e9servons le droit d\u2019ajuster les prix en cons\u00e9quence. Pour le pr\u00e9sent et toutes les futures transactions commerciales s\u2019appliquent en plus, dans l\u2019offre et dans la confirmation de commande figurant conditions particuli\u00e8res, la livraison et modalit\u00e9s g\u00e9n\u00e9rales suivantes de paiement. Conditions contradictoires de l\u2019achat ne sont pas valides .<\/p>\n\n\n\n<h5 class=\"wp-block-heading\"><strong>2. Disponibilit\u00e9<\/strong><\/h5>\n\n\n\n<p>Toutes les commandes ne seront accept\u00e9es sous r\u00e9serve de disponibilit\u00e9. \u00c9v\u00e9nements de force majeure tels que gr\u00e8ves, des fermetures d\u2019usines, les pannes, voiture ou un conteneur p\u00e9nurie, serrures de voiture, les difficult\u00e9s de travail \u00e9reintant, et \u00e0 se procurer les mati\u00e8res premi\u00e8res n\u00e9cessaires et d\u2019autres \u00e9ventualit\u00e9s nous soulager des obligations de livraison re\u00e7us. D\u00e9lais de livraison indiqu\u00e9s doivent \u00eatre consid\u00e9r\u00e9es comme approximatives et ne commencent apr\u00e8s clarification de l\u2019ordre. Bien s\u00fbr, la livraison, dans la mesure du possible, ponctuellement respect\u00e9, o\u00f9 nous constatons clairement que nous rejetons fondamentalement p\u00e9nalit\u00e9s de retard de paiement, ou d\u2019autres r\u00e9clamations pour retard de livraison. \u00c0 partir d\u2019une livraison l\u00e9g\u00e8rement retard\u00e9e ne peut \u00eatre d\u00e9riv\u00e9 le droit d\u2019annuler le contrat. Sous r\u00e9serve de vente pr\u00e9alable.<\/p>\n\n\n\n<h5 class=\"wp-block-heading\"><strong>3. Conditionnement<\/strong><\/h5>\n\n\n\n<p>Palettes qui sont bon march\u00e9 calcul\u00e9es et non retir\u00e9es .<\/p>\n\n\n\n<h5 class=\"wp-block-heading\"><strong>4. Livraison<\/strong><\/h5>\n\n\n\n<p>L\u2019exp\u00e9dition est transitaires internationaux.<\/p>\n\n\n\n<h5 class=\"wp-block-heading\"><strong>5. Responsabilit\u00e9<\/strong><\/h5>\n\n\n\n<p>Si l\u2019on constate des dommages \u00e0 l\u2019arriv\u00e9e de l\u2019envoi, le destinataire est tenu de confirmer imm\u00e9diatement cette sur la facture de transport. Lors de l\u2019exp\u00e9dition par camion, un dossier doit \u00eatre faite, dans lequel l\u2019 \u00e9tendue des d\u00e9g\u00e2ts est correctement enregistr\u00e9e. Ce protocole doit \u00eatre sign\u00e9 par le conducteur.<\/p>\n\n\n\n<h5 class=\"wp-block-heading\"><strong>6. Les propri\u00e9t\u00e9s des mat\u00e9riaux<\/strong><\/h5>\n\n\n\n<p>L\u2019\u00e9chantillonnage ne sont pas contraignantes et ne montrent que l\u2019aspect g\u00e9n\u00e9ral de la pierre. Mod\u00e8les de petites mains sont toujours disponibles pour \u20ac 15.00 plus 20%\u00a0TVA Autriche et livraison disponible. Le montant sera rembours\u00e9 \u00e0 l\u2019ordre sup\u00e9rieur. Cependant, les petits mod\u00e8les de pierre peuvent jamais unir toutes les propri\u00e9t\u00e9s, caract\u00e9ristiques, \u00e9lements et les diff\u00e9rences de couleur, le motif, la structure, la texture et la beaut\u00e9 de la pierre naturelle. Pour ceux qui se produisent dans la pierre naturelle, les diff\u00e9rences de couleur, la turbidit\u00e9, veines, etc., \u00e9galement pour les d\u00e9fauts naturels tels que les pores, les postes vacants, des incarc\u00e9rations, des fissures, des veines de quartz, etc. aucune responsabilit\u00e9 n\u2019est assum\u00e9e comme ils en aucun cas repr\u00e9senter une d\u00e9pr\u00e9ciation de la pierre. Dans dalles en pierre naturelle, comme Dalles De Solnhofen sont, quant \u00e0 l\u2019 \u00e9paisseur des classements fournis 10% de tol\u00e9rance et n\u00e9cessaire.<\/p>\n\n\n\n<h5 class=\"wp-block-heading\"><strong>7. Les commandes<\/strong><\/h5>\n\n\n\n<p>Pour les plans et les propositions doivent contenir le nombre exact et la taille des plaques souhait\u00e9s que nous pouvons prendre aucune responsabilit\u00e9 quant \u00e0 leur exactitude sans cette information.<\/p>\n\n\n\n<h5 class=\"wp-block-heading\"><strong>8. Les r\u00e9clamations<\/strong><\/h5>\n\n\n\n<p>Ne sont prises en consid\u00e9ration si elles sont pr\u00e9sent\u00e9es dans les 8 jours suivant la r\u00e9ception des marchandises. Malgr\u00e9 les plaintes de nos factures sont payables \u00e0 l\u2019\u00e9ch\u00e9ance de la mani\u00e8re convenue. L\u2019acheteur a la sienne, il les manquements all\u00e9gu\u00e9s sont en droit d\u2019exercer un recours revendiqu\u00e9s s\u00e9par\u00e9ment. M\u00eame dans le cas d\u2019une r\u00e9clamation justifi\u00e9e all\u00e8gue cr\u00e9ances salariales ont \u00e9chou\u00e9, pertes de b\u00e9n\u00e9fices ou autres, rejet\u00e9 par nous. L\u2019examen de la marchandise aura lieu toujours avant l\u2019installation. Plaintes, d\u00e9j\u00e0 au mat\u00e9riau laid peuvent \u00eatre reconnus en tout cas. La Pierre De Solnhofen, ainsi que d\u2019autres calcaires, pas compl\u00e8tement r\u00e9sistant au gel (VOB DIN 18332).<\/p>\n\n\n\n<h5 class=\"wp-block-heading\"><strong>9. Paiement<\/strong><\/h5>\n\n\n\n<p>Le paiement est effectu\u00e9 \u00e0 l\u2019avance.<\/p>\n\n\n\n<h5 class=\"wp-block-heading\"><strong>10. Le lieu d\u2019ex\u00e9cution<\/strong><\/h5>\n\n\n\n<p>pour la livraison et le paiement est Autriche. La juridiction est Steyr. Nous reconnaissons l\u2019ombudsman de l\u2019 Internet de r\u00e8glement des diff\u00e9rends \u00e0 l\u2019amiable \u00e0:\u00a0<a href=\"http:\/\/www.ombudsmann.at\/\">www.ombudsmann.at<\/a><\/p>\n\n\n\n<h5 class=\"wp-block-heading\"><strong>11. R\u00e9serve de propri\u00e9t\u00e9<\/strong><\/h5>\n\n\n\n<p><strong>1.<\/strong>&nbsp;L\u2019acheteur reconna\u00eet express\u00e9ment que la r\u00e9tention suivant pour toutes nos livraisons comme convenu.<\/p>\n\n\n\n<p><strong>2.<\/strong>&nbsp;Nous nous r\u00e9servons le droit au paiement int\u00e9gral du prix d\u2019achat et des int\u00e9r\u00eats courus et les frais concernant la propri\u00e9t\u00e9 de la marchandise livr\u00e9e. La propri\u00e9t\u00e9 reste dans le paiement par lettre de change ou les ch\u00e8ques sont faits jusqu\u2019au paiement int\u00e9gral .<\/p>\n\n\n\n<p><strong>3.<\/strong>&nbsp;Tant que notre propri\u00e9t\u00e9 n\u2019est pas \u00e9teinte, est la revente ou toute ouvraison ou de la transformation par l\u2019acheteur, comme notre repr\u00e9sentant sans que l\u2019acheteur obtient d\u2019une r\u00e9clamation contre nous.<\/p>\n\n\n\n<p><strong>4.<\/strong>&nbsp;Si l\u2019acheteur vend nos produits, ou il construit dans un terrain, il lui arrive \u00e0 l\u2019avance du prix r\u00e9sultant de la vente, l\u2019achat ou l\u2019installation ou de la revendication salariale \u00e0 l\u2019encontre du tiers de tous les droits annexes . L\u2019acheteur doit nous enseigner ici de non sollicit\u00e9s. Il est oblig\u00e9 de publier sur notre demande l\u2019attribution de la troisi\u00e8me partie et de nous fournir la preuve. D\u00e9passe la cr\u00e9ance c\u00e9d\u00e9e nos cr\u00e9ances de plus de 20%, nous nous engageons \u00e0 lib\u00e9rer l\u2019acheteur de la quantit\u00e9 excessive de sa r\u00e9clamation sur demande.<\/p>\n\n\n\n<p><strong>5.<\/strong>&nbsp;L\u2019acheteur est tenu de nous informer sans d\u00e9lai l\u2019acc\u00e8s de tierces personnes, des marchandises livr\u00e9es sous r\u00e9serve de propri\u00e9t\u00e9 ou plaintes justifi\u00e9es \u00e0 afficher. Il est \u00e9galement tenu de fournir, sur demande, tous les renseignements et documents pour prot\u00e9ger nos droits. En particulier, il doit nous informer que les noms et adresses des cr\u00e9ances c\u00e9d\u00e9es d\u00e9biteurs et les d\u00e9biteurs de la cession. L\u2019acheteur est tenu de nous d\u00e9livrer un certificat de cession.<\/p>\n\n\n\n<p><strong>6.<\/strong>&nbsp;La r\u00e9serve de propri\u00e9t\u00e9, conform\u00e9ment aux dispositions ci-dessus doit \u00e9galement exister si notre demande sera incluse dans un compte courant de la balance est \u00e9tabli et reconnu.<\/p>\n\n\n\n<p><strong>7.<\/strong>&nbsp;Avant paiement du montant de la facture, le vendeur est oblig\u00e9 de faire d\u2019autres livraisons. Si l\u2019acheteur est en d\u00e9faut avec un paiement, le vendeur peut \u00e0 tout, remarquable, exiger la livraison de tous les comptes de tr\u00e9sorerie avant la livraison de la marchandise.<\/p>\n\n\n\n<p><strong>8.<\/strong>&nbsp;Ces lettres indiqu\u00e9es sur le client, \u00e0 d\u2019autres conditions et dispositions ne s\u2019appliquent que si elles ont \u00e9t\u00e9 accept\u00e9es par nous par \u00e9crit. Toutes les d\u00e9clarations orales, t\u00e9l\u00e9phoniques et t\u00e9l\u00e9graphiques, ainsi que les d\u00e9clarations faites par nos repr\u00e9sentants et de ceux qui sont pris, les accords exigent notre confirmation \u00e9crite.<\/p>\n\n\n\n<h5 class=\"wp-block-heading\"><strong>12. Annulation et politique de retour<br>Plus d\u2019informations: Politique de retour<\/strong><\/h5>\n\n\n\n<p>Annulation et politique de retour: Les consommateurs ont le droit, dans les conditions suivantes auxquelles consommateur est toute personne physique qui conclut une transaction l\u00e9gale dans un but qui peut \u00eatre attribu\u00e9 ni commerciale, ni leur activit\u00e9 professionnelle ind\u00e9pendante: annulation, la r\u00e9vocation: Vous pouvez contrat dans les 14 jours sans donner les raisons par \u00e9crit (lettre , email) ou \u2013 si les marchandises avant la date limite \u2013 en retournant la marchandise. Le d\u00e9lai commence apr\u00e8s r\u00e9ception de cette instruction sous forme de texte, mais pas avant r\u00e9ception de la marchandise par le destinataire (en cas de livraison r\u00e9p\u00e9t\u00e9e de marchandises semblables pas avant la r\u00e9ception de la premi\u00e8re livraison partielle) et aussi ne pas remplir nos obligations en vertu de l\u2019article 246 \u00a7 2 en liaison avec \u00a7 1 paragraphes 1 et 2 projet de loi, ainsi que nos obligations conform\u00e9ment au \u00a7 312e Section 1 phrase 1 BGB en relation avec l\u2019article 246, \u00a7 3 BGB. La p\u00e9riode de r\u00e9vocation est suffisante pour envoyer la r\u00e9vocation ou la chose. La r\u00e9vocation doit \u00eatre envoy\u00e9e \u00e0: Solnhofen Paradis De La Pierre Naturelle, Dipl\u00f4me-Ing\u00e9nieur In\u00e8s Hellwig, Kirchengasse 8, A- 4400 Steyr, \u00e9mail:&nbsp;<a href=\"mailto:info@pierres-de-solnhofen.com\">info@pierres-de-solnhofen.com<\/a>&nbsp;ou&nbsp;<a href=\"mailto:info@solnhofener-natursteinparadies.com\">info@solnhofener-natursteinparadies.com<\/a>&nbsp;retours: en cas d\u2019 retrait effectif, les avantages mutuellement re\u00e7us et tous les avantages (par exemple int\u00e9r\u00eats) se sont rendus. Pouvez-vous nous donner la performance re\u00e7ue en tout ou en partie, ou seulement les retourner en mauvais \u00e9tat, vous devez nous verser une indemnisation pour la valeur. Avec la sortie de choses, cela ne s\u2019applique pas si la d\u00e9t\u00e9rioration est due exclusivement \u00e0 leur contr\u00f4le \u2013 il \u2013 comme ils vous ont dans un magasin de d\u00e9tail. En outre, vous pouvez \u00e9viter l\u2019obligation de verser une indemnit\u00e9 pour, r\u00e9sultant de l\u2019utilisation pr\u00e9vue du produit, \u00e9viter la d\u00e9t\u00e9rioration en n\u2019utilisant pas la marchandise comme votre propri\u00e9t\u00e9 et en s\u2019abstenant de tout ce qui pourrait r\u00e9duire sa valeur. \u00c9l\u00e9ments transportables doivent \u00eatre retourn\u00e9s \u00e0 nos risques. Vous avez \u00e0 supporter le co\u00fbt de renvoi des marchandises si la marchandise livr\u00e9e command\u00e9e et si le prix des marchandises retourn\u00e9es ne d\u00e9passe pas un montant de 40 Euros, ou si vous ou \u00e0 un prix \u00e9lev\u00e9 de la chose \u00e0 l\u2019\u00e9poque pas encore l\u2019examen de la r\u00e9vocation, ont fourni un paiement partiel convenu par contrat. Sinon, le retour est gratuit pour vous. Les choses ne colis ne vous chercher. Le remboursement des paiements doivent \u00eatre remplies dans les 30 jours. Le d\u00e9lai commence pour vous lorsque vous envoyez votre annulation ou de la marchandise, pour nous avec leur r\u00e9ception. Fin du retrait, l\u2019exclusion du droit de r\u00e9tractation. Le droit est de 1 ne s\u2019applique pas aux contrats \u00e0 distance pour la livraison de marchandises qui sont produites selon les sp\u00e9cifications du client ou clairement adapt\u00e9es aux besoins personnels ou qui ne conviennent pas en raison de leur \u00e9tat pour un retour ou g\u00e2cher rapidement ou dont la date de p\u00e9remption est pass\u00e9e, 2 ne s\u2019applique pas aux contrats \u00e0 distance pour la livraison d\u2019enregistrements ou de logiciels audio ou vid\u00e9o si les supports de donn\u00e9es livr\u00e9s ont \u00e9t\u00e9 descell\u00e9s par vous. Remarques g\u00e9n\u00e9rales: 1 S\u2019il vous pla\u00eet \u00e9viter les dommages et la contamination du produit. Envoyez les marchandises si possible dans leur emballage d\u2019origine avec tous les accessoires et avec tous les composants d\u2019emballage pour nous. Utilisez un emballage ext\u00e9rieur de protection. Si vous n\u2019avez pas l\u2019emballage d\u2019origine, s\u2019il vous pla\u00eet fournir un emballage adapt\u00e9 pour une protection ad\u00e9quate contre les dommages de transport. 2 Envoyez les marchandises, si possible non libres pour nous. Nous vous remboursons \u00e9galement \u00e0 demander l\u2019affranchissement \u00e0 l\u2019avance, si elles ne sont pas \u00e0 votre charge. 3 Veuillez noter que les paragraphes ci-dessus 1-2 n\u2019est pas une condition pr\u00e9alable \u00e0 l\u2019exercice effectif du droit.<\/p>\n","protected":false},"excerpt":{"rendered":"<p>1. Tarifs Les prix s\u2019entendent hors dettes en euros. Les offres sont sous r\u00e9serve de contrat final qu\u2019avec notre confirmation de commande \u00e9crite. Pour ce qui est des raisons que nous ne sommes pas responsables, se produit un changement dans le co\u00fbt de la mati\u00e8re, nous nous r\u00e9servons le droit d\u2019ajuster les prix en cons\u00e9quence. &#8230; <a title=\"Termes et Conditions\" class=\"read-more\" href=\"https:\/\/solnhofener-natursteinparadies.com\/2025\/fr\/termes-et-conditions\/\" aria-label=\"Mehr Informationen \u00fcber Termes et Conditions\">Weiterlesen &#8230;<\/a><\/p>\n","protected":false},"author":1,"featured_media":0,"parent":0,"menu_order":401,"comment_status":"closed","ping_status":"closed","template":"","meta":{"ngg_post_thumbnail":0,"footnotes":""},"class_list":["post-63","page","type-page","status-publish"],"yoast_head":"<!-- This site is optimized with the Yoast SEO plugin v27.4 - https:\/\/yoast.com\/product\/yoast-seo-wordpress\/ -->\n<title>Termes - Solnhofen Paradis De La Pierre Naturelle<\/title>\n<meta name=\"description\" content=\"Termes - Solnhofen Paradis De La Pierre Naturelle\" \/>\n<meta name=\"robots\" content=\"index, follow, max-snippet:-1, max-image-preview:large, max-video-preview:-1\" \/>\n<link rel=\"canonical\" href=\"https:\/\/solnhofener-natursteinparadies.com\/2025\/fr\/termes-et-conditions\/\" \/>\n<meta property=\"og:locale\" content=\"de_DE\" \/>\n<meta property=\"og:type\" content=\"article\" \/>\n<meta property=\"og:title\" content=\"Termes - Solnhofen Paradis De La Pierre Naturelle\" \/>\n<meta property=\"og:description\" content=\"Termes - Solnhofen Paradis De La Pierre Naturelle\" \/>\n<meta property=\"og:url\" content=\"https:\/\/solnhofener-natursteinparadies.com\/2025\/fr\/termes-et-conditions\/\" \/>\n<meta property=\"og:site_name\" content=\"Solnhofener Natursteinparadies\" \/>\n<meta property=\"article:modified_time\" content=\"2025-07-23T11:57:41+00:00\" \/>\n<meta name=\"twitter:card\" content=\"summary_large_image\" \/>\n<meta name=\"twitter:label1\" content=\"Gesch\u00e4tzte Lesezeit\" \/>\n\t<meta name=\"twitter:data1\" content=\"10\u00a0Minuten\" \/>\n<script type=\"application\/ld+json\" class=\"yoast-schema-graph\">{\"@context\":\"https:\\\/\\\/schema.org\",\"@graph\":[{\"@type\":\"WebPage\",\"@id\":\"https:\\\/\\\/solnhofener-natursteinparadies.com\\\/2025\\\/fr\\\/termes-et-conditions\\\/\",\"url\":\"https:\\\/\\\/solnhofener-natursteinparadies.com\\\/2025\\\/fr\\\/termes-et-conditions\\\/\",\"name\":\"Termes - Solnhofen Paradis De La Pierre Naturelle\",\"isPartOf\":{\"@id\":\"https:\\\/\\\/solnhofener-natursteinparadies.com\\\/2025\\\/#website\"},\"datePublished\":\"2025-06-19T17:55:39+00:00\",\"dateModified\":\"2025-07-23T11:57:41+00:00\",\"description\":\"Termes - Solnhofen Paradis De La Pierre Naturelle\",\"breadcrumb\":{\"@id\":\"https:\\\/\\\/solnhofener-natursteinparadies.com\\\/2025\\\/fr\\\/termes-et-conditions\\\/#breadcrumb\"},\"inLanguage\":\"de\",\"potentialAction\":[{\"@type\":\"ReadAction\",\"target\":[\"https:\\\/\\\/solnhofener-natursteinparadies.com\\\/2025\\\/fr\\\/termes-et-conditions\\\/\"]}]},{\"@type\":\"BreadcrumbList\",\"@id\":\"https:\\\/\\\/solnhofener-natursteinparadies.com\\\/2025\\\/fr\\\/termes-et-conditions\\\/#breadcrumb\",\"itemListElement\":[{\"@type\":\"ListItem\",\"position\":1,\"name\":\"Startseite\",\"item\":\"https:\\\/\\\/solnhofener-natursteinparadies.com\\\/2025\\\/\"},{\"@type\":\"ListItem\",\"position\":2,\"name\":\"Termes et Conditions\"}]},{\"@type\":\"WebSite\",\"@id\":\"https:\\\/\\\/solnhofener-natursteinparadies.com\\\/2025\\\/#website\",\"url\":\"https:\\\/\\\/solnhofener-natursteinparadies.com\\\/2025\\\/\",\"name\":\"Solnhofener Natursteinparadies\",\"description\":\"\",\"publisher\":{\"@id\":\"https:\\\/\\\/solnhofener-natursteinparadies.com\\\/2025\\\/#organization\"},\"potentialAction\":[{\"@type\":\"SearchAction\",\"target\":{\"@type\":\"EntryPoint\",\"urlTemplate\":\"https:\\\/\\\/solnhofener-natursteinparadies.com\\\/2025\\\/?s={search_term_string}\"},\"query-input\":{\"@type\":\"PropertyValueSpecification\",\"valueRequired\":true,\"valueName\":\"search_term_string\"}}],\"inLanguage\":\"de\"},{\"@type\":\"Organization\",\"@id\":\"https:\\\/\\\/solnhofener-natursteinparadies.com\\\/2025\\\/#organization\",\"name\":\"Solnhofener Natursteinparadies\",\"url\":\"https:\\\/\\\/solnhofener-natursteinparadies.com\\\/2025\\\/\",\"logo\":{\"@type\":\"ImageObject\",\"inLanguage\":\"de\",\"@id\":\"https:\\\/\\\/solnhofener-natursteinparadies.com\\\/2025\\\/#\\\/schema\\\/logo\\\/image\\\/\",\"url\":\"https:\\\/\\\/solnhofener-natursteinparadies.com\\\/2025\\\/wp-content\\\/uploads\\\/2025\\\/06\\\/header-3.jpg\",\"contentUrl\":\"https:\\\/\\\/solnhofener-natursteinparadies.com\\\/2025\\\/wp-content\\\/uploads\\\/2025\\\/06\\\/header-3.jpg\",\"width\":1200,\"height\":230,\"caption\":\"Solnhofener Natursteinparadies\"},\"image\":{\"@id\":\"https:\\\/\\\/solnhofener-natursteinparadies.com\\\/2025\\\/#\\\/schema\\\/logo\\\/image\\\/\"}}]}<\/script>\n<!-- \/ Yoast SEO plugin. -->","yoast_head_json":{"title":"Termes - Solnhofen Paradis De La Pierre Naturelle","description":"Termes - Solnhofen Paradis De La Pierre Naturelle","robots":{"index":"index","follow":"follow","max-snippet":"max-snippet:-1","max-image-preview":"max-image-preview:large","max-video-preview":"max-video-preview:-1"},"canonical":"https:\/\/solnhofener-natursteinparadies.com\/2025\/fr\/termes-et-conditions\/","og_locale":"de_DE","og_type":"article","og_title":"Termes - Solnhofen Paradis De La Pierre Naturelle","og_description":"Termes - Solnhofen Paradis De La Pierre Naturelle","og_url":"https:\/\/solnhofener-natursteinparadies.com\/2025\/fr\/termes-et-conditions\/","og_site_name":"Solnhofener Natursteinparadies","article_modified_time":"2025-07-23T11:57:41+00:00","twitter_card":"summary_large_image","twitter_misc":{"Gesch\u00e4tzte Lesezeit":"10\u00a0Minuten"},"schema":{"@context":"https:\/\/schema.org","@graph":[{"@type":"WebPage","@id":"https:\/\/solnhofener-natursteinparadies.com\/2025\/fr\/termes-et-conditions\/","url":"https:\/\/solnhofener-natursteinparadies.com\/2025\/fr\/termes-et-conditions\/","name":"Termes - Solnhofen Paradis De La Pierre Naturelle","isPartOf":{"@id":"https:\/\/solnhofener-natursteinparadies.com\/2025\/#website"},"datePublished":"2025-06-19T17:55:39+00:00","dateModified":"2025-07-23T11:57:41+00:00","description":"Termes - Solnhofen Paradis De La Pierre Naturelle","breadcrumb":{"@id":"https:\/\/solnhofener-natursteinparadies.com\/2025\/fr\/termes-et-conditions\/#breadcrumb"},"inLanguage":"de","potentialAction":[{"@type":"ReadAction","target":["https:\/\/solnhofener-natursteinparadies.com\/2025\/fr\/termes-et-conditions\/"]}]},{"@type":"BreadcrumbList","@id":"https:\/\/solnhofener-natursteinparadies.com\/2025\/fr\/termes-et-conditions\/#breadcrumb","itemListElement":[{"@type":"ListItem","position":1,"name":"Startseite","item":"https:\/\/solnhofener-natursteinparadies.com\/2025\/"},{"@type":"ListItem","position":2,"name":"Termes et Conditions"}]},{"@type":"WebSite","@id":"https:\/\/solnhofener-natursteinparadies.com\/2025\/#website","url":"https:\/\/solnhofener-natursteinparadies.com\/2025\/","name":"Solnhofener Natursteinparadies","description":"","publisher":{"@id":"https:\/\/solnhofener-natursteinparadies.com\/2025\/#organization"},"potentialAction":[{"@type":"SearchAction","target":{"@type":"EntryPoint","urlTemplate":"https:\/\/solnhofener-natursteinparadies.com\/2025\/?s={search_term_string}"},"query-input":{"@type":"PropertyValueSpecification","valueRequired":true,"valueName":"search_term_string"}}],"inLanguage":"de"},{"@type":"Organization","@id":"https:\/\/solnhofener-natursteinparadies.com\/2025\/#organization","name":"Solnhofener Natursteinparadies","url":"https:\/\/solnhofener-natursteinparadies.com\/2025\/","logo":{"@type":"ImageObject","inLanguage":"de","@id":"https:\/\/solnhofener-natursteinparadies.com\/2025\/#\/schema\/logo\/image\/","url":"https:\/\/solnhofener-natursteinparadies.com\/2025\/wp-content\/uploads\/2025\/06\/header-3.jpg","contentUrl":"https:\/\/solnhofener-natursteinparadies.com\/2025\/wp-content\/uploads\/2025\/06\/header-3.jpg","width":1200,"height":230,"caption":"Solnhofener Natursteinparadies"},"image":{"@id":"https:\/\/solnhofener-natursteinparadies.com\/2025\/#\/schema\/logo\/image\/"}}]}},"jetpack_sharing_enabled":true,"_links":{"self":[{"href":"https:\/\/solnhofener-natursteinparadies.com\/2025\/wp-json\/wp\/v2\/pages\/63","targetHints":{"allow":["GET"]}}],"collection":[{"href":"https:\/\/solnhofener-natursteinparadies.com\/2025\/wp-json\/wp\/v2\/pages"}],"about":[{"href":"https:\/\/solnhofener-natursteinparadies.com\/2025\/wp-json\/wp\/v2\/types\/page"}],"author":[{"embeddable":true,"href":"https:\/\/solnhofener-natursteinparadies.com\/2025\/wp-json\/wp\/v2\/users\/1"}],"replies":[{"embeddable":true,"href":"https:\/\/solnhofener-natursteinparadies.com\/2025\/wp-json\/wp\/v2\/comments?post=63"}],"version-history":[{"count":2,"href":"https:\/\/solnhofener-natursteinparadies.com\/2025\/wp-json\/wp\/v2\/pages\/63\/revisions"}],"predecessor-version":[{"id":1623,"href":"https:\/\/solnhofener-natursteinparadies.com\/2025\/wp-json\/wp\/v2\/pages\/63\/revisions\/1623"}],"wp:attachment":[{"href":"https:\/\/solnhofener-natursteinparadies.com\/2025\/wp-json\/wp\/v2\/media?parent=63"}],"curies":[{"name":"wp","href":"https:\/\/api.w.org\/{rel}","templated":true}]}}