{"id":7,"date":"2025-06-19T14:59:46","date_gmt":"2025-06-19T12:59:46","guid":{"rendered":"https:\/\/solnhofener-natursteinparadies.com\/2025\/?page_id=7"},"modified":"2025-08-02T14:36:45","modified_gmt":"2025-08-02T12:36:45","slug":"solnhofener-natursteinparadies-startseite","status":"publish","type":"page","link":"https:\/\/solnhofener-natursteinparadies.com\/2025\/","title":{"rendered":"Startseite"},"content":{"rendered":"<div class=\"wp-block-image\">\n<figure class=\"aligncenter size-full\"><img loading=\"lazy\" decoding=\"async\" width=\"912\" height=\"184\" src=\"https:\/\/solnhofener-natursteinparadies.com\/2025\/wp-content\/uploads\/2025\/06\/Start_kopf.jpg\" alt=\"Startseite - Solnhofener Natursteinparadies\" class=\"wp-image-146\" srcset=\"https:\/\/solnhofener-natursteinparadies.com\/2025\/wp-content\/uploads\/2025\/06\/Start_kopf.jpg 912w, https:\/\/solnhofener-natursteinparadies.com\/2025\/wp-content\/uploads\/2025\/06\/Start_kopf-300x61.jpg 300w, https:\/\/solnhofener-natursteinparadies.com\/2025\/wp-content\/uploads\/2025\/06\/Start_kopf-768x155.jpg 768w\" sizes=\"auto, (max-width: 912px) 100vw, 912px\" \/><\/figure>\n<\/div>\n\n\n<p><\/p>\n\n\n\n<p class=\"has-text-align-center has-contrast-color has-text-color has-link-color wp-elements-df4981ba25d4f25f0a681a166aa88886\">Unser Naturstein als&nbsp;<strong>BIO-BAUSTOFF<\/strong>&nbsp;in seiner nat\u00fcrlichen Sch\u00f6nheit und Eleganz wird Sie begeistern.<\/p>\n\n\n\n<h5 class=\"wp-block-heading has-text-align-center has-text-color has-link-color wp-elements-4ea61cfafb2c445f6222f92483d15043\" style=\"color:#038c4b\"><strong><em>Sp\u00fcre die Kraft der Steine &#8211; Lass Dich inspirieren und verzaubern<\/em><\/strong><\/h5>\n\n\n\n<p>Wir pr\u00e4sentieren Ihnen faszinierende Natursteine von <strong>Granit, Jura-Kalkstein, Kalkstein, Marmor \u00fcber Quarzit bis zu Solnhofener Platten und Travertin<\/strong>.<br>Alle Steine sind stets von h\u00f6chster Qualit\u00e4t und bestechen durch ihre einzigartigen Farben.<br>Ein bekannter Stein von dieser Auswahl sind die <strong>Solnhofener Platten, <\/strong><strong>Rutschsicherheit R13, daher auch f\u00fcr \u00f6ffentliche Geb\u00e4ude zugelassen<\/strong>.<\/p>\n\n\n\n<p>Bitte beachten Sie, dass es sich hierbei um Naturprodukte handelt, die in ihrer Farbe, Form und Beschaffenheit von der Darstellung abweichen k\u00f6nnen.<\/p>\n\n\n\n<h5 class=\"wp-block-heading has-text-align-center\"><strong>Kein Stein gleicht dem anderen &#8211; Jeder Stein ist ein Unikat!<\/strong><\/h5>\n\n\n\n<p><strong>Kleine Einschl\u00fcsse von Fossilien (\u201eUrzeit Tierchen\u201c) geben Zeugnis l\u00e4ngst vergangener Zeiten unserer Erdgeschichte. Sie sind zugleich Wert steigernd und von einzigartiger, unverg\u00e4nglicher Sch\u00f6nheit. Sie bilden den individuellen Schmuck ihrer Umgebung.<\/strong><\/p>\n\n\n\n<p>Bitte, \u00fcberzeugen Sie sich von der Qualit\u00e4t und Exklusivit\u00e4t unserer Steine, die wir Ihnen zu fairen Preisen anbieten, da wir sie direkt vom Erzeuger beziehen und wir ohne Zwischenh\u00e4ndler arbeiten.<br>Wir beraten Sie gerne bei Ihren Projekten.<br>Unser Stein Designer freut sich, Ihnen mit seinem Rat hilfreich zur Seite zu stehen.<\/p>\n\n\n<div class=\"wp-block-image\">\n<figure class=\"alignright size-full is-resized\"><img loading=\"lazy\" decoding=\"async\" width=\"400\" height=\"540\" src=\"https:\/\/solnhofener-natursteinparadies.com\/2025\/wp-content\/uploads\/2025\/07\/Titelseite2.jpg\" alt=\"\" class=\"wp-image-1689\" style=\"width:275px;height:auto\" srcset=\"https:\/\/solnhofener-natursteinparadies.com\/2025\/wp-content\/uploads\/2025\/07\/Titelseite2.jpg 400w, https:\/\/solnhofener-natursteinparadies.com\/2025\/wp-content\/uploads\/2025\/07\/Titelseite2-222x300.jpg 222w\" sizes=\"auto, (max-width: 400px) 100vw, 400px\" \/><\/figure>\n<\/div>\n\n\n<h5 class=\"wp-block-heading\"><strong>Unsere <a href=\"https:\/\/solnhofener-natursteinparadies.com\/2025\/solnhofener-natursteinparadies-produkte\/\">Produkte<\/a><\/strong><\/h5>\n\n\n\n<ul class=\"wp-block-list\">\n<li><a href=\"https:\/\/solnhofener-natursteinparadies.com\/2025\/produkte\/polygonalplatten\/\">Polygonalplatten<\/a> (Solnhofener Platten, Rutschsicherheit R13 oder Quarzit)<\/li>\n\n\n\n<li><a href=\"https:\/\/solnhofener-natursteinparadies.com\/2025\/produkte\/produkte-formatplatten\/\">Formatplatten<\/a><\/li>\n\n\n\n<li><a href=\"https:\/\/solnhofener-natursteinparadies.com\/2025\/produkte\/produkte-kalkstein\/\">Jura-Kalkstein<\/a>, Kalkstein, Marmor<\/li>\n\n\n\n<li><a href=\"https:\/\/solnhofener-natursteinparadies.com\/2025\/produkte\/travertin\/\">Travertin<\/a> (frostbest\u00e4ndig)<\/li>\n\n\n\n<li><a href=\"https:\/\/solnhofener-natursteinparadies.com\/2025\/produkte\/quarzit\/\">Quarzit<\/a> (s\u00e4urebest\u00e4ndig &amp; frostbest\u00e4ndig)<\/li>\n\n\n\n<li>Granit (s\u00e4urebest\u00e4ndig &amp; frostbest\u00e4ndig)<\/li>\n\n\n\n<li><a href=\"https:\/\/solnhofener-natursteinparadies.com\/2025\/produkte\/solker-feinsteinzeug\/\">SolKer\u00ae Feinsteinzeug<\/a> im Natursteinlook<\/li>\n\n\n\n<li><a href=\"https:\/\/solnhofener-natursteinparadies.com\/2025\/produkte\/produkte-sockelleisten\/\">Sockelleisten<\/a><\/li>\n\n\n\n<li><a href=\"https:\/\/solnhofener-natursteinparadies.com\/2025\/produkte\/treppen\/\">Treppen<\/a><\/li>\n\n\n\n<li><a href=\"https:\/\/solnhofener-natursteinparadies.com\/2025\/kanten-und-oberflaechenbearbeitung\/\">Kanten- und Oberfl\u00e4chenbearbeitung<\/a><\/li>\n\n\n\n<li><a href=\"https:\/\/solnhofener-natursteinparadies.com\/2025\/produkte\/besonderheiten\/\">Besonderheiten<\/a><\/li>\n\n\n\n<li>Fensterb\u00e4nke<\/li>\n\n\n\n<li>Ma\u00dfanfertigungen<\/li>\n\n\n\n<li>Verlegeprodukte<\/li>\n\n\n\n<li>Impr\u00e4gnierung<\/li>\n<\/ul>\n\n\n\n<h5 class=\"wp-block-heading\"><strong><a href=\"https:\/\/solnhofener-natursteinparadies.com\/2025\/service\/\">Service<\/a> und Beratung<\/strong><\/h5>\n\n\n\n<p>Von der Bestellung bis zur Auslieferung<\/p>\n\n\n\n<ul class=\"wp-block-list\">\n<li>Auch nach dem Gesch\u00e4ftsabschluss bleiben wir sehr gerne jederzeit f\u00fcr Sie ansprechbar<\/li>\n\n\n\n<li>Denn nur wirklich erstklassiger Kundenservice ist eine nachhaltig gute Werbung f\u00fcr uns<\/li>\n\n\n\n<li><strong>Erst, wenn Sie zufrieden sind, sind wir es auch!<\/strong><\/li>\n\n\n\n<li>Viele zufriedene Kunden seit 2013 sprechen f\u00fcr sich<\/li>\n\n\n\n<li>Doch unsere beste Referenz soll Ihre Empfehlung werden<br><a href=\"https:\/\/solnhofener-natursteinparadies.com\/wp-content\/uploads\/IMG_1006_2.jpg\"><\/a><\/li>\n<\/ul>\n\n\n\n<h5 class=\"wp-block-heading\"><strong><a href=\"https:\/\/solnhofener-natursteinparadies.com\/2025\/versand\/\">Versand<\/a><\/strong><\/h5>\n\n\n\n<p>Erfolgt mit internationalen Speditionen in gut gesicherten Paletten aus unbehandeltem Holz. Sie k\u00f6nnen daher ohne Bedenken im Kamin verheizt werden.<\/p>\n\n\n\n<p><strong>Lieferzeit:<\/strong>&nbsp;nach Absprache<\/p>\n\n\n\n<p>Ihr Solnhofener Natursteinparadies<\/p>\n","protected":false},"excerpt":{"rendered":"<p>Unser Naturstein als&nbsp;BIO-BAUSTOFF&nbsp;in seiner nat\u00fcrlichen Sch\u00f6nheit und Eleganz wird Sie begeistern. Sp\u00fcre die Kraft der Steine &#8211; Lass Dich inspirieren und verzaubern Wir pr\u00e4sentieren Ihnen faszinierende Natursteine von Granit, Jura-Kalkstein, Kalkstein, Marmor \u00fcber Quarzit bis zu Solnhofener Platten und Travertin.Alle Steine sind stets von h\u00f6chster Qualit\u00e4t und bestechen durch ihre einzigartigen Farben.Ein bekannter Stein von &#8230; <a title=\"Startseite\" class=\"read-more\" href=\"https:\/\/solnhofener-natursteinparadies.com\/2025\/\" aria-label=\"Mehr Informationen \u00fcber Startseite\">Weiterlesen &#8230;<\/a><\/p>\n","protected":false},"author":1,"featured_media":0,"parent":0,"menu_order":0,"comment_status":"closed","ping_status":"closed","template":"","meta":{"ngg_post_thumbnail":0,"footnotes":""},"class_list":["post-7","page","type-page","status-publish"],"yoast_head":"<!-- This site is optimized with the Yoast SEO plugin v27.5 - https:\/\/yoast.com\/product\/yoast-seo-wordpress\/ -->\n<title>Startseite - Solnhofener Natursteinparadies<\/title>\n<meta name=\"description\" content=\"Solnhofener Natursteinparadies - Startseite - Sp\u00fcre die Kraft der Steine! Lass Dich inspirieren und verzaubern!\" \/>\n<meta name=\"robots\" content=\"index, follow, max-snippet:-1, max-image-preview:large, max-video-preview:-1\" \/>\n<link rel=\"canonical\" href=\"https:\/\/solnhofener-natursteinparadies.com\/2025\/\" \/>\n<meta property=\"og:locale\" content=\"de_DE\" \/>\n<meta property=\"og:type\" content=\"article\" \/>\n<meta property=\"og:title\" content=\"Startseite - Solnhofener Natursteinparadies\" \/>\n<meta property=\"og:description\" content=\"Solnhofener Natursteinparadies - Startseite - Sp\u00fcre die Kraft der Steine! Lass Dich inspirieren und verzaubern!\" \/>\n<meta property=\"og:url\" content=\"https:\/\/solnhofener-natursteinparadies.com\/2025\/\" \/>\n<meta property=\"og:site_name\" content=\"Solnhofener Natursteinparadies\" \/>\n<meta property=\"article:modified_time\" content=\"2025-08-02T12:36:45+00:00\" \/>\n<meta property=\"og:image\" content=\"https:\/\/solnhofener-natursteinparadies.com\/2025\/wp-content\/uploads\/2025\/06\/Start_kopf.jpg\" \/>\n\t<meta property=\"og:image:width\" content=\"912\" \/>\n\t<meta property=\"og:image:height\" content=\"184\" \/>\n\t<meta property=\"og:image:type\" content=\"image\/jpeg\" \/>\n<meta name=\"twitter:card\" content=\"summary_large_image\" \/>\n<meta name=\"twitter:label1\" content=\"Gesch\u00e4tzte Lesezeit\" \/>\n\t<meta name=\"twitter:data1\" content=\"3\u00a0Minuten\" \/>\n<script type=\"application\/ld+json\" class=\"yoast-schema-graph\">{\"@context\":\"https:\\\/\\\/schema.org\",\"@graph\":[{\"@type\":\"WebPage\",\"@id\":\"https:\\\/\\\/solnhofener-natursteinparadies.com\\\/2025\\\/\",\"url\":\"https:\\\/\\\/solnhofener-natursteinparadies.com\\\/2025\\\/\",\"name\":\"Startseite - Solnhofener Natursteinparadies\",\"isPartOf\":{\"@id\":\"https:\\\/\\\/solnhofener-natursteinparadies.com\\\/2025\\\/#website\"},\"primaryImageOfPage\":{\"@id\":\"https:\\\/\\\/solnhofener-natursteinparadies.com\\\/2025\\\/#primaryimage\"},\"image\":{\"@id\":\"https:\\\/\\\/solnhofener-natursteinparadies.com\\\/2025\\\/#primaryimage\"},\"thumbnailUrl\":\"https:\\\/\\\/solnhofener-natursteinparadies.com\\\/2025\\\/wp-content\\\/uploads\\\/2025\\\/06\\\/Start_kopf.jpg\",\"datePublished\":\"2025-06-19T12:59:46+00:00\",\"dateModified\":\"2025-08-02T12:36:45+00:00\",\"description\":\"Solnhofener Natursteinparadies - Startseite - Sp\u00fcre die Kraft der Steine! Lass Dich inspirieren und verzaubern!\",\"breadcrumb\":{\"@id\":\"https:\\\/\\\/solnhofener-natursteinparadies.com\\\/2025\\\/#breadcrumb\"},\"inLanguage\":\"de\",\"potentialAction\":[{\"@type\":\"ReadAction\",\"target\":[\"https:\\\/\\\/solnhofener-natursteinparadies.com\\\/2025\\\/\"]}]},{\"@type\":\"ImageObject\",\"inLanguage\":\"de\",\"@id\":\"https:\\\/\\\/solnhofener-natursteinparadies.com\\\/2025\\\/#primaryimage\",\"url\":\"https:\\\/\\\/solnhofener-natursteinparadies.com\\\/2025\\\/wp-content\\\/uploads\\\/2025\\\/06\\\/Start_kopf.jpg\",\"contentUrl\":\"https:\\\/\\\/solnhofener-natursteinparadies.com\\\/2025\\\/wp-content\\\/uploads\\\/2025\\\/06\\\/Start_kopf.jpg\",\"width\":912,\"height\":184},{\"@type\":\"BreadcrumbList\",\"@id\":\"https:\\\/\\\/solnhofener-natursteinparadies.com\\\/2025\\\/#breadcrumb\",\"itemListElement\":[{\"@type\":\"ListItem\",\"position\":1,\"name\":\"Startseite\",\"item\":\"https:\\\/\\\/solnhofener-natursteinparadies.com\\\/2025\\\/\"},{\"@type\":\"ListItem\",\"position\":2,\"name\":\"Startseite\"}]},{\"@type\":\"WebSite\",\"@id\":\"https:\\\/\\\/solnhofener-natursteinparadies.com\\\/2025\\\/#website\",\"url\":\"https:\\\/\\\/solnhofener-natursteinparadies.com\\\/2025\\\/\",\"name\":\"Solnhofener Natursteinparadies\",\"description\":\"\",\"publisher\":{\"@id\":\"https:\\\/\\\/solnhofener-natursteinparadies.com\\\/2025\\\/#organization\"},\"potentialAction\":[{\"@type\":\"SearchAction\",\"target\":{\"@type\":\"EntryPoint\",\"urlTemplate\":\"https:\\\/\\\/solnhofener-natursteinparadies.com\\\/2025\\\/?s={search_term_string}\"},\"query-input\":{\"@type\":\"PropertyValueSpecification\",\"valueRequired\":true,\"valueName\":\"search_term_string\"}}],\"inLanguage\":\"de\"},{\"@type\":\"Organization\",\"@id\":\"https:\\\/\\\/solnhofener-natursteinparadies.com\\\/2025\\\/#organization\",\"name\":\"Solnhofener Natursteinparadies\",\"url\":\"https:\\\/\\\/solnhofener-natursteinparadies.com\\\/2025\\\/\",\"logo\":{\"@type\":\"ImageObject\",\"inLanguage\":\"de\",\"@id\":\"https:\\\/\\\/solnhofener-natursteinparadies.com\\\/2025\\\/#\\\/schema\\\/logo\\\/image\\\/\",\"url\":\"https:\\\/\\\/solnhofener-natursteinparadies.com\\\/2025\\\/wp-content\\\/uploads\\\/2025\\\/06\\\/header-3.jpg\",\"contentUrl\":\"https:\\\/\\\/solnhofener-natursteinparadies.com\\\/2025\\\/wp-content\\\/uploads\\\/2025\\\/06\\\/header-3.jpg\",\"width\":1200,\"height\":230,\"caption\":\"Solnhofener Natursteinparadies\"},\"image\":{\"@id\":\"https:\\\/\\\/solnhofener-natursteinparadies.com\\\/2025\\\/#\\\/schema\\\/logo\\\/image\\\/\"}}]}<\/script>\n<!-- \/ Yoast SEO plugin. -->","yoast_head_json":{"title":"Startseite - Solnhofener Natursteinparadies","description":"Solnhofener Natursteinparadies - Startseite - Sp\u00fcre die Kraft der Steine! Lass Dich inspirieren und verzaubern!","robots":{"index":"index","follow":"follow","max-snippet":"max-snippet:-1","max-image-preview":"max-image-preview:large","max-video-preview":"max-video-preview:-1"},"canonical":"https:\/\/solnhofener-natursteinparadies.com\/2025\/","og_locale":"de_DE","og_type":"article","og_title":"Startseite - Solnhofener Natursteinparadies","og_description":"Solnhofener Natursteinparadies - Startseite - Sp\u00fcre die Kraft der Steine! Lass Dich inspirieren und verzaubern!","og_url":"https:\/\/solnhofener-natursteinparadies.com\/2025\/","og_site_name":"Solnhofener Natursteinparadies","article_modified_time":"2025-08-02T12:36:45+00:00","og_image":[{"width":912,"height":184,"url":"https:\/\/solnhofener-natursteinparadies.com\/2025\/wp-content\/uploads\/2025\/06\/Start_kopf.jpg","type":"image\/jpeg"}],"twitter_card":"summary_large_image","twitter_misc":{"Gesch\u00e4tzte Lesezeit":"3\u00a0Minuten"},"schema":{"@context":"https:\/\/schema.org","@graph":[{"@type":"WebPage","@id":"https:\/\/solnhofener-natursteinparadies.com\/2025\/","url":"https:\/\/solnhofener-natursteinparadies.com\/2025\/","name":"Startseite - Solnhofener Natursteinparadies","isPartOf":{"@id":"https:\/\/solnhofener-natursteinparadies.com\/2025\/#website"},"primaryImageOfPage":{"@id":"https:\/\/solnhofener-natursteinparadies.com\/2025\/#primaryimage"},"image":{"@id":"https:\/\/solnhofener-natursteinparadies.com\/2025\/#primaryimage"},"thumbnailUrl":"https:\/\/solnhofener-natursteinparadies.com\/2025\/wp-content\/uploads\/2025\/06\/Start_kopf.jpg","datePublished":"2025-06-19T12:59:46+00:00","dateModified":"2025-08-02T12:36:45+00:00","description":"Solnhofener Natursteinparadies - Startseite - Sp\u00fcre die Kraft der Steine! Lass Dich inspirieren und verzaubern!","breadcrumb":{"@id":"https:\/\/solnhofener-natursteinparadies.com\/2025\/#breadcrumb"},"inLanguage":"de","potentialAction":[{"@type":"ReadAction","target":["https:\/\/solnhofener-natursteinparadies.com\/2025\/"]}]},{"@type":"ImageObject","inLanguage":"de","@id":"https:\/\/solnhofener-natursteinparadies.com\/2025\/#primaryimage","url":"https:\/\/solnhofener-natursteinparadies.com\/2025\/wp-content\/uploads\/2025\/06\/Start_kopf.jpg","contentUrl":"https:\/\/solnhofener-natursteinparadies.com\/2025\/wp-content\/uploads\/2025\/06\/Start_kopf.jpg","width":912,"height":184},{"@type":"BreadcrumbList","@id":"https:\/\/solnhofener-natursteinparadies.com\/2025\/#breadcrumb","itemListElement":[{"@type":"ListItem","position":1,"name":"Startseite","item":"https:\/\/solnhofener-natursteinparadies.com\/2025\/"},{"@type":"ListItem","position":2,"name":"Startseite"}]},{"@type":"WebSite","@id":"https:\/\/solnhofener-natursteinparadies.com\/2025\/#website","url":"https:\/\/solnhofener-natursteinparadies.com\/2025\/","name":"Solnhofener Natursteinparadies","description":"","publisher":{"@id":"https:\/\/solnhofener-natursteinparadies.com\/2025\/#organization"},"potentialAction":[{"@type":"SearchAction","target":{"@type":"EntryPoint","urlTemplate":"https:\/\/solnhofener-natursteinparadies.com\/2025\/?s={search_term_string}"},"query-input":{"@type":"PropertyValueSpecification","valueRequired":true,"valueName":"search_term_string"}}],"inLanguage":"de"},{"@type":"Organization","@id":"https:\/\/solnhofener-natursteinparadies.com\/2025\/#organization","name":"Solnhofener Natursteinparadies","url":"https:\/\/solnhofener-natursteinparadies.com\/2025\/","logo":{"@type":"ImageObject","inLanguage":"de","@id":"https:\/\/solnhofener-natursteinparadies.com\/2025\/#\/schema\/logo\/image\/","url":"https:\/\/solnhofener-natursteinparadies.com\/2025\/wp-content\/uploads\/2025\/06\/header-3.jpg","contentUrl":"https:\/\/solnhofener-natursteinparadies.com\/2025\/wp-content\/uploads\/2025\/06\/header-3.jpg","width":1200,"height":230,"caption":"Solnhofener Natursteinparadies"},"image":{"@id":"https:\/\/solnhofener-natursteinparadies.com\/2025\/#\/schema\/logo\/image\/"}}]}},"jetpack_sharing_enabled":true,"_links":{"self":[{"href":"https:\/\/solnhofener-natursteinparadies.com\/2025\/wp-json\/wp\/v2\/pages\/7","targetHints":{"allow":["GET"]}}],"collection":[{"href":"https:\/\/solnhofener-natursteinparadies.com\/2025\/wp-json\/wp\/v2\/pages"}],"about":[{"href":"https:\/\/solnhofener-natursteinparadies.com\/2025\/wp-json\/wp\/v2\/types\/page"}],"author":[{"embeddable":true,"href":"https:\/\/solnhofener-natursteinparadies.com\/2025\/wp-json\/wp\/v2\/users\/1"}],"replies":[{"embeddable":true,"href":"https:\/\/solnhofener-natursteinparadies.com\/2025\/wp-json\/wp\/v2\/comments?post=7"}],"version-history":[{"count":45,"href":"https:\/\/solnhofener-natursteinparadies.com\/2025\/wp-json\/wp\/v2\/pages\/7\/revisions"}],"predecessor-version":[{"id":1943,"href":"https:\/\/solnhofener-natursteinparadies.com\/2025\/wp-json\/wp\/v2\/pages\/7\/revisions\/1943"}],"wp:attachment":[{"href":"https:\/\/solnhofener-natursteinparadies.com\/2025\/wp-json\/wp\/v2\/media?parent=7"}],"curies":[{"name":"wp","href":"https:\/\/api.w.org\/{rel}","templated":true}]}}