{"id":711,"date":"2025-06-23T13:45:27","date_gmt":"2025-06-23T11:45:27","guid":{"rendered":"https:\/\/solnhofener-natursteinparadies.com\/2025\/?page_id=711"},"modified":"2025-07-14T21:26:59","modified_gmt":"2025-07-14T19:26:59","slug":"jura-calcaire-jaune","status":"publish","type":"page","link":"https:\/\/solnhofener-natursteinparadies.com\/2025\/fr\/example-de-pose\/jura-calcaire-jaune\/","title":{"rendered":"Jura-Calcaire Jaune"},"content":{"rendered":"\n<h1 class=\"wp-block-heading\"><strong>Jura-Calcaire Jaune<\/strong><\/h1>\n\n\n\n<p><em>(pour agrandir, veuillez cliquer sur une image)<\/em><\/p>\n\n\n\nngg_shortcode_0_placeholder\n\n\n\n<h5 class=\"wp-block-heading\"><strong>Jura Calcaire sur le plus haut b\u00e2timent en pierre naturelle du monde.<\/strong><\/h5>\n\n\n\n<p>La tour Al Hamra se situe \u00e0 Kowe\u00eft City. Avec ses 413 m\u00e8tres d&#8217;altitude, elle se classe au 16e rang des plus hauts b\u00e2timents du monde.<\/p>\n\n\n\n<p>Sa particularit\u00e9&nbsp;: il s&#8217;agit du plus haut b\u00e2timent au monde rev\u00eatu de pierre naturelle. Notre Jura Calcaire, sabl\u00e9 et bross\u00e9, d\u00e9ploie toute sa puissance sur environ 70&nbsp;000&nbsp;m\u00b2 de fa\u00e7ade. Les panneaux proviennent des couches 23 et 24 et ont \u00e9t\u00e9 fabriqu\u00e9s au format 1&nbsp;400&nbsp;x&nbsp;700&nbsp;x&nbsp;40&nbsp;mm.<\/p>\n\n\n\n<p>Le mat\u00e9riau a \u00e9t\u00e9 fix\u00e9 sur une ossature porteuse \u00e0 l&#8217;aide d&#8217;ancrages \u00e0 contre-d\u00e9pouille. La tour Al Hamra mise \u00e9galement sur la pierre naturelle pour son am\u00e9nagement int\u00e9rieur : Jura-Calcaire a \u00e9t\u00e9 utilis\u00e9 pour les surfaces du sol et des murs, cr\u00e9ant ainsi un concept de mat\u00e9riaux de haute qualit\u00e9 constante.<\/p>\n\n\n\n<p><em>(pour agrandir, veuillez cliquer sur une image)<\/em><\/p>\n\n\n\nngg_shortcode_1_placeholder\n","protected":false},"excerpt":{"rendered":"<p>Jura-Calcaire Jaune (pour agrandir, veuillez cliquer sur une image) Jura Calcaire sur le plus haut b\u00e2timent en pierre naturelle du monde. La tour Al Hamra se situe \u00e0 Kowe\u00eft City. Avec ses 413 m\u00e8tres d&#8217;altitude, elle se classe au 16e rang des plus hauts b\u00e2timents du monde. Sa particularit\u00e9&nbsp;: il s&#8217;agit du plus haut b\u00e2timent &#8230; <a title=\"Jura-Calcaire Jaune\" class=\"read-more\" href=\"https:\/\/solnhofener-natursteinparadies.com\/2025\/fr\/example-de-pose\/jura-calcaire-jaune\/\" aria-label=\"Mehr Informationen \u00fcber Jura-Calcaire Jaune\">Weiterlesen &#8230;<\/a><\/p>\n","protected":false},"author":1,"featured_media":0,"parent":333,"menu_order":5,"comment_status":"closed","ping_status":"closed","template":"","meta":{"ngg_post_thumbnail":0,"footnotes":""},"class_list":["post-711","page","type-page","status-publish"],"yoast_head":"<!-- This site is optimized with the Yoast SEO plugin v27.4 - https:\/\/yoast.com\/product\/yoast-seo-wordpress\/ -->\n<title>Jura-Calcaire Jaune - Solnhofen Paradis De La Pierre Naturelle<\/title>\n<meta name=\"description\" content=\"Solnhofen Paradis De La Pierre Naturelle - Galerie de Jura-Calcaire Jaune et le plus haut b\u00e2timent en pierre naturelle du monde\" \/>\n<meta name=\"robots\" content=\"index, follow, max-snippet:-1, max-image-preview:large, max-video-preview:-1\" \/>\n<link rel=\"canonical\" href=\"https:\/\/solnhofener-natursteinparadies.com\/2025\/fr\/example-de-pose\/jura-calcaire-jaune\/\" \/>\n<meta property=\"og:locale\" content=\"de_DE\" \/>\n<meta property=\"og:type\" content=\"article\" \/>\n<meta property=\"og:title\" content=\"Jura-Calcaire Jaune - Solnhofen Paradis De La Pierre Naturelle\" \/>\n<meta property=\"og:description\" content=\"Solnhofen Paradis De La Pierre Naturelle - Galerie de Jura-Calcaire Jaune et le plus haut b\u00e2timent en pierre naturelle du monde\" \/>\n<meta property=\"og:url\" content=\"https:\/\/solnhofener-natursteinparadies.com\/2025\/fr\/example-de-pose\/jura-calcaire-jaune\/\" \/>\n<meta property=\"og:site_name\" content=\"Solnhofener Natursteinparadies\" \/>\n<meta property=\"article:modified_time\" content=\"2025-07-14T19:26:59+00:00\" \/>\n<meta name=\"twitter:card\" content=\"summary_large_image\" \/>\n<meta name=\"twitter:label1\" content=\"Gesch\u00e4tzte Lesezeit\" \/>\n\t<meta name=\"twitter:data1\" content=\"1\u00a0Minute\" \/>\n<script type=\"application\/ld+json\" class=\"yoast-schema-graph\">{\"@context\":\"https:\\\/\\\/schema.org\",\"@graph\":[{\"@type\":\"WebPage\",\"@id\":\"https:\\\/\\\/solnhofener-natursteinparadies.com\\\/2025\\\/fr\\\/example-de-pose\\\/jura-calcaire-jaune\\\/\",\"url\":\"https:\\\/\\\/solnhofener-natursteinparadies.com\\\/2025\\\/fr\\\/example-de-pose\\\/jura-calcaire-jaune\\\/\",\"name\":\"Jura-Calcaire Jaune - Solnhofen Paradis De La Pierre Naturelle\",\"isPartOf\":{\"@id\":\"https:\\\/\\\/solnhofener-natursteinparadies.com\\\/2025\\\/#website\"},\"datePublished\":\"2025-06-23T11:45:27+00:00\",\"dateModified\":\"2025-07-14T19:26:59+00:00\",\"description\":\"Solnhofen Paradis De La Pierre Naturelle - Galerie de Jura-Calcaire Jaune et le plus haut b\u00e2timent en pierre naturelle du monde\",\"breadcrumb\":{\"@id\":\"https:\\\/\\\/solnhofener-natursteinparadies.com\\\/2025\\\/fr\\\/example-de-pose\\\/jura-calcaire-jaune\\\/#breadcrumb\"},\"inLanguage\":\"de\",\"potentialAction\":[{\"@type\":\"ReadAction\",\"target\":[\"https:\\\/\\\/solnhofener-natursteinparadies.com\\\/2025\\\/fr\\\/example-de-pose\\\/jura-calcaire-jaune\\\/\"]}]},{\"@type\":\"BreadcrumbList\",\"@id\":\"https:\\\/\\\/solnhofener-natursteinparadies.com\\\/2025\\\/fr\\\/example-de-pose\\\/jura-calcaire-jaune\\\/#breadcrumb\",\"itemListElement\":[{\"@type\":\"ListItem\",\"position\":1,\"name\":\"Startseite\",\"item\":\"https:\\\/\\\/solnhofener-natursteinparadies.com\\\/2025\\\/\"},{\"@type\":\"ListItem\",\"position\":2,\"name\":\"Example de pose\",\"item\":\"https:\\\/\\\/solnhofener-natursteinparadies.com\\\/2025\\\/fr\\\/example-de-pose\\\/\"},{\"@type\":\"ListItem\",\"position\":3,\"name\":\"Jura-Calcaire Jaune\"}]},{\"@type\":\"WebSite\",\"@id\":\"https:\\\/\\\/solnhofener-natursteinparadies.com\\\/2025\\\/#website\",\"url\":\"https:\\\/\\\/solnhofener-natursteinparadies.com\\\/2025\\\/\",\"name\":\"Solnhofener Natursteinparadies\",\"description\":\"\",\"publisher\":{\"@id\":\"https:\\\/\\\/solnhofener-natursteinparadies.com\\\/2025\\\/#organization\"},\"potentialAction\":[{\"@type\":\"SearchAction\",\"target\":{\"@type\":\"EntryPoint\",\"urlTemplate\":\"https:\\\/\\\/solnhofener-natursteinparadies.com\\\/2025\\\/?s={search_term_string}\"},\"query-input\":{\"@type\":\"PropertyValueSpecification\",\"valueRequired\":true,\"valueName\":\"search_term_string\"}}],\"inLanguage\":\"de\"},{\"@type\":\"Organization\",\"@id\":\"https:\\\/\\\/solnhofener-natursteinparadies.com\\\/2025\\\/#organization\",\"name\":\"Solnhofener Natursteinparadies\",\"url\":\"https:\\\/\\\/solnhofener-natursteinparadies.com\\\/2025\\\/\",\"logo\":{\"@type\":\"ImageObject\",\"inLanguage\":\"de\",\"@id\":\"https:\\\/\\\/solnhofener-natursteinparadies.com\\\/2025\\\/#\\\/schema\\\/logo\\\/image\\\/\",\"url\":\"https:\\\/\\\/solnhofener-natursteinparadies.com\\\/2025\\\/wp-content\\\/uploads\\\/2025\\\/06\\\/header-3.jpg\",\"contentUrl\":\"https:\\\/\\\/solnhofener-natursteinparadies.com\\\/2025\\\/wp-content\\\/uploads\\\/2025\\\/06\\\/header-3.jpg\",\"width\":1200,\"height\":230,\"caption\":\"Solnhofener Natursteinparadies\"},\"image\":{\"@id\":\"https:\\\/\\\/solnhofener-natursteinparadies.com\\\/2025\\\/#\\\/schema\\\/logo\\\/image\\\/\"}}]}<\/script>\n<!-- \/ Yoast SEO plugin. -->","yoast_head_json":{"title":"Jura-Calcaire Jaune - Solnhofen Paradis De La Pierre Naturelle","description":"Solnhofen Paradis De La Pierre Naturelle - Galerie de Jura-Calcaire Jaune et le plus haut b\u00e2timent en pierre naturelle du monde","robots":{"index":"index","follow":"follow","max-snippet":"max-snippet:-1","max-image-preview":"max-image-preview:large","max-video-preview":"max-video-preview:-1"},"canonical":"https:\/\/solnhofener-natursteinparadies.com\/2025\/fr\/example-de-pose\/jura-calcaire-jaune\/","og_locale":"de_DE","og_type":"article","og_title":"Jura-Calcaire Jaune - Solnhofen Paradis De La Pierre Naturelle","og_description":"Solnhofen Paradis De La Pierre Naturelle - Galerie de Jura-Calcaire Jaune et le plus haut b\u00e2timent en pierre naturelle du monde","og_url":"https:\/\/solnhofener-natursteinparadies.com\/2025\/fr\/example-de-pose\/jura-calcaire-jaune\/","og_site_name":"Solnhofener Natursteinparadies","article_modified_time":"2025-07-14T19:26:59+00:00","twitter_card":"summary_large_image","twitter_misc":{"Gesch\u00e4tzte Lesezeit":"1\u00a0Minute"},"schema":{"@context":"https:\/\/schema.org","@graph":[{"@type":"WebPage","@id":"https:\/\/solnhofener-natursteinparadies.com\/2025\/fr\/example-de-pose\/jura-calcaire-jaune\/","url":"https:\/\/solnhofener-natursteinparadies.com\/2025\/fr\/example-de-pose\/jura-calcaire-jaune\/","name":"Jura-Calcaire Jaune - Solnhofen Paradis De La Pierre Naturelle","isPartOf":{"@id":"https:\/\/solnhofener-natursteinparadies.com\/2025\/#website"},"datePublished":"2025-06-23T11:45:27+00:00","dateModified":"2025-07-14T19:26:59+00:00","description":"Solnhofen Paradis De La Pierre Naturelle - Galerie de Jura-Calcaire Jaune et le plus haut b\u00e2timent en pierre naturelle du monde","breadcrumb":{"@id":"https:\/\/solnhofener-natursteinparadies.com\/2025\/fr\/example-de-pose\/jura-calcaire-jaune\/#breadcrumb"},"inLanguage":"de","potentialAction":[{"@type":"ReadAction","target":["https:\/\/solnhofener-natursteinparadies.com\/2025\/fr\/example-de-pose\/jura-calcaire-jaune\/"]}]},{"@type":"BreadcrumbList","@id":"https:\/\/solnhofener-natursteinparadies.com\/2025\/fr\/example-de-pose\/jura-calcaire-jaune\/#breadcrumb","itemListElement":[{"@type":"ListItem","position":1,"name":"Startseite","item":"https:\/\/solnhofener-natursteinparadies.com\/2025\/"},{"@type":"ListItem","position":2,"name":"Example de pose","item":"https:\/\/solnhofener-natursteinparadies.com\/2025\/fr\/example-de-pose\/"},{"@type":"ListItem","position":3,"name":"Jura-Calcaire Jaune"}]},{"@type":"WebSite","@id":"https:\/\/solnhofener-natursteinparadies.com\/2025\/#website","url":"https:\/\/solnhofener-natursteinparadies.com\/2025\/","name":"Solnhofener Natursteinparadies","description":"","publisher":{"@id":"https:\/\/solnhofener-natursteinparadies.com\/2025\/#organization"},"potentialAction":[{"@type":"SearchAction","target":{"@type":"EntryPoint","urlTemplate":"https:\/\/solnhofener-natursteinparadies.com\/2025\/?s={search_term_string}"},"query-input":{"@type":"PropertyValueSpecification","valueRequired":true,"valueName":"search_term_string"}}],"inLanguage":"de"},{"@type":"Organization","@id":"https:\/\/solnhofener-natursteinparadies.com\/2025\/#organization","name":"Solnhofener Natursteinparadies","url":"https:\/\/solnhofener-natursteinparadies.com\/2025\/","logo":{"@type":"ImageObject","inLanguage":"de","@id":"https:\/\/solnhofener-natursteinparadies.com\/2025\/#\/schema\/logo\/image\/","url":"https:\/\/solnhofener-natursteinparadies.com\/2025\/wp-content\/uploads\/2025\/06\/header-3.jpg","contentUrl":"https:\/\/solnhofener-natursteinparadies.com\/2025\/wp-content\/uploads\/2025\/06\/header-3.jpg","width":1200,"height":230,"caption":"Solnhofener Natursteinparadies"},"image":{"@id":"https:\/\/solnhofener-natursteinparadies.com\/2025\/#\/schema\/logo\/image\/"}}]}},"jetpack_sharing_enabled":true,"_links":{"self":[{"href":"https:\/\/solnhofener-natursteinparadies.com\/2025\/wp-json\/wp\/v2\/pages\/711","targetHints":{"allow":["GET"]}}],"collection":[{"href":"https:\/\/solnhofener-natursteinparadies.com\/2025\/wp-json\/wp\/v2\/pages"}],"about":[{"href":"https:\/\/solnhofener-natursteinparadies.com\/2025\/wp-json\/wp\/v2\/types\/page"}],"author":[{"embeddable":true,"href":"https:\/\/solnhofener-natursteinparadies.com\/2025\/wp-json\/wp\/v2\/users\/1"}],"replies":[{"embeddable":true,"href":"https:\/\/solnhofener-natursteinparadies.com\/2025\/wp-json\/wp\/v2\/comments?post=711"}],"version-history":[{"count":2,"href":"https:\/\/solnhofener-natursteinparadies.com\/2025\/wp-json\/wp\/v2\/pages\/711\/revisions"}],"predecessor-version":[{"id":1172,"href":"https:\/\/solnhofener-natursteinparadies.com\/2025\/wp-json\/wp\/v2\/pages\/711\/revisions\/1172"}],"up":[{"embeddable":true,"href":"https:\/\/solnhofener-natursteinparadies.com\/2025\/wp-json\/wp\/v2\/pages\/333"}],"wp:attachment":[{"href":"https:\/\/solnhofener-natursteinparadies.com\/2025\/wp-json\/wp\/v2\/media?parent=711"}],"curies":[{"name":"wp","href":"https:\/\/api.w.org\/{rel}","templated":true}]}}